{"id":5922,"date":"2016-08-29T10:44:38","date_gmt":"2016-08-29T14:44:38","guid":{"rendered":"http:\/\/cpaq.draconis.ufms.br\/?page_id=5922"},"modified":"2022-05-04T16:34:34","modified_gmt":"2022-05-04T20:34:34","slug":"editais-importantes","status":"publish","type":"page","link":"https:\/\/cpaq.ufms.br\/en\/editais-importantes\/","title":{"rendered":"Editais Importantes"},"content":{"rendered":"<p>Veja nas not\u00edcias abaixo os Editais importantes para a comunidade acad\u00eamica do C\u00e2mpus de Aquidauana:<\/p>\n","protected":false},"excerpt":{"rendered":"<p>Veja nas not\u00edcias abaixo os Editais importantes para a comunidade acad\u00eamica do C\u00e2mpus de Aquidauana:<\/p>\n","protected":false},"author":2904,"featured_media":11183,"parent":0,"menu_order":0,"comment_status":"closed","ping_status":"closed","template":"page-templates\/page-coordenadorias.php","meta":{"footnotes":""},"coauthors":[94],"class_list":["post-5922","page","type-page","status-publish","has-post-thumbnail","hentry"],"_links":{"self":[{"href":"https:\/\/cpaq.ufms.br\/en\/wp-json\/wp\/v2\/pages\/5922","targetHints":{"allow":["GET"]}}],"collection":[{"href":"https:\/\/cpaq.ufms.br\/en\/wp-json\/wp\/v2\/pages"}],"about":[{"href":"https:\/\/cpaq.ufms.br\/en\/wp-json\/wp\/v2\/types\/page"}],"author":[{"embeddable":true,"href":"https:\/\/cpaq.ufms.br\/en\/wp-json\/wp\/v2\/users\/2904"}],"replies":[{"embeddable":true,"href":"https:\/\/cpaq.ufms.br\/en\/wp-json\/wp\/v2\/comments?post=5922"}],"version-history":[{"count":3,"href":"https:\/\/cpaq.ufms.br\/en\/wp-json\/wp\/v2\/pages\/5922\/revisions"}],"predecessor-version":[{"id":17060,"href":"https:\/\/cpaq.ufms.br\/en\/wp-json\/wp\/v2\/pages\/5922\/revisions\/17060"}],"wp:featuredmedia":[{"embeddable":true,"href":"https:\/\/cpaq.ufms.br\/en\/wp-json\/wp\/v2\/media\/11183"}],"wp:attachment":[{"href":"https:\/\/cpaq.ufms.br\/en\/wp-json\/wp\/v2\/media?parent=5922"}],"wp:term":[{"taxonomy":"author","embeddable":true,"href":"https:\/\/cpaq.ufms.br\/en\/wp-json\/wp\/v2\/coauthors?post=5922"}],"curies":[{"name":"wp","href":"https:\/\/api.w.org\/{rel}","templated":true}]}}