{"id":5307,"date":"2016-06-07T09:27:31","date_gmt":"2016-06-07T13:27:31","guid":{"rendered":"http:\/\/cpaq.draconis.ufms.br\/?page_id=5307"},"modified":"2022-05-26T16:10:03","modified_gmt":"2022-05-26T20:10:03","slug":"manuais-servidores","status":"publish","type":"page","link":"https:\/\/cpaq.ufms.br\/en\/00-novos\/agetic-cpaq\/manuais-servidores\/","title":{"rendered":"Manuais Para Servidores"},"content":{"rendered":"<p>Manuais e tutoriais para acesso e configura\u00e7\u00e3o dos Servi\u00e7os de TI no Campus de Aquidauana.<\/p>\n<p>&nbsp;<\/p>\n","protected":false},"excerpt":{"rendered":"<p>Manuais e tutoriais para acesso e configura\u00e7\u00e3o dos Servi\u00e7os de TI no Campus de Aquidauana. &nbsp;<\/p>\n","protected":false},"author":1449,"featured_media":7385,"parent":4763,"menu_order":0,"comment_status":"closed","ping_status":"closed","template":"page-templates\/page-coordenadorias.php","meta":{"footnotes":""},"coauthors":[79],"class_list":["post-5307","page","type-page","status-publish","has-post-thumbnail","hentry"],"_links":{"self":[{"href":"https:\/\/cpaq.ufms.br\/en\/wp-json\/wp\/v2\/pages\/5307","targetHints":{"allow":["GET"]}}],"collection":[{"href":"https:\/\/cpaq.ufms.br\/en\/wp-json\/wp\/v2\/pages"}],"about":[{"href":"https:\/\/cpaq.ufms.br\/en\/wp-json\/wp\/v2\/types\/page"}],"author":[{"embeddable":true,"href":"https:\/\/cpaq.ufms.br\/en\/wp-json\/wp\/v2\/users\/1449"}],"replies":[{"embeddable":true,"href":"https:\/\/cpaq.ufms.br\/en\/wp-json\/wp\/v2\/comments?post=5307"}],"version-history":[{"count":22,"href":"https:\/\/cpaq.ufms.br\/en\/wp-json\/wp\/v2\/pages\/5307\/revisions"}],"predecessor-version":[{"id":30770,"href":"https:\/\/cpaq.ufms.br\/en\/wp-json\/wp\/v2\/pages\/5307\/revisions\/30770"}],"up":[{"embeddable":true,"href":"https:\/\/cpaq.ufms.br\/en\/wp-json\/wp\/v2\/pages\/4763"}],"wp:featuredmedia":[{"embeddable":true,"href":"https:\/\/cpaq.ufms.br\/en\/wp-json\/wp\/v2\/media\/7385"}],"wp:attachment":[{"href":"https:\/\/cpaq.ufms.br\/en\/wp-json\/wp\/v2\/media?parent=5307"}],"wp:term":[{"taxonomy":"author","embeddable":true,"href":"https:\/\/cpaq.ufms.br\/en\/wp-json\/wp\/v2\/coauthors?post=5307"}],"curies":[{"name":"wp","href":"https:\/\/api.w.org\/{rel}","templated":true}]}}