{"id":5019,"date":"2016-05-13T10:58:42","date_gmt":"2016-05-13T14:58:42","guid":{"rendered":"http:\/\/cpaq.draconis.ufms.br\/?page_id=5019"},"modified":"2025-11-06T20:16:15","modified_gmt":"2025-11-07T00:16:15","slug":"comissao-propria-de-avaliacao","status":"publish","type":"page","link":"https:\/\/cpaq.ufms.br\/en\/00-novos\/comissao-propria-de-avaliacao\/","title":{"rendered":"Comiss\u00e3o Setorial de Avalia\u00e7\u00e3o"},"content":{"rendered":"<p style=\"text-align: justify\">A fun\u00e7\u00e3o da Comiss\u00e3o Setorial de Avalia\u00e7\u00e3o &#8211; CSA \u00e9 elaborar e aprovar o Plano de Avalia\u00e7\u00e3o da Unidade; atender \u00e0s solicita\u00e7\u00f5es da Comiss\u00e3o Pr\u00f3pria de Avalia\u00e7\u00e3o &#8211; CPA; coordenar o processo de avalia\u00e7\u00e3o interna nas Unidades da Administra\u00e7\u00e3o Setorial; propor estudos, semin\u00e1rios e discuss\u00f5es sobre a Avalia\u00e7\u00e3o Institucional; propor \u00e0 CPA novos projetos, programas e a\u00e7\u00f5es, visando \u00e0 melhoria da qualidade do processo avaliativo; encaminhar, anualmente, relat\u00f3rios e demais documentos \u00e0 CPA; cumprir as demais determina\u00e7\u00f5es estabelecidas pela CPA no que diz respeito aos procedimentos da Avalia\u00e7\u00e3o Institucional; e enviar representantes \u00e0s reuni\u00f5es da CPA quando solicitada.<\/p>\n<p style=\"text-align: justify\"><div class=\"panel-group\" id=\"custom-collapse-0\">\n<p style=\"text-align: justify\"><div class=\"panel panel-default\">\n\t\t\t\t<div class=\"panel-heading\">\n\t\t\t\t\t<h4 class=\"panel-title\">\n\t\t\t\t\t\t<a class=\"collapsed\" data-toggle=\"collapse\" data-parent=\"#custom-collapse-0\" href=\"#custom-collapse-0-0\">Membros<\/a>\n\t\t\t\t\t<\/h4>\n\t\t\t\t<\/div>\n\t\t\t\t<div id=\"custom-collapse-0-0\" class=\"panel-collapse collapse\">\n\t\t\t\t\t<div class=\"panel-body\">\n<ul style=\"text-align: justify\">\n<li><strong>Representantes Docentes<\/strong>\n<ul>\n<li>Gercina Gon\u00e7alves da Silva \u2013 Presidente<\/li>\n<li>Jos\u00e9 Rimoli<\/li>\n<li>Andr\u00e9 Luiz de Carvalho<\/li>\n<li>Vera L\u00facia Ferreira Vargas Cesco<\/li>\n<li>Magno Pinheiro de Almeida<\/li>\n<li>Diana Milena Heck<\/li>\n<li>Cl\u00e1udio Eduardo Pupim<\/li>\n<li>F\u00e1tima Cristina Duarte Ferreira Cunha<\/li>\n<li>Miguel Rodrigues de Sousa Neto<\/li>\n<li>Eva Teixeira dos Santos<\/li>\n<\/ul>\n<p><strong>Representantes T\u00e9cnico- Administrativos<\/strong><\/p>\n<ul>\n<li>Marco T\u00falio Corr\u00eaa Nascimento dos Santos<\/li>\n<li>Noeli da Silva Santos<\/li>\n<\/ul>\n<p><strong>Representantes Discentes<\/strong><\/p>\n<ul>\n<li>Laura Beatriz Lencine (Gradua\u00e7\u00e3o)<\/li>\n<\/ul>\n<\/li>\n<\/ul>\n<p style=\"text-align: justify\"><\/div>\n\t\t\t\t<\/div>\n\t\t\t<\/div>\n<p style=\"text-align: justify\"><div class=\"panel panel-default\">\n\t\t\t\t<div class=\"panel-heading\">\n\t\t\t\t\t<h4 class=\"panel-title\">\n\t\t\t\t\t\t<a class=\"collapsed\" data-toggle=\"collapse\" data-parent=\"#custom-collapse-0\" href=\"#custom-collapse-0-1\">Contatos<\/a>\n\t\t\t\t\t<\/h4>\n\t\t\t\t<\/div>\n\t\t\t\t<div id=\"custom-collapse-0-1\" class=\"panel-collapse collapse\">\n\t\t\t\t\t<div class=\"panel-body\">\n<p style=\"text-align: justify\">Presidente da Comiss\u00e3o<\/p>\n<p style=\"text-align: justify\"><em><strong>Gercina Gon\u00e7alves da Silva<\/strong><\/em> &#8211; e-mail: <a href=\"mailto:gercina.silva@ufms.br\">gercina.silva@ufms.br<\/a><\/p>\n<p style=\"text-align: justify\">Telefone da Comiss\u00e3o: 3241-0435 \u2013 Ramal: 2435<\/p>\n<p style=\"text-align: justify\"><\/div>\n\t\t\t\t<\/div>\n\t\t\t<\/div>\n<p style=\"text-align: justify\"><div class=\"panel panel-default\">\n\t\t\t\t<div class=\"panel-heading\">\n\t\t\t\t\t<h4 class=\"panel-title\">\n\t\t\t\t\t\t<a class=\"collapsed\" data-toggle=\"collapse\" data-parent=\"#custom-collapse-0\" href=\"#custom-collapse-0-2\">Atos e Publica\u00e7\u00f5es<\/a>\n\t\t\t\t\t<\/h4>\n\t\t\t\t<\/div>\n\t\t\t\t<div id=\"custom-collapse-0-2\" class=\"panel-collapse collapse\">\n\t\t\t\t\t<div class=\"panel-body\">\n<p><strong>Mandato 2023-2026<\/strong><\/p>\n<p><a href=\"https:\/\/drive.google.com\/file\/d\/1r8RUczIefYCquTxOan0hl_sSu2Ty1S_I\/view?usp=sharing\">PORTARIA (CPAQ) N\u00ba 183, de 18 de setembro de 2023.<\/a><\/p>\n<p style=\"text-align: justify\"><strong>Mandato 2020-2023<\/strong><\/p>\n<p style=\"text-align: justify\"><a href=\"https:\/\/drive.google.com\/file\/d\/1xHRgtd-1m4n41yc3itYvv806c4JpPYAy\/view?usp=sharing\">PORTARIA (CPAQ) N\u00ba 13, 03 de fevereiro de 2022.<\/a><\/p>\n<p style=\"text-align: justify\"><a href=\"https:\/\/drive.google.com\/file\/d\/11YzgzKQFan_CueaP2v7rqnX2IDFZEgZV\/view?usp=sharing\">PORTARIA (CPAQ) N\u00ba 81 de 22 de novembro de 2021.<\/a><\/p>\n<p style=\"text-align: justify\"><a href=\"https:\/\/drive.google.com\/file\/d\/17ka4pabdrgk8EXNk4aXjNHYGJN84ATT5\/view?usp=sharing\" target=\"_blank\" rel=\"noopener noreferrer\">INSTRU\u00c7\u00c3O DE SERVI\u00c7O (CPAQ) n\u00b0 62, de 16 de junho de 2020.<\/a><\/p>\n<p style=\"text-align: justify\"><strong>Mandato 2018-2020<\/strong><\/p>\n<p style=\"text-align: justify\"><a href=\"https:\/\/drive.google.com\/file\/d\/1JkaqZ8npIJdEpW3u9J-7VluxdtOqv7-_\/view?usp=sharing\" target=\"_blank\" rel=\"noopener noreferrer\">INSTRU\u00c7\u00c3O DE SERVI\u00c7O (CPAQ) n\u00ba 93, de 16 de agosto de 2017.<\/a><\/p>\n<p style=\"text-align: justify\"><a href=\"https:\/\/drive.google.com\/file\/d\/11mEe5nHb7YR_wiWp_VSSdbQRLTDxfmPb\/view?usp=sharing\" target=\"_blank\" rel=\"noopener noreferrer\">INSTRU\u00c7\u00c3O DE SERVI\u00c7O (CPAQ) n\u00ba 133, de 27 de outubro de 2017.<\/a><\/p>\n<p style=\"text-align: justify\"><a href=\"https:\/\/drive.google.com\/file\/d\/1FIA0RP2hiaa5QD1jrf7PZnwEIm1GxHEU\/view?usp=sharing\" target=\"_blank\" rel=\"noopener noreferrer\">INSTRU\u00c7\u00c3O DE SERVI\u00c7O (CPAQ) n\u00ba 227, de 19 de novembro de 2018.<\/a><\/p>\n<p style=\"text-align: justify\"><a href=\"https:\/\/drive.google.com\/file\/d\/1qtmpX-TmkDewe8FqA2RBMp1Zensu7wa0\/view?usp=sharing\" target=\"_blank\" rel=\"noopener noreferrer\">INSTRU\u00c7\u00c3O DE SERVI\u00c7O (CPAQ) n\u00ba 248, de 16 de agosto de 2019.<\/a><\/p>\n<p style=\"text-align: justify\"><a href=\"https:\/\/drive.google.com\/open?id=1Vo6eG0OinY71ivXVr6sWMkdk3m0A14GX\" target=\"_blank\" rel=\"noopener noreferrer\">INSTRU\u00c7\u00c3O DE SERVI\u00c7O (CPAQ) n\u00ba 3, de 29 de janeiro de 2020.<\/a><\/p>\n<p style=\"text-align: justify\"><a href=\"https:\/\/drive.google.com\/open?id=1aroaed0y8Ja-EkyYL2IXd34OUJdis3lX\" target=\"_blank\" rel=\"noopener noreferrer\">INSTRU\u00c7\u00c3O DE SERVI\u00c7O (CPAQ) n\u00ba 54 de 3 de abril de 2020.<\/a><\/p>\n<p style=\"text-align: justify\"><\/div>\n\t\t\t\t<\/div>\n\t\t\t<\/div>\n<p style=\"text-align: justify\"><\/div>\n<pre><code><strong>RELAT\u00d3RIOS\r\n<a href=\"https:\/\/drive.google.com\/file\/d\/1DGw6Ad_xVJoPew8Zk7xQ7U_FoQd8fXi4\/view?usp=sharing\">2024\r\n<\/a><\/strong><a href=\"https:\/\/drive.google.com\/file\/d\/1vMYcxuZm7N4OpJis3-dCi7l50J24Vbap\/view?usp=sharing\">2023\r\n<\/a><a href=\"https:\/\/drive.google.com\/file\/d\/1UaQTqk3mnaZEK7OO2x0F8PPsF-A_CWLj\/view?usp=drive_link\">2022<\/a>\r\n<a href=\"https:\/\/drive.google.com\/file\/d\/1Wx6mMtNvj_FVPhr-q0AOv_Yddp8VFKK4\/view?usp=sharing\">2021<\/a>\r\n<a href=\"https:\/\/drive.google.com\/file\/d\/1a7nFMfsRrGS30_JnjmeKx_yYMQeAS_i6\/view?usp=sharing\" target=\"_blank\" rel=\"noopener noreferrer\">2020<\/a>\r\n<a href=\"https:\/\/drive.google.com\/open?id=1suOXHxaCoe_Xo3JaT3OsQHKZwiQ6WOjg\">2019<\/a>\r\n<a href=\"https:\/\/drive.google.com\/open?id=16ffzMbpKSEzVLDPCOPFSibBzrMiYRN08\">2018<\/a>\r\n<a href=\"https:\/\/seavi.ufms.br\/files\/2017\/12\/CPAQ-2017-1.docx\">2017<\/a>\r\n<a href=\"https:\/\/seavi.ufms.br\/files\/2017\/03\/CPAQ_RelatorioSetorial_2016.pdf\">2016<\/a>\r\n<a href=\"https:\/\/seavi.ufms.br\/files\/2016\/05\/Relatorio_CPAQ_2015.pdf\">2015<\/a>\r\n2014\r\n2013\r\n<a href=\"https:\/\/seavi.ufms.br\/files\/2015\/12\/Relatorio_CPA-CPAQ_2012.pdf\">2012<\/a>\r\n<strong>PLANO DE ATIVIDADES<\/strong>\r\n<a href=\"https:\/\/seavi.ufms.br\/files\/2019\/01\/PLANO-CPAQ.pdf\">2018<\/a>\r\n<\/code><\/pre>\n","protected":false},"excerpt":{"rendered":"<p>A fun\u00e7\u00e3o da Comiss\u00e3o Setorial de Avalia\u00e7\u00e3o &#8211; CSA \u00e9 elaborar e aprovar o Plano de Avalia\u00e7\u00e3o da Unidade; atender \u00e0s solicita\u00e7\u00f5es da Comiss\u00e3o Pr\u00f3pria de Avalia\u00e7\u00e3o &#8211; CPA; coordenar o processo de avalia\u00e7\u00e3o interna nas Unidades da Administra\u00e7\u00e3o Setorial; propor estudos, semin\u00e1rios e discuss\u00f5es sobre a Avalia\u00e7\u00e3o Institucional; propor \u00e0 CPA novos projetos, programas [&hellip;]<\/p>\n","protected":false},"author":2904,"featured_media":0,"parent":30416,"menu_order":0,"comment_status":"closed","ping_status":"closed","template":"page-templates\/page-coordenadorias.php","meta":{"footnotes":""},"coauthors":[94],"class_list":["post-5019","page","type-page","status-publish","hentry"],"_links":{"self":[{"href":"https:\/\/cpaq.ufms.br\/en\/wp-json\/wp\/v2\/pages\/5019","targetHints":{"allow":["GET"]}}],"collection":[{"href":"https:\/\/cpaq.ufms.br\/en\/wp-json\/wp\/v2\/pages"}],"about":[{"href":"https:\/\/cpaq.ufms.br\/en\/wp-json\/wp\/v2\/types\/page"}],"author":[{"embeddable":true,"href":"https:\/\/cpaq.ufms.br\/en\/wp-json\/wp\/v2\/users\/2904"}],"replies":[{"embeddable":true,"href":"https:\/\/cpaq.ufms.br\/en\/wp-json\/wp\/v2\/comments?post=5019"}],"version-history":[{"count":34,"href":"https:\/\/cpaq.ufms.br\/en\/wp-json\/wp\/v2\/pages\/5019\/revisions"}],"predecessor-version":[{"id":38245,"href":"https:\/\/cpaq.ufms.br\/en\/wp-json\/wp\/v2\/pages\/5019\/revisions\/38245"}],"up":[{"embeddable":true,"href":"https:\/\/cpaq.ufms.br\/en\/wp-json\/wp\/v2\/pages\/30416"}],"wp:attachment":[{"href":"https:\/\/cpaq.ufms.br\/en\/wp-json\/wp\/v2\/media?parent=5019"}],"wp:term":[{"taxonomy":"author","embeddable":true,"href":"https:\/\/cpaq.ufms.br\/en\/wp-json\/wp\/v2\/coauthors?post=5019"}],"curies":[{"name":"wp","href":"https:\/\/api.w.org\/{rel}","templated":true}]}}