{"id":3795,"date":"2015-12-11T13:53:19","date_gmt":"2015-12-11T17:53:19","guid":{"rendered":"http:\/\/cpaq.draconis.ufms.br\/?page_id=3795"},"modified":"2022-04-29T08:24:35","modified_gmt":"2022-04-29T12:24:35","slug":"normas-para-elaboracao-de-trabalhos-academicos","status":"publish","type":"page","link":"https:\/\/cpaq.ufms.br\/en\/normas-para-elaboracao-de-trabalhos-academicos\/","title":{"rendered":"Normas para Elabora\u00e7\u00e3o de Trabalhos Acad\u00eamicos"},"content":{"rendered":"<p>01 &#8211; <a href=\"http:\/\/cpaq.ufms.br\/files\/2015\/12\/Manual-de-TCC-e-disserta\u00e7\u00e3o-CPAQ_2015-final.pdf\">Normas para Elabora\u00e7\u00e3o de Disserta\u00e7\u00e3o e TCC<\/a>. (Download)<\/p>\n<a href=\"https:\/\/cpaq.ufms.br\/files\/2015\/12\/Manual-de-TCC-e-disserta\u00e7\u00e3o-CPAQ_2015-final.pdf\" class=\"pdfemb-viewer\" style=\"\" data-width=\"max\" data-height=\"max\" data-toolbar=\"bottom\" data-toolbar-fixed=\"off\">Normas para Elabora\u00e7\u00e3o de Disserta\u00e7\u00e3o e TCC<\/a>\n","protected":false},"excerpt":{"rendered":"<p>01 &#8211; Normas para Elabora\u00e7\u00e3o de Disserta\u00e7\u00e3o e TCC. (Download)<\/p>\n","protected":false},"author":2904,"featured_media":0,"parent":0,"menu_order":0,"comment_status":"closed","ping_status":"closed","template":"page-templates\/page-coordenadorias.php","meta":{"footnotes":""},"coauthors":[94],"class_list":["post-3795","page","type-page","status-publish","hentry"],"_links":{"self":[{"href":"https:\/\/cpaq.ufms.br\/en\/wp-json\/wp\/v2\/pages\/3795","targetHints":{"allow":["GET"]}}],"collection":[{"href":"https:\/\/cpaq.ufms.br\/en\/wp-json\/wp\/v2\/pages"}],"about":[{"href":"https:\/\/cpaq.ufms.br\/en\/wp-json\/wp\/v2\/types\/page"}],"author":[{"embeddable":true,"href":"https:\/\/cpaq.ufms.br\/en\/wp-json\/wp\/v2\/users\/2904"}],"replies":[{"embeddable":true,"href":"https:\/\/cpaq.ufms.br\/en\/wp-json\/wp\/v2\/comments?post=3795"}],"version-history":[{"count":7,"href":"https:\/\/cpaq.ufms.br\/en\/wp-json\/wp\/v2\/pages\/3795\/revisions"}],"predecessor-version":[{"id":30301,"href":"https:\/\/cpaq.ufms.br\/en\/wp-json\/wp\/v2\/pages\/3795\/revisions\/30301"}],"wp:attachment":[{"href":"https:\/\/cpaq.ufms.br\/en\/wp-json\/wp\/v2\/media?parent=3795"}],"wp:term":[{"taxonomy":"author","embeddable":true,"href":"https:\/\/cpaq.ufms.br\/en\/wp-json\/wp\/v2\/coauthors?post=3795"}],"curies":[{"name":"wp","href":"https:\/\/api.w.org\/{rel}","templated":true}]}}