{"id":36651,"date":"2025-03-17T15:21:21","date_gmt":"2025-03-17T19:21:21","guid":{"rendered":"https:\/\/cpaq.ufms.br\/?page_id=36651"},"modified":"2025-04-03T07:48:15","modified_gmt":"2025-04-03T11:48:15","slug":"consulta-2025-2029","status":"publish","type":"page","link":"https:\/\/cpaq.ufms.br\/en\/consulta-2025-2029\/","title":{"rendered":"Consulta &#8211; 2025-2029"},"content":{"rendered":"\t\t<div data-elementor-type=\"wp-page\" data-elementor-id=\"36651\" class=\"elementor elementor-36651\">\n\t\t\t\t<div class=\"elementor-element elementor-element-1d4a1218 e-con-full e-flex e-con e-parent\" data-id=\"1d4a1218\" data-element_type=\"container\">\n\t\t\t\t<div class=\"elementor-element elementor-element-39231290 elementor-widget elementor-widget-text-editor\" data-id=\"39231290\" data-element_type=\"widget\" data-widget_type=\"text-editor.default\">\n\t\t\t\t<div class=\"elementor-widget-container\">\n\t\t\t\t\t\t\t\t\t<h1 class=\"big_title\" style=\"text-align: center\"><span style=\"color: #6ec1e4;font-size: 24pt\">Consulta \u00e0 comunidade universit\u00e1ria para dire\u00e7\u00e3o do C\u00e2mpus de Aquidauana\u2013 2025-2029<\/span><\/h1>\t\t\t\t\t\t\t\t<\/div>\n\t\t\t\t<\/div>\n\t\t\t\t<\/div>\n\t\t<div class=\"elementor-element elementor-element-032904c e-flex e-con-boxed e-con e-parent\" data-id=\"032904c\" data-element_type=\"container\">\n\t\t\t\t\t<div class=\"e-con-inner\">\n\t\t\t\t<div class=\"elementor-element elementor-element-61c7f4a elementor-widget elementor-widget-image\" data-id=\"61c7f4a\" data-element_type=\"widget\" data-widget_type=\"image.default\">\n\t\t\t\t<div class=\"elementor-widget-container\">\n\t\t\t\t\t\t\t\t\t\t\t\t\t\t\t<img fetchpriority=\"high\" decoding=\"async\" width=\"315\" height=\"277\" src=\"https:\/\/cpaq.ufms.br\/files\/2025\/03\/Consulta.png\" class=\"attachment-large size-large wp-image-36687\" alt=\"\" srcset=\"https:\/\/cpaq.ufms.br\/files\/2025\/03\/Consulta.png 315w, https:\/\/cpaq.ufms.br\/files\/2025\/03\/Consulta-300x264.png 300w\" sizes=\"(max-width: 315px) 100vw, 315px\" \/>\t\t\t\t\t\t\t\t\t\t\t\t\t\t\t<\/div>\n\t\t\t\t<\/div>\n\t\t\t\t\t<\/div>\n\t\t\t\t<\/div>\n\t\t<div class=\"elementor-element elementor-element-4cc13a1 e-con-full e-flex e-con e-parent\" data-id=\"4cc13a1\" data-element_type=\"container\">\n\t\t\t\t<div class=\"elementor-element elementor-element-d1ce94c elementor-widget elementor-widget-text-editor\" data-id=\"d1ce94c\" data-element_type=\"widget\" data-widget_type=\"text-editor.default\">\n\t\t\t\t<div class=\"elementor-widget-container\">\n\t\t\t\t\t\t\t\t\t<h2 class=\"big_title\" style=\"text-align: left\"><span style=\"color: #6ec1e4;font-size: 18pt\">Data da Consulta<\/span><\/h2><section class=\"elementor-section elementor-top-section elementor-element elementor-element-bb3ade6 elementor-section-boxed elementor-section-height-default elementor-section-height-default\" data-id=\"bb3ade6\" data-element_type=\"section\"><div class=\"elementor-container elementor-column-gap-default\"><div class=\"elementor-column elementor-col-100 elementor-top-column elementor-element elementor-element-5d04e1d\" data-id=\"5d04e1d\" data-element_type=\"column\"><div class=\"elementor-widget-wrap elementor-element-populated\"><div class=\"elementor-element elementor-element-7bb2d72 elementor-widget elementor-widget-text-editor\" data-id=\"7bb2d72\" data-element_type=\"widget\" data-widget_type=\"text-editor.default\"><div class=\"elementor-widget-container\"><p>A Consulta ocorrer\u00e1 no dia <b>02 de abril de 2025, das 08 \u00e0s 21 horas<\/b>, por meio do Sistema de Vota\u00e7\u00e3o Eletr\u00f4nico\u00a0 e-Vota\u00e7\u00e3o UFMS<\/p><\/div><\/div><\/div><\/div><\/div><\/section><section class=\"elementor-section elementor-top-section elementor-element elementor-element-253ddd2 elementor-section-boxed elementor-section-height-default elementor-section-height-default\" data-id=\"253ddd2\" data-element_type=\"section\"><div class=\"elementor-container elementor-column-gap-default\"><div class=\"elementor-column elementor-col-100 elementor-top-column elementor-element elementor-element-61a06e8\" data-id=\"61a06e8\" data-element_type=\"column\"><div class=\"elementor-widget-wrap elementor-element-populated\"><div class=\"elementor-element elementor-element-7f8fa9c elementor-widget elementor-widget-heading\" data-id=\"7f8fa9c\" data-element_type=\"widget\" data-widget_type=\"heading.default\"><div class=\"elementor-widget-container\"><h2 class=\"elementor-heading-title elementor-size-default\"><span style=\"color: #6ec1e4\">Per\u00edodo de inscri\u00e7\u00f5es<\/span><\/h2><\/div><\/div><div class=\"elementor-element elementor-element-438451e elementor-widget elementor-widget-text-editor\" data-id=\"438451e\" data-element_type=\"widget\" data-widget_type=\"text-editor.default\"><div class=\"elementor-widget-container\"><p>Para concorrer ao processo de consulta, o per\u00edodo de inscri\u00e7\u00e3o est\u00e1 compreendido entre<b> 17 de mar\u00e7o de 2025, das 08:00 \u00e0s 17:00 horas.<\/b><\/p><h2><strong><span style=\"color: #6ec1e4\">Como votar usando o sistema de vota\u00e7\u00e3o eletr\u00f4nica<\/span><\/strong><\/h2><p><span style=\"color: #6ec1e4\"><span style=\"color: #000000\">Clique em <a style=\"color: #000000\" href=\"https:\/\/urnas.ufms.br\/ajuda\/\"><span style=\"color: #0000ff\">https:\/\/urnas.ufms.br\/ajuda\/<\/span><\/a><\/span><\/span><\/p><p><b>\u00a0<\/b><\/p><\/div><\/div><div class=\"elementor-element elementor-element-7946b2a elementor-widget__width-initial elementor-widget elementor-widget-heading\" data-id=\"7946b2a\" data-element_type=\"widget\" data-widget_type=\"heading.default\"><div class=\"elementor-widget-container\"><h2 class=\"elementor-heading-title elementor-size-default\" style=\"text-align: left\"><span style=\"color: #6ec1e4\">Clique no \u00edcone e acesse o link de vota\u00e7\u00e3o<\/span><\/h2><div><span style=\"font-family: var( --e-global-typography-text-font-family ), Sans-serif;font-weight: var( --e-global-typography-text-font-weight );text-align: var(--text-align);color: #000000\">Dispon\u00edveis somente no dia da vota\u00e7\u00e3o- 02\/04\/2025 das 8h \u00e0s 21h<\/span><\/div><\/div><\/div><\/div><\/div><\/div><\/section>\t\t\t\t\t\t\t\t<\/div>\n\t\t\t\t<\/div>\n\t\t\t\t<\/div>\n\t\t<div class=\"elementor-element elementor-element-b03261e e-grid e-con-full e-con e-parent\" data-id=\"b03261e\" data-element_type=\"container\">\n\t\t\t\t<div class=\"elementor-element elementor-element-aa7422c elementor-view-default elementor-position-top elementor-mobile-position-top elementor-widget elementor-widget-icon-box\" data-id=\"aa7422c\" data-element_type=\"widget\" data-widget_type=\"icon-box.default\">\n\t\t\t\t<div class=\"elementor-widget-container\">\n\t\t\t\t\t\t\t<div class=\"elementor-icon-box-wrapper\">\n\n\t\t\t\t\t\t<div class=\"elementor-icon-box-icon\">\n\t\t\t\t<a href=\"https:\/\/link.ufms.br\/CPAQ-TECNICO-ConsultaComunidade2025-2029_9\" class=\"elementor-icon\" tabindex=\"-1\" aria-label=\"T\u00e9cnico\">\n\t\t\t\t<svg aria-hidden=\"true\" class=\"e-font-icon-svg e-fas-user\" viewBox=\"0 0 448 512\" xmlns=\"http:\/\/www.w3.org\/2000\/svg\"><path d=\"M224 256c70.7 0 128-57.3 128-128S294.7 0 224 0 96 57.3 96 128s57.3 128 128 128zm89.6 32h-16.7c-22.2 10.2-46.9 16-72.9 16s-50.6-5.8-72.9-16h-16.7C60.2 288 0 348.2 0 422.4V464c0 26.5 21.5 48 48 48h352c26.5 0 48-21.5 48-48v-41.6c0-74.2-60.2-134.4-134.4-134.4z\"><\/path><\/svg>\t\t\t\t<\/a>\n\t\t\t<\/div>\n\t\t\t\n\t\t\t\t\t\t<div class=\"elementor-icon-box-content\">\n\n\t\t\t\t\t\t\t\t\t<h3 class=\"elementor-icon-box-title\">\n\t\t\t\t\t\t<a href=\"https:\/\/link.ufms.br\/CPAQ-TECNICO-ConsultaComunidade2025-2029_9\" >\n\t\t\t\t\t\t\tT\u00e9cnico\t\t\t\t\t\t<\/a>\n\t\t\t\t\t<\/h3>\n\t\t\t\t\n\t\t\t\t\n\t\t\t<\/div>\n\t\t\t\n\t\t<\/div>\n\t\t\t\t\t\t<\/div>\n\t\t\t\t<\/div>\n\t\t\t\t<div class=\"elementor-element elementor-element-ee24a88 elementor-view-default elementor-position-top elementor-mobile-position-top elementor-widget elementor-widget-icon-box\" data-id=\"ee24a88\" data-element_type=\"widget\" data-widget_type=\"icon-box.default\">\n\t\t\t\t<div class=\"elementor-widget-container\">\n\t\t\t\t\t\t\t<div class=\"elementor-icon-box-wrapper\">\n\n\t\t\t\t\t\t<div class=\"elementor-icon-box-icon\">\n\t\t\t\t<a href=\"https:\/\/link.ufms.br\/CPAQ-ESTUDAN-ConsultaComunidade2025-2029_9\" class=\"elementor-icon\" tabindex=\"-1\" aria-label=\"Aluno\">\n\t\t\t\t<svg aria-hidden=\"true\" class=\"e-font-icon-svg e-fas-user-graduate\" viewBox=\"0 0 448 512\" xmlns=\"http:\/\/www.w3.org\/2000\/svg\"><path d=\"M319.4 320.6L224 416l-95.4-95.4C57.1 323.7 0 382.2 0 454.4v9.6c0 26.5 21.5 48 48 48h352c26.5 0 48-21.5 48-48v-9.6c0-72.2-57.1-130.7-128.6-133.8zM13.6 79.8l6.4 1.5v58.4c-7 4.2-12 11.5-12 20.3 0 8.4 4.6 15.4 11.1 19.7L3.5 242c-1.7 6.9 2.1 14 7.6 14h41.8c5.5 0 9.3-7.1 7.6-14l-15.6-62.3C51.4 175.4 56 168.4 56 160c0-8.8-5-16.1-12-20.3V87.1l66 15.9c-8.6 17.2-14 36.4-14 57 0 70.7 57.3 128 128 128s128-57.3 128-128c0-20.6-5.3-39.8-14-57l96.3-23.2c18.2-4.4 18.2-27.1 0-31.5l-190.4-46c-13-3.1-26.7-3.1-39.7 0L13.6 48.2c-18.1 4.4-18.1 27.2 0 31.6z\"><\/path><\/svg>\t\t\t\t<\/a>\n\t\t\t<\/div>\n\t\t\t\n\t\t\t\t\t\t<div class=\"elementor-icon-box-content\">\n\n\t\t\t\t\t\t\t\t\t<h3 class=\"elementor-icon-box-title\">\n\t\t\t\t\t\t<a href=\"https:\/\/link.ufms.br\/CPAQ-ESTUDAN-ConsultaComunidade2025-2029_9\" >\n\t\t\t\t\t\t\tAluno\t\t\t\t\t\t<\/a>\n\t\t\t\t\t<\/h3>\n\t\t\t\t\n\t\t\t\t\n\t\t\t<\/div>\n\t\t\t\n\t\t<\/div>\n\t\t\t\t\t\t<\/div>\n\t\t\t\t<\/div>\n\t\t\t\t<div class=\"elementor-element elementor-element-cc9249d elementor-view-default elementor-position-top elementor-mobile-position-top elementor-widget elementor-widget-icon-box\" data-id=\"cc9249d\" data-element_type=\"widget\" data-widget_type=\"icon-box.default\">\n\t\t\t\t<div class=\"elementor-widget-container\">\n\t\t\t\t\t\t\t<div class=\"elementor-icon-box-wrapper\">\n\n\t\t\t\t\t\t<div class=\"elementor-icon-box-icon\">\n\t\t\t\t<a href=\"https:\/\/link.ufms.br\/CPAQ-DOCENTE-ConsultaComunidade2025-2029_9\" class=\"elementor-icon\" tabindex=\"-1\" aria-label=\"Docente\">\n\t\t\t\t<svg aria-hidden=\"true\" class=\"e-font-icon-svg e-fas-user-tie\" viewBox=\"0 0 448 512\" xmlns=\"http:\/\/www.w3.org\/2000\/svg\"><path d=\"M224 256c70.7 0 128-57.3 128-128S294.7 0 224 0 96 57.3 96 128s57.3 128 128 128zm95.8 32.6L272 480l-32-136 32-56h-96l32 56-32 136-47.8-191.4C56.9 292 0 350.3 0 422.4V464c0 26.5 21.5 48 48 48h352c26.5 0 48-21.5 48-48v-41.6c0-72.1-56.9-130.4-128.2-133.8z\"><\/path><\/svg>\t\t\t\t<\/a>\n\t\t\t<\/div>\n\t\t\t\n\t\t\t\t\t\t<div class=\"elementor-icon-box-content\">\n\n\t\t\t\t\t\t\t\t\t<h3 class=\"elementor-icon-box-title\">\n\t\t\t\t\t\t<a href=\"https:\/\/link.ufms.br\/CPAQ-DOCENTE-ConsultaComunidade2025-2029_9\" >\n\t\t\t\t\t\t\tDocente\t\t\t\t\t\t<\/a>\n\t\t\t\t\t<\/h3>\n\t\t\t\t\n\t\t\t\t\n\t\t\t<\/div>\n\t\t\t\n\t\t<\/div>\n\t\t\t\t\t\t<\/div>\n\t\t\t\t<\/div>\n\t\t\t\t<\/div>\n\t\t<div class=\"elementor-element elementor-element-eaf46e5 e-con-full e-flex e-con e-parent\" data-id=\"eaf46e5\" data-element_type=\"container\">\n\t\t\t\t<div class=\"elementor-element elementor-element-caef1b6 elementor-widget elementor-widget-text-editor\" data-id=\"caef1b6\" data-element_type=\"widget\" data-widget_type=\"text-editor.default\">\n\t\t\t\t<div class=\"elementor-widget-container\">\n\t\t\t\t\t\t\t\t\t<h2><strong><span style=\"color: #6ec1e4\">Publica\u00e7\u00f5es:<\/span><\/strong><\/h2><p><a href=\"https:\/\/cpaq.ufms.br\/files\/2025\/03\/1-Resolucao-Comissao-Eleitoral.pdf\">1 &#8211; Resolu\u00e7\u00e3o Comiss\u00e3o Eleitoral<\/a><\/p><p><a href=\"https:\/\/cpaq.ufms.br\/files\/2025\/03\/2-Resolucao-1204.pdf\">2 &#8211; Resolu\u00e7\u00e3o n\u00ba 1204 &#8211; <span style=\"text-align: var(--text-align)\">Normas\u00a0 do processo de organiza\u00e7\u00e3o da lista tr\u00edplice.<\/span><\/a><\/p><p><a href=\"https:\/\/cpaq.ufms.br\/files\/2025\/03\/3-Resolucao-1203.pdf\">3 &#8211; Resolu\u00e7\u00e3o n\u00ba 1203 &#8211; <span style=\"text-align: var(--text-align)\">Normas do Processo de Consulta \u00e0 Comunidade Universit\u00e1ria do C\u00e2mpus de Aquidauana<\/span><\/a><\/p><p><a href=\"https:\/\/cpaq.ufms.br\/files\/2025\/03\/4-Ata-da-primeira-reuniao-da-comissao-eleitoral.pdf\">4 &#8211; Ata da primeira reuni\u00e3o da Comiss\u00e3o Eleitoral<\/a><\/p><p><a href=\"https:\/\/cpaq.ufms.br\/files\/2025\/03\/5-Edital-da-Comissao-Eleitoral-CPAQ-n-1-de-13-03-2025.pdf\">5 &#8211; Edital da Comiss\u00e3o Eleitoral (CPAQ) n\u00ba 1, de 13-03-2025.<\/a><\/p><p><a href=\"https:\/\/cpaq.ufms.br\/files\/2025\/03\/6-Ata-da-segunda-reuniao-da-comissao-eleitoral.pdf\">6 &#8211; Ata da segunda reuni\u00e3o da Comiss\u00e3o Eleitoral<\/a><\/p><p><a href=\"https:\/\/cpaq.ufms.br\/files\/2025\/03\/7-Republicacao-Edital-da-Comissao-Eleitoral-CPAQ-n-2.pdf\">7 &#8211; Edital da Comiss\u00e3o Eleitoral (CPAQ) n\u00ba 2, de 17\/03\/2025 &#8211; Homologa\u00e7\u00e3o das Inscri\u00e7\u00f5es.<\/a><\/p><p><a href=\"https:\/\/cpaq.ufms.br\/files\/2025\/03\/CPAQ_ESTUDANTES_GRAD___Lista-preliminar_CONSULTA_COMUNIDADE____eleitores__27_.pdf\">8 &#8211; Lista preliminar de Acad\u00eamicos de Gradua\u00e7\u00e3o aptos a votar<\/a><\/p><p><a href=\"https:\/\/cpaq.ufms.br\/files\/2025\/03\/CPAQ_ESTUDANTES_POS_GRAD___Lista-preliminar_CONSULTA_COMUNIDADE____eleitores__28_.pdf\">9 &#8211; Lista preliminar de Acad\u00eamicos de P\u00f3s-Gradua\u00e7\u00e3o aptos a votar<\/a><\/p><p><a href=\"https:\/\/cpaq.ufms.br\/files\/2025\/03\/CPAQ_TECNICOS___Lista-preliminar_CONSULTA_COMUNIDADE____eleitores__25_.pdf\">10 &#8211; Lista preliminar de Servidores T\u00e9cnicos Administrativos aptos a votar<\/a><\/p><p><a href=\"https:\/\/cpaq.ufms.br\/files\/2025\/03\/CPAQ_DOCENTES___lista-preliminar_CONSULTA_COMUNIDADE____Pagina1.pdf\">11 &#8211; Lista preliminar de Servidores Docentes aptos a votar<\/a><\/p><p><a href=\"https:\/\/cpaq.ufms.br\/files\/2025\/03\/Edital-da-Comissao-Eleitoral-CPAQ-n-3-de-26-03-2025.pdf\">12 &#8211; Edital da Comiss\u00e3o Eleitoral (CPAQ) n\u00ba 3, de 26\/03\/2025<\/a><\/p><p>13 &#8211; <a href=\"https:\/\/drive.google.com\/file\/d\/1IP0s_qahrCfuSB23X5I5bGqUiSBB6pxc\/view?usp=sharing\">Lista de Acad\u00eamicos de Gradua\u00e7\u00e3o aptos a votar<\/a><\/p><p>14 &#8211; <a href=\"https:\/\/drive.google.com\/file\/d\/1q7wqQHJ-k0PAR_1lnaYtqGE5hExbRwkq\/view?usp=sharing\">Lista de Acad\u00eamicos de P\u00f3s-Gradua\u00e7\u00e3o aptos a votar<\/a><\/p><p>15 &#8211; <a href=\"https:\/\/drive.google.com\/file\/d\/1lnRr86RGTZ7-L9Bv8sTr-f4DBlKZos7J\/view?usp=sharing\">Lista de Servidores T\u00e9cnicos Administrativos aptos a votar<\/a><\/p><p>16 &#8211; <a href=\"https:\/\/drive.google.com\/file\/d\/1oKfFxKCciHc0QLfojCX-PnmWCPht-lVg\/view?usp=sharing\">Lista de Servidores Docentes aptos a votar<\/a><\/p><p>17 &#8211; <a href=\"https:\/\/drive.google.com\/file\/d\/1xwoHe6Xb1DAydHwbpIDTO-95R4YsNzvx\/view?usp=sharing\">Edital da Comiss\u00e3o Eleitoral (CPAQ) n\u00ba 4, de 27\/03\/2025<\/a><\/p><p><a href=\"https:\/\/cpaq.ufms.br\/files\/2025\/04\/Resultado.pdf\">18 &#8211; Resultado da Consulta \u00e0 comunidade Universit\u00e1ria do Campus de Aquidauana.<\/a><\/p>\t\t\t\t\t\t\t\t<\/div>\n\t\t\t\t<\/div>\n\t\t\t\t<\/div>\n\t\t\t\t<\/div>\n\t\t","protected":false},"excerpt":{"rendered":"<p>Consulta \u00e0 comunidade universit\u00e1ria para dire\u00e7\u00e3o do C\u00e2mpus de Aquidauana\u2013 2025-2029 Data da Consulta A Consulta ocorrer\u00e1 no dia 02 de abril de 2025, das 08 \u00e0s 21 horas, por meio do Sistema de Vota\u00e7\u00e3o Eletr\u00f4nico\u00a0 e-Vota\u00e7\u00e3o UFMS Per\u00edodo de inscri\u00e7\u00f5es Para concorrer ao processo de consulta, o per\u00edodo de inscri\u00e7\u00e3o est\u00e1 compreendido entre 17 [&hellip;]<\/p>\n","protected":false},"author":1449,"featured_media":0,"parent":0,"menu_order":0,"comment_status":"closed","ping_status":"closed","template":"","meta":{"footnotes":""},"coauthors":[],"class_list":["post-36651","page","type-page","status-publish","hentry"],"_links":{"self":[{"href":"https:\/\/cpaq.ufms.br\/en\/wp-json\/wp\/v2\/pages\/36651","targetHints":{"allow":["GET"]}}],"collection":[{"href":"https:\/\/cpaq.ufms.br\/en\/wp-json\/wp\/v2\/pages"}],"about":[{"href":"https:\/\/cpaq.ufms.br\/en\/wp-json\/wp\/v2\/types\/page"}],"author":[{"embeddable":true,"href":"https:\/\/cpaq.ufms.br\/en\/wp-json\/wp\/v2\/users\/1449"}],"replies":[{"embeddable":true,"href":"https:\/\/cpaq.ufms.br\/en\/wp-json\/wp\/v2\/comments?post=36651"}],"version-history":[{"count":120,"href":"https:\/\/cpaq.ufms.br\/en\/wp-json\/wp\/v2\/pages\/36651\/revisions"}],"predecessor-version":[{"id":36930,"href":"https:\/\/cpaq.ufms.br\/en\/wp-json\/wp\/v2\/pages\/36651\/revisions\/36930"}],"wp:attachment":[{"href":"https:\/\/cpaq.ufms.br\/en\/wp-json\/wp\/v2\/media?parent=36651"}],"wp:term":[{"taxonomy":"author","embeddable":true,"href":"https:\/\/cpaq.ufms.br\/en\/wp-json\/wp\/v2\/coauthors?post=36651"}],"curies":[{"name":"wp","href":"https:\/\/api.w.org\/{rel}","templated":true}]}}