{"id":35260,"date":"2024-11-12T07:17:19","date_gmt":"2024-11-12T11:17:19","guid":{"rendered":"https:\/\/cpaq.ufms.br\/?page_id=35260"},"modified":"2024-11-12T07:29:54","modified_gmt":"2024-11-12T11:29:54","slug":"centro-cultural-espacos","status":"publish","type":"page","link":"https:\/\/cpaq.ufms.br\/en\/centro-cultural\/centro-cultural-espacos\/","title":{"rendered":"Centro Cultural &#8211; Espa\u00e7os"},"content":{"rendered":"<div class=\"panel panel-info\"><div class=\"panel-heading\">Acervo de Obras In\u00e9ditas da Biblioteca do Campus de Aquidauana<\/div><div class=\"panel-body\">\n<p>&nbsp;<\/p>\n<\/div><\/div>\n<div class=\"panel panel-info\"><div class=\"panel-heading\">Areas de conviv\u00eancia externa<\/div><div class=\"panel-body\">\n<p>&nbsp;<\/p>\n<\/div><\/div>\n<div class=\"panel panel-info\"><div class=\"panel-heading\">S\u00edtio Hist\u00f3rico<\/div><div class=\"panel-body\">\n<p>&nbsp;<\/p>\n<\/div><\/div>\n<div class=\"panel panel-info\"><div class=\"panel-heading\">Miniaudit\u00f3rio<\/div><div class=\"panel-body\">\n<p>&nbsp;<\/p>\n<\/div><\/div>\n<div class=\"panel panel-info\"><div class=\"panel-heading\">Exposi\u00e7\u00e3o permanente de obras de arte<\/div><div class=\"panel-body\">\n<p>&nbsp;<\/p>\n<\/div><\/div>\n<div class=\"panel panel-info\"><div class=\"panel-heading\">Informa\u00e7\u00f5es Tur\u00edsticas em parceria com a Secretaria de Cultura e Turismo<\/div><div class=\"panel-body\">\n<p>&nbsp;<\/p>\n<\/div><\/div>\n<p style=\"font-weight: 400\">\n","protected":false},"excerpt":{"rendered":"","protected":false},"author":1449,"featured_media":35254,"parent":35241,"menu_order":0,"comment_status":"closed","ping_status":"closed","template":"page-templates\/page-coordenadorias.php","meta":{"footnotes":""},"coauthors":[],"class_list":["post-35260","page","type-page","status-publish","has-post-thumbnail","hentry"],"_links":{"self":[{"href":"https:\/\/cpaq.ufms.br\/en\/wp-json\/wp\/v2\/pages\/35260","targetHints":{"allow":["GET"]}}],"collection":[{"href":"https:\/\/cpaq.ufms.br\/en\/wp-json\/wp\/v2\/pages"}],"about":[{"href":"https:\/\/cpaq.ufms.br\/en\/wp-json\/wp\/v2\/types\/page"}],"author":[{"embeddable":true,"href":"https:\/\/cpaq.ufms.br\/en\/wp-json\/wp\/v2\/users\/1449"}],"replies":[{"embeddable":true,"href":"https:\/\/cpaq.ufms.br\/en\/wp-json\/wp\/v2\/comments?post=35260"}],"version-history":[{"count":4,"href":"https:\/\/cpaq.ufms.br\/en\/wp-json\/wp\/v2\/pages\/35260\/revisions"}],"predecessor-version":[{"id":35264,"href":"https:\/\/cpaq.ufms.br\/en\/wp-json\/wp\/v2\/pages\/35260\/revisions\/35264"}],"up":[{"embeddable":true,"href":"https:\/\/cpaq.ufms.br\/en\/wp-json\/wp\/v2\/pages\/35241"}],"wp:featuredmedia":[{"embeddable":true,"href":"https:\/\/cpaq.ufms.br\/en\/wp-json\/wp\/v2\/media\/35254"}],"wp:attachment":[{"href":"https:\/\/cpaq.ufms.br\/en\/wp-json\/wp\/v2\/media?parent=35260"}],"wp:term":[{"taxonomy":"author","embeddable":true,"href":"https:\/\/cpaq.ufms.br\/en\/wp-json\/wp\/v2\/coauthors?post=35260"}],"curies":[{"name":"wp","href":"https:\/\/api.w.org\/{rel}","templated":true}]}}