{"id":35241,"date":"2024-11-11T16:09:24","date_gmt":"2024-11-11T20:09:24","guid":{"rendered":"https:\/\/cpaq.ufms.br\/?page_id=35241"},"modified":"2024-12-10T11:52:46","modified_gmt":"2024-12-10T15:52:46","slug":"centro-cultural","status":"publish","type":"page","link":"https:\/\/cpaq.ufms.br\/en\/centro-cultural\/","title":{"rendered":"Centro Cultural &#8211; CPAQ"},"content":{"rendered":"<p data-uw-styling-context=\"true\"><span data-uw-styling-context=\"true\"><strong data-uw-styling-context=\"true\">Respons\u00e1vel T\u00e9cnico<\/strong><\/span><\/p>\n<p data-uw-styling-context=\"true\"><em><strong>Eudes Mendes Ferreira<\/strong><\/em><\/p>\n<p data-uw-styling-context=\"true\"><strong>Telefone:<\/strong> (67) 3241-0366 \/ Ramal: 2366<\/p>\n<p data-uw-styling-context=\"true\"><strong data-uw-styling-context=\"true\">E-mail: <a href=\"mailto:centrocultural.cpaq@ufms.br\" target=\"_blank\" rel=\"noopener\">centrocultural.cpaq@ufms.br<\/a><\/strong><\/p>\n<p style=\"text-align: justify\">\u00c9 a &#8230;.<\/p>\n<p style=\"text-align: justify\" data-uw-styling-context=\"true\"><strong data-uw-styling-context=\"true\">Hor\u00e1rios de funcionamento<\/strong>:<\/p>\n<ul>\n<li style=\"font-weight: 400\"><strong>P\u00fablico Externo: <\/strong>ter\u00e7as e quintas, das 7h \u00e0s 11h e das 13h \u00e0s 17h<\/li>\n<li style=\"font-weight: 400\"><strong>Comunidade Universit\u00e1ria da UFMS\/CPAQ: <\/strong>segunda a sexta, das 7h \u00e0s 23h;\u00a0s\u00e1bados das 7h \u00e0s 21h. Aos domingos e feriados das 7h \u00e0s 18h, mediante apresenta\u00e7\u00e3o da identifica\u00e7\u00e3o funcional ou identidade estudantil nas guaritas<\/li>\n<\/ul>\n<p style=\"text-align: justify\" data-uw-styling-context=\"true\">Mapeamento de processos: Clique aqui.<\/p>\n<p data-uw-styling-context=\"true\"><div class=\"row\">\n<div class=\"col-md-6\">\n<a href=\"https:\/\/cpaq.ufms.br\/centro-cultural\/centro-cultural-espacos\/\" class=\"btn btn-info btn-lg btn-block\"> Espa\u00e7os <\/a>\n<a href=\"https:\/\/cpaq.ufms.br\/centro-cultural\/centro-cultural-laboratorios\/\" class=\"btn btn-info btn-lg btn-block\"> Laborat\u00f3rios <\/a>\n<a href=\"https:\/\/cpaq.ufms.br\/agenda\/agenda-de-eventos-e-espaco-fisico-centro-cultural\/\" class=\"btn btn-info btn-lg btn-block\"> Fa\u00e7a seu Agendamento <\/a>\n<\/div>\n<div class=\"col-md-6\">\n<a href=\"https:\/\/cpaq.ufms.br\/centro-cultural\/acervo-de-imagens\/\" class=\"btn btn-info btn-lg btn-block\"> Acervo de Imagens <\/a>\n<a href=\"https:\/\/cpaq.ufms.br\/centro-cultural\/centro-cultural-programacao-de-eventos\/\" class=\"btn btn-info btn-lg btn-block\"> Programa\u00e7\u00e3o <\/a>\n<a href=\"https:\/\/cpaq.ufms.br\/centro-cultural\/centro-cultural-registro-de-imagens\/\" class=\"btn btn-info btn-lg btn-block\"> Registro de Imagens <\/a>\n<\/div>\n<\/div>\n<p>&nbsp;<\/p>\n","protected":false},"excerpt":{"rendered":"<p>Respons\u00e1vel T\u00e9cnico Eudes Mendes Ferreira Telefone: (67) 3241-0366 \/ Ramal: 2366 E-mail: centrocultural.cpaq@ufms.br \u00c9 a &#8230;. Hor\u00e1rios de funcionamento: P\u00fablico Externo: ter\u00e7as e quintas, das 7h \u00e0s 11h e das 13h \u00e0s 17h Comunidade Universit\u00e1ria da UFMS\/CPAQ: segunda a sexta, das 7h \u00e0s 23h;\u00a0s\u00e1bados das 7h \u00e0s 21h. Aos domingos e feriados das 7h \u00e0s [&hellip;]<\/p>\n","protected":false},"author":1449,"featured_media":35254,"parent":0,"menu_order":0,"comment_status":"closed","ping_status":"closed","template":"page-templates\/page-coordenadorias.php","meta":{"footnotes":""},"coauthors":[],"class_list":["post-35241","page","type-page","status-publish","has-post-thumbnail","hentry"],"_links":{"self":[{"href":"https:\/\/cpaq.ufms.br\/en\/wp-json\/wp\/v2\/pages\/35241","targetHints":{"allow":["GET"]}}],"collection":[{"href":"https:\/\/cpaq.ufms.br\/en\/wp-json\/wp\/v2\/pages"}],"about":[{"href":"https:\/\/cpaq.ufms.br\/en\/wp-json\/wp\/v2\/types\/page"}],"author":[{"embeddable":true,"href":"https:\/\/cpaq.ufms.br\/en\/wp-json\/wp\/v2\/users\/1449"}],"replies":[{"embeddable":true,"href":"https:\/\/cpaq.ufms.br\/en\/wp-json\/wp\/v2\/comments?post=35241"}],"version-history":[{"count":19,"href":"https:\/\/cpaq.ufms.br\/en\/wp-json\/wp\/v2\/pages\/35241\/revisions"}],"predecessor-version":[{"id":35285,"href":"https:\/\/cpaq.ufms.br\/en\/wp-json\/wp\/v2\/pages\/35241\/revisions\/35285"}],"wp:featuredmedia":[{"embeddable":true,"href":"https:\/\/cpaq.ufms.br\/en\/wp-json\/wp\/v2\/media\/35254"}],"wp:attachment":[{"href":"https:\/\/cpaq.ufms.br\/en\/wp-json\/wp\/v2\/media?parent=35241"}],"wp:term":[{"taxonomy":"author","embeddable":true,"href":"https:\/\/cpaq.ufms.br\/en\/wp-json\/wp\/v2\/coauthors?post=35241"}],"curies":[{"name":"wp","href":"https:\/\/api.w.org\/{rel}","templated":true}]}}