{"id":35231,"date":"2024-11-11T13:39:27","date_gmt":"2024-11-11T17:39:27","guid":{"rendered":"https:\/\/cpaq.ufms.br\/?page_id=35231"},"modified":"2024-11-11T13:39:45","modified_gmt":"2024-11-11T17:39:45","slug":"reserva-de-espaco-e-visitacao-centro-cultural","status":"publish","type":"page","link":"https:\/\/cpaq.ufms.br\/en\/agenda\/agenda-de-eventos-e-espaco-fisico-centro-cultural\/reserva-de-espaco-e-visitacao-centro-cultural\/","title":{"rendered":"Reserva de Espa\u00e7o e Visita\u00e7\u00e3o Centro Cultural"},"content":{"rendered":"<script type=\"text\/javascript\">\n\/* <![CDATA[ *\/\nvar gform;gform||(document.addEventListener(\"gform_main_scripts_loaded\",function(){gform.scriptsLoaded=!0}),document.addEventListener(\"gform\/theme\/scripts_loaded\",function(){gform.themeScriptsLoaded=!0}),window.addEventListener(\"DOMContentLoaded\",function(){gform.domLoaded=!0}),gform={domLoaded:!1,scriptsLoaded:!1,themeScriptsLoaded:!1,isFormEditor:()=>\"function\"==typeof InitializeEditor,callIfLoaded:function(o){return!(!gform.domLoaded||!gform.scriptsLoaded||!gform.themeScriptsLoaded&&!gform.isFormEditor()||(gform.isFormEditor()&&console.warn(\"The use of gform.initializeOnLoaded() is deprecated in the form editor context and will be removed in Gravity Forms 3.1.\"),o(),0))},initializeOnLoaded:function(o){gform.callIfLoaded(o)||(document.addEventListener(\"gform_main_scripts_loaded\",()=>{gform.scriptsLoaded=!0,gform.callIfLoaded(o)}),document.addEventListener(\"gform\/theme\/scripts_loaded\",()=>{gform.themeScriptsLoaded=!0,gform.callIfLoaded(o)}),window.addEventListener(\"DOMContentLoaded\",()=>{gform.domLoaded=!0,gform.callIfLoaded(o)}))},hooks:{action:{},filter:{}},addAction:function(o,r,e,t){gform.addHook(\"action\",o,r,e,t)},addFilter:function(o,r,e,t){gform.addHook(\"filter\",o,r,e,t)},doAction:function(o){gform.doHook(\"action\",o,arguments)},applyFilters:function(o){return gform.doHook(\"filter\",o,arguments)},removeAction:function(o,r){gform.removeHook(\"action\",o,r)},removeFilter:function(o,r,e){gform.removeHook(\"filter\",o,r,e)},addHook:function(o,r,e,t,n){null==gform.hooks[o][r]&&(gform.hooks[o][r]=[]);var d=gform.hooks[o][r];null==n&&(n=r+\"_\"+d.length),gform.hooks[o][r].push({tag:n,callable:e,priority:t=null==t?10:t})},doHook:function(r,o,e){var t;if(e=Array.prototype.slice.call(e,1),null!=gform.hooks[r][o]&&((o=gform.hooks[r][o]).sort(function(o,r){return o.priority-r.priority}),o.forEach(function(o){\"function\"!=typeof(t=o.callable)&&(t=window[t]),\"action\"==r?t.apply(null,e):e[0]=t.apply(null,e)})),\"filter\"==r)return e[0]},removeHook:function(o,r,t,n){var e;null!=gform.hooks[o][r]&&(e=(e=gform.hooks[o][r]).filter(function(o,r,e){return!!(null!=n&&n!=o.tag||null!=t&&t!=o.priority)}),gform.hooks[o][r]=e)}});\n\/* ]]> *\/\n<\/script>\n\n                <div class='gf_browser_gecko gform_wrapper gravity-theme gform-theme--no-framework' data-form-theme='gravity-theme' data-form-index='0' id='gform_wrapper_44' style='display:none'>\n                        <div class='gform_heading'>\n                            <h2 class=\"gform_title\">Centro Cultural<\/h2>\n                            <p class='gform_description'>Agendamento dos Espa\u00e7os Fisicos do Centro Cultural.<\/p>\n                        <\/div><form method='post' enctype='multipart\/form-data'  id='gform_44'  action='\/en\/wp-json\/wp\/v2\/pages\/35231' data-formid='44' novalidate>\n                        <div class='gform-body gform_body'><div id='gform_fields_44' class='gform_fields top_label form_sublabel_below description_below validation_below'><div id=\"field_44_2\" class=\"gfield gfield--type-select gfield--width-full field_sublabel_below gfield--has-description field_description_below field_validation_below gfield_visibility_visible\"  ><label class='gfield_label gform-field-label' for='input_44_2'>AGENDAMENTO<\/label><div class='ginput_container ginput_container_select'><select name='input_2' id='input_44_2' class='form-control large gfield_select'  aria-describedby=\"gfield_description_44_2\"   aria-invalid=\"false\" ><option value='Selecione uma op\u00e7\u00e3o.' >Selecione uma op\u00e7\u00e3o.<\/option><option value='Visita\u00e7\u00e3o Grupo + 5 pessoas.' >Visita\u00e7\u00e3o Grupo + 5 pessoas.<\/option><option value='Espa\u00e7os Internos.' >Espa\u00e7os Internos.<\/option><\/select><\/div><div class='gfield_description' id='gfield_description_44_2'>Solicite o agendamento no Centro Cultural do CPAQ.\nVisitas individuais n\u00e3o precisam ser agendadas e devem ocorrer nos dias e hor\u00e1rios de atendimento ao p\u00fablico externo<\/div><\/div><div id=\"field_44_1\" class=\"gfield gfield--type-text gfield_contains_required field_sublabel_below gfield--no-description field_description_below field_validation_below gfield_visibility_visible\"  ><label class='gfield_label gform-field-label' for='input_44_1'>Nome do Respons\u00e1vel pelo Agendamento.<span class=\"gfield_required\"><span class=\"gfield_required gfield_required_text\">(Required)<\/span><\/span><\/label><div class='ginput_container ginput_container_text'><input name='input_1' id='input_44_1' type='text' value='' class='form-control large'     aria-required=\"true\" aria-invalid=\"false\"   \/><\/div><\/div><div id=\"field_44_3\" class=\"gfield gfield--type-email gfield--width-full gfield_contains_required field_sublabel_below gfield--no-description field_description_below field_validation_below gfield_visibility_visible\"  ><label class='gfield_label gform-field-label' for='input_44_3'>E-mail do respons\u00e1vel pelo Agendamento.<span class=\"gfield_required\"><span class=\"gfield_required gfield_required_text\">(Required)<\/span><\/span><\/label><div class='ginput_container ginput_container_email'>\n                            <input class='form-control' name='input_3' id='input_44_3' type='email' value='' class='form-control large'    aria-required=\"true\" aria-invalid=\"false\"  \/>\n                        <\/div><\/div><div id=\"field_44_5\" class=\"gfield gfield--type-text gfield--width-full gfield_contains_required field_sublabel_below gfield--no-description field_description_below field_validation_below gfield_visibility_visible\"  ><label class='gfield_label gform-field-label' for='input_44_5'>Telefone de Contato.<span class=\"gfield_required\"><span class=\"gfield_required gfield_required_text\">(Required)<\/span><\/span><\/label><div class='ginput_container ginput_container_text'><input name='input_5' id='input_44_5' type='text' value='' class='form-control large'     aria-required=\"true\" aria-invalid=\"false\"   \/><\/div><\/div><div id=\"field_44_13\" class=\"gfield gfield--type-text gfield--width-full field_sublabel_below gfield--no-description field_description_below field_validation_below gfield_visibility_visible\"  ><label class='gfield_label gform-field-label' for='input_44_13'>Informe o n\u00famero de pessoas no grupo<\/label><div class='ginput_container ginput_container_text'><input name='input_13' id='input_44_13' type='text' value='' class='form-control large'      aria-invalid=\"false\"   \/><\/div><\/div><div id=\"field_44_8\" class=\"gfield gfield--type-text gfield--width-full gfield_contains_required field_sublabel_below gfield--has-description field_description_below field_validation_below gfield_visibility_visible\"  ><label class='gfield_label gform-field-label' for='input_44_8'>Nome do Solicitante<span class=\"gfield_required\"><span class=\"gfield_required gfield_required_text\">(Required)<\/span><\/span><\/label><div class='ginput_container ginput_container_text'><input name='input_8' id='input_44_8' type='text' value='' class='form-control large'  aria-describedby=\"gfield_description_44_8\"   aria-required=\"true\" aria-invalid=\"false\"   \/><\/div><div class='gfield_description' id='gfield_description_44_8'>Informe seu nome completo<\/div><\/div><div id=\"field_44_10\" class=\"gfield gfield--type-select gfield--width-full gfield_contains_required field_sublabel_below gfield--has-description field_description_below field_validation_below gfield_visibility_visible\"  ><label class='gfield_label gform-field-label' for='input_44_10'>Informe seu Vinculo<span class=\"gfield_required\"><span class=\"gfield_required gfield_required_text\">(Required)<\/span><\/span><\/label><div class='ginput_container ginput_container_select'><select name='input_10' id='input_44_10' class='form-control large gfield_select'  aria-describedby=\"gfield_description_44_10\"  aria-required=\"true\" aria-invalid=\"false\" ><option value='Servidor CPAQ' >Servidor CPAQ<\/option><option value='Servidor UFMS' >Servidor UFMS<\/option><option value='Academico Gradua\u00e7\u00e3o CPAQ' >Academico Gradua\u00e7\u00e3o CPAQ<\/option><option value='Academico P\u00f3s-Gradua\u00e7\u00e3o CPAQ' >Academico P\u00f3s-Gradua\u00e7\u00e3o CPAQ<\/option><option value='Academico Gradua\u00e7\u00e3o UFMS' >Academico Gradua\u00e7\u00e3o UFMS<\/option><option value='Academico P\u00f3s-Gradua\u00e7\u00e3o UFMS' >Academico P\u00f3s-Gradua\u00e7\u00e3o UFMS<\/option><option value='Outro' >Outro<\/option><\/select><\/div><div class='gfield_description' id='gfield_description_44_10'>Informe seu vinculo Institucional<\/div><\/div><div id=\"field_44_11\" class=\"gfield gfield--type-text gfield--width-full gfield_contains_required field_sublabel_below gfield--has-description field_description_below field_validation_below gfield_visibility_visible\"  ><label class='gfield_label gform-field-label' for='input_44_11'>Informe seu tipo de Vinculo<span class=\"gfield_required\"><span class=\"gfield_required gfield_required_text\">(Required)<\/span><\/span><\/label><div class='ginput_container ginput_container_text'><input name='input_11' id='input_44_11' type='text' value='' class='form-control large'  aria-describedby=\"gfield_description_44_11\"   aria-required=\"true\" aria-invalid=\"false\"   \/><\/div><div class='gfield_description' id='gfield_description_44_11'>Descreva o tipo de vinculo institucional.<\/div><\/div><div id=\"field_44_12\" class=\"gfield gfield--type-select gfield--width-full gfield_contains_required field_sublabel_below gfield--no-description field_description_below field_validation_below gfield_visibility_visible\"  ><label class='gfield_label gform-field-label' for='input_44_12'>Selecione o espa\u00e7o a ser reservado.<span class=\"gfield_required\"><span class=\"gfield_required gfield_required_text\">(Required)<\/span><\/span><\/label><div class='ginput_container ginput_container_select'><select name='input_12' id='input_44_12' class='form-control large gfield_select'    aria-required=\"true\" aria-invalid=\"false\" ><option value='Selecione o espa\u00e7o desejado.' >Selecione o espa\u00e7o desejado.<\/option><option value='Acervo de Obras In\u00e9ditas da Biblioteca do Campus de Aquidauana' >Acervo de Obras In\u00e9ditas da Biblioteca do Campus de Aquidauana<\/option><option value='S\u00edtio Hist\u00f3rico' >S\u00edtio Hist\u00f3rico<\/option><option value='Miniaudit\u00f3rio' >Miniaudit\u00f3rio<\/option><option value='Exposi\u00e7\u00e3o permanente de obras de arte' >Exposi\u00e7\u00e3o permanente de obras de arte<\/option><option value='Areas de Conviv\u00eancia Internas e Externas.' >Areas de Conviv\u00eancia Internas e Externas.<\/option><\/select><\/div><\/div><div id=\"field_44_6\" class=\"gfield gfield--type-date gfield--input-type-datepicker gfield--datepicker-default-icon gfield--width-full gfield_contains_required field_sublabel_below gfield--no-description field_description_below field_validation_below gfield_visibility_visible\"  ><label class='gfield_label gform-field-label' for='input_44_6'>Data<span class=\"gfield_required\"><span class=\"gfield_required gfield_required_text\">(Required)<\/span><\/span><\/label><div class='ginput_container ginput_container_date'>\n                            <input name='input_6' id='input_44_6' type='text' value='' class='datepicker gform-datepicker dmy datepicker_with_icon gdatepicker_with_icon'   placeholder='dd\/mm\/yyyy' aria-describedby=\"input_44_6_date_format\" aria-invalid=\"false\" aria-required=\"true\"\/>\n                            <span id='input_44_6_date_format' class='screen-reader-text'>DD slash MM slash YYYY<\/span>\n                        <\/div>\n                        <input type='hidden' id='gforms_calendar_icon_input_44_6' class='gform_hidden' value='https:\/\/cpaq.ufms.br\/wp-content\/plugins\/gravityforms\/images\/datepicker\/datepicker.svg'\/><\/div><fieldset id=\"field_44_7\" class=\"gfield gfield--type-time gfield--width-full gfield_contains_required field_sublabel_below gfield--no-description field_description_below field_validation_below gfield_visibility_visible\"  ><legend class='gfield_label gform-field-label gfield_label_before_complex' >Hora<span class=\"gfield_required\"><span class=\"gfield_required gfield_required_text\">(Required)<\/span><\/span><\/legend><div class=\"ginput_container ginput_complex gform-grid-row\">\n                        <div class='gfield_time_hour ginput_container ginput_container_time gform-grid-col' id='input_44_7'>\n                            <input type='number' maxlength='2' name='input_7[]' id='input_44_7_1' value=''  min='0' max='24' step='1'  placeholder='HH' aria-required='true'   \/> \n                            <label class='gform-field-label gform-field-label--type-sub hour_label screen-reader-text' for='input_44_7_1'>Hours<\/label>\n                        <\/div>\n                        <div class=\"below hour_minute_colon gform-grid-col\">:<\/div>\n                        <div class='gfield_time_minute ginput_container ginput_container_time gform-grid-col'>\n                            <input type='number' maxlength='2' name='input_7[]' id='input_44_7_2' value=''  min='0' max='59' step='1'  placeholder='MM' aria-required='true'  \/>\n                            <label class='gform-field-label gform-field-label--type-sub minute_label screen-reader-text' for='input_44_7_2'>Minutes<\/label>\n                        <\/div>\n                        \n                    <\/div><\/fieldset><\/div><\/div>\n        <div class='gform-footer gform_footer top_label'> <input type='submit' id='gform_submit_button_44' class='gform_button button' onclick='gform.submission.handleButtonClick(this);' data-submission-type='submit' value='Enviar'  \/> \n            <input type='hidden' class='gform_hidden' name='gform_submission_method' data-js='gform_submission_method_44' value='postback' \/>\n            <input type='hidden' class='gform_hidden' name='gform_theme' data-js='gform_theme_44' id='gform_theme_44' value='gravity-theme' \/>\n            <input type='hidden' class='gform_hidden' name='gform_style_settings' data-js='gform_style_settings_44' id='gform_style_settings_44' value='[]' \/>\n            <input type='hidden' class='gform_hidden' name='is_submit_44' value='1' \/>\n            <input type='hidden' class='gform_hidden' name='gform_submit' value='44' \/>\n            \n            <input type='hidden' class='gform_hidden' name='gform_unique_id' value='' \/>\n            <input type='hidden' class='gform_hidden' name='state_44' value='WyJbXSIsIjQ2NTI5NjNiYmYwMTExODYyOTViODkxMzJlNDFhNWJhIl0=' \/>\n            <input type='hidden' autocomplete='off' class='gform_hidden' name='gform_target_page_number_44' id='gform_target_page_number_44' value='0' \/>\n            <input type='hidden' autocomplete='off' class='gform_hidden' name='gform_source_page_number_44' id='gform_source_page_number_44' value='1' \/>\n            <input type='hidden' name='gform_field_values' value='' \/>\n            \n        <\/div>\n                        <\/form>\n                        <\/div><script type=\"text\/javascript\">\n\/* <![CDATA[ *\/\n gform.initializeOnLoaded( function() {gformInitSpinner( 44, 'https:\/\/cpaq.ufms.br\/wp-content\/plugins\/gravityforms\/images\/spinner.svg', true );jQuery('#gform_ajax_frame_44').on('load',function(){var contents = jQuery(this).contents().find('*').html();var is_postback = contents.indexOf('GF_AJAX_POSTBACK') >= 0;if(!is_postback){return;}var form_content = jQuery(this).contents().find('#gform_wrapper_44');var is_confirmation = jQuery(this).contents().find('#gform_confirmation_wrapper_44').length > 0;var is_redirect = contents.indexOf('gformRedirect(){') >= 0;var is_form = form_content.length > 0 && ! is_redirect && ! is_confirmation;var mt = parseInt(jQuery('html').css('margin-top'), 10) + parseInt(jQuery('body').css('margin-top'), 10) + 100;if(is_form){form_content.find('form').css('opacity', 0);jQuery('#gform_wrapper_44').html(form_content.html());if(form_content.hasClass('gform_validation_error')){jQuery('#gform_wrapper_44').addClass('gform_validation_error');} else {jQuery('#gform_wrapper_44').removeClass('gform_validation_error');}setTimeout( function() { \/* delay the scroll by 50 milliseconds to fix a bug in chrome *\/  }, 50 );if(window['gformInitDatepicker']) {gformInitDatepicker();}if(window['gformInitPriceFields']) {gformInitPriceFields();}var current_page = jQuery('#gform_source_page_number_44').val();gformInitSpinner( 44, 'https:\/\/cpaq.ufms.br\/wp-content\/plugins\/gravityforms\/images\/spinner.svg', true );jQuery(document).trigger('gform_page_loaded', [44, current_page]);window['gf_submitting_44'] = false;}else if(!is_redirect){var confirmation_content = jQuery(this).contents().find('.GF_AJAX_POSTBACK').html();if(!confirmation_content){confirmation_content = contents;}jQuery('#gform_wrapper_44').replaceWith(confirmation_content);jQuery(document).trigger('gform_confirmation_loaded', [44]);window['gf_submitting_44'] = false;wp.a11y.speak(jQuery('#gform_confirmation_message_44').text());}else{jQuery('#gform_44').append(contents);if(window['gformRedirect']) {gformRedirect();}}jQuery(document).trigger(\"gform_pre_post_render\", [{ formId: \"44\", currentPage: \"current_page\", abort: function() { this.preventDefault(); } }]);                if (event && event.defaultPrevented) {                return;         }        const gformWrapperDiv = document.getElementById( \"gform_wrapper_44\" );        if ( gformWrapperDiv ) {            const visibilitySpan = document.createElement( \"span\" );            visibilitySpan.id = \"gform_visibility_test_44\";            gformWrapperDiv.insertAdjacentElement( \"afterend\", visibilitySpan );        }        const visibilityTestDiv = document.getElementById( \"gform_visibility_test_44\" );        let postRenderFired = false;                function triggerPostRender() {            if ( postRenderFired ) {                return;            }            postRenderFired = true;            gform.core.triggerPostRenderEvents( 44, current_page );            if ( visibilityTestDiv ) {                visibilityTestDiv.parentNode.removeChild( visibilityTestDiv );            }        }        function debounce( func, wait, immediate ) {            var timeout;            return function() {                var context = this, args = arguments;                var later = function() {                    timeout = null;                    if ( !immediate ) func.apply( context, args );                };                var callNow = immediate && !timeout;                clearTimeout( timeout );                timeout = setTimeout( later, wait );                if ( callNow ) func.apply( context, args );            };        }        const debouncedTriggerPostRender = debounce( function() {            triggerPostRender();        }, 200 );        if ( visibilityTestDiv && visibilityTestDiv.offsetParent === null ) {            const observer = new MutationObserver( ( mutations ) => {                mutations.forEach( ( mutation ) => {                    if ( mutation.type === 'attributes' && visibilityTestDiv.offsetParent !== null ) {                        debouncedTriggerPostRender();                        observer.disconnect();                    }                });            });            observer.observe( document.body, {                attributes: true,                childList: false,                subtree: true,                attributeFilter: [ 'style', 'class' ],            });        } else {            triggerPostRender();        }    } );} ); \n\/* ]]> *\/\n<\/script>\n\n","protected":false},"excerpt":{"rendered":"","protected":false},"author":1449,"featured_media":0,"parent":35230,"menu_order":0,"comment_status":"closed","ping_status":"closed","template":"","meta":{"footnotes":""},"coauthors":[],"class_list":["post-35231","page","type-page","status-publish","hentry"],"_links":{"self":[{"href":"https:\/\/cpaq.ufms.br\/en\/wp-json\/wp\/v2\/pages\/35231","targetHints":{"allow":["GET"]}}],"collection":[{"href":"https:\/\/cpaq.ufms.br\/en\/wp-json\/wp\/v2\/pages"}],"about":[{"href":"https:\/\/cpaq.ufms.br\/en\/wp-json\/wp\/v2\/types\/page"}],"author":[{"embeddable":true,"href":"https:\/\/cpaq.ufms.br\/en\/wp-json\/wp\/v2\/users\/1449"}],"replies":[{"embeddable":true,"href":"https:\/\/cpaq.ufms.br\/en\/wp-json\/wp\/v2\/comments?post=35231"}],"version-history":[{"count":1,"href":"https:\/\/cpaq.ufms.br\/en\/wp-json\/wp\/v2\/pages\/35231\/revisions"}],"predecessor-version":[{"id":35235,"href":"https:\/\/cpaq.ufms.br\/en\/wp-json\/wp\/v2\/pages\/35231\/revisions\/35235"}],"up":[{"embeddable":true,"href":"https:\/\/cpaq.ufms.br\/en\/wp-json\/wp\/v2\/pages\/35230"}],"wp:attachment":[{"href":"https:\/\/cpaq.ufms.br\/en\/wp-json\/wp\/v2\/media?parent=35231"}],"wp:term":[{"taxonomy":"author","embeddable":true,"href":"https:\/\/cpaq.ufms.br\/en\/wp-json\/wp\/v2\/coauthors?post=35231"}],"curies":[{"name":"wp","href":"https:\/\/api.w.org\/{rel}","templated":true}]}}