{"id":35225,"date":"2024-11-11T13:16:49","date_gmt":"2024-11-11T17:16:49","guid":{"rendered":"https:\/\/cpaq.ufms.br\/?page_id=35225"},"modified":"2024-11-11T13:28:47","modified_gmt":"2024-11-11T17:28:47","slug":"agendamentos-de-laboratorios-centro-cultural","status":"publish","type":"page","link":"https:\/\/cpaq.ufms.br\/en\/00-novos\/agendamento-laboratorios-centro-cultural\/agendamentos-de-laboratorios-centro-cultural\/","title":{"rendered":"Agendamentos de Laborat\u00f3rios &#8211; Centro Cultural"},"content":{"rendered":"<p>Para ver esse formul\u00e1rio voc\u00ea precisa fazer o login na barra do lado direito com o seu <b>pasaporte UFMS<\/b>.<\/br>\r\nSe voc\u00ea ainda n\u00e3o possui o passaporte clique no link:\r\n<a href=\"https:\/\/passaporte.ufms.br\"><\/a><\/p>\n","protected":false},"excerpt":{"rendered":"","protected":false},"author":1449,"featured_media":0,"parent":35214,"menu_order":0,"comment_status":"closed","ping_status":"closed","template":"page-templates\/page-coordenadorias.php","meta":{"footnotes":""},"coauthors":[],"class_list":["post-35225","page","type-page","status-publish","hentry"],"_links":{"self":[{"href":"https:\/\/cpaq.ufms.br\/en\/wp-json\/wp\/v2\/pages\/35225","targetHints":{"allow":["GET"]}}],"collection":[{"href":"https:\/\/cpaq.ufms.br\/en\/wp-json\/wp\/v2\/pages"}],"about":[{"href":"https:\/\/cpaq.ufms.br\/en\/wp-json\/wp\/v2\/types\/page"}],"author":[{"embeddable":true,"href":"https:\/\/cpaq.ufms.br\/en\/wp-json\/wp\/v2\/users\/1449"}],"replies":[{"embeddable":true,"href":"https:\/\/cpaq.ufms.br\/en\/wp-json\/wp\/v2\/comments?post=35225"}],"version-history":[{"count":2,"href":"https:\/\/cpaq.ufms.br\/en\/wp-json\/wp\/v2\/pages\/35225\/revisions"}],"predecessor-version":[{"id":35228,"href":"https:\/\/cpaq.ufms.br\/en\/wp-json\/wp\/v2\/pages\/35225\/revisions\/35228"}],"up":[{"embeddable":true,"href":"https:\/\/cpaq.ufms.br\/en\/wp-json\/wp\/v2\/pages\/35214"}],"wp:attachment":[{"href":"https:\/\/cpaq.ufms.br\/en\/wp-json\/wp\/v2\/media?parent=35225"}],"wp:term":[{"taxonomy":"author","embeddable":true,"href":"https:\/\/cpaq.ufms.br\/en\/wp-json\/wp\/v2\/coauthors?post=35225"}],"curies":[{"name":"wp","href":"https:\/\/api.w.org\/{rel}","templated":true}]}}