{"id":33743,"date":"2024-03-05T13:15:37","date_gmt":"2024-03-05T17:15:37","guid":{"rendered":"https:\/\/cpaq.ufms.br\/?page_id=33743"},"modified":"2024-03-05T13:22:20","modified_gmt":"2024-03-05T17:22:20","slug":"seaac-informacoes-importantes","status":"publish","type":"page","link":"https:\/\/cpaq.ufms.br\/en\/00-novos\/seaac\/seaac-informacoes-importantes\/","title":{"rendered":"SEAAC &#8211; Informa\u00e7\u00f5es Importantes"},"content":{"rendered":"<div class=\"panel panel-info\"><div class=\"panel-heading\">Informa\u00e7\u00f5es Importantes?<\/div><div class=\"panel-body\">\n<div><b>Calend\u00e1rio Acad\u00eamico<\/b><\/div>\n<div><\/div>\n<div>\u00a0 \u00a0\u00c9 o documento oficial da Institui\u00e7\u00e3o que estabelece as atividades e a\u00e7\u00f5es a serem desenvolvidas no decorrer do per\u00edodo letivo.<\/div>\n<div>\u00a0 \u00a0Acesse o calend\u00e1ro:\u00a0<a href=\"https:\/\/prograd.ufms.br\/calendario-academico\/\" target=\"_blank\" rel=\"noopener\" data-saferedirecturl=\"https:\/\/www.google.com\/url?q=https:\/\/prograd.ufms.br\/calendario-academico\/&amp;source=gmail&amp;ust=1709743547015000&amp;usg=AOvVaw3Al78Z3MjmbBKPJR90C9YL\">https:\/\/prograd.ufms.br\/calendario-academico\/<\/a><\/div>\n<div><\/div>\n<div>\u00a0<b>O que \u00e9\u00a0 Passaporte UFMS?<\/b><\/div>\n<div><\/div>\n<div>\u00c9 o sistema que gerencia as contas de usu\u00e1rios para acesso aos computadores e sistemas da Universidade, por meio de um login e senha pessoais. Ele \u00e9 necess\u00e1rio para utiliza\u00e7\u00e3o da rede Wi-Fi e para preencher o requerimento acad\u00eamico on-line. Crie seu e-mail institucional para ter acesso aos recursos oferecidos pela parceria com a Google.<\/div>\n<div><\/div>\n<div><b>\u00a0O que \u00e9 o Siscad?<\/b><\/div>\n<div><\/div>\n<div>\u00a0O Siscad \u00e9 o sistema informatizado de controle, registro, acompanhamento e divulga\u00e7\u00e3o de informa\u00e7\u00f5es acad\u00eamicas. Nele, os estudantes podem acompanhar o \u00edndice de frequ\u00eancia, notas e ter acesso aos Planos de Ensino das disciplinas. \u00c9 recomendado que os estudantes acessem o Siscad no m\u00ednimo uma vez por semana.<\/div>\n<div><\/div>\n<div>VEJA:<\/div>\n<div><\/div>\n<div>SISCAD:\u00a0 \u00a0<a href=\"https:\/\/www.youtube.com\/watch?v=kZsDKfCICU4\" target=\"_blank\" rel=\"noopener\" data-saferedirecturl=\"https:\/\/www.google.com\/url?q=https:\/\/www.youtube.com\/watch?v%3DkZsDKfCICU4&amp;source=gmail&amp;ust=1709743547015000&amp;usg=AOvVaw33uSzh7nYErNMfO1eMMBDA\">https:\/\/www.youtube.com\/watch?v=kZsDKfCICU4<\/a><\/div>\n<div><\/div>\n<div>\u00a0\u00a0<b>O que \u00e9 o RGA?<\/b><\/div>\n<div><\/div>\n<div>\u00a0O Registro Geral Acad\u00eamico (RGA) \u00e9 o c\u00f3digo de identifica\u00e7\u00e3o que os alunos recebem ao realizar a matr\u00edcula.<\/div>\n<div><\/div>\n<div>\u00a0<b>\u00a0Matr\u00edcula e Renova\u00e7\u00e3o da Matr\u00edcula s\u00e3o feitas on-line!<\/b><\/div>\n<div><\/div>\n<div>\u00a0A matr\u00edcula estabelece o v\u00ednculo acad\u00eamico de um estudante com um curso de gradua\u00e7\u00e3o. A primeira matr\u00edcula e a renova\u00e7\u00e3o (a partir do segundo semestre) s\u00e3o realizadas de forma on-line no SISCAD.<\/div>\n<div><\/div>\n<div>\u00a0Todo estudante de gradua\u00e7\u00e3o deve fazer a renova\u00e7\u00e3o da matr\u00edcula! A renova\u00e7\u00e3o da matr\u00edcula \u00e9 realizada todo semestre por meio do Sistema Acad\u00eamico \u2013 Siscad \u2013\u00a0<a href=\"http:\/\/siscad.ufms.br\/\" target=\"_blank\" rel=\"noopener\" data-saferedirecturl=\"https:\/\/www.google.com\/url?q=http:\/\/siscad.ufms.br&amp;source=gmail&amp;ust=1709743547015000&amp;usg=AOvVaw0S14bdC0Lyn2KxgG-EFszz\">siscad.ufms.br<\/a>\u00a0e a a\u00e7\u00e3o \u00e9 feita em quatro etapas:<\/div>\n<div>1. Sele\u00e7\u00e3o de disciplinas online, pelo estudante;<\/div>\n<div>2. Verifica\u00e7\u00e3o de matr\u00edculas, pela Coordena\u00e7\u00e3o de Curso: verifica\u00e7\u00e3o e ajustes das pend\u00eancias da etapa de sele\u00e7\u00e3o de disciplinas online;<\/div>\n<div>3. Ajustes de matr\u00edcula, pelo estudante: realiza\u00e7\u00e3o de eventuais adequa\u00e7\u00f5es, ap\u00f3s os ajustes feitos pela Coordena\u00e7\u00e3o de Curso;<\/div>\n<div>4. Valida\u00e7\u00e3o de matr\u00edculas, pela Secretaria Acad\u00eamica: registro no Siscad da confirma\u00e7\u00e3o, ajustes e adequa\u00e7\u00e3o de todas as matr\u00edculas.<\/div>\n<div><\/div>\n<div><b>Guarda Religiosa em Cursos de Gradua\u00e7\u00e3o da UFMS.\u00a0 \u00a0<\/b><\/div>\n<div><\/div>\n<div>H\u00e1 a possibilidade da\u00a0 compensa\u00e7\u00e3o das atividades acad\u00eamicas realizadas em dia de guarda religiosa nos Cursos de Gradua\u00e7\u00e3o no \u00e2mbito da UFMS.<\/div>\n<div>\u00a0Estudante de gradua\u00e7\u00e3o regularmente matriculado em Curso de Gradua\u00e7\u00e3o na UFMS \u00e9 assegurado, no exerc\u00edcio da liberdade de consci\u00eancia e de cren\u00e7a, o direito de solicitar a Guarda Religiosa, ou seja, a compensa\u00e7\u00e3o das avidades acad\u00eamicas realizadas em dia coincidente com o per\u00edodo de guarda religiosa.<\/div>\n<div>* veja a instru\u00e7\u00e3o normativa e orienta\u00e7\u00f5es para solicita\u00e7\u00e3o:\u00a0<a href=\"https:\/\/boletimoficial.ufms.br\/bse\/publicacao?id=372482\" target=\"_blank\" rel=\"noopener\" data-saferedirecturl=\"https:\/\/www.google.com\/url?q=https:\/\/boletimoficial.ufms.br\/bse\/publicacao?id%3D372482&amp;source=gmail&amp;ust=1709743547015000&amp;usg=AOvVaw3Zu6PQpau90L5eQgPRUzbt\">https:\/\/boletimoficial.ufms.br\/bse\/publicacao?id=372482<\/a><\/div>\n<div><\/div>\n<div><b>\u00a0Regime Especial<\/b><\/div>\n<div><\/div>\n<div>\u00a0H\u00e1 a possibilidade de realizar suas atividades acad\u00eamicas no espa\u00e7o domiciliar, hospitalar ou mesmo escolar, por um motivo justific\u00e1vel. Para estudantes de gradua\u00e7\u00e3o e p\u00f3s-gradua\u00e7\u00e3o temos novidades:<\/div>\n<div>\u00a0Regime Especial para adotantes, pais, al\u00e9m do aumento de prazo para gestantes. Assim, para solicitar o regime especial, \u00e9 preciso estar em uma das seguintes situa\u00e7\u00f5es:<\/div>\n<div>\u2022 Apresentar doen\u00e7a, infec\u00e7\u00e3o, traumatismo ou outra condi\u00e7\u00e3o de sa\u00fade que incapacite a frequ\u00eancia \u00e0s aulas por mais de sete dias e no m\u00e1ximo sessenta dias consecutivos.<\/div>\n<div>\u2022 Ser gestante, a partir do oitavo m\u00eas de gesta\u00e7\u00e3o, ou a partir do parto, com dura\u00e7\u00e3o de at\u00e9 cento e oitenta dias, exceto em caso de gravidez de risco comprovada por atestado m\u00e9dico, que poder\u00e1 ter maior prazo. Tamb\u00e9m poder\u00e1 solicitar o Regime Especial a m\u00e3e adotante.<\/div>\n<div>\u2022 Ser pai, a partir do primeiro dia \u00fatil ap\u00f3s o nascimento da crian\u00e7a, por at\u00e9 vinte dias.<\/div>\n<div>* veja a instru\u00e7\u00e3o normativa e orienta\u00e7\u00f5es para solicita\u00e7\u00e3o:\u00a0<a href=\"https:\/\/boletimoficial.ufms.br\/bse\/publicacao?id=451127\" target=\"_blank\" rel=\"noopener\" data-saferedirecturl=\"https:\/\/www.google.com\/url?q=https:\/\/boletimoficial.ufms.br\/bse\/publicacao?id%3D451127&amp;source=gmail&amp;ust=1709743547015000&amp;usg=AOvVaw1QD9ZKoROHSTqgDcOgsst4\">https:\/\/boletimoficial.ufms.br\/bse\/publicacao?id=451127<\/a><\/div>\n<div><\/div>\n<div>\u00a0<b>\u00a0O estudante pode pedir revis\u00e3o das suas avalia\u00e7\u00f5es?<\/b><\/div>\n<div><\/div>\n<div>\u00a0O estudante ter\u00e1 direito \u00e0 revis\u00e3o de suas avalia\u00e7\u00f5es, no prazo de dez dias corridos ap\u00f3s a divulga\u00e7\u00e3o das notas no Siscad, dirigido ao professor em primeira inst\u00e2ncia, por meio de requerimento pr\u00f3prio. Na gradua\u00e7\u00e3o O estudante que obtiver M\u00e9dia de Aproveitamento (MA) igual ou superior a 6,0 (seis v\u00edrgula zero) ser\u00e1 considerado aprovado por nota.<\/div>\n<div><\/div>\n<div>\u00a0<b>Se o estudante discordar da corre\u00e7\u00e3o de suas avalia\u00e7\u00f5es, como proceder?\u00a0<\/b><\/div>\n<div><\/div>\n<div>O estudante poder\u00e1 requerer a revis\u00e3o de suas avalia\u00e7\u00f5es, no prazo de dez dias corridos ap\u00f3s a divulga\u00e7\u00e3o das notas no Siscad, dirigido ao professor em primeira inst\u00e2ncia.<\/div>\n<div><\/div>\n<div>\u00a0\u00a0<b>COMO SER APROVADO NA DISCIPLINA DO CURSO ?<\/b><\/div>\n<div>\u00a0 O estudante que obtiver M\u00e9dia de Aproveitamento (MA) igual ou superior a 6,0 (seis v\u00edrgula zero) ser\u00e1 considerado aprovado por nota.<\/div>\n<div><\/div>\n<div>\u00a0<b>Frequ\u00eancia<\/b><\/div>\n<div>\u00a0O estudante que n\u00e3o alcan\u00e7ar, no m\u00ednimo, setenta e cinco por cento (75%) de frequ\u00eancia nas aulas de uma disciplina e\/ou participa\u00e7\u00e3o nas atividades pedag\u00f3gicas previstas no Plano de Ensino, ser\u00e1 reprovado por faltas. Em casos espec\u00edficos, poder\u00e1 ser concedida a possibilidade de compensa\u00e7\u00e3o das aulas, s\u00e3o eles:<\/div>\n<div>\u00a0\u2022 Convoca\u00e7\u00e3o pelo Poder Judici\u00e1rio;<\/div>\n<div>\u2022 Participa\u00e7\u00e3o nas reuni\u00f5es dos \u00d3rg\u00e3os Colegiados da UFMS, na condi\u00e7\u00e3o de membro;<\/div>\n<div>\u00a0\u2022 Participa\u00e7\u00e3o em atividades esportivas, art\u00edsticas e culturais oficiais, representando a UFMS;<\/div>\n<div>\u00a0\u2022 Participa\u00e7\u00e3o como apresentador de trabalhos em eventos t\u00e9cnico-cient\u00edficos, representando a UFMS; e\/ou<\/div>\n<div>\u2022 Ingressar no Curso de Gradua\u00e7\u00e3o at\u00e9 quarenta e cinco dias corridos ap\u00f3s o in\u00edcio do per\u00edodo letivo.<\/div>\n<div><\/div>\n<div>\u00a0<b>Se o estudante perceber que houve erro no lan\u00e7amento da sua frequ\u00eancia o que ele pode fazer?\u00a0\u00a0<\/b><\/div>\n<div><b>\u00a0<\/b><\/div>\n<div>\u00a0O estudante tem direito ao pedido de revis\u00e3o da frequ\u00eancia no prazo de at\u00e9 dez dias corridos ap\u00f3s a divulga\u00e7\u00e3o no Siscad. O pedido deve ser dirigido ao professor da disciplina em primeira inst\u00e2ncia e deve especificar quais as aulas em que foram atribu\u00eddas aus\u00eancias e a presen\u00e7a na atividade ou aula.\u00a0 \u00a0<span style=\"color: #888888\"><b><br \/>\n<\/b><\/span><\/div>\n<p style=\"text-align: justify\"><\/div><\/div>\n","protected":false},"excerpt":{"rendered":"","protected":false},"author":1449,"featured_media":0,"parent":29641,"menu_order":0,"comment_status":"closed","ping_status":"closed","template":"","meta":{"footnotes":""},"coauthors":[],"class_list":["post-33743","page","type-page","status-publish","hentry"],"_links":{"self":[{"href":"https:\/\/cpaq.ufms.br\/en\/wp-json\/wp\/v2\/pages\/33743","targetHints":{"allow":["GET"]}}],"collection":[{"href":"https:\/\/cpaq.ufms.br\/en\/wp-json\/wp\/v2\/pages"}],"about":[{"href":"https:\/\/cpaq.ufms.br\/en\/wp-json\/wp\/v2\/types\/page"}],"author":[{"embeddable":true,"href":"https:\/\/cpaq.ufms.br\/en\/wp-json\/wp\/v2\/users\/1449"}],"replies":[{"embeddable":true,"href":"https:\/\/cpaq.ufms.br\/en\/wp-json\/wp\/v2\/comments?post=33743"}],"version-history":[{"count":2,"href":"https:\/\/cpaq.ufms.br\/en\/wp-json\/wp\/v2\/pages\/33743\/revisions"}],"predecessor-version":[{"id":33746,"href":"https:\/\/cpaq.ufms.br\/en\/wp-json\/wp\/v2\/pages\/33743\/revisions\/33746"}],"up":[{"embeddable":true,"href":"https:\/\/cpaq.ufms.br\/en\/wp-json\/wp\/v2\/pages\/29641"}],"wp:attachment":[{"href":"https:\/\/cpaq.ufms.br\/en\/wp-json\/wp\/v2\/media?parent=33743"}],"wp:term":[{"taxonomy":"author","embeddable":true,"href":"https:\/\/cpaq.ufms.br\/en\/wp-json\/wp\/v2\/coauthors?post=33743"}],"curies":[{"name":"wp","href":"https:\/\/api.w.org\/{rel}","templated":true}]}}