{"id":33578,"date":"2023-11-28T15:07:18","date_gmt":"2023-11-28T19:07:18","guid":{"rendered":"https:\/\/cpaq.ufms.br\/?page_id=33578"},"modified":"2023-11-28T15:09:38","modified_gmt":"2023-11-28T19:09:38","slug":"pedagogia-indigena-publicacoes","status":"publish","type":"page","link":"https:\/\/cpaq.ufms.br\/en\/pedagogia-indigena\/pedagogia-indigena-publicacoes\/","title":{"rendered":"Pedagogia Ind\u00edgena &#8211; Publica\u00e7\u00f5es"},"content":{"rendered":"<div class=\"panel panel-info\"><div class=\"panel-heading\">Revista do Curso<\/div><div class=\"panel-body\">\n<p data-uw-styling-context=\"true\">LINK para a revista XXXXXXXXXXXXXX<\/p>\n<\/div><\/div>\n<div class=\"panel panel-info\"><div class=\"panel-heading\">TCC Apresentados<\/div><div class=\"panel-body\">\n<div class=\"panel-group\" id=\"custom-collapse-0\">\n<div class=\"panel panel-default\">\n\t\t\t\t<div class=\"panel-heading\">\n\t\t\t\t\t<h4 class=\"panel-title\">\n\t\t\t\t\t\t<a class=\"collapsed\" data-toggle=\"collapse\" data-parent=\"#custom-collapse-0\" href=\"#custom-collapse-0-0\">Ano de Apresenta\u00e7\u00e3o 2022<\/a>\n\t\t\t\t\t<\/h4>\n\t\t\t\t<\/div>\n\t\t\t\t<div id=\"custom-collapse-0-0\" class=\"panel-collapse collapse\">\n\t\t\t\t\t<div class=\"panel-body\">\n<p data-uw-styling-context=\"true\">DISCENTE:<\/p>\n<p data-uw-styling-context=\"true\">ORIENTADOR(A): Nome do Orientador<\/p>\n<p data-uw-styling-context=\"true\">T\u00cdTULO DO TRABALHO:<strong data-uw-styling-context=\"true\"> (Nome do trabalho apresentado pelo Discente) <\/strong><span style=\"color: #ff6600\">O nome do trabalho \u00e9 o link para o acesso no reposit\u00f3rio<\/span><\/p>\n<\/div>\n\t\t\t\t<\/div>\n\t\t\t<\/div>\n<div class=\"panel panel-default\">\n\t\t\t\t<div class=\"panel-heading\">\n\t\t\t\t\t<h4 class=\"panel-title\">\n\t\t\t\t\t\t<a class=\"collapsed\" data-toggle=\"collapse\" data-parent=\"#custom-collapse-0\" href=\"#custom-collapse-0-1\">Ano de Apresenta\u00e7\u00e3o 2021<\/a>\n\t\t\t\t\t<\/h4>\n\t\t\t\t<\/div>\n\t\t\t\t<div id=\"custom-collapse-0-1\" class=\"panel-collapse collapse\">\n\t\t\t\t\t<div class=\"panel-body\">\n<p data-uw-styling-context=\"true\">DISCENTE:<\/p>\n<p data-uw-styling-context=\"true\">ORIENTADOR(A): Nome do Orientador<\/p>\n<p data-uw-styling-context=\"true\">T\u00cdTULO DO TRABALHO:<strong data-uw-styling-context=\"true\"> (Nome do trabalho apresentado pelo Discente) <\/strong><span style=\"color: #ff6600\">O nome do trabalho \u00e9 o link para o acesso no reposit\u00f3rio<\/span><\/p>\n<\/div>\n\t\t\t\t<\/div>\n\t\t\t<\/div>\n<div class=\"panel panel-default\">\n\t\t\t\t<div class=\"panel-heading\">\n\t\t\t\t\t<h4 class=\"panel-title\">\n\t\t\t\t\t\t<a class=\"collapsed\" data-toggle=\"collapse\" data-parent=\"#custom-collapse-0\" href=\"#custom-collapse-0-2\">Ano de Apresenta\u00e7\u00e3o 2020<\/a>\n\t\t\t\t\t<\/h4>\n\t\t\t\t<\/div>\n\t\t\t\t<div id=\"custom-collapse-0-2\" class=\"panel-collapse collapse\">\n\t\t\t\t\t<div class=\"panel-body\">\n<p data-uw-styling-context=\"true\">DISCENTE:<\/p>\n<p data-uw-styling-context=\"true\">ORIENTADOR(A): Nome do Orientador<\/p>\n<p data-uw-styling-context=\"true\">T\u00cdTULO DO TRABALHO:<strong data-uw-styling-context=\"true\"> (Nome do trabalho apresentado pelo Discente) <\/strong><span style=\"color: #ff6600\">O nome do trabalho \u00e9 o link para o acesso no reposit\u00f3rio<\/span><\/p>\n<\/div>\n\t\t\t\t<\/div>\n\t\t\t<\/div>\n<div class=\"panel panel-default\">\n\t\t\t\t<div class=\"panel-heading\">\n\t\t\t\t\t<h4 class=\"panel-title\">\n\t\t\t\t\t\t<a class=\"collapsed\" data-toggle=\"collapse\" data-parent=\"#custom-collapse-0\" href=\"#custom-collapse-0-3\">Ano de Apresenta\u00e7\u00e3o 2019<\/a>\n\t\t\t\t\t<\/h4>\n\t\t\t\t<\/div>\n\t\t\t\t<div id=\"custom-collapse-0-3\" class=\"panel-collapse collapse\">\n\t\t\t\t\t<div class=\"panel-body\">\n<p data-uw-styling-context=\"true\">DISCENTE:<\/p>\n<p data-uw-styling-context=\"true\">ORIENTADOR(A): Nome do Orientador<\/p>\n<p data-uw-styling-context=\"true\">T\u00cdTULO DO TRABALHO:<strong data-uw-styling-context=\"true\"> (Nome do trabalho apresentado pelo Discente) <\/strong><span style=\"color: #ff6600\">O nome do trabalho \u00e9 o link para o acesso no reposit\u00f3rio<\/span><\/p>\n<\/div>\n\t\t\t\t<\/div>\n\t\t\t<\/div>\n<\/div>\n<\/div><\/div>\n<div class=\"panel panel-info\"><div class=\"panel-heading\">Artigos e Publica\u00e7\u00f5es do Curso<\/div><div class=\"panel-body\">\n<div class=\"panel-group\" id=\"custom-collapse-1\">\n<div class=\"panel panel-default\">\n\t\t\t\t<div class=\"panel-heading\">\n\t\t\t\t\t<h4 class=\"panel-title\">\n\t\t\t\t\t\t<a class=\"collapsed\" data-toggle=\"collapse\" data-parent=\"#custom-collapse-1\" href=\"#custom-collapse-1-4\">Ano de Publica\u00e7\u00e3o 2022<\/a>\n\t\t\t\t\t<\/h4>\n\t\t\t\t<\/div>\n\t\t\t\t<div id=\"custom-collapse-1-4\" class=\"panel-collapse collapse\">\n\t\t\t\t\t<div class=\"panel-body\">\n<p data-uw-styling-context=\"true\">AUTORES:<\/p>\n<p data-uw-styling-context=\"true\">T\u00cdTULO DO TRABALHO:<strong data-uw-styling-context=\"true\"> (Nome do trabalho apresentado pelo Discente) <\/strong><span style=\"color: #ff6600\">O nome do trabalho \u00e9 o link para o acesso no reposit\u00f3rio<\/span><\/p>\n<p data-uw-styling-context=\"true\">Local de Publica\u00e7\u00e3o:<\/p>\n<\/div>\n\t\t\t\t<\/div>\n\t\t\t<\/div>\n<div class=\"panel panel-default\">\n\t\t\t\t<div class=\"panel-heading\">\n\t\t\t\t\t<h4 class=\"panel-title\">\n\t\t\t\t\t\t<a class=\"collapsed\" data-toggle=\"collapse\" data-parent=\"#custom-collapse-1\" href=\"#custom-collapse-1-5\">Ano de Publica\u00e7\u00e3o 2021<\/a>\n\t\t\t\t\t<\/h4>\n\t\t\t\t<\/div>\n\t\t\t\t<div id=\"custom-collapse-1-5\" class=\"panel-collapse collapse\">\n\t\t\t\t\t<div class=\"panel-body\">\n<p data-uw-styling-context=\"true\">AUTORES:<\/p>\n<p data-uw-styling-context=\"true\">T\u00cdTULO DO TRABALHO:<strong data-uw-styling-context=\"true\"> (Nome do trabalho apresentado pelo Discente) <\/strong><span style=\"color: #ff6600\">O nome do trabalho \u00e9 o link para o acesso no reposit\u00f3rio<\/span><\/p>\n<p data-uw-styling-context=\"true\">Local de Publica\u00e7\u00e3o:<\/p>\n<\/div>\n\t\t\t\t<\/div>\n\t\t\t<\/div>\n<\/div>\n<\/div><\/div>\n<p data-uw-styling-context=\"true\">\n","protected":false},"excerpt":{"rendered":"","protected":false},"author":1449,"featured_media":0,"parent":33565,"menu_order":0,"comment_status":"closed","ping_status":"closed","template":"page-templates\/page-coordenadorias.php","meta":{"footnotes":""},"coauthors":[],"class_list":["post-33578","page","type-page","status-publish","hentry"],"_links":{"self":[{"href":"https:\/\/cpaq.ufms.br\/en\/wp-json\/wp\/v2\/pages\/33578","targetHints":{"allow":["GET"]}}],"collection":[{"href":"https:\/\/cpaq.ufms.br\/en\/wp-json\/wp\/v2\/pages"}],"about":[{"href":"https:\/\/cpaq.ufms.br\/en\/wp-json\/wp\/v2\/types\/page"}],"author":[{"embeddable":true,"href":"https:\/\/cpaq.ufms.br\/en\/wp-json\/wp\/v2\/users\/1449"}],"replies":[{"embeddable":true,"href":"https:\/\/cpaq.ufms.br\/en\/wp-json\/wp\/v2\/comments?post=33578"}],"version-history":[{"count":2,"href":"https:\/\/cpaq.ufms.br\/en\/wp-json\/wp\/v2\/pages\/33578\/revisions"}],"predecessor-version":[{"id":33580,"href":"https:\/\/cpaq.ufms.br\/en\/wp-json\/wp\/v2\/pages\/33578\/revisions\/33580"}],"up":[{"embeddable":true,"href":"https:\/\/cpaq.ufms.br\/en\/wp-json\/wp\/v2\/pages\/33565"}],"wp:attachment":[{"href":"https:\/\/cpaq.ufms.br\/en\/wp-json\/wp\/v2\/media?parent=33578"}],"wp:term":[{"taxonomy":"author","embeddable":true,"href":"https:\/\/cpaq.ufms.br\/en\/wp-json\/wp\/v2\/coauthors?post=33578"}],"curies":[{"name":"wp","href":"https:\/\/api.w.org\/{rel}","templated":true}]}}