{"id":33576,"date":"2023-11-28T15:00:33","date_gmt":"2023-11-28T19:00:33","guid":{"rendered":"https:\/\/cpaq.ufms.br\/?page_id=33576"},"modified":"2023-11-28T15:00:33","modified_gmt":"2023-11-28T19:00:33","slug":"pedagogia-indigena-projetos-e-orientacoes","status":"publish","type":"page","link":"https:\/\/cpaq.ufms.br\/en\/pedagogia-indigena\/pedagogia-indigena-projetos-e-orientacoes\/","title":{"rendered":"Pedagogia Ind\u00edgena &#8211; Projetos e Orienta\u00e7\u00f5es"},"content":{"rendered":"<div class=\"panel panel-info\"><div class=\"panel-heading\">Projetos<\/div><div class=\"panel-body\">\n<div class=\"alert alert-info\"> Projetos de Ensino desenvolvidos por docentes do curso.<\/div>\n<table class=\"table table-hover table-striped table-sm\" style=\"height: 72px;width: 100%\">\n<tbody>\n<tr style=\"height: 24px\">\n<td style=\"width: 8.66964%;text-align: center;height: 24px\"><strong>Tipo<\/strong><\/td>\n<td style=\"width: 34.6404%;text-align: center;height: 24px\"><strong>Titulo<\/strong><\/td>\n<td style=\"width: 16.69%;text-align: center;height: 24px\"><strong>Docente Coordenador<\/strong><\/td>\n<td style=\"width: 20%;text-align: center;height: 24px\"><strong>Inicio\u00a0<\/strong><\/td>\n<td style=\"width: 20%;text-align: center;height: 24px\"><strong>Fim<\/strong><\/td>\n<\/tr>\n<tr style=\"height: 24px\">\n<td style=\"width: 8.66964%;height: 24px\">Ensino<\/td>\n<td style=\"width: 34.6404%;height: 24px\"><\/td>\n<td style=\"width: 16.69%;height: 24px\"><\/td>\n<td style=\"width: 20%;height: 24px;text-align: center\">01\/05\/2022<\/td>\n<td style=\"width: 20%;height: 24px;text-align: center\">06\/04\/2025<\/td>\n<\/tr>\n<tr style=\"height: 24px\">\n<td style=\"width: 8.66964%;height: 24px\">Ensino<\/td>\n<td style=\"width: 34.6404%;height: 24px\"><\/td>\n<td style=\"width: 16.69%;height: 24px\"><\/td>\n<td style=\"width: 20%;height: 24px;text-align: center\">02\/06\/2021<\/td>\n<td style=\"width: 20%;height: 24px;text-align: center\">04\/08\/2023<\/td>\n<\/tr>\n<\/tbody>\n<\/table>\n<\/div><\/div>\n<div class=\"panel panel-info\"><div class=\"panel-heading\">Orienta\u00e7\u00f5es<\/div><div class=\"panel-body\">\n<div class=\"alert alert-info\">Orienta\u00e7\u00f5es de acad\u00eamicos da gradua\u00e7\u00e3o<\/div>\n<table class=\"table table-hover table-striped table-sm\" style=\"width: 100%\">\n<tbody>\n<tr>\n<td style=\"width: 21.8756%;text-align: center\"><strong>Orientador<\/strong><\/td>\n<td style=\"width: 24.8674%;text-align: center\"><strong>Orientado<\/strong><\/td>\n<td style=\"width: 53.2569%;text-align: center\"><strong>Titulo do Trabalho<\/strong><\/td>\n<\/tr>\n<tr>\n<td style=\"width: 21.8756%\"><\/td>\n<td style=\"width: 24.8674%\"><\/td>\n<td style=\"width: 53.2569%\"><\/td>\n<\/tr>\n<tr>\n<td style=\"width: 21.8756%\"><\/td>\n<td style=\"width: 24.8674%\"><\/td>\n<td style=\"width: 53.2569%\"><\/td>\n<\/tr>\n<\/tbody>\n<\/table>\n<div class=\"alert alert-info\">Orienta\u00e7\u00f5es de P\u00f3s-gradua\u00e7\u00e3o<\/div>\n<table class=\"table table-hover table-striped table-sm\" style=\"width: 100%;height: 72px\">\n<tbody>\n<tr style=\"height: 24px\">\n<td style=\"width: 19.5204%;height: 24px;text-align: center\"><strong>Orientador<\/strong><\/td>\n<td style=\"width: 14.7889%;height: 24px;text-align: center\"><strong>Orientado<\/strong><\/td>\n<td style=\"width: 12.4337%;height: 24px;text-align: center\"><strong>N\u00edvel<\/strong><\/td>\n<td style=\"width: 53.2569%;height: 24px;text-align: center\"><strong>Titulo do Trabalho<\/strong><\/td>\n<\/tr>\n<tr style=\"height: 24px\">\n<td style=\"width: 19.5204%;height: 24px\"><\/td>\n<td style=\"width: 14.7889%;height: 24px\"><\/td>\n<td style=\"width: 12.4337%;height: 24px;text-align: center\"><\/td>\n<td style=\"width: 53.2569%;height: 24px\"><\/td>\n<\/tr>\n<tr style=\"height: 24px\">\n<td style=\"width: 19.5204%;height: 24px\"><\/td>\n<td style=\"width: 14.7889%;height: 24px\"><\/td>\n<td style=\"width: 12.4337%;height: 24px;text-align: center\"><\/td>\n<td style=\"width: 53.2569%;height: 24px\"><\/td>\n<\/tr>\n<\/tbody>\n<\/table>\n<\/div><\/div>\n","protected":false},"excerpt":{"rendered":"","protected":false},"author":1449,"featured_media":0,"parent":33565,"menu_order":0,"comment_status":"closed","ping_status":"closed","template":"page-templates\/page-coordenadorias.php","meta":{"footnotes":""},"coauthors":[],"class_list":["post-33576","page","type-page","status-publish","hentry"],"_links":{"self":[{"href":"https:\/\/cpaq.ufms.br\/en\/wp-json\/wp\/v2\/pages\/33576","targetHints":{"allow":["GET"]}}],"collection":[{"href":"https:\/\/cpaq.ufms.br\/en\/wp-json\/wp\/v2\/pages"}],"about":[{"href":"https:\/\/cpaq.ufms.br\/en\/wp-json\/wp\/v2\/types\/page"}],"author":[{"embeddable":true,"href":"https:\/\/cpaq.ufms.br\/en\/wp-json\/wp\/v2\/users\/1449"}],"replies":[{"embeddable":true,"href":"https:\/\/cpaq.ufms.br\/en\/wp-json\/wp\/v2\/comments?post=33576"}],"version-history":[{"count":1,"href":"https:\/\/cpaq.ufms.br\/en\/wp-json\/wp\/v2\/pages\/33576\/revisions"}],"predecessor-version":[{"id":33577,"href":"https:\/\/cpaq.ufms.br\/en\/wp-json\/wp\/v2\/pages\/33576\/revisions\/33577"}],"up":[{"embeddable":true,"href":"https:\/\/cpaq.ufms.br\/en\/wp-json\/wp\/v2\/pages\/33565"}],"wp:attachment":[{"href":"https:\/\/cpaq.ufms.br\/en\/wp-json\/wp\/v2\/media?parent=33576"}],"wp:term":[{"taxonomy":"author","embeddable":true,"href":"https:\/\/cpaq.ufms.br\/en\/wp-json\/wp\/v2\/coauthors?post=33576"}],"curies":[{"name":"wp","href":"https:\/\/api.w.org\/{rel}","templated":true}]}}