{"id":33539,"date":"2023-11-28T10:07:59","date_gmt":"2023-11-28T14:07:59","guid":{"rendered":"https:\/\/cpaq.ufms.br\/?page_id=33539"},"modified":"2023-11-28T10:07:59","modified_gmt":"2023-11-28T14:07:59","slug":"licenciatura-indigena-historico-do-curso","status":"publish","type":"page","link":"https:\/\/cpaq.ufms.br\/en\/licenciatura-indigena\/licenciatura-indigena-historico-do-curso\/","title":{"rendered":"Licenciatura Ind\u00edgena &#8211; Hist\u00f3rico do Curso"},"content":{"rendered":"<h2 data-uw-styling-context=\"true\">HIST\u00d3RICO<\/h2>\n<address data-uw-styling-context=\"true\">\u00a0<\/address>\n<h2 data-uw-styling-context=\"true\">OBJETIVOS<\/h2>\n<address data-uw-styling-context=\"true\">\u00a0<\/address>\n<h2 data-uw-styling-context=\"true\">CARACTER\u00cdSTICAS GERAIS:<\/h2>\n<address data-uw-styling-context=\"true\">\n<ul>\n<li>Modalidade do curso (tipo de curso): Licenciatura<\/li>\n<li>T\u00edtulo acad\u00eamico conferido: licenciado em<\/li>\n<li>Modalidade de ensino: presencial<\/li>\n<li>Regime de matr\u00edcula: matr\u00edcula semestral por disciplinas.<\/li>\n<li>Tempo de dura\u00e7\u00e3o; UFMS: m\u00ednimo 8 semestres, m\u00e1ximo 12 semestres<\/li>\n<li>Carga hor\u00e1ria3.201 horas-aula<\/li>\n<li>N\u00famero de vagas: 40 (quarenta)<\/li>\n<li>N\u00famero de turmas: \u00a001<\/li>\n<li>Turno de funcionamento: \u00a0vespertino e s\u00e1bado manh\u00e3 e tarde<\/li>\n<li>Local de funcionamento: Campus de Aquidauana\/CPAQ<\/li>\n<li>Forma de ingresso: o\u00a0ingresso ocorre mediante Sistema Unificado de Sele\u00e7\u00e3o (SISU) baseado no desempenho no Exame Nacional do Ensino M\u00e9dio (ENEM); movimenta\u00e7\u00e3o interna, transfer\u00eancias de outras IES e portadores de diploma de curso de gradua\u00e7\u00e3o em n\u00edvel superior, na exist\u00eancia de vaga; e transfer\u00eancia compuls\u00f3ria.<\/li>\n<\/ul>\n<\/address>\n<h2 data-uw-styling-context=\"true\"><strong data-uw-styling-context=\"true\">PROFISS\u00c3O:<\/strong><\/h2>\n<p data-uw-styling-context=\"true\"><strong data-uw-styling-context=\"true\">ATIVIDADES INERENTES:<\/strong><\/p>\n<p data-uw-styling-context=\"true\"><strong data-uw-styling-context=\"true\">\u00c1REAS DE ATUA\u00c7\u00c3O E EXERC\u00cdCIO PROFISSIONAL:<\/strong><\/p>\n<p data-uw-styling-context=\"true\"><strong data-uw-styling-context=\"true\">FORMA\u00c7\u00c3O:<\/strong><\/p>\n<p data-uw-styling-context=\"true\">\n","protected":false},"excerpt":{"rendered":"<p>HIST\u00d3RICO \u00a0 OBJETIVOS \u00a0 CARACTER\u00cdSTICAS GERAIS: Modalidade do curso (tipo de curso): Licenciatura T\u00edtulo acad\u00eamico conferido: licenciado em Modalidade de ensino: presencial Regime de matr\u00edcula: matr\u00edcula semestral por disciplinas. Tempo de dura\u00e7\u00e3o; UFMS: m\u00ednimo 8 semestres, m\u00e1ximo 12 semestres Carga hor\u00e1ria3.201 horas-aula N\u00famero de vagas: 40 (quarenta) N\u00famero de turmas: \u00a001 Turno de funcionamento: \u00a0vespertino [&hellip;]<\/p>\n","protected":false},"author":1449,"featured_media":0,"parent":2559,"menu_order":0,"comment_status":"closed","ping_status":"closed","template":"page-templates\/page-coordenadorias.php","meta":{"footnotes":""},"coauthors":[],"class_list":["post-33539","page","type-page","status-publish","hentry"],"_links":{"self":[{"href":"https:\/\/cpaq.ufms.br\/en\/wp-json\/wp\/v2\/pages\/33539","targetHints":{"allow":["GET"]}}],"collection":[{"href":"https:\/\/cpaq.ufms.br\/en\/wp-json\/wp\/v2\/pages"}],"about":[{"href":"https:\/\/cpaq.ufms.br\/en\/wp-json\/wp\/v2\/types\/page"}],"author":[{"embeddable":true,"href":"https:\/\/cpaq.ufms.br\/en\/wp-json\/wp\/v2\/users\/1449"}],"replies":[{"embeddable":true,"href":"https:\/\/cpaq.ufms.br\/en\/wp-json\/wp\/v2\/comments?post=33539"}],"version-history":[{"count":1,"href":"https:\/\/cpaq.ufms.br\/en\/wp-json\/wp\/v2\/pages\/33539\/revisions"}],"predecessor-version":[{"id":33540,"href":"https:\/\/cpaq.ufms.br\/en\/wp-json\/wp\/v2\/pages\/33539\/revisions\/33540"}],"up":[{"embeddable":true,"href":"https:\/\/cpaq.ufms.br\/en\/wp-json\/wp\/v2\/pages\/2559"}],"wp:attachment":[{"href":"https:\/\/cpaq.ufms.br\/en\/wp-json\/wp\/v2\/media?parent=33539"}],"wp:term":[{"taxonomy":"author","embeddable":true,"href":"https:\/\/cpaq.ufms.br\/en\/wp-json\/wp\/v2\/coauthors?post=33539"}],"curies":[{"name":"wp","href":"https:\/\/api.w.org\/{rel}","templated":true}]}}