{"id":33528,"date":"2023-11-28T09:57:14","date_gmt":"2023-11-28T13:57:14","guid":{"rendered":"https:\/\/cpaq.ufms.br\/?page_id=33528"},"modified":"2024-09-20T10:15:08","modified_gmt":"2024-09-20T14:15:08","slug":"licenciatura-indigena-documentos-curso","status":"publish","type":"page","link":"https:\/\/cpaq.ufms.br\/en\/licenciatura-indigena\/licenciatura-indigena-documentos-curso\/","title":{"rendered":"Licenciatura Ind\u00edgena &#8211; Documentos Curso"},"content":{"rendered":"<div class=\"panel panel-info\"><div class=\"panel-heading\">Documentos<\/div><div class=\"panel-body\">\n<p data-uw-styling-context=\"true\"><a href=\"https:\/\/drive.google.com\/file\/d\/1bECpKIXcadc0ZzRvnJtGLwjpuPf_3otA\/view?usp=sharing\">PROJETO PEDAG\u00d3GICO CURSO DE LICENCIATURA IND\u00cdGENA 2021<\/a><\/p>\n<p data-uw-styling-context=\"true\">MANUAL DE ELABORA\u00c7\u00c3O DE TCC E DISSERTA\u00c7\u00d5ES<\/p>\n<p data-uw-styling-context=\"true\">Aprova\u00e7\u00e3o do Novo Curr\u00edculo: <a href=\"https:\/\/drive.google.com\/file\/d\/19nW5xo_jWdcs93iXsxLg14l9m4oS1jBg\/view?usp=sharing\">Clique aqui<\/a> (Atualizado em 09\/08\/2021)<\/p>\n<\/div><\/div>\n<div class=\"panel panel-info\"><div class=\"panel-heading\">Est\u00e1gio<\/div><div class=\"panel-body\">\n<p data-uw-styling-context=\"true\">Regulamento de Est\u00e1gio Obrigat\u00f3rio: <a href=\"https:\/\/drive.google.com\/file\/d\/1l7Frkj1XNSKVgfNv6CuiL3alJ4H8piBP\/view?usp=sharing\">Clique aqui<\/a> (Atualizado em 09\/08\/2021)<\/p>\n<p>Manual do Portal do TERMO DE COMPROMISSO:\u00a0<a href=\"https:\/\/drive.google.com\/file\/d\/1DhEgm0UO9Ur3H_N5-4uDQMSX1W36L5VD\/view?usp=sharing\">clique aqui<\/a><\/p>\n<p>Termo de compromisso de est\u00e1gio\u00a0<a href=\"https:\/\/estagio.ufms.br\/termo\/\">(Preenchimento online aqui)<\/a><\/p>\n<\/div><\/div>\n<div class=\"panel panel-info\"><div class=\"panel-heading\">Formul\u00e1rios<\/div><div class=\"panel-body\">\n<p>&nbsp;<\/p>\n<\/div><\/div>\n<div class=\"panel panel-info\"><div class=\"panel-heading\">Regulamentos<\/div><div class=\"panel-body\">\n<p data-uw-styling-context=\"true\">Regulamento de TCC (Trabalho de Conclus\u00e3o de Curso): <a href=\"https:\/\/drive.google.com\/file\/d\/1E98ciPz-HM_FDcM0Ef5ZMHyNgKRqcSpS\/view?usp=sharing\">Clique aqui<\/a> (Atualizado em 09\/08\/2021)<\/p>\n<p data-uw-styling-context=\"true\">REGULAMENTO DE EST\u00c1GIO N\u00c3O OBRIGAT\u00d3RIO DO CURSO<\/p>\n<p data-uw-styling-context=\"true\">Regulamento de Atividades Complementares: <a href=\"https:\/\/drive.google.com\/file\/d\/1TAlrFJeLXgDR-mxRujKB8BststbE7XEp\/view?usp=sharing\">Clique aqui<\/a> (Atualizado em 09\/08\/2021)<\/p>\n<\/div><\/div>\n<p data-uw-styling-context=\"true\">\n","protected":false},"excerpt":{"rendered":"","protected":false},"author":1449,"featured_media":0,"parent":2559,"menu_order":0,"comment_status":"closed","ping_status":"closed","template":"page-templates\/page-coordenadorias.php","meta":{"footnotes":""},"coauthors":[],"class_list":["post-33528","page","type-page","status-publish","hentry"],"_links":{"self":[{"href":"https:\/\/cpaq.ufms.br\/en\/wp-json\/wp\/v2\/pages\/33528","targetHints":{"allow":["GET"]}}],"collection":[{"href":"https:\/\/cpaq.ufms.br\/en\/wp-json\/wp\/v2\/pages"}],"about":[{"href":"https:\/\/cpaq.ufms.br\/en\/wp-json\/wp\/v2\/types\/page"}],"author":[{"embeddable":true,"href":"https:\/\/cpaq.ufms.br\/en\/wp-json\/wp\/v2\/users\/1449"}],"replies":[{"embeddable":true,"href":"https:\/\/cpaq.ufms.br\/en\/wp-json\/wp\/v2\/comments?post=33528"}],"version-history":[{"count":4,"href":"https:\/\/cpaq.ufms.br\/en\/wp-json\/wp\/v2\/pages\/33528\/revisions"}],"predecessor-version":[{"id":34917,"href":"https:\/\/cpaq.ufms.br\/en\/wp-json\/wp\/v2\/pages\/33528\/revisions\/34917"}],"up":[{"embeddable":true,"href":"https:\/\/cpaq.ufms.br\/en\/wp-json\/wp\/v2\/pages\/2559"}],"wp:attachment":[{"href":"https:\/\/cpaq.ufms.br\/en\/wp-json\/wp\/v2\/media?parent=33528"}],"wp:term":[{"taxonomy":"author","embeddable":true,"href":"https:\/\/cpaq.ufms.br\/en\/wp-json\/wp\/v2\/coauthors?post=33528"}],"curies":[{"name":"wp","href":"https:\/\/api.w.org\/{rel}","templated":true}]}}