{"id":33477,"date":"2023-11-23T16:10:51","date_gmt":"2023-11-23T20:10:51","guid":{"rendered":"https:\/\/cpaq.ufms.br\/?page_id=33477"},"modified":"2023-12-05T09:19:22","modified_gmt":"2023-12-05T13:19:22","slug":"administracao-laboratorios-do-curso","status":"publish","type":"page","link":"https:\/\/cpaq.ufms.br\/en\/administracao\/administracao-laboratorios-do-curso\/","title":{"rendered":"Administra\u00e7\u00e3o &#8211; Laborat\u00f3rios do Curso"},"content":{"rendered":"<div class=\"panel panel-info\"><div class=\"panel-heading\">Laborat\u00f3rios do Curso de Administra\u00e7\u00e3o<\/div><div class=\"panel-body\">\n<div class=\"alert alert-info\"> Laborat\u00f3rio de Pr\u00e1ticas de Gest\u00e3o &#8211; LAPRAGES <\/div>\n<p><a href=\"https:\/\/cpaq.ufms.br\/files\/2023\/12\/LAPRAGES.jpg\"><img fetchpriority=\"high\" decoding=\"async\" class=\"aligncenter wp-image-33624\" src=\"https:\/\/cpaq.ufms.br\/files\/2023\/12\/LAPRAGES-225x300.jpg\" alt=\"\" width=\"375\" height=\"500\" srcset=\"https:\/\/cpaq.ufms.br\/files\/2023\/12\/LAPRAGES-225x300.jpg 225w, https:\/\/cpaq.ufms.br\/files\/2023\/12\/LAPRAGES-768x1024.jpg 768w, https:\/\/cpaq.ufms.br\/files\/2023\/12\/LAPRAGES-1152x1536.jpg 1152w, https:\/\/cpaq.ufms.br\/files\/2023\/12\/LAPRAGES-240x320.jpg 240w, https:\/\/cpaq.ufms.br\/files\/2023\/12\/LAPRAGES.jpg 1200w\" sizes=\"(max-width: 375px) 100vw, 375px\" \/><\/a><\/p>\n<p>\u00c9 um espa\u00e7o para a participa\u00e7\u00e3o dos alunos do curso de administra\u00e7\u00e3o do CPAQ em projetos de ensino, pesquisa e extens\u00e3o e demais atividades desenvolvidas no Curso sob a orienta\u00e7\u00e3o dos docentes.<\/p>\n<p>Respons\u00e1vel T\u00e9cnico: Prof\u00aa Daniela Althoff Philippi<\/p>\n<hr \/>\n<div class=\"alert alert-info\"> Laborat\u00f3rio de <\/div>\n<p>Foto<\/p>\n<p>Texto<\/p>\n<p>Respons\u00e1vel T\u00e9cnico: Nome<\/p>\n<p>T\u00e9cnico de laborat\u00f3rio: Nome<\/p>\n<p>Telefone: ()<\/p>\n<\/div><\/div>\n","protected":false},"excerpt":{"rendered":"","protected":false},"author":1449,"featured_media":0,"parent":31115,"menu_order":0,"comment_status":"closed","ping_status":"closed","template":"page-templates\/page-coordenadorias.php","meta":{"footnotes":""},"coauthors":[],"class_list":["post-33477","page","type-page","status-publish","hentry"],"_links":{"self":[{"href":"https:\/\/cpaq.ufms.br\/en\/wp-json\/wp\/v2\/pages\/33477","targetHints":{"allow":["GET"]}}],"collection":[{"href":"https:\/\/cpaq.ufms.br\/en\/wp-json\/wp\/v2\/pages"}],"about":[{"href":"https:\/\/cpaq.ufms.br\/en\/wp-json\/wp\/v2\/types\/page"}],"author":[{"embeddable":true,"href":"https:\/\/cpaq.ufms.br\/en\/wp-json\/wp\/v2\/users\/1449"}],"replies":[{"embeddable":true,"href":"https:\/\/cpaq.ufms.br\/en\/wp-json\/wp\/v2\/comments?post=33477"}],"version-history":[{"count":3,"href":"https:\/\/cpaq.ufms.br\/en\/wp-json\/wp\/v2\/pages\/33477\/revisions"}],"predecessor-version":[{"id":33625,"href":"https:\/\/cpaq.ufms.br\/en\/wp-json\/wp\/v2\/pages\/33477\/revisions\/33625"}],"up":[{"embeddable":true,"href":"https:\/\/cpaq.ufms.br\/en\/wp-json\/wp\/v2\/pages\/31115"}],"wp:attachment":[{"href":"https:\/\/cpaq.ufms.br\/en\/wp-json\/wp\/v2\/media?parent=33477"}],"wp:term":[{"taxonomy":"author","embeddable":true,"href":"https:\/\/cpaq.ufms.br\/en\/wp-json\/wp\/v2\/coauthors?post=33477"}],"curies":[{"name":"wp","href":"https:\/\/api.w.org\/{rel}","templated":true}]}}