{"id":33474,"date":"2023-11-23T16:03:26","date_gmt":"2023-11-23T20:03:26","guid":{"rendered":"https:\/\/cpaq.ufms.br\/?page_id=33474"},"modified":"2025-02-27T10:14:33","modified_gmt":"2025-02-27T14:14:33","slug":"geografia-laboratorios-do-curso","status":"publish","type":"page","link":"https:\/\/cpaq.ufms.br\/en\/geografia\/geografia-laboratorios-do-curso\/","title":{"rendered":"Geografia &#8211; Laborat\u00f3rios do Curso"},"content":{"rendered":"<div class=\"panel panel-info\"><div class=\"panel-heading\">Laborat\u00f3rios do Curso de Geografia<\/div><div class=\"panel-body\">\n<div class=\"alert alert-info\"> \u00a0Laborat\u00f3rio de Geoprocessamento \u00a0<\/div>\n<p><a href=\"https:\/\/cpaq.ufms.br\/files\/2023\/11\/Geoprocessamento.png\"><img fetchpriority=\"high\" decoding=\"async\" class=\"aligncenter wp-image-33510\" src=\"https:\/\/cpaq.ufms.br\/files\/2023\/11\/Geoprocessamento-300x227.png\" alt=\"\" width=\"500\" height=\"379\" srcset=\"https:\/\/cpaq.ufms.br\/files\/2023\/11\/Geoprocessamento-300x227.png 300w, https:\/\/cpaq.ufms.br\/files\/2023\/11\/Geoprocessamento-423x320.png 423w, https:\/\/cpaq.ufms.br\/files\/2023\/11\/Geoprocessamento.png 696w\" sizes=\"(max-width: 500px) 100vw, 500px\" \/><\/a><\/p>\n<p style=\"text-align: justify\">Laborat\u00f3rio de Geoprocessamento funciona durante toda a semana nos per\u00edodos matutino, vespertino e noturno, atendendo \u00e0s atividades de ensino, pesquisa e extens\u00e3o para a comunidade acad\u00eamica. Equipado com 19 computadores e diversos softwares espec\u00edficos, sendo: Arcgis Pro e pacote Microsoft Office (Licen\u00e7a UFMS), Softwares livres Qgis, Spring, Inkscape, R e Rstudio, Terraview. A manuten\u00e7\u00e3o limita-se \u00e0 limpeza do espa\u00e7o e ajustes necess\u00e1rios nos computadores.<\/p>\n<p>Respons\u00e1vel T\u00e9cnico:<strong> Prof. Dr. Emerson Figueiredo Leite<\/strong><\/p>\n<p>T\u00e9cnico de laborat\u00f3rio: <strong>Dr. Elias Rodrigues da Cunha<\/strong><\/p>\n<p>Telefone: (67) 3241-0451, ramal 2451<\/p>\n<hr \/>\n<div class=\"alert alert-info\"> \u00a0Laborat\u00f3rio de Pr\u00e1tica de Ensino de Geografia <\/div>\n<p style=\"text-align: center\"><a href=\"https:\/\/cpaq.ufms.br\/files\/2023\/11\/Laboratorio-Pratica-de-Ensino-scaled.jpg\"><img decoding=\"async\" class=\"alignnone wp-image-33513\" src=\"https:\/\/cpaq.ufms.br\/files\/2023\/11\/Laboratorio-Pratica-de-Ensino-300x225.jpg\" alt=\"\" width=\"500\" height=\"375\" srcset=\"https:\/\/cpaq.ufms.br\/files\/2023\/11\/Laboratorio-Pratica-de-Ensino-300x225.jpg 300w, https:\/\/cpaq.ufms.br\/files\/2023\/11\/Laboratorio-Pratica-de-Ensino-1024x768.jpg 1024w, https:\/\/cpaq.ufms.br\/files\/2023\/11\/Laboratorio-Pratica-de-Ensino-768x576.jpg 768w, https:\/\/cpaq.ufms.br\/files\/2023\/11\/Laboratorio-Pratica-de-Ensino-1536x1152.jpg 1536w, https:\/\/cpaq.ufms.br\/files\/2023\/11\/Laboratorio-Pratica-de-Ensino-2048x1536.jpg 2048w, https:\/\/cpaq.ufms.br\/files\/2023\/11\/Laboratorio-Pratica-de-Ensino-427x320.jpg 427w\" sizes=\"(max-width: 500px) 100vw, 500px\" \/><\/a><\/p>\n<div>\n<p style=\"text-align: justify\"><span style=\"font-weight: 400\">O Laborat\u00f3rio de Pr\u00e1tica de Ensino de Geografia funciona de segunda a sexta-feira das 9h \u00e0s 11h e das 13h \u00e0s 23h. Atualmente, o laborat\u00f3rio possui tr\u00eas computadores, data show, monitor de TV, al\u00e9m de cole\u00e7\u00f5es did\u00e1ticas de Geografia da educa\u00e7\u00e3o b\u00e1sica. O laborat\u00f3rio fica disponibilizado para estudos de acad\u00eamicos(as) dos cursos de Geografia (gradua\u00e7\u00e3o e p\u00f3s-gradua\u00e7\u00e3o. O laborat\u00f3rio \u00e9 utilizado para ministrar aulas das disciplinas de Pr\u00e1tica de Ensino de Geografia que, na grade curricular do curso de licenciatura, s\u00e3o ministradas em diferentes semestres. O laborat\u00f3rio possui tr\u00eas computadores (sem softwares espec\u00edficos; um monitor de TV; um telesc\u00f3pio; um data show. O laborat\u00f3rio possui mesas e cadeiras dispostas em &#8220;U&#8221;, o que incentiva os futuros professores a pensarem diferentes formas de disposi\u00e7\u00e3o dos alunos em sala de aula.<\/span><\/p>\n<\/div>\n<p>Respons\u00e1vel T\u00e9cnico: <span style=\"font-weight: 400\">M\u00e1rcia Ajala Almeida<\/span><\/p>\n<hr \/>\n<div class=\"alert alert-info\"> Laborat\u00f3rio de Geologia, Geomorfologia e Geodin\u00e2mica do Pantanal<\/div>\n<p><a href=\"https:\/\/cpaq.ufms.br\/files\/2023\/11\/Laboratorio-de-Geologia.png\"><img decoding=\"async\" class=\"aligncenter wp-image-33587\" src=\"https:\/\/cpaq.ufms.br\/files\/2023\/11\/Laboratorio-de-Geologia-300x181.png\" alt=\"\" width=\"500\" height=\"302\" srcset=\"https:\/\/cpaq.ufms.br\/files\/2023\/11\/Laboratorio-de-Geologia-300x181.png 300w, https:\/\/cpaq.ufms.br\/files\/2023\/11\/Laboratorio-de-Geologia.png 473w\" sizes=\"(max-width: 500px) 100vw, 500px\" \/><\/a><\/p>\n<p style=\"text-align: justify\">O Laborat\u00f3rio de Geologia, Geomorfologia e Geodin\u00e2mica do Pantanal \u00e9 um espa\u00e7o destinado ao desenvolvimento de atividades de pesquisa, ensino e extens\u00e3o do Curso de Geografia do Campus de Aquidauana. O Laborat\u00f3rio possui um acervo bibliogr\u00e1fico, o qual \u00e9 constitu\u00eddo por peri\u00f3dicos de geologia e geomorfologia. Possui tamb\u00e9m, um acervo de amostras de minerais, rochas e f\u00f3sseis.<\/p>\n<p>Respons\u00e1vel T\u00e9cnico:<strong> Prof\u00aa.<\/strong> <strong>Elis\u00e2ngela Martins de Carvalho<\/strong><\/p>\n<hr \/>\n<div class=\"alert alert-info\"> Laborat\u00f3rio de Estudos da Paisagem e Percep\u00e7\u00e3o Ambiental &#8211; LEPPA<\/div>\n<p><a href=\"https:\/\/cpaq.ufms.br\/files\/2023\/11\/Foto-laboratorio-paisagem.jpeg\"><img loading=\"lazy\" decoding=\"async\" class=\"aligncenter wp-image-33589\" src=\"https:\/\/cpaq.ufms.br\/files\/2023\/11\/Foto-laboratorio-paisagem-300x225.jpeg\" alt=\"\" width=\"500\" height=\"375\" srcset=\"https:\/\/cpaq.ufms.br\/files\/2023\/11\/Foto-laboratorio-paisagem-300x225.jpeg 300w, https:\/\/cpaq.ufms.br\/files\/2023\/11\/Foto-laboratorio-paisagem-1024x768.jpeg 1024w, https:\/\/cpaq.ufms.br\/files\/2023\/11\/Foto-laboratorio-paisagem-768x576.jpeg 768w, https:\/\/cpaq.ufms.br\/files\/2023\/11\/Foto-laboratorio-paisagem-427x320.jpeg 427w, https:\/\/cpaq.ufms.br\/files\/2023\/11\/Foto-laboratorio-paisagem.jpeg 1280w\" sizes=\"(max-width: 500px) 100vw, 500px\" \/><\/a><\/p>\n<p style=\"text-align: justify\">O\u00a0<b>Laborat\u00f3rio de Estudos da Paisagem e Percep\u00e7\u00e3o Ambiental &#8211; \u00a0LEPPA,<\/b>\u00a0foi criado pela Resolu\u00e7\u00e3o n\u00ba 51, de 4 de mar\u00e7o de 2020, coordenado pela Profa. Dra. Lucy Ribeiro Ayach. O objetivo do laborat\u00f3rio \u00e9 desenvolver projetos de pesquisa e extens\u00e3o com enfoque nos estudos regionais sobre a Paisagem do Cerrado e Pantanal e percep\u00e7\u00e3o ambiental. Abriga projetos que fazem parte do grupo de pesquisa GEPLAN \u2013 Planejamento e Gest\u00e3o Ambiental e GESPEGEO \u2013 Estudos de Sa\u00fade, Popula\u00e7\u00e3o e Ensino de Geografia, que congrega docentes e discentes da gradua\u00e7\u00e3o, inicia\u00e7\u00e3o cient\u00edfica e mestrandos, dos cursos de gradua\u00e7\u00e3o em geografia e do Programa de P\u00f3s-Gradua\u00e7\u00e3o &#8211; Mestrado em Geografia do Campus de Aquidauana \u2013 UFMS\/CPAQ, linha de Pesquisa: Din\u00e2mica Natural e An\u00e1lise Socioambiental nos dom\u00ednios Cerrado e Pantanal.<\/p>\n<p>Respons\u00e1vel T\u00e9cnico: <strong> Prof\u00aa. <\/strong><strong>Lucy Ribeiro Ayach<\/strong><\/p>\n<hr \/>\n<p>&nbsp;<\/p>\n<div class=\"alert alert-info\"> Laborat\u00f3rio de Cartografia e Topografia <\/div>\n<p><a href=\"https:\/\/cpaq.ufms.br\/files\/2025\/02\/Laboratorio-de-Cartografia-e-Topografia.jpg\"><img loading=\"lazy\" decoding=\"async\" class=\"aligncenter wp-image-36515\" src=\"https:\/\/cpaq.ufms.br\/files\/2025\/02\/Laboratorio-de-Cartografia-e-Topografia-300x169.jpg\" alt=\"\" width=\"500\" height=\"281\" srcset=\"https:\/\/cpaq.ufms.br\/files\/2025\/02\/Laboratorio-de-Cartografia-e-Topografia-300x169.jpg 300w, https:\/\/cpaq.ufms.br\/files\/2025\/02\/Laboratorio-de-Cartografia-e-Topografia-1024x576.jpg 1024w, https:\/\/cpaq.ufms.br\/files\/2025\/02\/Laboratorio-de-Cartografia-e-Topografia-768x432.jpg 768w, https:\/\/cpaq.ufms.br\/files\/2025\/02\/Laboratorio-de-Cartografia-e-Topografia-569x320.jpg 569w, https:\/\/cpaq.ufms.br\/files\/2025\/02\/Laboratorio-de-Cartografia-e-Topografia.jpg 1280w\" sizes=\"(max-width: 500px) 100vw, 500px\" \/><\/a><\/p>\n<p style=\"text-align: justify\"><span style=\"font-weight: 400\">O Laborat\u00f3rio de Cartografia e Topografia funciona de segunda-feira a sexta-feira das 7:00 \u00e0s 11:00 e 13:00 \u00e0s 17:00 ou conforme a necessidade tamb\u00e9m durante o per\u00edodo noturno quando solicitado.\u00a0<\/span><\/p>\n<p style=\"text-align: justify\"><span style=\"font-weight: 400\">O laborat\u00f3rio possui os seguintes equipamentos:<\/span><\/p>\n<p style=\"text-align: justify\"><span style=\"font-weight: 400\">\u00a0* Estereosc\u00f3pio de mesa e Bolso, * Fotos a\u00e9reas; * N\u00edvel de Precis\u00e3o; * Teodolito eletr\u00f4nico; * R\u00e9gua de Mira; * Acess\u00f3rios topogr\u00e1ficos (Mira de alum\u00ednio, baliza, bip\u00e9, Trip\u00e9); * Mesa prancheta para desenho t\u00e9cnico; * Computadores; * software Qgis; * Caixa de areia 3D (caixa em madeira + estrutura em metal, Kinect e projetor datashow); * sala medindo 7\/10m e um anexo 5,5\/5 m; * cadeiras e duas bancadas; * ar-condicionado tipo janela.<\/span><\/p>\n<p style=\"text-align: justify\"><span style=\"font-weight: 400\">Manuten\u00e7\u00e3o dos equipamentos est\u00e1 em dia, conserva\u00e7\u00e3o boa, limpeza frequente do local.<\/span><\/p>\n<p style=\"text-align: justify\"><span style=\"font-weight: 400\">Respons\u00e1vel t\u00e9cnico Dr. Gustavo da Silva<\/span><\/p>\n<p><span style=\"font-weight: 400\">T\u00e9cnico\/laborat\u00f3rio: Theo dos Reis Alvi\u00e7o<\/span><\/p>\n<hr \/>\n<p>&nbsp;<\/p>\n<div class=\"alert alert-info\"> Laborat\u00f3rio de Hidrologia Ambiental <\/div>\n<p><a href=\"https:\/\/cpaq.ufms.br\/files\/2025\/02\/laboratorio-de-Hidrologia-Ambiental.jpg\"><img loading=\"lazy\" decoding=\"async\" class=\"aligncenter wp-image-36516\" src=\"https:\/\/cpaq.ufms.br\/files\/2025\/02\/laboratorio-de-Hidrologia-Ambiental-300x225.jpg\" alt=\"\" width=\"500\" height=\"375\" srcset=\"https:\/\/cpaq.ufms.br\/files\/2025\/02\/laboratorio-de-Hidrologia-Ambiental-300x225.jpg 300w, https:\/\/cpaq.ufms.br\/files\/2025\/02\/laboratorio-de-Hidrologia-Ambiental-1024x768.jpg 1024w, https:\/\/cpaq.ufms.br\/files\/2025\/02\/laboratorio-de-Hidrologia-Ambiental-768x576.jpg 768w, https:\/\/cpaq.ufms.br\/files\/2025\/02\/laboratorio-de-Hidrologia-Ambiental-1536x1152.jpg 1536w, https:\/\/cpaq.ufms.br\/files\/2025\/02\/laboratorio-de-Hidrologia-Ambiental-427x320.jpg 427w, https:\/\/cpaq.ufms.br\/files\/2025\/02\/laboratorio-de-Hidrologia-Ambiental.jpg 1600w\" sizes=\"(max-width: 500px) 100vw, 500px\" \/><\/a><\/p>\n<p style=\"text-align: justify\"><span style=\"font-weight: 400\">O Laborat\u00f3rio de Hidrologia \u00e9 um espa\u00e7o destinado ao Ensino, Pesquisa e Extens\u00e3o, relacionado ao monitoramento da qualidade de \u00e1gua. O curso de Geografia prepara seus graduandos tanto para a \u00e1rea de doc\u00eancia como para atuar em pesquisas b\u00e1sicas e aplicadas. O curso fornece condi\u00e7\u00f5es b\u00e1sicas para que o futuro profissional tenha condi\u00e7\u00f5es de exercer sua profiss\u00e3o de forma adequada e com qualidade, incentivando o profissional a se manter atualizado em rela\u00e7\u00e3o \u00e0s novas metodologias e recursos que possam subsidi\u00e1-los em sua pr\u00e1tica.\u00a0 Desse modo, o uso do Laborat\u00f3rio de Hidrologia \u00e9 uma ferramenta importante, propiciando o contato do aluno com equipamentos, instrumentos e ferramentas laboratoriais, al\u00e9m dos protocolos de seguran\u00e7a e procedimentos metodol\u00f3gicos utilizados na rotina dos laborat\u00f3rios, que poder\u00e3o contribuir para a forma\u00e7\u00e3o dos alunos.<\/span><\/p>\n<p style=\"text-align: justify\"><span style=\"font-weight: 400\">&#8211; O Laborat\u00f3rio de Hidrologia possui infraestrutura que permite a execu\u00e7\u00e3o de trabalhos de campo e an\u00e1lises laboratoriais. Possui espa\u00e7o amplo, com bancadas e equipamentos, como um espectrofot\u00f4metro UV-Vis, estufa BOD, banho-maria, sonda multipar\u00e2metro, autoclave, agitadores, balan\u00e7a anal\u00edtica, bomba \u00e0 v\u00e1cuo, destilador e deionizador de \u00e1gua, forno mufla, capela de exaust\u00e3o, freezer para armazenamento das amostras coletadas, al\u00e9m de vidraria espec\u00edfica para as an\u00e1lises (separadas do material did\u00e1tico).<\/span><\/p>\n<p style=\"text-align: justify\"><span style=\"font-weight: 400\">A limpeza e a organiza\u00e7\u00e3o do laborat\u00f3rio s\u00e3o essenciais para prevenir acidentes e assegurar o trabalho adequado, e devem ser seguidas rigorosamente pelos usu\u00e1rios.<\/span><\/p>\n<p>Respons\u00e1vel T\u00e9cnico: <span style=\"font-weight: 400\">Prof. Dr. Ricardo Henrique Gentil Pereira<\/span><\/p>\n<p><span style=\"font-weight: 400\">T\u00e9cnico de laborat\u00f3rio: Adriana Barros<\/span><\/p>\n<hr \/>\n<div class=\"alert alert-info\"> Laborat\u00f3rio de Solos e Bot\u00e2nica<\/div>\n<p><a href=\"https:\/\/cpaq.ufms.br\/files\/2025\/02\/Laboratorio-de-Pedologia.png\"><img loading=\"lazy\" decoding=\"async\" class=\"aligncenter wp-image-36557\" src=\"https:\/\/cpaq.ufms.br\/files\/2025\/02\/Laboratorio-de-Pedologia-300x169.png\" alt=\"\" width=\"500\" height=\"281\" srcset=\"https:\/\/cpaq.ufms.br\/files\/2025\/02\/Laboratorio-de-Pedologia-300x169.png 300w, https:\/\/cpaq.ufms.br\/files\/2025\/02\/Laboratorio-de-Pedologia-1024x576.png 1024w, https:\/\/cpaq.ufms.br\/files\/2025\/02\/Laboratorio-de-Pedologia-768x432.png 768w, https:\/\/cpaq.ufms.br\/files\/2025\/02\/Laboratorio-de-Pedologia-1536x864.png 1536w, https:\/\/cpaq.ufms.br\/files\/2025\/02\/Laboratorio-de-Pedologia-569x320.png 569w, https:\/\/cpaq.ufms.br\/files\/2025\/02\/Laboratorio-de-Pedologia.png 1599w\" sizes=\"(max-width: 500px) 100vw, 500px\" \/><\/a><\/p>\n<p style=\"text-align: justify\"><span style=\"font-weight: 400\">O laborat\u00f3rio \u00e9 utilizado para atividades de Ensino, Pesquisa e Extens\u00e3o, atendendo v\u00e1rios cursos do Campus. Funciona nos tr\u00eas per\u00edodos (matutino, vespertino e noturno) mediante agendamento pr\u00e9vio.<\/span><\/p>\n<p style=\"text-align: justify\"><span style=\"font-weight: 400\">O laborat\u00f3rio tem 28m (7&#215;4) com 2 bancadas em alvenaria com banquetas que acomodam 20 acad\u00eamicos e uma bancada na parede com 02 pias e arm\u00e1rios embutidos embaixo\u00a0 para guardar material como corantes, reagentes, bandejas, baldes, papel de filtro, papel kraft, suporte universal, luvas, tesoura de poda de m\u00e3o, entre outros. Possui ainda um ar condicionado, um arm\u00e1rio de a\u00e7o para guardar vidrarias (placas de Petri, becker, bureta, vidro de rel\u00f3gio, pipetas, etc), uma geladeira, um freezer, 02 estufas de secagem, 03 microsc\u00f3pios \u00f3pticos e 03 lupas, 01 agitador com peneiras de v\u00e1rias gramaturas para an\u00e1lise de solo, 01 quadro branco e 01 estante de a\u00e7o para acomodar o material dos acad\u00eamicos.\u00a0<\/span><\/p>\n<p style=\"text-align: justify\"><span style=\"font-weight: 400\">Os alunos podem usufruir dos Laborat\u00f3rios did\u00e1ticos de forma\u00e7\u00e3o b\u00e1sica mediante a reserva antecipada dos espa\u00e7os f\u00edsicos. Essa reserva \u00e9 efetuada por meio do site institucional, permitindo aos usu\u00e1rios ajust\u00e1-la conforme suas necessidades. S\u00e3o considerados os laborat\u00f3rios que atendem uma parte comum do curr\u00edculo da licenciatura e bacharelado na qual todos os estudantes ter\u00e3o acesso para a sua forma\u00e7\u00e3o integral. Dentre eles destacam-se os laborat\u00f3rios: Observat\u00f3rio de Geoeconomia e An\u00e1lise Socioespacial Regional, Cartografia e Topografia, Geologia, Laborat\u00f3rio de Solos e Bot\u00e2nica.<\/span><\/p>\n<p style=\"text-align: justify\"><span style=\"font-weight: 400\">O Observat\u00f3rio de Geoeconomia e An\u00e1lise Socioespacial Regional foi oficializado em 29 de junho de 2022 pela Resolu\u00e7\u00e3o N\u00ba 670-CAS\/CPAQ\/UFMS, tendo como principal motiva\u00e7\u00e3o aproximar pesquisas acad\u00eamicas da sociedade. A \u00e1rea de atua\u00e7\u00e3o do observat\u00f3rio compreende Mato Grosso do Sul, Centro-Oeste, Brasil e mundo. Sua import\u00e2ncia reside na cria\u00e7\u00e3o de um espa\u00e7o anal\u00edtico de refer\u00eancia na regi\u00e3o, fomentando conviv\u00eancia acad\u00eamica, produ\u00e7\u00e3o de conhecimento cient\u00edfico e fornecendo informa\u00e7\u00f5es socioecon\u00f4micas e ambientais para pol\u00edticas de planejamento territorial e desenvolvimento socioecon\u00f4mico. O observat\u00f3rio desenvolver\u00e1 an\u00e1lises e pesquisas abrangendo o local, estadual e regional, tornando-as acess\u00edveis \u00e0 popula\u00e7\u00e3o e aos estudantes. A estrutura do observat\u00f3rio inclui a organiza\u00e7\u00e3o e an\u00e1lise de informa\u00e7\u00f5es de bancos de dados renomados, estudos in\u00e9ditos de \u00e1reas carentes de an\u00e1lises, cria\u00e7\u00e3o de um portal de acompanhamento peri\u00f3dico, banco de dados das \u00e1reas de conhecimento dos cursos envolvidos, apoio a projetos de pesquisa, ensino e extens\u00e3o, e gera\u00e7\u00e3o de est\u00e1gios sem remunera\u00e7\u00e3o. O OBSERVA Geo est\u00e1 localizado atualmente no Campus I, segundo piso.<\/span><\/p>\n<p style=\"text-align: justify\"><span style=\"font-weight: 400\">O Laborat\u00f3rio de Geologia, Geomorfologia e Geodin\u00e2mica do Pantanal, localizado no Campus de Aquidauana, \u00e9 dedicado \u00e0s atividades de pesquisa, ensino e extens\u00e3o do Curso de Geografia. Atendendo aos cursos de Geografia (licenciatura e bacharelado), biologia e mestrado em geografia, o laborat\u00f3rio est\u00e1 dispon\u00edvel para uso de segunda a sexta-feira, nos per\u00edodos matutino, vespertino e noturno, mediante solicita\u00e7\u00e3o. Este laborat\u00f3rio, embora n\u00e3o esteja equipado com instrumentos e softwares, possui um valioso acervo bibliogr\u00e1fico composto por peri\u00f3dicos nas \u00e1reas de geologia e geomorfologia. Al\u00e9m disso, disp\u00f5e de amostras de rochas, minerais e f\u00f3sseis, utilizadas em aulas e pesquisas. A limpeza di\u00e1ria \u00e9 uma pr\u00e1tica constante, e a organiza\u00e7\u00e3o do acervo \u00e9 realizada sempre que necess\u00e1rio para garantir um ambiente prop\u00edcio ao estudo e \u00e0 pesquisa.<\/span><\/p>\n<p style=\"text-align: justify\"><span style=\"font-weight: 400\">O laborat\u00f3rio de Solos e Bot\u00e2nica \u00e9 utilizado para atividades de Ensino, Pesquisa e Extens\u00e3o, servindo a diversos cursos do Campus, e est\u00e1 dispon\u00edvel nos tr\u00eas per\u00edodos (matutino, vespertino e noturno) mediante agendamento pr\u00e9vio. Com uma \u00e1rea de 28m\u00b2 (7&#215;4), o laborat\u00f3rio oferece duas bancadas em alvenaria com banquetas, acomodando at\u00e9 20 acad\u00eamicos. Al\u00e9m disso, conta com uma bancada na parede equipada com duas pias e arm\u00e1rios embutidos para armazenar materiais como corantes, reagentes, bandejas, baldes, papel de filtro, papel kraft, suporte universal, luvas, tesoura de poda de m\u00e3o, entre outros. Entre os equipamentos dispon\u00edveis, destacam-se um ar-condicionado, um arm\u00e1rio de a\u00e7o para vidrarias, geladeira, freezer, duas estufas de secagem, tr\u00eas microsc\u00f3pios \u00f3pticos, tr\u00eas lupas, um agitador com peneiras de v\u00e1rias gramaturas para an\u00e1lise de solo, um quadro branco e uma estante de a\u00e7o para acomodar o material dos acad\u00eamicos. A limpeza \u00e9 realizada diariamente, e a manuten\u00e7\u00e3o dos equipamentos depende da disponibilidade de recursos e pessoas autorizadas para executar o servi\u00e7o. <\/span><\/p>\n<p style=\"text-align: justify\">Respons\u00e1vel T\u00e9cnico: <span style=\"font-weight: 400\">Dra. Eloise Mello Viana de Moraes<\/span><\/p>\n<hr \/>\n<p>&nbsp;<\/p>\n<\/div><\/div>\n","protected":false},"excerpt":{"rendered":"","protected":false},"author":1449,"featured_media":0,"parent":31265,"menu_order":0,"comment_status":"closed","ping_status":"closed","template":"page-templates\/page-coordenadorias.php","meta":{"footnotes":""},"coauthors":[],"class_list":["post-33474","page","type-page","status-publish","hentry"],"_links":{"self":[{"href":"https:\/\/cpaq.ufms.br\/en\/wp-json\/wp\/v2\/pages\/33474","targetHints":{"allow":["GET"]}}],"collection":[{"href":"https:\/\/cpaq.ufms.br\/en\/wp-json\/wp\/v2\/pages"}],"about":[{"href":"https:\/\/cpaq.ufms.br\/en\/wp-json\/wp\/v2\/types\/page"}],"author":[{"embeddable":true,"href":"https:\/\/cpaq.ufms.br\/en\/wp-json\/wp\/v2\/users\/1449"}],"replies":[{"embeddable":true,"href":"https:\/\/cpaq.ufms.br\/en\/wp-json\/wp\/v2\/comments?post=33474"}],"version-history":[{"count":9,"href":"https:\/\/cpaq.ufms.br\/en\/wp-json\/wp\/v2\/pages\/33474\/revisions"}],"predecessor-version":[{"id":36558,"href":"https:\/\/cpaq.ufms.br\/en\/wp-json\/wp\/v2\/pages\/33474\/revisions\/36558"}],"up":[{"embeddable":true,"href":"https:\/\/cpaq.ufms.br\/en\/wp-json\/wp\/v2\/pages\/31265"}],"wp:attachment":[{"href":"https:\/\/cpaq.ufms.br\/en\/wp-json\/wp\/v2\/media?parent=33474"}],"wp:term":[{"taxonomy":"author","embeddable":true,"href":"https:\/\/cpaq.ufms.br\/en\/wp-json\/wp\/v2\/coauthors?post=33474"}],"curies":[{"name":"wp","href":"https:\/\/api.w.org\/{rel}","templated":true}]}}