{"id":33463,"date":"2023-11-23T13:58:50","date_gmt":"2023-11-23T17:58:50","guid":{"rendered":"https:\/\/cpaq.ufms.br\/?page_id=33463"},"modified":"2025-03-05T14:46:10","modified_gmt":"2025-03-05T18:46:10","slug":"ciencias-biologicas-laboratorios-do-curso","status":"publish","type":"page","link":"https:\/\/cpaq.ufms.br\/en\/ciencias-biologicas\/ciencias-biologicas-laboratorios-do-curso\/","title":{"rendered":"Ci\u00eancias Biol\u00f3gicas &#8211; Laborat\u00f3rios do Curso"},"content":{"rendered":"<div class=\"panel panel-info\"><div class=\"panel-heading\">Laborat\u00f3rios do Curso de Ci\u00eancias Biol\u00f3gicas<\/div><div class=\"panel-body\">\n<div class=\"alert alert-info\"> Laborat\u00f3rio de\u00a0HIDROLOGIA AMBIENTAL\u00a0<\/div>\n<p><a href=\"https:\/\/cpaq.ufms.br\/files\/2023\/11\/Hidrologia1.jpeg\"><img fetchpriority=\"high\" decoding=\"async\" class=\"wp-image-33465 aligncenter\" src=\"https:\/\/cpaq.ufms.br\/files\/2023\/11\/Hidrologia1-300x225.jpeg\" alt=\"\" width=\"500\" height=\"375\" srcset=\"https:\/\/cpaq.ufms.br\/files\/2023\/11\/Hidrologia1-300x225.jpeg 300w, https:\/\/cpaq.ufms.br\/files\/2023\/11\/Hidrologia1-768x576.jpeg 768w, https:\/\/cpaq.ufms.br\/files\/2023\/11\/Hidrologia1-427x320.jpeg 427w, https:\/\/cpaq.ufms.br\/files\/2023\/11\/Hidrologia1.jpeg 1000w\" sizes=\"(max-width: 500px) 100vw, 500px\" \/><\/a><\/p>\n<p>O Laborat\u00f3rio de Hidrologia Ambiental do Campus de Aquidauana tem objetivo de atender as demandas de pesquisa, ensino e extens\u00e3o que necessitem de an\u00e1lises de amostras de \u00e1gua, tanto para realiza\u00e7\u00e3o de estudos de ecossistemas aqu\u00e1ticos continentais, como lagos, lagoas, c\u00f3rregos, rios e nascentes e tamb\u00e9m estudos de saneamento ambiental.<\/p>\n<p>O Laborat\u00f3rio possibilita ainda o desenvolvimento de atividades did\u00e1ticas em diversas disciplinas dos cursos de Ci\u00eancias Biol\u00f3gicas, Geografia e Pedagogia, tais como: Limnologia, Bases de Estudos de Qu\u00edmica, Bioqu\u00edmica, Hidrologia e Ensino de Ci\u00eancias: Metodologias e suas Pr\u00e1ticas, entre outras.<\/p>\n<p>Atualmente o Laborat\u00f3rio de Hidrologia Ambiental realiza an\u00e1lises de amostras de \u00e1gua e sedimento, atendendo aos projetos de pesquisa:<\/p>\n<ul>\n<li>Caracteriza\u00e7\u00e3o Ambiental do trecho urbanos do C\u00f3rrego Jo\u00e3o Dias, estudo do sedimento e da comunidade de Macroinvertebrados Bent\u00f4nicos.<\/li>\n<li>Ci\u00eancia Cidad\u00e3 Pantanal: mapeando o impacto dos inc\u00eandios na biodiversidade do Pantanal Sulmatogrossense<\/li>\n<li>Saneamento, qualidade da \u00e1gua e sa\u00fade ambiental nos biomas Cerrado e Pantanal: Uma contribui\u00e7\u00e3o interdisciplinar ao planejamento ambiental e desenvolvimento sustent\u00e1vel no Oeste de Mato Grosso do Sul.<\/li>\n<li>M\u00e9todos integrados para monitorar os impactos na vida aqu\u00e1tica pantaneira nos Rios Aquidauana e Miranda: consequ\u00eancias da expans\u00e3o das atividades urbanas e agropecu\u00e1rias<\/li>\n<\/ul>\n<p>Respons\u00e1vel T\u00e9cnico:<em><strong> Ricardo Henrique Gentil Pereira<\/strong><\/em><\/p>\n<p>T\u00e9cnico de laborat\u00f3rio: <em><strong>Adriana de Barros<\/strong><\/em><\/p>\n<p>Telefone: <em><strong>(67) 3241- 0452 ramal 2452<\/strong><\/em><\/p>\n<hr \/>\n<div class=\"alert alert-info\"> Laborat\u00f3rio de Microscopia <\/div>\n<p><a href=\"https:\/\/cpaq.ufms.br\/files\/2025\/02\/Microscopia.jpg\"><img decoding=\"async\" class=\"aligncenter wp-image-36519\" src=\"https:\/\/cpaq.ufms.br\/files\/2025\/02\/Microscopia-300x169.jpg\" alt=\"\" width=\"500\" height=\"281\" srcset=\"https:\/\/cpaq.ufms.br\/files\/2025\/02\/Microscopia-300x169.jpg 300w, https:\/\/cpaq.ufms.br\/files\/2025\/02\/Microscopia-1024x576.jpg 1024w, https:\/\/cpaq.ufms.br\/files\/2025\/02\/Microscopia-768x432.jpg 768w, https:\/\/cpaq.ufms.br\/files\/2025\/02\/Microscopia-1536x864.jpg 1536w, https:\/\/cpaq.ufms.br\/files\/2025\/02\/Microscopia-569x320.jpg 569w, https:\/\/cpaq.ufms.br\/files\/2025\/02\/Microscopia.jpg 1599w\" sizes=\"(max-width: 500px) 100vw, 500px\" \/><\/a><\/p>\n<p style=\"text-align: justify\">O Laborat\u00f3rio de Microscopia \u00e9 um espa\u00e7o destinado ao Ensino, Pesquisa e Extens\u00e3o. Serve de apoio aos acad\u00eamicos do Campus para o estudo de organismos microbiol\u00f3gicos e prepara\u00e7\u00e3o de l\u00e2minas histol\u00f3gicas. Nas aulas pr\u00e1ticas, al\u00e9m do professor da disciplina, os alunos contam com o aux\u00edlio de monitores e de t\u00e9cnicos especializados. O laborat\u00f3rio disp\u00f5e de uma agenda para programa\u00e7\u00e3o das aulas pr\u00e1ticas e outras atividades: Trabalhos de Conclus\u00e3o de Curso (TCCs), Programa Institucional de Bolsas de inicia\u00e7\u00e3o \u00e0 Doc\u00eancia (PIBID), Programa Institucional de Bolsas de Inicia\u00e7\u00e3o Cient\u00edfica (PIBIC) e est\u00e1gios em Licenciatura no curso de Ci\u00eancias Biol\u00f3gicas. O Laborat\u00f3rio de Microscopia atende as disciplinas do curso de Ci\u00eancias Biol\u00f3gicas (Citologia, Histologia, Embriologia, Gen\u00e9tica, Anatomia vegetal, Microbiologia e Parasitologia), onde os acad\u00eamicos podem desenvolver diversas atividades pr\u00e1ticas nestas disciplinas, al\u00e9m de atender a rede escolar p\u00fablica e privada na cidade de Aquidauana.<\/p>\n<p style=\"text-align: justify\">Al\u00e9m das aulas pr\u00e1ticas, o laborat\u00f3rio de Microscopia visa o atendimento dos projetos de ensino e extens\u00e3o desenvolvidos no Campus. Assim, as a\u00e7\u00f5es de Ensino, Pesquisa e Extens\u00e3o ser\u00e3o exercidas de modo indissoci\u00e1vel, numa metodologia de ensino did\u00e1tico-pedag\u00f3gica de aprender fazendo. S\u00e3o realizadas oficinas, geralmente estendidas \u00e0 comunidade de Aquidauana e regi\u00e3o, projetos junto \u00e0s escolas p\u00fablicas e privadas. Atualmente tem-se desenvolvido projetos de extens\u00e3o voltados ao estudo da citologia e gen\u00e9tica nas escolas, onde alunos das demais redes escolares visitam o laborat\u00f3rio e aprendem a manipular microsc\u00f3pios e observar c\u00e9lulas animais e vegetais, trazendo-lhes uma experi\u00eancia de ensino\/aprendizagem efetiva. O laborat\u00f3rio tamb\u00e9m atende o Programa Institucional de Bolsas de inicia\u00e7\u00e3o \u00e0 Doc\u00eancia (PIBID) com visitas guiadas das redes escolares e fornecendo materiais, equipamentos, insumos e utens\u00edlios para o desenvolvimento do referido projeto. Al\u00e9m de auxiliar Trabalhos de Conclus\u00e3o de Curso (TCCs), est\u00e1gios em Licenciatura no curso de Ci\u00eancias Biol\u00f3gicas e o Programa Institucional de Bolsas de Inicia\u00e7\u00e3o Cient\u00edfica (PIBIC).<\/p>\n<p style=\"text-align: justify\"><span style=\"font-weight: 400\">Respons\u00e1vel T\u00e9cnico:<\/span><b> Prof. Dra. Dirce Ferreira Luz<\/b><\/p>\n<p style=\"text-align: justify\"><span style=\"font-weight: 400\">T\u00e9cnico de laborat\u00f3rio: <\/span><strong>B\u00e1rbara de Castro Ferreira<\/strong><\/p>\n<hr \/>\n<div class=\"alert alert-info\"> Laborat\u00f3rio de Estudos da Biodiversidade <\/div>\n<p style=\"text-align: center\"><a href=\"https:\/\/cpaq.ufms.br\/files\/2023\/11\/Laboratorio-de-Estudos-da-Biodiversidade.png\"><img decoding=\"async\" class=\"alignnone wp-image-33585\" src=\"https:\/\/cpaq.ufms.br\/files\/2023\/11\/Laboratorio-de-Estudos-da-Biodiversidade-300x169.png\" alt=\"\" width=\"500\" height=\"281\" srcset=\"https:\/\/cpaq.ufms.br\/files\/2023\/11\/Laboratorio-de-Estudos-da-Biodiversidade-300x169.png 300w, https:\/\/cpaq.ufms.br\/files\/2023\/11\/Laboratorio-de-Estudos-da-Biodiversidade-570x320.png 570w, https:\/\/cpaq.ufms.br\/files\/2023\/11\/Laboratorio-de-Estudos-da-Biodiversidade.png 582w\" sizes=\"(max-width: 500px) 100vw, 500px\" \/><\/a><\/p>\n<p>O Laborat\u00f3rio de Estudos da Biodiversidade do Campus de Aquidauana tem objetivo de atender as demandas de pesquisa, ensino e extens\u00e3o relacionados aos mais diversos aspectos da Biodiversidade. O Laborat\u00f3rio atende aos seguintes grupos de pesquisa do CNPQ: Ensino de Ci\u00eancias Ambientais (UFMS) e Estudos Integrados em Biodiversidade do Cerrado e Pantanal (UFMS).<\/p>\n<p>Respons\u00e1vel T\u00e9cnico:<em><strong> Tatiane do Nascimento Lima.<\/strong><\/em><\/p>\n<p>T\u00e9cnico de laborat\u00f3rio:<strong> Nara Inacio Luccas Lazaro.<\/strong><\/p>\n<hr \/>\n<p>&nbsp;<\/p>\n<div class=\"alert alert-info\"> Laborat\u00f3rio de Microbiologia<\/div>\n<p><a href=\"https:\/\/cpaq.ufms.br\/files\/2025\/02\/Microbiologia.png\"><img loading=\"lazy\" decoding=\"async\" class=\"aligncenter wp-image-36520\" src=\"https:\/\/cpaq.ufms.br\/files\/2025\/02\/Microbiologia-300x169.png\" alt=\"\" width=\"500\" height=\"281\" srcset=\"https:\/\/cpaq.ufms.br\/files\/2025\/02\/Microbiologia-300x169.png 300w, https:\/\/cpaq.ufms.br\/files\/2025\/02\/Microbiologia-1024x576.png 1024w, https:\/\/cpaq.ufms.br\/files\/2025\/02\/Microbiologia-768x432.png 768w, https:\/\/cpaq.ufms.br\/files\/2025\/02\/Microbiologia-1536x864.png 1536w, https:\/\/cpaq.ufms.br\/files\/2025\/02\/Microbiologia-569x320.png 569w, https:\/\/cpaq.ufms.br\/files\/2025\/02\/Microbiologia.png 1599w\" sizes=\"(max-width: 500px) 100vw, 500px\" \/><\/a><\/p>\n<p style=\"text-align: justify\">O Laborat\u00f3rio de Microbiologia \u00e9 um espa\u00e7o destinado ao Ensino, Pesquisa e Extens\u00e3o. Atua como apoio aos acad\u00eamicos do campus de Aquidauana (CPAQ), para o estudo de microrganismos biol\u00f3gicos, assim tamb\u00e9m para execu\u00e7\u00e3o e compreens\u00e3o de an\u00e1lises f\u00edsico-qu\u00edmicas e biol\u00f3gicas de diversos insumos, como \u00e1gua, leite e derivados l\u00e1cteos. O laborat\u00f3rio disp\u00f5e de uma agenda para programa\u00e7\u00e3o das aulas pr\u00e1ticas e outras atividades auxiliando em Trabalhos de Conclus\u00e3o de Curso (TCCs) e est\u00e1gios em Licenciatura no curso de Ci\u00eancias Biol\u00f3gicas. O Laborat\u00f3rio de Microbiologia atende o campus da UFMS\/CPAQ, al\u00e9m de parcerias com outras institui\u00e7\u00f5es de ensino destinados \u00e0 pesquisa, como a Universidade Estadual de Mato Grosso do sul (UEMS), Universidade Federal da Grande Dourados (UFGD), Embrapa-Pantanal, \u00f3rg\u00e3os municipais como o Centro de Controle de Vetores de Aquidauana, al\u00e9m de atender toda a rede escolar p\u00fablica e privada na cidade de Aquidauana.<\/p>\n<p style=\"text-align: justify\">Al\u00e9m das aulas pr\u00e1ticas, o laborat\u00f3rio de Microbiologia visa o atendimento dos Projetos de Ensino, Pesquisa e Extens\u00e3o, que formam o trip\u00e9 desta Institui\u00e7\u00e3o. Assim, as a\u00e7\u00f5es de Ensino, Pesquisa e Extens\u00e3o ser\u00e3o exercidas de modo indissoci\u00e1vel, numa metodologia de ensino did\u00e1tico-pedag\u00f3gica de aprender fazendo, com contribui\u00e7\u00e3o direta para a forma\u00e7\u00e3o dos acad\u00eamicos envolvidos e para toda a popula\u00e7\u00e3o do Alto Pantanal Sul-Mato-Grossense. Atualmente est\u00e3o sendo desenvolvidos Projetos de Pesquisa voltados para as an\u00e1lises f\u00edsico-qu\u00edmicas e microbiol\u00f3gicas do leite e derivados, em parceria com o Curso de Zootecnia da UEMS; Projetos de extens\u00e3o em parceria com a Prefeitura Municipal de Aquidauana, atrav\u00e9s do Centro de Controle de Vetores e Projetos de Ensino, com visitas guiadas, junto \u00e0 outras institui\u00e7\u00f5es de ensino da rede p\u00fablica e privada do munic\u00edpio. Al\u00e9m disso, o Laborat\u00f3rio atende o Programa Institucional de Bolsas de inicia\u00e7\u00e3o \u00e0 Doc\u00eancia (PIBID), fornecendo materiais, equipamentos, insumos e utens\u00edlios para o desenvolvimento do referido projeto., al\u00e9m de transmiss\u00e3o de conhecimentos.<\/p>\n<p><span style=\"font-weight: 400\">Respons\u00e1vel T\u00e9cnico:<\/span><b> Prof. Dra. Dirce Ferreira Luz<\/b><\/p>\n<p><span style=\"font-weight: 400\">T\u00e9cnico de laborat\u00f3rio: <\/span><b>B\u00e1rbara de Castro Ferreira\u00a0<\/b><\/p>\n<hr \/>\n<div class=\"alert alert-info\"> Laborat\u00f3rio de Biotecnologia <\/div>\n<p><a href=\"https:\/\/cpaq.ufms.br\/files\/2025\/02\/Biotecnologia.jpg\"><img loading=\"lazy\" decoding=\"async\" class=\"aligncenter wp-image-36521\" src=\"https:\/\/cpaq.ufms.br\/files\/2025\/02\/Biotecnologia-300x225.jpg\" alt=\"\" width=\"500\" height=\"375\" srcset=\"https:\/\/cpaq.ufms.br\/files\/2025\/02\/Biotecnologia-300x225.jpg 300w, https:\/\/cpaq.ufms.br\/files\/2025\/02\/Biotecnologia-1024x768.jpg 1024w, https:\/\/cpaq.ufms.br\/files\/2025\/02\/Biotecnologia-768x576.jpg 768w, https:\/\/cpaq.ufms.br\/files\/2025\/02\/Biotecnologia-1536x1152.jpg 1536w, https:\/\/cpaq.ufms.br\/files\/2025\/02\/Biotecnologia-427x320.jpg 427w, https:\/\/cpaq.ufms.br\/files\/2025\/02\/Biotecnologia.jpg 1600w\" sizes=\"(max-width: 500px) 100vw, 500px\" \/><\/a><\/p>\n<p style=\"text-align: justify\"><span style=\"font-weight: 400\">O Laborat\u00f3rio de Biotecnologia est\u00e1 localizado na Sala A24 do Bloco A, no campus CPAQ. O espa\u00e7o conta com mobili\u00e1rio e equipamentos necess\u00e1rios para atender as disciplinas e os projetos de pesquisa e extens\u00e3o que s\u00e3o desenvolvidos pelo curso. Entre os equipamentos dispon\u00edveis est\u00e3o,\u00a0 microsc\u00f3pios binoculares, invertido e trinocular com c\u00e2mera para captura de imagens e televisor para compartilhamento das imagens capturadas.\u00a0 Tamb\u00e9m disp\u00f5e de geladeira, freezer, centr\u00edfuga de microtubos, fonte e cuba de eletroforese, vortex, modelos did\u00e1ticos sint\u00e9ticos, vidrarias e reagentes espec\u00edficos para t\u00e9cnicas de biologia celular e molecular. O laborat\u00f3rio atende \u00e0s disciplinas de Bases de ensino em biologia celular, Bases de ensino em embriologia, Bases de ensino em gen\u00e9tica, Biologia molecular e Biotecnologia (optativa) todas oferecidas pelo curso de Licenciatura em Ci\u00eancias Biol\u00f3gicas.\u00a0 O laborat\u00f3rio\u00a0 tamb\u00e9m oferece suporte a disciplinas de outros cursos, al\u00e9m do desenvolvimento de pesquisas de inicia\u00e7\u00e3o cient\u00edfica, trabalhos de Conclus\u00e3o de Curso (TCCs), projetos de extens\u00e3o e projetos de pesquisa pr\u00f3prios ou em colabora\u00e7\u00e3o com institui\u00e7\u00f5es parceiras.<\/span><\/p>\n<p><span style=\"font-weight: 400\">Respons\u00e1vel T\u00e9cnico:<\/span><b><i> Prof. Dra. Edihanne Gamarra Arguelho<\/i><\/b><\/p>\n<p><span style=\"font-weight: 400\">T\u00e9cnico de laborat\u00f3rio: <\/span><b><i>B\u00e1rbara de Castro Ferreira\u00a0<\/i><\/b><\/p>\n<hr \/>\n<div class=\"alert alert-info\"> Herb\u00e1rio <\/div>\n<p><a href=\"https:\/\/cpaq.ufms.br\/files\/2025\/02\/Herbario.png\"><img loading=\"lazy\" decoding=\"async\" class=\"aligncenter wp-image-36522\" src=\"https:\/\/cpaq.ufms.br\/files\/2025\/02\/Herbario-300x169.png\" alt=\"\" width=\"500\" height=\"281\" srcset=\"https:\/\/cpaq.ufms.br\/files\/2025\/02\/Herbario-300x169.png 300w, https:\/\/cpaq.ufms.br\/files\/2025\/02\/Herbario-1024x576.png 1024w, https:\/\/cpaq.ufms.br\/files\/2025\/02\/Herbario-768x432.png 768w, https:\/\/cpaq.ufms.br\/files\/2025\/02\/Herbario-1536x864.png 1536w, https:\/\/cpaq.ufms.br\/files\/2025\/02\/Herbario-569x320.png 569w, https:\/\/cpaq.ufms.br\/files\/2025\/02\/Herbario.png 1599w\" sizes=\"(max-width: 500px) 100vw, 500px\" \/><\/a><\/p>\n<p style=\"text-align: justify\"><span style=\"font-weight: 400\">O Herb\u00e1rio est\u00e1 localizado no Bloco A, Sala A26, no campus CPAQ, e trabalha em conjunto com unidades pedag\u00f3gicas situadas na \u00e1rea externa do campus, como o viveiro e o ambiente de agroecologia. O espa\u00e7o conta com B.O.D. de germina\u00e7\u00e3o, geladeira e um vasto acervo de exsicatas e material vegetal seco e \u00famido. Como apoio ao\u00a0 Herb\u00e1rio, temos um viveiro que abriga uma diversidade de mudas, e uma \u00e1rea de agroecologia (Espa\u00e7o Agroecol\u00f3gico) que \u00e9 destinada ao cultivo de plantas medicinais e ornamentais, adotando pr\u00e1ticas de permacultura, al\u00e9m de um Jardim Sensorial, que abriga plantas arom\u00e1ticas. O Herb\u00e1rio, o viveiro, o Espa\u00e7o Agroecol\u00f3gico e o Jardim Sensorial atendem disciplinas como Anatomia Vegetal, Morfologia Vegetal, Taxonomia de Cript\u00f3gamas, Fisiologia vegetal e Sistem\u00e1tica de Faner\u00f3gamas, al\u00e9m de apoiar pesquisas e atividades de extens\u00e3o.<\/span><\/p>\n<p><span style=\"font-weight: 400\">Respons\u00e1vel T\u00e9cnico:<\/span><b><i> Prof. Dra. Bruna Gardenal Fina<\/i><\/b><\/p>\n<p><span style=\"font-weight: 400\">T\u00e9cnico de laborat\u00f3rio: <\/span><b><i>Marina Correa<\/i><\/b><\/p>\n<hr \/>\n<div class=\"alert alert-info\"> Laborat\u00f3rio de Solos e Bot\u00e2nica <\/div>\n<p><a href=\"https:\/\/cpaq.ufms.br\/files\/2025\/02\/Solos-e-Botanica.png\"><img loading=\"lazy\" decoding=\"async\" class=\"aligncenter wp-image-36523\" src=\"https:\/\/cpaq.ufms.br\/files\/2025\/02\/Solos-e-Botanica-300x169.png\" alt=\"\" width=\"500\" height=\"281\" srcset=\"https:\/\/cpaq.ufms.br\/files\/2025\/02\/Solos-e-Botanica-300x169.png 300w, https:\/\/cpaq.ufms.br\/files\/2025\/02\/Solos-e-Botanica-1024x576.png 1024w, https:\/\/cpaq.ufms.br\/files\/2025\/02\/Solos-e-Botanica-768x432.png 768w, https:\/\/cpaq.ufms.br\/files\/2025\/02\/Solos-e-Botanica-1536x864.png 1536w, https:\/\/cpaq.ufms.br\/files\/2025\/02\/Solos-e-Botanica-569x320.png 569w, https:\/\/cpaq.ufms.br\/files\/2025\/02\/Solos-e-Botanica.png 1599w\" sizes=\"(max-width: 500px) 100vw, 500px\" \/><\/a><\/p>\n<p style=\"text-align: justify\"><span style=\"font-weight: 400\">O Laborat\u00f3rio de Solos e Bot\u00e2nica, situado na sala A17 do bloco A no campus, presta suporte aos cursos de Licenciatura em Ci\u00eancias Biol\u00f3gicas e Geografia. O laborat\u00f3rio \u00e9 equipado com estufas de secagem, geladeira, freezer, vidrarias e reagentes, e oferece suporte a disciplinas do curso de Ci\u00eancias Biol\u00f3gicas, como Fisiologia Vegetal, Taxonomia de Cript\u00f3gamas, Morfologia Vegetal e Sistem\u00e1tica de Faner\u00f3gamas. Al\u00e9m disso, o laborat\u00f3rio d\u00e1 suporte a projetos de inicia\u00e7\u00e3o cient\u00edfica, trabalhos de conclus\u00e3o de curso (TCCs), atividades de extens\u00e3o e pesquisas acad\u00eamicas.<\/span><\/p>\n<p><span style=\"font-weight: 400\">Respons\u00e1vel T\u00e9cnico:<\/span><b><i> Prof. Dra. Eloise Melo Viana de Moraes<\/i><\/b><\/p>\n<p><span style=\"font-weight: 400\">T\u00e9cnico de laborat\u00f3rio: <\/span><b><i>Adriana de Barros\u00a0<\/i><\/b><\/p>\n<hr \/>\n<div class=\"alert alert-info\"> Laborat\u00f3rio de Zoologia <\/div>\n<p><a href=\"https:\/\/cpaq.ufms.br\/files\/2025\/02\/Zoologia.png\"><img loading=\"lazy\" decoding=\"async\" class=\"aligncenter wp-image-36524\" src=\"https:\/\/cpaq.ufms.br\/files\/2025\/02\/Zoologia-300x169.png\" alt=\"\" width=\"500\" height=\"281\" srcset=\"https:\/\/cpaq.ufms.br\/files\/2025\/02\/Zoologia-300x169.png 300w, https:\/\/cpaq.ufms.br\/files\/2025\/02\/Zoologia-1024x576.png 1024w, https:\/\/cpaq.ufms.br\/files\/2025\/02\/Zoologia-768x432.png 768w, https:\/\/cpaq.ufms.br\/files\/2025\/02\/Zoologia-1536x864.png 1536w, https:\/\/cpaq.ufms.br\/files\/2025\/02\/Zoologia-569x320.png 569w, https:\/\/cpaq.ufms.br\/files\/2025\/02\/Zoologia.png 1599w\" sizes=\"(max-width: 500px) 100vw, 500px\" \/><\/a><\/p>\n<p style=\"text-align: justify\"><span style=\"font-weight: 400\">O laborat\u00f3rio de Zoologia est\u00e1 localizado no bloco A sala A1 do campus. Conta com equipamentos como estufas de secagem, microsc\u00f3pios, estereomicrosc\u00f3pios, destilador e uma capela exaustora. Al\u00e9m disso, disp\u00f5e de uma extensa cole\u00e7\u00e3o zool\u00f3gica com finalidade did\u00e1tica, tanto em via seca quanto \u00famida. Atende as disciplinas de Zoologia de Invertebrados, Deusterostomia, Parasitologia, Paleontologia, Anatomia Comparada e demais disciplinas optativas. O laborat\u00f3rio tamb\u00e9m atende Projetos de Inicia\u00e7\u00e3o Cient\u00edfica , pesquisas para Trabalhos de Conclus\u00e3o de Curso (TCCs) e\u00a0 Projetos de Extens\u00e3o.<\/span><\/p>\n<p style=\"text-align: justify\"><span style=\"font-weight: 400\">Respons\u00e1vel T\u00e9cnico:<\/span><b><i> Prof. Dr. Jos\u00e9 R\u00edmoli<\/i><\/b><\/p>\n<p><span style=\"font-weight: 400\">T\u00e9cnico de laborat\u00f3rio: <\/span><b><i>Nara Inacio Luccas Lazaro<\/i><\/b><\/p>\n<\/div><\/div>\n","protected":false},"excerpt":{"rendered":"","protected":false},"author":1449,"featured_media":0,"parent":31206,"menu_order":0,"comment_status":"closed","ping_status":"closed","template":"","meta":{"footnotes":""},"coauthors":[],"class_list":["post-33463","page","type-page","status-publish","hentry"],"_links":{"self":[{"href":"https:\/\/cpaq.ufms.br\/en\/wp-json\/wp\/v2\/pages\/33463","targetHints":{"allow":["GET"]}}],"collection":[{"href":"https:\/\/cpaq.ufms.br\/en\/wp-json\/wp\/v2\/pages"}],"about":[{"href":"https:\/\/cpaq.ufms.br\/en\/wp-json\/wp\/v2\/types\/page"}],"author":[{"embeddable":true,"href":"https:\/\/cpaq.ufms.br\/en\/wp-json\/wp\/v2\/users\/1449"}],"replies":[{"embeddable":true,"href":"https:\/\/cpaq.ufms.br\/en\/wp-json\/wp\/v2\/comments?post=33463"}],"version-history":[{"count":9,"href":"https:\/\/cpaq.ufms.br\/en\/wp-json\/wp\/v2\/pages\/33463\/revisions"}],"predecessor-version":[{"id":36565,"href":"https:\/\/cpaq.ufms.br\/en\/wp-json\/wp\/v2\/pages\/33463\/revisions\/36565"}],"up":[{"embeddable":true,"href":"https:\/\/cpaq.ufms.br\/en\/wp-json\/wp\/v2\/pages\/31206"}],"wp:attachment":[{"href":"https:\/\/cpaq.ufms.br\/en\/wp-json\/wp\/v2\/media?parent=33463"}],"wp:term":[{"taxonomy":"author","embeddable":true,"href":"https:\/\/cpaq.ufms.br\/en\/wp-json\/wp\/v2\/coauthors?post=33463"}],"curies":[{"name":"wp","href":"https:\/\/api.w.org\/{rel}","templated":true}]}}