{"id":33458,"date":"2023-11-23T10:40:59","date_gmt":"2023-11-23T14:40:59","guid":{"rendered":"https:\/\/cpaq.ufms.br\/?page_id=33458"},"modified":"2025-03-20T16:11:35","modified_gmt":"2025-03-20T20:11:35","slug":"matematica-laboratorios-do-curso","status":"publish","type":"page","link":"https:\/\/cpaq.ufms.br\/en\/matematica\/matematica-laboratorios-do-curso\/","title":{"rendered":"Matem\u00e1tica &#8211; Laborat\u00f3rios do Curso"},"content":{"rendered":"<div class=\"panel panel-info\"><div class=\"panel-heading\">&lt;strong&gt;Laborat\u00f3rios do Curso de Matem\u00e1tica&lt;\/strong&gt;<\/div><div class=\"panel-body\">\n<div class=\"alert alert-info\"> <strong>Laborat\u00f3rio de Estudos e Pesquisa em Matem\u00e1tica &#8211; LEPEM<\/strong><\/div>\n<p><a href=\"https:\/\/cpaq.ufms.br\/files\/2025\/03\/Foto-LEPEM.jpeg\"><img fetchpriority=\"high\" decoding=\"async\" class=\"aligncenter wp-image-36755\" src=\"https:\/\/cpaq.ufms.br\/files\/2025\/03\/Foto-LEPEM-300x169.jpeg\" alt=\"\" width=\"500\" height=\"281\" srcset=\"https:\/\/cpaq.ufms.br\/files\/2025\/03\/Foto-LEPEM-300x169.jpeg 300w, https:\/\/cpaq.ufms.br\/files\/2025\/03\/Foto-LEPEM-1024x576.jpeg 1024w, https:\/\/cpaq.ufms.br\/files\/2025\/03\/Foto-LEPEM-768x432.jpeg 768w, https:\/\/cpaq.ufms.br\/files\/2025\/03\/Foto-LEPEM-1536x864.jpeg 1536w, https:\/\/cpaq.ufms.br\/files\/2025\/03\/Foto-LEPEM-569x320.jpeg 569w, https:\/\/cpaq.ufms.br\/files\/2025\/03\/Foto-LEPEM.jpeg 1600w\" sizes=\"(max-width: 500px) 100vw, 500px\" \/><\/a><\/p>\n<p>O LEPEM (Laborat\u00f3rio de Estudos e Pesquisa em Matem\u00e1tica) foi fundado em 2010 a fim de ser um espa\u00e7o para uso de alunos e professores do curso de Matem\u00e1tica da UFMS-CPAQ, onde s\u00e3o desenvolvidas atividades como monitorias, grupos de estudos, minicursos e palestras.<\/p>\n<p>Respons\u00e1vel T\u00e9cnico:<em><strong> Thales Fernando Vilamaior Paiva<\/strong><\/em><\/p>\n<hr \/>\n<div class=\"alert alert-info\"> <b>Laborat\u00f3rio de Ensino de Matem\u00e1tica de Aquidauana &#8211; LEMAQ<\/b> <\/div>\n<p><a href=\"https:\/\/cpaq.ufms.br\/files\/2025\/03\/Foto-LEMAQ.jpeg\"><img decoding=\"async\" class=\"wp-image-36754 aligncenter\" src=\"https:\/\/cpaq.ufms.br\/files\/2025\/03\/Foto-LEMAQ-300x169.jpeg\" alt=\"\" width=\"500\" height=\"281\" srcset=\"https:\/\/cpaq.ufms.br\/files\/2025\/03\/Foto-LEMAQ-300x169.jpeg 300w, https:\/\/cpaq.ufms.br\/files\/2025\/03\/Foto-LEMAQ-1024x576.jpeg 1024w, https:\/\/cpaq.ufms.br\/files\/2025\/03\/Foto-LEMAQ-768x432.jpeg 768w, https:\/\/cpaq.ufms.br\/files\/2025\/03\/Foto-LEMAQ-1536x864.jpeg 1536w, https:\/\/cpaq.ufms.br\/files\/2025\/03\/Foto-LEMAQ-569x320.jpeg 569w, https:\/\/cpaq.ufms.br\/files\/2025\/03\/Foto-LEMAQ.jpeg 1600w\" sizes=\"(max-width: 500px) 100vw, 500px\" \/><\/a><\/p>\n<p dir=\"ltr\" style=\"text-align: justify\"><span style=\"color: #000000;font-family: arial, sans-serif\">O Laborat\u00f3rio de Ensino de Matem\u00e1tica de Aquidauana (LEMAQ) do Curso de Matem\u00e1tica \u00e9 r<\/span>esultado de um projeto de extens\u00e3o de mesmo nome, aprovado em 2007. O LEMAQ\u00a0conta com um ambiente acolhedor e um repert\u00f3rio de materiais did\u00e1ticos, pedag\u00f3gicos, livros, jogos e desafios que\u00a0possibilitam o desenvolvimento de aulas pr\u00e1ticas, experi\u00eancias de investiga\u00e7\u00e3o e manipula\u00e7\u00e3o, projetos, grupos de estudos, monitorias de ensino, oficinas, mostras,\u00a0desenvolvimento de programas, realiza\u00e7\u00e3o de trabalhos pelos acad\u00eamicos, constru\u00e7\u00e3o de materiais did\u00e1ticos, jogos, prepara\u00e7\u00e3o de aulas pr\u00e1ticas, reuni\u00f5es e integra\u00e7\u00e3o.<\/p>\n<p style=\"text-align: justify\">Assim, o\u00a0<span style=\"font-family: arial, sans-serif\">Laborat\u00f3rio se caracteriza como\u00a0um espa\u00e7o privilegiado para o professor disseminar matem\u00e1ticas de maneiras mais acess\u00edveis, oportunizando um ensino mais significativo, atrativo, criativo e din\u00e2mico.\u00a0<\/span><span style=\"font-family: arial, sans-serif\">\u00c9 um ambiente imprescind\u00edvel de explora\u00e7\u00e3o da matem\u00e1tica como\u00a0<\/span>um meio de comunica\u00e7\u00e3o, como uma ferramenta encantadora de cria\u00e7\u00e3o e resolu\u00e7\u00e3o de problemas; como um meio de\u00a0<span style=\"font-family: arial, sans-serif\">articula\u00e7\u00e3o entre teoria e pr\u00e1ticas matem\u00e1ticas, potencializando um trabalho colaborativo entre a Universidade, comunidade externa e institui\u00e7\u00f5es escolares<\/span>.<\/p>\n<p>Respons\u00e1vel T\u00e9cnico:<em><strong> <b>Juliana Alves de Souza<\/b><\/strong><\/em><\/p>\n<a href=\"https:\/\/cpaq.ufms.br\/files\/2023\/11\/LEMAQ_Catalogo-Materiais-Didaticos.pdf\" class=\"pdfemb-viewer\" style=\"\" data-width=\"max\" data-height=\"max\" data-toolbar=\"bottom\" data-toolbar-fixed=\"off\">LEMAQ_Cat\u00e1logo Materiais Did\u00e1ticos<\/a>\n<\/div><\/div>\n","protected":false},"excerpt":{"rendered":"","protected":false},"author":1449,"featured_media":0,"parent":33371,"menu_order":0,"comment_status":"closed","ping_status":"closed","template":"page-templates\/page-coordenadorias.php","meta":{"footnotes":""},"coauthors":[],"class_list":["post-33458","page","type-page","status-publish","hentry"],"_links":{"self":[{"href":"https:\/\/cpaq.ufms.br\/en\/wp-json\/wp\/v2\/pages\/33458","targetHints":{"allow":["GET"]}}],"collection":[{"href":"https:\/\/cpaq.ufms.br\/en\/wp-json\/wp\/v2\/pages"}],"about":[{"href":"https:\/\/cpaq.ufms.br\/en\/wp-json\/wp\/v2\/types\/page"}],"author":[{"embeddable":true,"href":"https:\/\/cpaq.ufms.br\/en\/wp-json\/wp\/v2\/users\/1449"}],"replies":[{"embeddable":true,"href":"https:\/\/cpaq.ufms.br\/en\/wp-json\/wp\/v2\/comments?post=33458"}],"version-history":[{"count":10,"href":"https:\/\/cpaq.ufms.br\/en\/wp-json\/wp\/v2\/pages\/33458\/revisions"}],"predecessor-version":[{"id":36760,"href":"https:\/\/cpaq.ufms.br\/en\/wp-json\/wp\/v2\/pages\/33458\/revisions\/36760"}],"up":[{"embeddable":true,"href":"https:\/\/cpaq.ufms.br\/en\/wp-json\/wp\/v2\/pages\/33371"}],"wp:attachment":[{"href":"https:\/\/cpaq.ufms.br\/en\/wp-json\/wp\/v2\/media?parent=33458"}],"wp:term":[{"taxonomy":"author","embeddable":true,"href":"https:\/\/cpaq.ufms.br\/en\/wp-json\/wp\/v2\/coauthors?post=33458"}],"curies":[{"name":"wp","href":"https:\/\/api.w.org\/{rel}","templated":true}]}}