{"id":33373,"date":"2023-11-10T12:53:55","date_gmt":"2023-11-10T16:53:55","guid":{"rendered":"https:\/\/cpaq.ufms.br\/?page_id=33373"},"modified":"2025-04-24T13:26:56","modified_gmt":"2025-04-24T17:26:56","slug":"matematica-documentos","status":"publish","type":"page","link":"https:\/\/cpaq.ufms.br\/en\/matematica\/matematica-documentos\/","title":{"rendered":"Matem\u00e1tica &#8211; Documentos"},"content":{"rendered":"<div class=\"panel panel-info\"><div class=\"panel-heading\">Documentos<\/div><div class=\"panel-body\">\n<p data-uw-styling-context=\"true\">PROJETO PEDAG\u00d3GICO CURSO DE MATEM\u00c1TICA: <a href=\"https:\/\/cpaq.ufms.br\/files\/2025\/04\/PPC.pdf\">clique aqui<\/a><\/p>\n<p data-uw-styling-context=\"true\">PORTF\u00d3LIO DO CURSO: <a href=\"https:\/\/cpaq.ufms.br\/files\/2025\/03\/Portfolio-de-Curso_Matematica-Lic.pdf\">clique aqui<\/a><\/p>\n<\/div><\/div>\n<div class=\"panel panel-info\"><div class=\"panel-heading\">Est\u00e1gio<\/div><div class=\"panel-body\">\n<p data-uw-styling-context=\"true\">RELAT\u00d3RIO DE EST\u00c1GIO: <a href=\"https:\/\/cpaq.ufms.br\/files\/2025\/03\/Modelo_Relatorio-de-Estagio.pdf\">clique aqui<\/a><\/p>\n<p data-uw-styling-context=\"true\">MANUAL DE EST\u00c1GIO: <a href=\"https:\/\/cpaq.ufms.br\/files\/2025\/03\/Manual-de-Estagio.pdf\">clique aqui<\/a><\/p>\n<p>MANUAL DO PORTAL DO TERMO DE COMPROMISSO: <a href=\"https:\/\/drive.google.com\/file\/d\/1DhEgm0UO9Ur3H_N5-4uDQMSX1W36L5VD\/view?usp=sharing\">clique aqui<\/a><\/p>\n<p>TERMO DE COMPROMISSO DE EST\u00c1GIO <a href=\"https:\/\/estagio.ufms.br\/termo\/\">(Preenchimento online aqui)<\/a><\/p>\n<\/div><\/div>\n<div class=\"panel panel-info\"><div class=\"panel-heading\">Formul\u00e1rios<\/div><div class=\"panel-body\">\n<p data-uw-styling-context=\"true\">TABELA DE ATIVIDADES COMPLEMENTARES: <a href=\"https:\/\/boletimoficial.ufms.br\/bse\/publicacao?id=483661\">clique aqui<\/a><\/p>\n<\/div><\/div>\n<div class=\"panel panel-info\"><div class=\"panel-heading\">Manuais<\/div><div class=\"panel-body\">\n<p>MANUAL DE ELABORA\u00c7\u00c3O DE TCC E DISSERTA\u00c7\u00d5ES: <a href=\"https:\/\/cpaq.ufms.br\/files\/2023\/07\/Manual-para-Elaboracao-de-TCC-e-Dissertacoes.pdf\">clique aqui<\/a><\/p>\n<p><span style=\"font-weight: 400\">MANUAL DAS ATIVIDADES ORIENTADAS DE ENSINO: <a href=\"https:\/\/drive.google.com\/file\/d\/1Pett14PmkrX_oPLB9W8dsXBwlPQkElAZ\/view?usp=sharing\">clique aqui<\/a><\/span><\/p>\n<p><span style=\"font-weight: 400\">MANUAL DAS ATIVIDADES DE EXTENS\u00c3O: <a href=\"https:\/\/drive.google.com\/file\/d\/19vo5V4NrO1w7kN_POLPqoGnNUAlnMpmM\/view?usp=sharing\">clique aqui<\/a><\/span><\/p>\n<p><span style=\"font-weight: 400\">MANUAL DAS ATIVIDADES COMPLEMENTARES: <a href=\"https:\/\/drive.google.com\/file\/d\/16C0LW6jBj-TBBm67n_oDz7aKe0HYMGDd\/view?usp=sharing\">clique aqui<\/a><\/span><\/p>\n<\/div><\/div>\n<p data-uw-styling-context=\"true\">\n","protected":false},"excerpt":{"rendered":"","protected":false},"author":1449,"featured_media":0,"parent":33371,"menu_order":0,"comment_status":"closed","ping_status":"closed","template":"page-templates\/page-coordenadorias.php","meta":{"footnotes":""},"coauthors":[79],"class_list":["post-33373","page","type-page","status-publish","hentry"],"_links":{"self":[{"href":"https:\/\/cpaq.ufms.br\/en\/wp-json\/wp\/v2\/pages\/33373","targetHints":{"allow":["GET"]}}],"collection":[{"href":"https:\/\/cpaq.ufms.br\/en\/wp-json\/wp\/v2\/pages"}],"about":[{"href":"https:\/\/cpaq.ufms.br\/en\/wp-json\/wp\/v2\/types\/page"}],"author":[{"embeddable":true,"href":"https:\/\/cpaq.ufms.br\/en\/wp-json\/wp\/v2\/users\/1449"}],"replies":[{"embeddable":true,"href":"https:\/\/cpaq.ufms.br\/en\/wp-json\/wp\/v2\/comments?post=33373"}],"version-history":[{"count":9,"href":"https:\/\/cpaq.ufms.br\/en\/wp-json\/wp\/v2\/pages\/33373\/revisions"}],"predecessor-version":[{"id":37053,"href":"https:\/\/cpaq.ufms.br\/en\/wp-json\/wp\/v2\/pages\/33373\/revisions\/37053"}],"up":[{"embeddable":true,"href":"https:\/\/cpaq.ufms.br\/en\/wp-json\/wp\/v2\/pages\/33371"}],"wp:attachment":[{"href":"https:\/\/cpaq.ufms.br\/en\/wp-json\/wp\/v2\/media?parent=33373"}],"wp:term":[{"taxonomy":"author","embeddable":true,"href":"https:\/\/cpaq.ufms.br\/en\/wp-json\/wp\/v2\/coauthors?post=33373"}],"curies":[{"name":"wp","href":"https:\/\/api.w.org\/{rel}","templated":true}]}}