{"id":33371,"date":"2023-11-10T10:55:12","date_gmt":"2023-11-10T14:55:12","guid":{"rendered":"https:\/\/cpaq.ufms.br\/?page_id=33371"},"modified":"2026-02-20T22:09:09","modified_gmt":"2026-02-21T02:09:09","slug":"matematica","status":"publish","type":"page","link":"https:\/\/cpaq.ufms.br\/en\/matematica\/","title":{"rendered":"Matem\u00e1tica"},"content":{"rendered":"<div class=\"row\">\n<div class=\"col-md-8\">\n<div class=\"alert alert-info\" role=\"alert\"><strong>Inicio de Funcionamento: 1996<\/strong><\/div>\n<\/div>\n<div class=\"col-md-4\">\n<div class=\"alert alert-info\" role=\"alert\"><strong>Conceito: 05\/2025<\/strong><\/div>\n<\/div>\n<\/div>\n<div class=\"panel panel-info\"><div class=\"panel-body\">\n<div class=\"row\"><\/div>\n<div class=\"col-md-6\">\n<div class=\"panel-group\" id=\"custom-collapse-0\">\n<div class=\"panel panel-default\">\n\t\t\t\t<div class=\"panel-heading\">\n\t\t\t\t\t<h4 class=\"panel-title\">\n\t\t\t\t\t\t<a class=\"collapsed\" data-toggle=\"collapse\" data-parent=\"#custom-collapse-0\" href=\"#custom-collapse-0-0\">Docentes<\/a>\n\t\t\t\t\t<\/h4>\n\t\t\t\t<\/div>\n\t\t\t\t<div id=\"custom-collapse-0-0\" class=\"panel-collapse collapse\">\n\t\t\t\t\t<div class=\"panel-body\">\n<p>Veja a lista de docentes do curso de Matem\u00e1tica <a href=\"https:\/\/cpaq.ufms.br\/matematica\/matematica-docentes\/\">Aqui<\/a><\/p>\n<\/div>\n\t\t\t\t<\/div>\n\t\t\t<\/div>\n<div class=\"panel panel-default\">\n\t\t\t\t<div class=\"panel-heading\">\n\t\t\t\t\t<h4 class=\"panel-title\">\n\t\t\t\t\t\t<a class=\"collapsed\" data-toggle=\"collapse\" data-parent=\"#custom-collapse-0\" href=\"#custom-collapse-0-1\">Documentos<\/a>\n\t\t\t\t\t<\/h4>\n\t\t\t\t<\/div>\n\t\t\t\t<div id=\"custom-collapse-0-1\" class=\"panel-collapse collapse\">\n\t\t\t\t\t<div class=\"panel-body\">\n<p>Acesse os documentos referentes ao curso de Matem\u00e1tica do campus de Aquidauana, <a href=\"https:\/\/cpaq.ufms.br\/matematica\/matematica-documentos\/\">Aqui<\/a><\/p>\n<p>Acesse aos documentos gerais dos cursos de gradua\u00e7\u00e3o da UFMS, <a href=\"https:\/\/cpaq.ufms.br\/documentos-gerais-graduacao\/\">Aqui<\/a><\/p>\n<\/div>\n\t\t\t\t<\/div>\n\t\t\t<\/div>\n<div class=\"panel panel-default\">\n\t\t\t\t<div class=\"panel-heading\">\n\t\t\t\t\t<h4 class=\"panel-title\">\n\t\t\t\t\t\t<a class=\"collapsed\" data-toggle=\"collapse\" data-parent=\"#custom-collapse-0\" href=\"#custom-collapse-0-2\">Grade Curricular<\/a>\n\t\t\t\t\t<\/h4>\n\t\t\t\t<\/div>\n\t\t\t\t<div id=\"custom-collapse-0-2\" class=\"panel-collapse collapse\">\n\t\t\t\t\t<div class=\"panel-body\">\n<p>Veja a grade curricular do seu curso: <a href=\"https:\/\/ensino.ufms.br\/cursos\/grade\/0447\" target=\"_blank\" rel=\"noopener\">Acesse Aqui<\/a><\/p>\n<\/div>\n\t\t\t\t<\/div>\n\t\t\t<\/div>\n<div class=\"panel panel-default\">\n\t\t\t\t<div class=\"panel-heading\">\n\t\t\t\t\t<h4 class=\"panel-title\">\n\t\t\t\t\t\t<a class=\"collapsed\" data-toggle=\"collapse\" data-parent=\"#custom-collapse-0\" href=\"#custom-collapse-0-3\">TCCs, Publica\u00e7\u00f5es e Pesquisas<\/a>\n\t\t\t\t\t<\/h4>\n\t\t\t\t<\/div>\n\t\t\t\t<div id=\"custom-collapse-0-3\" class=\"panel-collapse collapse\">\n\t\t\t\t\t<div class=\"panel-body\">\n<p>Acesse as Pesquisas, TCCs e publica\u00e7\u00f5es, do curso, <a href=\"https:\/\/cpaq.ufms.br\/matematica\/matematica-publicacoes\/\">Aqui<\/a><\/p>\n<\/div>\n\t\t\t\t<\/div>\n\t\t\t<\/div>\n<\/div>\n<\/div>\n<div class=\"col-md-6\">\n<div class=\"panel-group\" id=\"custom-collapse-1\">\n<div class=\"panel panel-default\">\n\t\t\t\t<div class=\"panel-heading\">\n\t\t\t\t\t<h4 class=\"panel-title\">\n\t\t\t\t\t\t<a class=\"collapsed\" data-toggle=\"collapse\" data-parent=\"#custom-collapse-1\" href=\"#custom-collapse-1-4\">Hor\u00e1rios<\/a>\n\t\t\t\t\t<\/h4>\n\t\t\t\t<\/div>\n\t\t\t\t<div id=\"custom-collapse-1-4\" class=\"panel-collapse collapse\">\n\t\t\t\t\t<div class=\"panel-body\">\n<p>Acesse os Hor\u00e1rios de Aula &#8211; <a href=\"https:\/\/drive.google.com\/file\/d\/11-YhIXG60DgAq5A--LvAvopGIy-7BCJe\/view?usp=drivesdk\">AQUI<\/a><\/p>\n<\/div>\n\t\t\t\t<\/div>\n\t\t\t<\/div>\n<div class=\"panel panel-default\">\n\t\t\t\t<div class=\"panel-heading\">\n\t\t\t\t\t<h4 class=\"panel-title\">\n\t\t\t\t\t\t<a class=\"collapsed\" data-toggle=\"collapse\" data-parent=\"#custom-collapse-1\" href=\"#custom-collapse-1-5\">Hist\u00f3rico do Curso<\/a>\n\t\t\t\t\t<\/h4>\n\t\t\t\t<\/div>\n\t\t\t\t<div id=\"custom-collapse-1-5\" class=\"panel-collapse collapse\">\n\t\t\t\t\t<div class=\"panel-body\">\n<p>Conhe\u00e7a um pouco mais sobre o curso de Matem\u00e1tica do campus de Aquidauana. <a href=\"https:\/\/cpaq.ufms.br\/matematica\/matematica-historico-do-curso\/\">Aqui<\/a><\/p>\n<\/div>\n\t\t\t\t<\/div>\n\t\t\t<\/div>\n<div class=\"panel panel-default\">\n\t\t\t\t<div class=\"panel-heading\">\n\t\t\t\t\t<h4 class=\"panel-title\">\n\t\t\t\t\t\t<a class=\"collapsed\" data-toggle=\"collapse\" data-parent=\"#custom-collapse-1\" href=\"#custom-collapse-1-6\">Projetos e Orienta\u00e7\u00f5es<\/a>\n\t\t\t\t\t<\/h4>\n\t\t\t\t<\/div>\n\t\t\t\t<div id=\"custom-collapse-1-6\" class=\"panel-collapse collapse\">\n\t\t\t\t\t<div class=\"panel-body\">\n<p>Veja mais sobre os projetos e as linhas tem\u00e1ticas dos docentes do curso <a href=\"https:\/\/cpaq.ufms.br\/matematica\/matematica-projetos-e-orientacoes\/\">Clique Aqui<\/a><\/p>\n<\/div>\n\t\t\t\t<\/div>\n\t\t\t<\/div>\n<div class=\"panel panel-default\">\n\t\t\t\t<div class=\"panel-heading\">\n\t\t\t\t\t<h4 class=\"panel-title\">\n\t\t\t\t\t\t<a class=\"collapsed\" data-toggle=\"collapse\" data-parent=\"#custom-collapse-1\" href=\"#custom-collapse-1-7\">Laborat\u00f3rios<\/a>\n\t\t\t\t\t<\/h4>\n\t\t\t\t<\/div>\n\t\t\t\t<div id=\"custom-collapse-1-7\" class=\"panel-collapse collapse\">\n\t\t\t\t\t<div class=\"panel-body\">\n<p>Clique e veja a lista de laborat\u00f3rios do campus de Aquidauana. <a href=\"https:\/\/cpaq.ufms.br\/laboratorio-de-informatica\/\">Clique Aqui<\/a><\/p>\n<p>Clique e veja a lista de laborat\u00f3rios do curso de Matem\u00e1tica. <a href=\"https:\/\/cpaq.ufms.br\/matematica\/matematica-laboratorios-do-curso\/\">Clique Aqui<\/a><\/p>\n<\/div>\n\t\t\t\t<\/div>\n\t\t\t<\/div>\n<\/div>\n<\/div>\n<\/div><\/div>\n<div class=\"row\">\n<div class=\"alert alert-info\" style=\"text-align: center\" role=\"alert\">\n<p><strong>SEMANA DA MATEM\u00c1TICA<\/strong><\/p>\n<p style=\"text-align: left\"><\/div>\n<\/div>\n<div class=\"panel panel-info\"><div class=\"panel-body\">\n<div class=\"row\"><\/div>\n<div class=\"col-md-6\">\n<div class=\"panel-group\" id=\"custom-collapse-2\">\n<div class=\"panel panel-default\">\n\t\t\t\t<div class=\"panel-heading\">\n\t\t\t\t\t<h4 class=\"panel-title\">\n\t\t\t\t\t\t<a class=\"collapsed\" data-toggle=\"collapse\" data-parent=\"#custom-collapse-2\" href=\"#custom-collapse-2-8\">2025<\/a>\n\t\t\t\t\t<\/h4>\n\t\t\t\t<\/div>\n\t\t\t\t<div id=\"custom-collapse-2-8\" class=\"panel-collapse collapse\">\n\t\t\t\t\t<div class=\"panel-body\">\n<p>Confira todas as informa\u00e7\u00f5es da XVII Semana da Matem\u00e1tica- Matem\u00e1tica e suas conex\u00f5es: os conhecimentos entrela\u00e7am o ensino e a aprendizagem clicando <a href=\"https:\/\/cpaq.ufms.br\/xvii-semana-da-matematica-matematica-e-suas-conexoes-os-conhecimentos-entrelacam-o-ensino-e-a-aprendizagem\/\">aqui.<\/a><\/p>\n<\/div>\n\t\t\t\t<\/div>\n\t\t\t<\/div>\n<div class=\"panel panel-default\">\n\t\t\t\t<div class=\"panel-heading\">\n\t\t\t\t\t<h4 class=\"panel-title\">\n\t\t\t\t\t\t<a class=\"collapsed\" data-toggle=\"collapse\" data-parent=\"#custom-collapse-2\" href=\"#custom-collapse-2-9\">2024<\/a>\n\t\t\t\t\t<\/h4>\n\t\t\t\t<\/div>\n\t\t\t\t<div id=\"custom-collapse-2-9\" class=\"panel-collapse collapse\">\n\t\t\t\t\t<div class=\"panel-body\">\n<p>Confira aqui<\/p>\n<\/div>\n\t\t\t\t<\/div>\n\t\t\t<\/div>\n<\/div>\n<\/div>\n<div class=\"col-md-6\">\n<div class=\"panel-group\" id=\"custom-collapse-3\">\n<div class=\"panel panel-default\">\n\t\t\t\t<div class=\"panel-heading\">\n\t\t\t\t\t<h4 class=\"panel-title\">\n\t\t\t\t\t\t<a class=\"collapsed\" data-toggle=\"collapse\" data-parent=\"#custom-collapse-3\" href=\"#custom-collapse-3-10\">2023<\/a>\n\t\t\t\t\t<\/h4>\n\t\t\t\t<\/div>\n\t\t\t\t<div id=\"custom-collapse-3-10\" class=\"panel-collapse collapse\">\n\t\t\t\t\t<div class=\"panel-body\">\n<p>Confira aqui<\/p>\n<\/div>\n\t\t\t\t<\/div>\n\t\t\t<\/div>\n<div class=\"panel panel-default\">\n\t\t\t\t<div class=\"panel-heading\">\n\t\t\t\t\t<h4 class=\"panel-title\">\n\t\t\t\t\t\t<a class=\"collapsed\" data-toggle=\"collapse\" data-parent=\"#custom-collapse-3\" href=\"#custom-collapse-3-11\">2022<\/a>\n\t\t\t\t\t<\/h4>\n\t\t\t\t<\/div>\n\t\t\t\t<div id=\"custom-collapse-3-11\" class=\"panel-collapse collapse\">\n\t\t\t\t\t<div class=\"panel-body\">\n<p>Confira aqui<\/p>\n<\/div>\n\t\t\t\t<\/div>\n\t\t\t<\/div>\n<\/div>\n<\/div>\n<\/div><\/div>\n","protected":false},"excerpt":{"rendered":"","protected":false},"author":1449,"featured_media":5177,"parent":0,"menu_order":0,"comment_status":"closed","ping_status":"closed","template":"page-templates\/page-coordenadorias.php","meta":{"footnotes":""},"coauthors":[79],"class_list":["post-33371","page","type-page","status-publish","has-post-thumbnail","hentry"],"_links":{"self":[{"href":"https:\/\/cpaq.ufms.br\/en\/wp-json\/wp\/v2\/pages\/33371","targetHints":{"allow":["GET"]}}],"collection":[{"href":"https:\/\/cpaq.ufms.br\/en\/wp-json\/wp\/v2\/pages"}],"about":[{"href":"https:\/\/cpaq.ufms.br\/en\/wp-json\/wp\/v2\/types\/page"}],"author":[{"embeddable":true,"href":"https:\/\/cpaq.ufms.br\/en\/wp-json\/wp\/v2\/users\/1449"}],"replies":[{"embeddable":true,"href":"https:\/\/cpaq.ufms.br\/en\/wp-json\/wp\/v2\/comments?post=33371"}],"version-history":[{"count":51,"href":"https:\/\/cpaq.ufms.br\/en\/wp-json\/wp\/v2\/pages\/33371\/revisions"}],"predecessor-version":[{"id":38579,"href":"https:\/\/cpaq.ufms.br\/en\/wp-json\/wp\/v2\/pages\/33371\/revisions\/38579"}],"wp:featuredmedia":[{"embeddable":true,"href":"https:\/\/cpaq.ufms.br\/en\/wp-json\/wp\/v2\/media\/5177"}],"wp:attachment":[{"href":"https:\/\/cpaq.ufms.br\/en\/wp-json\/wp\/v2\/media?parent=33371"}],"wp:term":[{"taxonomy":"author","embeddable":true,"href":"https:\/\/cpaq.ufms.br\/en\/wp-json\/wp\/v2\/coauthors?post=33371"}],"curies":[{"name":"wp","href":"https:\/\/api.w.org\/{rel}","templated":true}]}}