{"id":33345,"date":"2023-11-06T09:32:55","date_gmt":"2023-11-06T13:32:55","guid":{"rendered":"https:\/\/cpaq.ufms.br\/?page_id=33345"},"modified":"2023-11-08T08:48:59","modified_gmt":"2023-11-08T12:48:59","slug":"egressos","status":"publish","type":"page","link":"https:\/\/cpaq.ufms.br\/en\/egressos\/","title":{"rendered":"Egressos"},"content":{"rendered":"<p>Ol\u00e1 seja bem vindo a pagina dos egressos CPAQ<\/p>\n<p>Egressos s\u00e3o todos aqueles que j\u00e1 conclu\u00edram um curso de gradua\u00e7\u00e3o ou p\u00f3s-gradua\u00e7\u00e3o na Universidade Federal de Mato Grosso do Sul em qualquer um dos seus campus.<br \/>\nNossa Universidade acompanha seus egressos visando conhecer sua trajet\u00f3ria profissional e mant\u00ea-los conectados conosco propiciando momentos de intera\u00e7\u00e3o com a comunidade acad\u00eamica atrav\u00e9s de eventos que promovemos.<\/p>\n<p><iframe title=\"CPAQ\/UFMS - 48 anos de hist\u00f3ria!\" width=\"500\" height=\"281\" src=\"https:\/\/www.youtube.com\/embed\/gruHgDaiVyc?feature=oembed\" frameborder=\"0\" allow=\"accelerometer; autoplay; clipboard-write; encrypted-media; gyroscope; picture-in-picture; web-share\" referrerpolicy=\"strict-origin-when-cross-origin\" allowfullscreen><\/iframe><\/p>\n<p>&nbsp;<\/p>\n<p>Portanto, se voc\u00ea \u00e9 egresso do Campus de Aquidauana, acesse o Portal dos Egressos da UFMS e fa\u00e7a seu cadastro. Com ele, poderemos entrar em contato para lhe informar sobre as oportunidades que oferecemos para os nossos cpaquianos!<\/p>\n<p>Mostre que voc\u00ea \u00e9 um cpaquiano! publique uma foto do seu tempo de estudante aqui no CPAQ na sua rede social e nos marque! @ufmsaquidauana, se desejar, diga em qual curso e ano voc\u00ea se formou no Campus de Aquidauana.<\/p>\n<p><a href=\"https:\/\/www.facebook.com\/UFMS-Campus-de-Aquidauana-641626149204690\/\" target=\"_blank\" rel=\"noopener\"><img decoding=\"async\" class=\"wp-image-29590 alignleft\" src=\"https:\/\/cpaq.ufms.br\/files\/2022\/03\/facebook-logo-150x150.png\" alt=\"\" width=\"50\" height=\"50\" srcset=\"https:\/\/cpaq.ufms.br\/files\/2022\/03\/facebook-logo-150x150.png 150w, https:\/\/cpaq.ufms.br\/files\/2022\/03\/facebook-logo-300x300.png 300w, https:\/\/cpaq.ufms.br\/files\/2022\/03\/facebook-logo-1024x1024.png 1024w, https:\/\/cpaq.ufms.br\/files\/2022\/03\/facebook-logo-768x767.png 768w, https:\/\/cpaq.ufms.br\/files\/2022\/03\/facebook-logo-1536x1534.png 1536w, https:\/\/cpaq.ufms.br\/files\/2022\/03\/facebook-logo-2048x2046.png 2048w, https:\/\/cpaq.ufms.br\/files\/2022\/03\/facebook-logo-320x320.png 320w\" sizes=\"(max-width: 50px) 100vw, 50px\" \/><\/a><a href=\"https:\/\/www.instagram.com\/ufmsaquidauana\/\" target=\"_blank\" rel=\"noopener\"><img decoding=\"async\" class=\"wp-image-29589 alignleft\" src=\"https:\/\/cpaq.ufms.br\/files\/2022\/03\/Instagram-logo-free-download-PNG-e1647376705179-150x150.png\" alt=\"\" width=\"50\" height=\"50\" \/><\/a><a href=\"https:\/\/cpaq.ufms.br\/egressos\/\"><img decoding=\"async\" class=\"wp-image-29591 alignleft\" src=\"https:\/\/cpaq.ufms.br\/files\/2022\/03\/midias-sociais-linkedin-icon-e1647376211357-150x150.png\" alt=\"\" width=\"50\" height=\"50\" srcset=\"https:\/\/cpaq.ufms.br\/files\/2022\/03\/midias-sociais-linkedin-icon-e1647376211357-150x150.png 150w, https:\/\/cpaq.ufms.br\/files\/2022\/03\/midias-sociais-linkedin-icon-e1647376211357-300x300.png 300w, https:\/\/cpaq.ufms.br\/files\/2022\/03\/midias-sociais-linkedin-icon-e1647376211357-320x320.png 320w, https:\/\/cpaq.ufms.br\/files\/2022\/03\/midias-sociais-linkedin-icon-e1647376211357.png 484w\" sizes=\"(max-width: 50px) 100vw, 50px\" \/><\/a><a href=\"https:\/\/cpaq.ufms.br\/egressos\/\"><img loading=\"lazy\" decoding=\"async\" class=\"wp-image-29592 alignleft\" src=\"https:\/\/cpaq.ufms.br\/files\/2022\/03\/twitter-logo-1-1-150x150.png\" alt=\"\" width=\"50\" height=\"50\" srcset=\"https:\/\/cpaq.ufms.br\/files\/2022\/03\/twitter-logo-1-1-150x150.png 150w, https:\/\/cpaq.ufms.br\/files\/2022\/03\/twitter-logo-1-1-300x300.png 300w, https:\/\/cpaq.ufms.br\/files\/2022\/03\/twitter-logo-1-1-1024x1024.png 1024w, https:\/\/cpaq.ufms.br\/files\/2022\/03\/twitter-logo-1-1-768x768.png 768w, https:\/\/cpaq.ufms.br\/files\/2022\/03\/twitter-logo-1-1-1536x1536.png 1536w, https:\/\/cpaq.ufms.br\/files\/2022\/03\/twitter-logo-1-1-2048x2048.png 2048w, https:\/\/cpaq.ufms.br\/files\/2022\/03\/twitter-logo-1-1-320x320.png 320w\" sizes=\"(max-width: 50px) 100vw, 50px\" \/><\/a><a href=\"http:\/\/m.me\/641626149204690\" target=\"_blank\" rel=\"noopener\"><img loading=\"lazy\" decoding=\"async\" class=\"wp-image-29594 alignleft\" src=\"https:\/\/cpaq.ufms.br\/files\/2022\/03\/mensenger-150x150.png\" alt=\"\" width=\"50\" height=\"50\" \/><\/a><\/p>\n<p>&nbsp;<\/p>\n<p>&nbsp;<\/p>\n<p>&nbsp;<\/p>\n<p>Acesse e preencha o formul\u00e1rio e nos ajude a proporcionar novas oportunidades para voc\u00eas!<\/p>\n<p><a href=\"https:\/\/forms.gle\/D38uHaJSTJuDhpLP8\"><img loading=\"lazy\" decoding=\"async\" class=\"size-medium wp-image-33346 aligncenter\" src=\"https:\/\/cpaq.ufms.br\/files\/2023\/11\/Formulario-Online-300x57.png\" alt=\"\" width=\"300\" height=\"57\" srcset=\"https:\/\/cpaq.ufms.br\/files\/2023\/11\/Formulario-Online-300x57.png 300w, https:\/\/cpaq.ufms.br\/files\/2023\/11\/Formulario-Online.png 541w\" sizes=\"(max-width: 300px) 100vw, 300px\" \/><\/a><\/p>\n<p>Para mais Informa\u00e7\u00f5es acesse o nosso Portal.<\/p>\n<p><img loading=\"lazy\" decoding=\"async\" class=\"aligncenter\" src=\"https:\/\/egressos.ufms.br\/files\/2023\/05\/Ativo-11.png\" alt=\"Portal de Egressos\" width=\"177\" height=\"100\" \/><\/p>\n<p>&nbsp;<\/p>\n","protected":false},"excerpt":{"rendered":"<p>Ol\u00e1 seja bem vindo a pagina dos egressos CPAQ Egressos s\u00e3o todos aqueles que j\u00e1 conclu\u00edram um curso de gradua\u00e7\u00e3o ou p\u00f3s-gradua\u00e7\u00e3o na Universidade Federal de Mato Grosso do Sul em qualquer um dos seus campus. Nossa Universidade acompanha seus egressos visando conhecer sua trajet\u00f3ria profissional e mant\u00ea-los conectados conosco propiciando momentos de intera\u00e7\u00e3o com [&hellip;]<\/p>\n","protected":false},"author":1449,"featured_media":33358,"parent":0,"menu_order":0,"comment_status":"closed","ping_status":"closed","template":"page-templates\/page-coordenadorias.php","meta":{"footnotes":""},"coauthors":[],"class_list":["post-33345","page","type-page","status-publish","has-post-thumbnail","hentry"],"_links":{"self":[{"href":"https:\/\/cpaq.ufms.br\/en\/wp-json\/wp\/v2\/pages\/33345","targetHints":{"allow":["GET"]}}],"collection":[{"href":"https:\/\/cpaq.ufms.br\/en\/wp-json\/wp\/v2\/pages"}],"about":[{"href":"https:\/\/cpaq.ufms.br\/en\/wp-json\/wp\/v2\/types\/page"}],"author":[{"embeddable":true,"href":"https:\/\/cpaq.ufms.br\/en\/wp-json\/wp\/v2\/users\/1449"}],"replies":[{"embeddable":true,"href":"https:\/\/cpaq.ufms.br\/en\/wp-json\/wp\/v2\/comments?post=33345"}],"version-history":[{"count":13,"href":"https:\/\/cpaq.ufms.br\/en\/wp-json\/wp\/v2\/pages\/33345\/revisions"}],"predecessor-version":[{"id":33351,"href":"https:\/\/cpaq.ufms.br\/en\/wp-json\/wp\/v2\/pages\/33345\/revisions\/33351"}],"wp:featuredmedia":[{"embeddable":true,"href":"https:\/\/cpaq.ufms.br\/en\/wp-json\/wp\/v2\/media\/33358"}],"wp:attachment":[{"href":"https:\/\/cpaq.ufms.br\/en\/wp-json\/wp\/v2\/media?parent=33345"}],"wp:term":[{"taxonomy":"author","embeddable":true,"href":"https:\/\/cpaq.ufms.br\/en\/wp-json\/wp\/v2\/coauthors?post=33345"}],"curies":[{"name":"wp","href":"https:\/\/api.w.org\/{rel}","templated":true}]}}