{"id":32705,"date":"2023-05-19T10:38:31","date_gmt":"2023-05-19T14:38:31","guid":{"rendered":"https:\/\/cpaq.ufms.br\/?page_id=32705"},"modified":"2026-04-24T13:51:46","modified_gmt":"2026-04-24T17:51:46","slug":"letras-documentos-curso","status":"publish","type":"page","link":"https:\/\/cpaq.ufms.br\/en\/letras\/letras-documentos-curso\/","title":{"rendered":"Letras &#8211; Documentos Curso"},"content":{"rendered":"<div class=\"panel panel-info\"><div class=\"panel-heading\">Documentos<\/div><div class=\"panel-body\">\n<p data-uw-styling-context=\"true\"><a href=\"https:\/\/cpaq.ufms.br\/files\/2025\/02\/PPC-Letras-Port.-e-Espanhol-Resolucao-Conselho-CPAQ-08.11.23.pdf\">PROJETO PEDAG\u00d3GICO CURSO DE LETRAS &#8211; PORTUGU\u00caS E ESPANHOL\u00a0<\/a><\/p>\n<p data-uw-styling-context=\"true\"><a href=\"https:\/\/drive.google.com\/file\/d\/1j9MKX7MSBYbSqZxYt06UYM4yLeBk9O6p\/view?usp=sharing\">PROJETO PEDAG\u00d3GICO CURSO DE LETRAS &#8211; PORTUGU\u00caS E INGL\u00caS<\/a><\/p>\n<p data-uw-styling-context=\"true\"><a href=\"https:\/\/cpaq.ufms.br\/files\/2025\/02\/Manual-de-TCC-e-dissertacao-CPAQ_2024.pdf\">MANUAL DE ELABORA\u00c7\u00c3O DE TCC E DISSERTA\u00c7\u00d5ES<\/a><\/p>\n<p data-uw-styling-context=\"true\">CRONOGRAMA DE APRESENTA\u00c7\u00d5ES DE TCC<\/p>\n<\/div><\/div>\n<div class=\"panel panel-info\"><div class=\"panel-heading\">Est\u00e1gio<\/div><div class=\"panel-body\">\n<p data-uw-styling-context=\"true\">INSTRU\u00c7\u00d5ES DE EST\u00c1GIO: <a href=\"https:\/\/docs.google.com\/document\/d\/1zi4mWLdZs6LfdyxkX56SrU7Eejz3kfy7\/edit?usp=sharing&amp;ouid=112478823513867671966&amp;rtpof=true&amp;sd=true\">clique aqui<\/a><\/p>\n<p data-uw-styling-context=\"true\">REGULAMENTO DE EST\u00c1GIO: <a href=\"https:\/\/boletimoficial.ufms.br\/bse\/publicacao?id=476540\">clique aqui<\/a><\/p>\n<p data-uw-styling-context=\"true\">PLANO DE ATIVIDADES DO ESTAGI\u00c1RIO<\/p>\n<p data-uw-styling-context=\"true\">MODELO RELAT\u00d3RIO DE EST\u00c1GIO: <a href=\"https:\/\/docs.google.com\/document\/d\/1mi_FhQdrE-u7K1hfPVIlLeFfTrtN5ZNP\/edit?usp=sharing&amp;ouid=113787910645796248198&amp;rtpof=true&amp;sd=true\">clique aqui<\/a><\/p>\n<p data-uw-styling-context=\"true\">CARTA DE APRESENTA\u00c7\u00c3O: <a href=\"https:\/\/docs.google.com\/document\/d\/1vicb8G33f4gv5HGAgI5leZ28ECpFEdms\/edit?usp=sharing&amp;ouid=112478823513867671966&amp;rtpof=true&amp;sd=true\">clique aqui<\/a><\/p>\n<p data-uw-styling-context=\"true\">FICHA DE FREQUENCIA E DE ATIVIDADES: <a href=\"https:\/\/docs.google.com\/document\/d\/11uQYLGpnJJ1rD9Q7cFu3qXOLP3PlZyM0\/edit?usp=sharing&amp;ouid=112478823513867671966&amp;rtpof=true&amp;sd=true\">clique aqui<\/a><\/p>\n<p data-uw-styling-context=\"true\">FICHA DE AVALIA\u00c7\u00c3O DO PROFESSOR SUPERVISOR: <a href=\"https:\/\/docs.google.com\/document\/d\/1Djc8yRQMLh587aQXCAVrdLI0ckrTSwZ8\/edit?usp=sharing&amp;ouid=113787910645796248198&amp;rtpof=true&amp;sd=true\">clique aqui<\/a><\/p>\n<p>MANUAL DO PORTAL &#8211; TERMO DE COMPROMISSO: <a href=\"https:\/\/drive.google.com\/file\/d\/1DhEgm0UO9Ur3H_N5-4uDQMSX1W36L5VD\/view?usp=sharing\">clique aqui<\/a><\/p>\n<p>TERMO DE COMPROMISSO DE EST\u00c1GIO <a href=\"https:\/\/estagio.ufms.br\/termo\/\">(Preenchimento online aqui)<\/a><\/p>\n<\/div><\/div>\n<div class=\"panel panel-info\"><div class=\"panel-heading\">Formul\u00e1rios<\/div><div class=\"panel-body\">\n<p>ACEITE: ORIENTA\u00c7\u00c3O DE TCC<\/p>\n<p data-uw-styling-context=\"true\">TABELA DE ATIVIDADES COMPLEMENTARES<\/p>\n<\/div><\/div>\n<div class=\"panel panel-info\"><div class=\"panel-heading\">Regulamentos<\/div><div class=\"panel-body\">\n<p data-uw-styling-context=\"true\">REGULAMENTO DE TRABALHO DE CONCLUS\u00c3O DE CURSO de LETRAS<\/p>\n<p data-uw-styling-context=\"true\">REGULAMENTO DE EST\u00c1GIO N\u00c3O OBRIGAT\u00d3RIO DO CURSO DE LETRAS<\/p>\n<\/div><\/div>\n<p data-uw-styling-context=\"true\">","protected":false},"excerpt":{"rendered":"","protected":false},"author":1449,"featured_media":0,"parent":32692,"menu_order":0,"comment_status":"closed","ping_status":"closed","template":"page-templates\/page-coordenadorias.php","meta":{"footnotes":""},"coauthors":[79],"class_list":["post-32705","page","type-page","status-publish","hentry"],"_links":{"self":[{"href":"https:\/\/cpaq.ufms.br\/en\/wp-json\/wp\/v2\/pages\/32705","targetHints":{"allow":["GET"]}}],"collection":[{"href":"https:\/\/cpaq.ufms.br\/en\/wp-json\/wp\/v2\/pages"}],"about":[{"href":"https:\/\/cpaq.ufms.br\/en\/wp-json\/wp\/v2\/types\/page"}],"author":[{"embeddable":true,"href":"https:\/\/cpaq.ufms.br\/en\/wp-json\/wp\/v2\/users\/1449"}],"replies":[{"embeddable":true,"href":"https:\/\/cpaq.ufms.br\/en\/wp-json\/wp\/v2\/comments?post=32705"}],"version-history":[{"count":19,"href":"https:\/\/cpaq.ufms.br\/en\/wp-json\/wp\/v2\/pages\/32705\/revisions"}],"predecessor-version":[{"id":38977,"href":"https:\/\/cpaq.ufms.br\/en\/wp-json\/wp\/v2\/pages\/32705\/revisions\/38977"}],"up":[{"embeddable":true,"href":"https:\/\/cpaq.ufms.br\/en\/wp-json\/wp\/v2\/pages\/32692"}],"wp:attachment":[{"href":"https:\/\/cpaq.ufms.br\/en\/wp-json\/wp\/v2\/media?parent=32705"}],"wp:term":[{"taxonomy":"author","embeddable":true,"href":"https:\/\/cpaq.ufms.br\/en\/wp-json\/wp\/v2\/coauthors?post=32705"}],"curies":[{"name":"wp","href":"https:\/\/api.w.org\/{rel}","templated":true}]}}