{"id":32541,"date":"2023-05-02T09:34:32","date_gmt":"2023-05-02T13:34:32","guid":{"rendered":"https:\/\/cpaq.ufms.br\/?page_id=32541"},"modified":"2025-02-14T18:23:33","modified_gmt":"2025-02-14T22:23:33","slug":"historico-do-campus-de-aquidauana-cpaq","status":"publish","type":"page","link":"https:\/\/cpaq.ufms.br\/en\/00-novos\/historico-do-campus-de-aquidauana-cpaq\/","title":{"rendered":"Hist\u00f3rico do Campus de Aquidauana (CPAQ)"},"content":{"rendered":"<p style=\"text-align: justify;margin: 0cm 0cm 7.9pt 0cm\"><span style=\"font-size: 10.5pt;font-family: Lato, sans-serif;color: #000000\">O Campus de Aquidauana da UFMS (CPAQ) teve seu in\u00edcio com o requerimento do vereador Pl\u00ednio de Arruda Leite, solicitando, na sess\u00e3o da C\u00e2mara de Vereadores, de 24 de abril de 1970, a cria\u00e7\u00e3o da Faculdade de Filosofia em Aquidauana (MS). Em 27 de abril de 1970, este pedido foi encaminhado ao Secret\u00e1rio de Estado de Educa\u00e7\u00e3o e Cultura do Estado de Mato Grosso pelo Presidente da C\u00e2mara, vereador Miguel Dem\u00e9trio Diac\u00f3pulos.<\/span><\/p>\n<p style=\"text-align: justify;margin: 0cm 0cm 7.9pt 0cm\"><span style=\"font-size: 10.5pt;font-family: Lato, sans-serif;color: #000000\">No dia 10 de julho do mesmo ano, o Secret\u00e1rio de Estado de Educa\u00e7\u00e3o informou que o Governador do Estado, o Engenheiro Pedro Pedrossian, concordava com a cria\u00e7\u00e3o do Centro Pedag\u00f3gico.<\/span><\/p>\n<p style=\"text-align: justify;margin: 0cm 0cm 7.9pt 0cm\"><span style=\"font-size: 10.5pt;font-family: Lato, sans-serif;color: #000000\">Em seguida, em 8 de agosto, re\u00fanem-se diversos representantes da sociedade aquidauanense para as primeiras provid\u00eancias visando \u00e0 cria\u00e7\u00e3o da Institui\u00e7\u00e3o. Esta reuni\u00e3o foi secretariada por Nelly Marrani, que era a Secret\u00e1ria de Educa\u00e7\u00e3o do Munic\u00edpio, com a presen\u00e7a de diversas autoridades e membros da comunidade e da Prof.\u00aa D\u00f3ris Mendes Trindade, ent\u00e3o Coordenadora do processo de cria\u00e7\u00e3o e implanta\u00e7\u00e3o da Faculdade.<\/span><\/p>\n<p style=\"text-align: justify;margin: 0cm 0cm 7.9pt 0cm\"><span style=\"font-size: 10.5pt;font-family: Lato, sans-serif;color: #000000\">No dia 21 de agosto de 1970, foi publicado, no Di\u00e1rio Oficial do Estado de Mato Grosso, o Decreto n.\u00ba 1.146, de 13 de agosto de 1970, criando o Centro Pedag\u00f3gico de Aquidauana (CPA), integrado \u00e0 Universidade Estadual de Mato Grosso (UEMT), com sede na cidade de Campo Grande.<\/span><\/p>\n<p style=\"text-align: justify;margin: 0cm 0cm 7.9pt 0cm\"><span style=\"font-size: 10.5pt;font-family: Lato, sans-serif;color: #000000\">O Centro Pedag\u00f3gico instalou-se, inicialmente, no pr\u00e9dio da Escola Estadual Coronel Jos\u00e9 Alves Ribeiro (CEJAR), em 1971. Posteriormente, o Estado comprou e entregou \u00e0 comunidade a constru\u00e7\u00e3o inacabada do Gin\u00e1sio Imaculada Concei\u00e7\u00e3o, de propriedade dos Padres Redentoristas, localizado na Pra\u00e7a Nossa Senhora da Imaculada Concei\u00e7\u00e3o, o qual foi conclu\u00eddo no ano de 1974, para mudar-se o Centro Pedag\u00f3gico, permanecendo at\u00e9 hoje (Unidade I).<\/span><\/p>\n<p style=\"text-align: justify;margin: 0cm 0cm 7.9pt 0cm\"><span style=\"font-size: 10.5pt;font-family: Lato, sans-serif;color: #000000\">A partir de 6 de fevereiro de 1971, o CPA come\u00e7ou a ter condi\u00e7\u00f5es de funcionar e, atrav\u00e9s da Portaria n.\u00ba 14\/1971, o Reitor da UEMT designou a Prof.\u00aa D\u00f3ris para responder pela Dire\u00e7\u00e3o do Centro. Neste mesmo ano, foi realizado o primeiro vestibular para os cursos de Letras\/Portugu\u00eas, Letras\/Ingl\u00eas e Estudos Sociais. A instala\u00e7\u00e3o oficial deu-se em 07 de mar\u00e7o de 1971 e o per\u00edodo letivo iniciou-se em 29 do mesmo m\u00eas e ano.<\/span><\/p>\n<p style=\"text-align: justify;margin: 0cm 0cm 7.9pt 0cm\"><span style=\"font-size: 10.5pt;font-family: Lato, sans-serif;color: #000000\">Depois da divis\u00e3o do Estado, em 1977, e com a federaliza\u00e7\u00e3o da UEMT, em 1979, o Centro passa a constituir uma Unidade da Universidade Federal de Mato Grosso do Sul, com o nome de Centro Universit\u00e1rio de Aquidauana (CEUA) e, posteriormente, Campus de Aquidauana (CPAQ).<\/span><\/p>\n<p style=\"text-align: justify;margin: 0cm 0cm 7.9pt 0cm\"><span style=\"font-size: 10.5pt;font-family: Lato, sans-serif;color: #000000\">Com o aumento da oferta de cursos e do n\u00famero de alunos, o CPAQ tamb\u00e9m se expandiu. Atualmente, s\u00e3o tr\u00eas unidades existentes no Campus de Aquidauana.<\/span><\/p>\n<p style=\"text-align: justify;margin: 0cm 0cm 7.9pt 0cm\"><span style=\"color: #000000\"><span style=\"font-size: 10.5pt;font-family: Lato, sans-serif\">Na unidade I, localizada na Pra\u00e7a Nossa Senhora Imaculada Concei\u00e7\u00e3o desde 1974, funcionam atualmente o curso de Licenciatura Intercultural Ind\u00edgena e <\/span><span style=\"font-size: 10.5pt;font-family: Lato, sans-serif\">Pedagogia Intercultural Ind\u00edgena <\/span><span style=\"font-size: 10.5pt;font-family: Lato, sans-serif\">\u201cPovos do Pantanal\u201d e os cursos de Mestrado em Geografia e Estudos Culturais, al\u00e9m das respectivas coordena\u00e7\u00f5es de curso, <\/span><span style=\"font-size: 10.5pt;font-family: Lato, sans-serif\">laborat\u00f3rios<\/span><span style=\"font-size: 10.5pt;font-family: Lato, sans-serif\">, anfiteatro, alojamento estudantil, copa acad\u00eamica, <\/span><span style=\"font-size: 10.5pt;font-family: Lato, sans-serif\">brinquedoteca ind\u00edgena, \u00e1rea de conviv\u00eancia<\/span><span style=\"font-size: 10.5pt;font-family: Lato, sans-serif\"> e quadra poliesportiva<\/span><span style=\"font-size: 10.5pt;font-family: Lato, sans-serif\">, al\u00e9m da Pantanal Incubadora Mista de Empresas \u2013 PIME \u2013 e o Centro de Documenta\u00e7\u00e3o Hist\u00f3rica \u2013 CEDHIS.<\/span><\/span><\/p>\n<p style=\"text-align: justify;margin: 0cm 0cm 7.9pt 0cm\"><span style=\"color: #000000\"><span style=\"font-size: 10.5pt;font-family: Lato, sans-serif\">Na unidade II, localizada na <\/span><span style=\"font-size: 10.5pt;font-family: Lato, sans-serif\">Rua<\/span><span style=\"font-size: 10.5pt;font-family: Lato, sans-serif\"> Oscar Trindade de Barros, 740, Bairro Serraria, atualmente funcionam todos os demais cursos de gradua\u00e7\u00e3o, al\u00e9m das unidades administrativas, laborat\u00f3rios, <\/span><span style=\"font-size: 10.5pt;font-family: Lato, sans-serif\">audit\u00f3rio, salas de professores, sala de atendimento psicopedag\u00f3gico<\/span><span style=\"font-size: 10.5pt;font-family: Lato, sans-serif\">, coordena\u00e7\u00f5es de curso de gradua\u00e7\u00e3o, <\/span><span style=\"font-size: 10.5pt;font-family: Lato, sans-serif\">biblioteca, copa, Espa\u00e7o Conviva, Restaurante Universit\u00e1rio e a Dire\u00e7\u00e3o do Campus.<\/span><\/span><\/p>\n<p style=\"text-align: justify;margin: 0cm 0cm 7.9pt 0cm\"><span style=\"color: #000000\"><span style=\"font-size: 10.5pt;font-family: Lato, sans-serif\">Na unidade III, localizada na rua Pandi\u00e1 Cal\u00f3geras, 387 \u2013 Centro, hoje funciona <\/span><span style=\"font-size: 10.5pt;font-family: Lato, sans-serif\">o Centro Cultural do Campus de Aquidauana.<\/span><\/span><\/p>\n<p style=\"text-align: justify;margin: 0cm 0cm 7.9pt 0cm\"><span style=\"color: #000000\"><span style=\"font-size: 10.5pt;font-family: Lato, sans-serif\">O CPAQ funciona atualmente com os seguintes cursos superiores de gradua\u00e7\u00e3o: Administra\u00e7\u00e3o, Ci\u00eancias Biol\u00f3gicas, Geografia \u2013 Bacharelado, Geografia \u2013 Licenciatura, Hist\u00f3ria, Letras com Habilita\u00e7\u00e3o em Portugu\u00eas\/Espanhol, Letras com Habilita\u00e7\u00e3o em Portugu\u00eas\/Ingl\u00eas, Licenciatura Intercultural Ind\u00edgena, Matem\u00e1tica, Pedagogia <\/span><span style=\"font-size: 10.5pt;font-family: Lato, sans-serif\">e Pedagogia Intercultural Ind\u00edgena.<\/span><\/span><\/p>\n<p style=\"text-align: justify;margin: 0cm 0cm 7.9pt 0cm\"><span style=\"font-size: 10.5pt;font-family: Lato, sans-serif;color: #000000\">O CPAQ conta com dois programas de Mestrado: Programa de P\u00f3s-Gradua\u00e7\u00e3o Mestrado em Geografia e o Programa de P\u00f3s-Gradua\u00e7\u00e3o em Estudos Culturais.<\/span><\/p>\n<p><a href=\"https:\/\/www.ufms.br\/universidade\/historico\/\">Hist\u00f3rico da UFMS<\/a><\/p>\n<p><a href=\"https:\/\/www.youtube.com\/watch?v=mwZ0Kt2Rl08\">V\u00eddeo institucional da UFMS<\/a><\/p>\n","protected":false},"excerpt":{"rendered":"<p>O Campus de Aquidauana da UFMS (CPAQ) teve seu in\u00edcio com o requerimento do vereador Pl\u00ednio de Arruda Leite, solicitando, na sess\u00e3o da C\u00e2mara de Vereadores, de 24 de abril de 1970, a cria\u00e7\u00e3o da Faculdade de Filosofia em Aquidauana (MS). Em 27 de abril de 1970, este pedido foi encaminhado ao Secret\u00e1rio de Estado [&hellip;]<\/p>\n","protected":false},"author":1449,"featured_media":0,"parent":30416,"menu_order":0,"comment_status":"closed","ping_status":"closed","template":"","meta":{"footnotes":""},"coauthors":[],"class_list":["post-32541","page","type-page","status-publish","hentry"],"_links":{"self":[{"href":"https:\/\/cpaq.ufms.br\/en\/wp-json\/wp\/v2\/pages\/32541","targetHints":{"allow":["GET"]}}],"collection":[{"href":"https:\/\/cpaq.ufms.br\/en\/wp-json\/wp\/v2\/pages"}],"about":[{"href":"https:\/\/cpaq.ufms.br\/en\/wp-json\/wp\/v2\/types\/page"}],"author":[{"embeddable":true,"href":"https:\/\/cpaq.ufms.br\/en\/wp-json\/wp\/v2\/users\/1449"}],"replies":[{"embeddable":true,"href":"https:\/\/cpaq.ufms.br\/en\/wp-json\/wp\/v2\/comments?post=32541"}],"version-history":[{"count":9,"href":"https:\/\/cpaq.ufms.br\/en\/wp-json\/wp\/v2\/pages\/32541\/revisions"}],"predecessor-version":[{"id":36426,"href":"https:\/\/cpaq.ufms.br\/en\/wp-json\/wp\/v2\/pages\/32541\/revisions\/36426"}],"up":[{"embeddable":true,"href":"https:\/\/cpaq.ufms.br\/en\/wp-json\/wp\/v2\/pages\/30416"}],"wp:attachment":[{"href":"https:\/\/cpaq.ufms.br\/en\/wp-json\/wp\/v2\/media?parent=32541"}],"wp:term":[{"taxonomy":"author","embeddable":true,"href":"https:\/\/cpaq.ufms.br\/en\/wp-json\/wp\/v2\/coauthors?post=32541"}],"curies":[{"name":"wp","href":"https:\/\/api.w.org\/{rel}","templated":true}]}}