{"id":31814,"date":"2022-10-07T09:28:27","date_gmt":"2022-10-07T13:28:27","guid":{"rendered":"https:\/\/cpaq.ufms.br\/?page_id=31814"},"modified":"2025-07-08T11:01:32","modified_gmt":"2025-07-08T15:01:32","slug":"pedagogia-documentos","status":"publish","type":"page","link":"https:\/\/cpaq.ufms.br\/en\/pedagogia\/pedagogia-documentos\/","title":{"rendered":"Pedagogia &#8211; Documentos"},"content":{"rendered":"<div class=\"panel panel-info\"><div class=\"panel-heading\">Documentos<\/div><div class=\"panel-body\">\n<p data-uw-styling-context=\"true\"><a href=\"https:\/\/drive.google.com\/file\/d\/1CSCWbmrUDjit6-Bu2x-A3sbaQdjU7B3u\/view?usp=sharing\">PROJETO PEDAG\u00d3GICO CURSO DE PEDAGOGIA 2025<\/a><\/p>\n<p data-uw-styling-context=\"true\"><a href=\"https:\/\/drive.google.com\/file\/d\/1JnTzxkBsZqTSrbbwRHUb0a7qk2TwCaxI\/view?usp=sharing\">MANUAL DE ELABORA\u00c7\u00c3O DE TCC E DISSERTA\u00c7\u00d5ES<\/a><\/p>\n<p data-uw-styling-context=\"true\"><a href=\"https:\/\/boletimoficial.ufms.br\/bse\/publicacao?id=528377\">PLANO DE A\u00c7\u00c3O DA COORDENA\u00c7\u00c3O DE CURSO\u00a0<\/a><\/p>\n<p data-uw-styling-context=\"true\"><a href=\"https:\/\/boletimoficial.ufms.br\/bse\/publicacao?id=549382\">RELAT\u00d3RIO PARCIAL DO PLANO DE A\u00c7\u00c3O DA COORDENA\u00c7\u00c3O DE CURSO<\/a><\/p>\n<\/div><\/div>\n<div class=\"panel panel-info\"><div class=\"panel-heading\">Est\u00e1gio<\/div><div class=\"panel-body\">\n<p data-uw-styling-context=\"true\"><a href=\"https:\/\/cpaq.ufms.br\/files\/2024\/10\/MANUAL-DE-ESTAGIO-SUPERVISIONADO-NO-CURSO-DE-PEDAGOGIACorreto.pdf\">MANUAL DE EST\u00c1GIO SUPERVISIONADO<\/a><\/p>\n<p data-uw-styling-context=\"true\">REGULAMENTO DE EST\u00c1GIO DO CURSO DE PEDAGOGIA DO CPAQ<\/p>\n<p data-uw-styling-context=\"true\">PLANO DE ATIVIDADES DO ESTAGI\u00c1RIO<\/p>\n<p data-uw-styling-context=\"true\">RELAT\u00d3RIO DE EST\u00c1GIO<\/p>\n<\/div><\/div>\n<div class=\"panel panel-info\"><div class=\"panel-heading\">Formul\u00e1rios<\/div><div class=\"panel-body\">\n<p>ACEITE: ORIENTA\u00c7\u00c3O DE TCC<\/p>\n<p data-uw-styling-context=\"true\">TABELA DE ATIVIDADES COMPLEMENTARES<\/p>\n<\/div><\/div>\n<div class=\"panel panel-info\"><div class=\"panel-heading\">Regulamentos<\/div><div class=\"panel-body\">\n<p data-uw-styling-context=\"true\">REGULAMENTO DE TRABALHO DE CONCLUS\u00c3O DE CURSO de PEDAGOGIA<\/p>\n<p data-uw-styling-context=\"true\">REGULAMENTO DE EST\u00c1GIO N\u00c3O OBRIGAT\u00d3RIO DO CURSO DE PEDAGOGIA<\/p>\n<\/div><\/div>\n<p data-uw-styling-context=\"true\">\n","protected":false},"excerpt":{"rendered":"","protected":false},"author":1449,"featured_media":0,"parent":31807,"menu_order":0,"comment_status":"closed","ping_status":"closed","template":"page-templates\/page-coordenadorias.php","meta":{"footnotes":""},"coauthors":[79],"class_list":["post-31814","page","type-page","status-publish","hentry"],"_links":{"self":[{"href":"https:\/\/cpaq.ufms.br\/en\/wp-json\/wp\/v2\/pages\/31814","targetHints":{"allow":["GET"]}}],"collection":[{"href":"https:\/\/cpaq.ufms.br\/en\/wp-json\/wp\/v2\/pages"}],"about":[{"href":"https:\/\/cpaq.ufms.br\/en\/wp-json\/wp\/v2\/types\/page"}],"author":[{"embeddable":true,"href":"https:\/\/cpaq.ufms.br\/en\/wp-json\/wp\/v2\/users\/1449"}],"replies":[{"embeddable":true,"href":"https:\/\/cpaq.ufms.br\/en\/wp-json\/wp\/v2\/comments?post=31814"}],"version-history":[{"count":7,"href":"https:\/\/cpaq.ufms.br\/en\/wp-json\/wp\/v2\/pages\/31814\/revisions"}],"predecessor-version":[{"id":37437,"href":"https:\/\/cpaq.ufms.br\/en\/wp-json\/wp\/v2\/pages\/31814\/revisions\/37437"}],"up":[{"embeddable":true,"href":"https:\/\/cpaq.ufms.br\/en\/wp-json\/wp\/v2\/pages\/31807"}],"wp:attachment":[{"href":"https:\/\/cpaq.ufms.br\/en\/wp-json\/wp\/v2\/media?parent=31814"}],"wp:term":[{"taxonomy":"author","embeddable":true,"href":"https:\/\/cpaq.ufms.br\/en\/wp-json\/wp\/v2\/coauthors?post=31814"}],"curies":[{"name":"wp","href":"https:\/\/api.w.org\/{rel}","templated":true}]}}