{"id":31807,"date":"2022-10-07T09:10:10","date_gmt":"2022-10-07T13:10:10","guid":{"rendered":"https:\/\/cpaq.ufms.br\/?page_id=31807"},"modified":"2026-02-20T22:11:17","modified_gmt":"2026-02-21T02:11:17","slug":"pedagogia","status":"publish","type":"page","link":"https:\/\/cpaq.ufms.br\/en\/pedagogia\/","title":{"rendered":"Pedagogia"},"content":{"rendered":"<div class=\"row\">\n<div class=\"col-md-8\">\n<div class=\"alert alert-info\" role=\"alert\"><strong>Inicio de Funcionamento: 2002<\/strong><\/div>\n<\/div>\n<div class=\"col-md-4\">\n<div class=\"alert alert-info\" role=\"alert\"><strong>Conceito: 05\/2025<\/strong><\/div>\n<\/div>\n<\/div>\n<div class=\"panel panel-info\"><div class=\"panel-body\">\n<div class=\"row\"><\/div>\n<div class=\"col-md-6\">\n<div class=\"panel-group\" id=\"custom-collapse-0\">\n<div class=\"panel panel-default\">\n\t\t\t\t<div class=\"panel-heading\">\n\t\t\t\t\t<h4 class=\"panel-title\">\n\t\t\t\t\t\t<a class=\"collapsed\" data-toggle=\"collapse\" data-parent=\"#custom-collapse-0\" href=\"#custom-collapse-0-0\">Docentes<\/a>\n\t\t\t\t\t<\/h4>\n\t\t\t\t<\/div>\n\t\t\t\t<div id=\"custom-collapse-0-0\" class=\"panel-collapse collapse\">\n\t\t\t\t\t<div class=\"panel-body\">\n<p>Veja a lista de docentes do curso de Pedagogia <a href=\"https:\/\/cpaq.ufms.br\/pedagogia\/pedagogia-docentes\/\">Aqui<\/a><\/p>\n<\/div>\n\t\t\t\t<\/div>\n\t\t\t<\/div>\n<div class=\"panel panel-default\">\n\t\t\t\t<div class=\"panel-heading\">\n\t\t\t\t\t<h4 class=\"panel-title\">\n\t\t\t\t\t\t<a class=\"collapsed\" data-toggle=\"collapse\" data-parent=\"#custom-collapse-0\" href=\"#custom-collapse-0-1\">Documentos<\/a>\n\t\t\t\t\t<\/h4>\n\t\t\t\t<\/div>\n\t\t\t\t<div id=\"custom-collapse-0-1\" class=\"panel-collapse collapse\">\n\t\t\t\t\t<div class=\"panel-body\">\n<p>Portf\u00f3lio do Curso de Pedagogia, <a href=\"https:\/\/drive.google.com\/file\/d\/1Rfkpk2PTZHFV_Q-00BIS98PtLs4moApV\/view?usp=sharing\">Acesse Aqui<\/a><\/p>\n<p>Acesse os documentos referentes ao curso de Pedagogia do campus de Aquidauana, <a href=\"https:\/\/cpaq.ufms.br\/pedagogia\/pedagogia-documentos\/\">Aqui<\/a><\/p>\n<p>Acesse aos documentos gerais dos cursos de gradua\u00e7\u00e3o da UFMS, <a href=\"https:\/\/cpaq.ufms.br\/modelo-documentos-gerais-graduacao\/\">Aqui<\/a><\/p>\n<\/div>\n\t\t\t\t<\/div>\n\t\t\t<\/div>\n<div class=\"panel panel-default\">\n\t\t\t\t<div class=\"panel-heading\">\n\t\t\t\t\t<h4 class=\"panel-title\">\n\t\t\t\t\t\t<a class=\"collapsed\" data-toggle=\"collapse\" data-parent=\"#custom-collapse-0\" href=\"#custom-collapse-0-2\">Grade Curricular<\/a>\n\t\t\t\t\t<\/h4>\n\t\t\t\t<\/div>\n\t\t\t\t<div id=\"custom-collapse-0-2\" class=\"panel-collapse collapse\">\n\t\t\t\t\t<div class=\"panel-body\">\n<p>Veja a grade curricular do seu curso: <a href=\"https:\/\/ensino.ufms.br\/cursos\/grade\/0457\" target=\"_blank\" rel=\"noopener\">Acesse Aqui<\/a><\/p>\n<\/div>\n\t\t\t\t<\/div>\n\t\t\t<\/div>\n<div class=\"panel panel-default\">\n\t\t\t\t<div class=\"panel-heading\">\n\t\t\t\t\t<h4 class=\"panel-title\">\n\t\t\t\t\t\t<a class=\"collapsed\" data-toggle=\"collapse\" data-parent=\"#custom-collapse-0\" href=\"#custom-collapse-0-3\">TCC, Publica\u00e7\u00f5es e Pesquisas<\/a>\n\t\t\t\t\t<\/h4>\n\t\t\t\t<\/div>\n\t\t\t\t<div id=\"custom-collapse-0-3\" class=\"panel-collapse collapse\">\n\t\t\t\t\t<div class=\"panel-body\">\n<p>Acesse a revista, nossos TCCs e pesquisas, <a href=\"https:\/\/cpaq.ufms.br\/pedagogia\/pedagogia-publicacoes\/\">Aqui<\/a><\/p>\n<\/div>\n\t\t\t\t<\/div>\n\t\t\t<\/div>\n<\/div>\n<\/div>\n<div class=\"col-md-6\">\n<div class=\"panel-group\" id=\"custom-collapse-1\">\n<div class=\"panel panel-default\">\n\t\t\t\t<div class=\"panel-heading\">\n\t\t\t\t\t<h4 class=\"panel-title\">\n\t\t\t\t\t\t<a class=\"collapsed\" data-toggle=\"collapse\" data-parent=\"#custom-collapse-1\" href=\"#custom-collapse-1-4\">Hor\u00e1rios<\/a>\n\t\t\t\t\t<\/h4>\n\t\t\t\t<\/div>\n\t\t\t\t<div id=\"custom-collapse-1-4\" class=\"panel-collapse collapse\">\n\t\t\t\t\t<div class=\"panel-body\">\n<p>Acesse os Hor\u00e1rios de Aula &#8211; <a href=\"https:\/\/drive.google.com\/file\/d\/1nF6sOQw-7Z2yd9rsEcA8CGUAqpHRwJE8\/view?usp=drivesdk\">AQUI<\/a><\/p>\n<\/div>\n\t\t\t\t<\/div>\n\t\t\t<\/div>\n<div class=\"panel panel-default\">\n\t\t\t\t<div class=\"panel-heading\">\n\t\t\t\t\t<h4 class=\"panel-title\">\n\t\t\t\t\t\t<a class=\"collapsed\" data-toggle=\"collapse\" data-parent=\"#custom-collapse-1\" href=\"#custom-collapse-1-5\">Hist\u00f3rico do Curso<\/a>\n\t\t\t\t\t<\/h4>\n\t\t\t\t<\/div>\n\t\t\t\t<div id=\"custom-collapse-1-5\" class=\"panel-collapse collapse\">\n\t\t\t\t\t<div class=\"panel-body\">\n<p>Conhe\u00e7a um pouco mais sobre o curso de Pedagogia do campus de Aquidauana. <a href=\"https:\/\/cpaq.ufms.br\/pedagogia\/pedagogia-sobre-o-curso\/\">Aqui<\/a><\/p>\n<\/div>\n\t\t\t\t<\/div>\n\t\t\t<\/div>\n<div class=\"panel panel-default\">\n\t\t\t\t<div class=\"panel-heading\">\n\t\t\t\t\t<h4 class=\"panel-title\">\n\t\t\t\t\t\t<a class=\"collapsed\" data-toggle=\"collapse\" data-parent=\"#custom-collapse-1\" href=\"#custom-collapse-1-6\">Projetos e Linhas tem\u00e1ticas<\/a>\n\t\t\t\t\t<\/h4>\n\t\t\t\t<\/div>\n\t\t\t\t<div id=\"custom-collapse-1-6\" class=\"panel-collapse collapse\">\n\t\t\t\t\t<div class=\"panel-body\">\n<p>Veja mais sobre os projetos e as orienta\u00e7\u00f5es acad\u00eamicas dos docentes do curso <a href=\"https:\/\/cpaq.ufms.br\/pedagogia\/pedagogia-projetos-e-orientacoes\/\">Clique Aqui<\/a><\/p>\n<\/div>\n\t\t\t\t<\/div>\n\t\t\t<\/div>\n<div class=\"panel panel-default\">\n\t\t\t\t<div class=\"panel-heading\">\n\t\t\t\t\t<h4 class=\"panel-title\">\n\t\t\t\t\t\t<a class=\"collapsed\" data-toggle=\"collapse\" data-parent=\"#custom-collapse-1\" href=\"#custom-collapse-1-7\">Laborat\u00f3rios<\/a>\n\t\t\t\t\t<\/h4>\n\t\t\t\t<\/div>\n\t\t\t\t<div id=\"custom-collapse-1-7\" class=\"panel-collapse collapse\">\n\t\t\t\t\t<div class=\"panel-body\">\n<p>Clique e veja a lista de laborat\u00f3rios do campus de Aquidauana. <a href=\"https:\/\/cpaq.ufms.br\/laboratorio-de-informatica\/\">Clique Aqui<\/a><\/p>\n<p>Clique e veja a lista de laborat\u00f3rios do curso de Pedagogia. <a href=\"https:\/\/cpaq.ufms.br\/pedagogia\/pedagogia-laboratorios-do-curso\/\">Clique Aqui<\/a><\/p>\n<\/div>\n\t\t\t\t<\/div>\n\t\t\t<\/div>\n<\/div>\n<\/div>\n<\/div><\/div>\n","protected":false},"excerpt":{"rendered":"","protected":false},"author":1449,"featured_media":5180,"parent":0,"menu_order":0,"comment_status":"closed","ping_status":"closed","template":"page-templates\/page-coordenadorias.php","meta":{"footnotes":""},"coauthors":[79],"class_list":["post-31807","page","type-page","status-publish","has-post-thumbnail","hentry"],"_links":{"self":[{"href":"https:\/\/cpaq.ufms.br\/en\/wp-json\/wp\/v2\/pages\/31807","targetHints":{"allow":["GET"]}}],"collection":[{"href":"https:\/\/cpaq.ufms.br\/en\/wp-json\/wp\/v2\/pages"}],"about":[{"href":"https:\/\/cpaq.ufms.br\/en\/wp-json\/wp\/v2\/types\/page"}],"author":[{"embeddable":true,"href":"https:\/\/cpaq.ufms.br\/en\/wp-json\/wp\/v2\/users\/1449"}],"replies":[{"embeddable":true,"href":"https:\/\/cpaq.ufms.br\/en\/wp-json\/wp\/v2\/comments?post=31807"}],"version-history":[{"count":34,"href":"https:\/\/cpaq.ufms.br\/en\/wp-json\/wp\/v2\/pages\/31807\/revisions"}],"predecessor-version":[{"id":38580,"href":"https:\/\/cpaq.ufms.br\/en\/wp-json\/wp\/v2\/pages\/31807\/revisions\/38580"}],"wp:featuredmedia":[{"embeddable":true,"href":"https:\/\/cpaq.ufms.br\/en\/wp-json\/wp\/v2\/media\/5180"}],"wp:attachment":[{"href":"https:\/\/cpaq.ufms.br\/en\/wp-json\/wp\/v2\/media?parent=31807"}],"wp:term":[{"taxonomy":"author","embeddable":true,"href":"https:\/\/cpaq.ufms.br\/en\/wp-json\/wp\/v2\/coauthors?post=31807"}],"curies":[{"name":"wp","href":"https:\/\/api.w.org\/{rel}","templated":true}]}}