{"id":31768,"date":"2022-10-03T15:44:25","date_gmt":"2022-10-03T19:44:25","guid":{"rendered":"https:\/\/cpaq.ufms.br\/?page_id=31768"},"modified":"2025-05-27T16:36:13","modified_gmt":"2025-05-27T20:36:13","slug":"agendamentos-de-laboratorios-unidade-ii","status":"publish","type":"page","link":"https:\/\/cpaq.ufms.br\/en\/00-novos\/agendamentos-laboratorios-cpaq-unidade-ii\/agendamentos-de-laboratorios-unidade-ii\/","title":{"rendered":"Agendamentos de Laborat\u00f3rios &#8211; Unidade II"},"content":{"rendered":"<p>Para ver esse formul\u00e1rio voc\u00ea precisa fazer o login na barra do lado direito com o seu <b>pasaporte UFMS<\/b>.<\/br>\r\nSe voc\u00ea ainda n\u00e3o possui o passaporte clique no link:\r\n<a href=\"https:\/\/passaporte.ufms.br\"><\/a><\/p>\n","protected":false},"excerpt":{"rendered":"","protected":false},"author":1449,"featured_media":0,"parent":30159,"menu_order":0,"comment_status":"closed","ping_status":"closed","template":"page-templates\/page-coordenadorias.php","meta":{"footnotes":""},"coauthors":[79],"class_list":["post-31768","page","type-page","status-publish","hentry"],"_links":{"self":[{"href":"https:\/\/cpaq.ufms.br\/en\/wp-json\/wp\/v2\/pages\/31768","targetHints":{"allow":["GET"]}}],"collection":[{"href":"https:\/\/cpaq.ufms.br\/en\/wp-json\/wp\/v2\/pages"}],"about":[{"href":"https:\/\/cpaq.ufms.br\/en\/wp-json\/wp\/v2\/types\/page"}],"author":[{"embeddable":true,"href":"https:\/\/cpaq.ufms.br\/en\/wp-json\/wp\/v2\/users\/1449"}],"replies":[{"embeddable":true,"href":"https:\/\/cpaq.ufms.br\/en\/wp-json\/wp\/v2\/comments?post=31768"}],"version-history":[{"count":4,"href":"https:\/\/cpaq.ufms.br\/en\/wp-json\/wp\/v2\/pages\/31768\/revisions"}],"predecessor-version":[{"id":37228,"href":"https:\/\/cpaq.ufms.br\/en\/wp-json\/wp\/v2\/pages\/31768\/revisions\/37228"}],"up":[{"embeddable":true,"href":"https:\/\/cpaq.ufms.br\/en\/wp-json\/wp\/v2\/pages\/30159"}],"wp:attachment":[{"href":"https:\/\/cpaq.ufms.br\/en\/wp-json\/wp\/v2\/media?parent=31768"}],"wp:term":[{"taxonomy":"author","embeddable":true,"href":"https:\/\/cpaq.ufms.br\/en\/wp-json\/wp\/v2\/coauthors?post=31768"}],"curies":[{"name":"wp","href":"https:\/\/api.w.org\/{rel}","templated":true}]}}