{"id":31603,"date":"2022-09-08T10:43:07","date_gmt":"2022-09-08T14:43:07","guid":{"rendered":"https:\/\/cpaq.ufms.br\/?page_id=31603"},"modified":"2025-12-15T13:33:20","modified_gmt":"2025-12-15T17:33:20","slug":"restaurante-universitario","status":"publish","type":"page","link":"https:\/\/cpaq.ufms.br\/en\/00-novos\/restaurante-universitario\/","title":{"rendered":"Restaurante Universit\u00e1rio"},"content":{"rendered":"<div class=\"panel panel-info\"><div class=\"panel-heading\">Unidade CPAQ II<\/div><div class=\"panel-body\"><\/div><\/div>\n<div dir=\"ltr\">\n<div style=\"text-align: justify\"><strong>\u00a0<\/strong><\/div>\n<div style=\"text-align: justify\"><strong>Quem pode participar e como se cadastrar?<\/strong><\/div>\n<div>\n<p style=\"text-align: justify\">Para utilizar o Restaurante Universit\u00e1rio com subs\u00eddio \u00e9 necess\u00e1rio:<\/p>\n<p style=\"text-align: justify\">I \u2013 estar regularmente matriculado nos cursos de gradua\u00e7\u00e3o e\/ou de p\u00f3s-gradua\u00e7\u00e3o\u00a0<strong>stricto sensu\u00a0<\/strong>da UFMS;<\/p>\n<p style=\"text-align: justify\">II \u2013 preencher o \u201cPerfil do Estudante\u201d do estudante de gradua\u00e7\u00e3o por meio do Sistema Acad\u00eamico (<a href=\"https:\/\/siscad.ufms.br\/\" target=\"_blank\" rel=\"noopener\" data-saferedirecturl=\"https:\/\/www.google.com\/url?q=https:\/\/siscad.ufms.br\/&amp;source=gmail&amp;ust=1742060172095000&amp;usg=AOvVaw2OChnuY9BY3RMQcQUH210h\">https:\/\/siscad.ufms.br\/<\/a>) ou do estudante de p\u00f3s-gradua\u00e7\u00e3o por meio do Sistema de P\u00f3s-Gradua\u00e7\u00e3o (<a href=\"https:\/\/posgraduacao.ufms.br\/portal\" target=\"_blank\" rel=\"noopener\" data-saferedirecturl=\"https:\/\/www.google.com\/url?q=https:\/\/posgraduacao.ufms.br\/portal&amp;source=gmail&amp;ust=1742060172095000&amp;usg=AOvVaw2gpZkQ7gJMr7a_x6H0c5f3\">https:\/\/posgraduacao.ufms.br\/portal<\/a>) \u00a0anexando \u00e0 Folha Resumo do Cadastro \u00danico \u2013 Cad\u00danico;<\/p>\n<p style=\"text-align: justify\">III \u2013 possuir a identidade estudantil da UFMS (<a href=\"https:\/\/proaes.ufms.br\/identidade\/\" target=\"_blank\" rel=\"noopener\" data-saferedirecturl=\"https:\/\/www.google.com\/url?q=https:\/\/proaes.ufms.br\/identidade\/&amp;source=gmail&amp;ust=1742060172095000&amp;usg=AOvVaw21Z50hZ7Jdrbz7Q2g6UT4b\">https:\/\/proaes.ufms.br\/identidade\/<\/a>); e<\/p>\n<p style=\"text-align: justify\">IV \u2013 Preencher o formul\u00e1rio de acesso aos Restaurantes Universit\u00e1rios dispon\u00edvel no link:\u00a0<a href=\"https:\/\/proaes.ufms.br\/acesso-ao-ru\/\" target=\"_blank\" rel=\"noopener\" data-saferedirecturl=\"https:\/\/www.google.com\/url?q=https:\/\/proaes.ufms.br\/acesso-ao-ru\/&amp;source=gmail&amp;ust=1742060172096000&amp;usg=AOvVaw0IG_bHRAeAw6c5ECs5p7YY\">https:\/\/proaes.ufms.br\/acesso-ao-ru\/<\/a>.<\/p>\n<p style=\"text-align: justify\"><a href=\"https:\/\/proaes.ufms.br\/acesso-ao-ru\/\" target=\"_blank\" rel=\"noopener\" data-saferedirecturl=\"https:\/\/www.google.com\/url?q=https:\/\/proaes.ufms.br\/acesso-ao-ru\/&amp;source=gmail&amp;ust=1742060172096000&amp;usg=AOvVaw0IG_bHRAeAw6c5ECs5p7YY\">Acesso ao RU \u2013 Solicite Aqui<\/a><\/p>\n<p style=\"text-align: justify\"><a href=\"https:\/\/www.ufms.br\/restaurante-universitario-guia-pratico\/\" target=\"_blank\" rel=\"noopener\" data-saferedirecturl=\"https:\/\/www.google.com\/url?q=https:\/\/www.ufms.br\/restaurante-universitario-guia-pratico\/&amp;source=gmail&amp;ust=1742060172096000&amp;usg=AOvVaw0Ap44itiOGgxRH9CjEBNtt\">Guia Pr\u00e1tico do RU<\/a><\/p>\n<p style=\"text-align: justify\">Como proceder em casos de suspeita de intoxica\u00e7\u00e3o alimentar? Acesse o\u00a0<strong>link<\/strong>\u00a0abaixo:<\/p>\n<p style=\"text-align: justify\"><a href=\"https:\/\/docs.google.com\/forms\/d\/e\/1FAIpQLScNi65MsWw_uiQvnq8Hi7We-1IlPSUwpxejq6mHQAbYD9Igwg\/viewform\" target=\"_blank\" rel=\"noopener\" data-saferedirecturl=\"https:\/\/www.google.com\/url?q=https:\/\/docs.google.com\/forms\/d\/e\/1FAIpQLScNi65MsWw_uiQvnq8Hi7We-1IlPSUwpxejq6mHQAbYD9Igwg\/viewform&amp;source=gmail&amp;ust=1742060172096000&amp;usg=AOvVaw2wTo6oDK-4ZVuDMycHyFyK\">Formul\u00e1rio para suspeita de intoxica\u00e7\u00e3o alimentar<\/a><\/p>\n<\/div>\n<\/div>\n<div dir=\"ltr\"><\/div>\n<div dir=\"ltr\"><\/div>\n<p style=\"text-align: justify\"><strong>Hor\u00e1rios de Funcionamento:\u00a0<\/strong><\/p>\n<ul style=\"text-align: justify\">\n<li>Caf\u00e9 da manh\u00e3: Segunda a sexta-feira, das 7h \u00e0s 9h;<\/li>\n<li>Almo\u00e7o: Segunda a sexta-feira, das 11h \u00e0s 14h;<\/li>\n<li>Jantar: Segunda a sexta-feira, das 18h \u00e0s 21h.<\/li>\n<\/ul>\n<p><strong>Valores (Caf\u00e9 da Manh\u00e3):<\/strong><\/p>\n<ul>\n<li>Estudante de gradua\u00e7\u00e3o ou p\u00f3s-gradua\u00e7\u00e3o vulner\u00e1vel: R$ 1,00;<\/li>\n<li>Estudante de gradua\u00e7\u00e3o ou p\u00f3s-gradua\u00e7\u00e3o n\u00e3o vulner\u00e1vel: R$ 4,78;<\/li>\n<li>Servidor\/Colaborador Terceirizado\/Comunidade Externa: R$ 4,78.<\/li>\n<\/ul>\n<p style=\"text-align: justify\"><strong>Valores (Almo\u00e7o):<\/strong><\/p>\n<ul>\n<li>Estudante de gradua\u00e7\u00e3o ou p\u00f3s-gradua\u00e7\u00e3o vulner\u00e1vel: R$ 3,00;<\/li>\n<li>Estudante de gradua\u00e7\u00e3o ou p\u00f3s-gradua\u00e7\u00e3o n\u00e3o vulner\u00e1vel: R$ 14,04;<\/li>\n<li>Servidor\/Colaborador Terceirizado\/Comunidade Externa: R$ 14,04.<\/li>\n<\/ul>\n<p><strong>Valores (Almo\u00e7o Jantar):<\/strong><\/p>\n<ul>\n<li>Estudante de gradua\u00e7\u00e3o ou p\u00f3s-gradua\u00e7\u00e3o vulner\u00e1vel: R$ 3,00;<\/li>\n<li>Estudante de gradua\u00e7\u00e3o ou p\u00f3s-gradua\u00e7\u00e3o n\u00e3o vulner\u00e1vel: R$ 14,00;<\/li>\n<li>Servidor\/Colaborador Terceirizado\/Comunidade Externa: R$ 14,00.<\/li>\n<\/ul>\n<p><a class=\"btn btn-primary btn-block\" style=\"color: #fff;border-color: #007299\" href=\"https:\/\/cpaq.ufms.br\/category\/restaurante-universitario\">Card\u00e1pio da Semana<\/a><\/p>\n<p><!-- [pdf-embedder url=\"https:\/\/cpaq.ufms.br\/files\/2024\/06\/Cardapio-24-06-28-06.pdf\" title=\"Cardapio 24-06-28-06\"] --><\/p>\n","protected":false},"excerpt":{"rendered":"<p>\u00a0 Quem pode participar e como se cadastrar? Para utilizar o Restaurante Universit\u00e1rio com subs\u00eddio \u00e9 necess\u00e1rio: I \u2013 estar regularmente matriculado nos cursos de gradua\u00e7\u00e3o e\/ou de p\u00f3s-gradua\u00e7\u00e3o\u00a0stricto sensu\u00a0da UFMS; II \u2013 preencher o \u201cPerfil do Estudante\u201d do estudante de gradua\u00e7\u00e3o por meio do Sistema Acad\u00eamico (https:\/\/siscad.ufms.br\/) ou do estudante de p\u00f3s-gradua\u00e7\u00e3o por meio [&hellip;]<\/p>\n","protected":false},"author":1449,"featured_media":30611,"parent":30416,"menu_order":0,"comment_status":"closed","ping_status":"closed","template":"page-templates\/page-coordenadorias.php","meta":{"footnotes":""},"coauthors":[79],"class_list":["post-31603","page","type-page","status-publish","has-post-thumbnail","hentry"],"_links":{"self":[{"href":"https:\/\/cpaq.ufms.br\/en\/wp-json\/wp\/v2\/pages\/31603","targetHints":{"allow":["GET"]}}],"collection":[{"href":"https:\/\/cpaq.ufms.br\/en\/wp-json\/wp\/v2\/pages"}],"about":[{"href":"https:\/\/cpaq.ufms.br\/en\/wp-json\/wp\/v2\/types\/page"}],"author":[{"embeddable":true,"href":"https:\/\/cpaq.ufms.br\/en\/wp-json\/wp\/v2\/users\/1449"}],"replies":[{"embeddable":true,"href":"https:\/\/cpaq.ufms.br\/en\/wp-json\/wp\/v2\/comments?post=31603"}],"version-history":[{"count":74,"href":"https:\/\/cpaq.ufms.br\/en\/wp-json\/wp\/v2\/pages\/31603\/revisions"}],"predecessor-version":[{"id":38428,"href":"https:\/\/cpaq.ufms.br\/en\/wp-json\/wp\/v2\/pages\/31603\/revisions\/38428"}],"up":[{"embeddable":true,"href":"https:\/\/cpaq.ufms.br\/en\/wp-json\/wp\/v2\/pages\/30416"}],"wp:featuredmedia":[{"embeddable":true,"href":"https:\/\/cpaq.ufms.br\/en\/wp-json\/wp\/v2\/media\/30611"}],"wp:attachment":[{"href":"https:\/\/cpaq.ufms.br\/en\/wp-json\/wp\/v2\/media?parent=31603"}],"wp:term":[{"taxonomy":"author","embeddable":true,"href":"https:\/\/cpaq.ufms.br\/en\/wp-json\/wp\/v2\/coauthors?post=31603"}],"curies":[{"name":"wp","href":"https:\/\/api.w.org\/{rel}","templated":true}]}}