{"id":31544,"date":"2022-09-05T10:39:20","date_gmt":"2022-09-05T14:39:20","guid":{"rendered":"https:\/\/cpaq.ufms.br\/?page_id=31544"},"modified":"2025-08-21T14:23:35","modified_gmt":"2025-08-21T18:23:35","slug":"agendamentos-laboratorios-cpaq-unidade-i","status":"publish","type":"page","link":"https:\/\/cpaq.ufms.br\/en\/00-novos\/agendamentos-laboratorios-cpaq-unidade-i\/","title":{"rendered":"Agendamentos de Laborat\u00f3rios CPAQ &#8211; Unidades I"},"content":{"rendered":"<div class=\"panel panel-info\"><div class=\"panel-heading\">Reserva de Laborat\u00f3rios<\/div><div class=\"panel-body\">\n<div class=\"panel-group\" id=\"custom-collapse-0\">\n<div class=\"panel panel-default\">\n\t\t\t\t<div class=\"panel-heading\">\n\t\t\t\t\t<h4 class=\"panel-title\">\n\t\t\t\t\t\t<a class=\"collapsed\" data-toggle=\"collapse\" data-parent=\"#custom-collapse-0\" href=\"#custom-collapse-0-0\">Centro de Documenta\u00e7\u00e3o Hist\u00f3rica<\/a>\n\t\t\t\t\t<\/h4>\n\t\t\t\t<\/div>\n\t\t\t\t<div id=\"custom-collapse-0-0\" class=\"panel-collapse collapse\">\n\t\t\t\t\t<div class=\"panel-body\">\n<p>Respons\u00e1vel T\u00e9cnico: Prof. Dr. Miguel Rodrigues de Souza Neto<br \/>\nRegulamento do Laborat\u00f3rio<br \/>\nCampus de Aquidauana &#8211; Unidade 1 &#8211; Salas 05, 6 e 7<\/p>\n<p>Verifique a disponibilidade na data desejada.<\/p>\n\n<!-- iframe plugin v.5.2 wordpress.org\/plugins\/iframe\/ -->\n<iframe src=\"https:\/\/agendamentos.ufms.br\/embed\/agenda\/dVlVoEE60O\" style=\"border-width: 0; width: 100%; height: 550px\" width=\"100%\" height=\"500\" scrolling=\"yes\" class=\"iframe-class\" frameborder=\"0\"><\/iframe>\n\n<p style=\"text-align: center\"><a href=\"https:\/\/agendamentos.ufms.br\/\" class=\"btn btn-info btn-sm\">Agende seu Hor\u00e1rio<\/a>\n<\/div>\n\t\t\t\t<\/div>\n\t\t\t<\/div>\n<div class=\"panel panel-default\">\n\t\t\t\t<div class=\"panel-heading\">\n\t\t\t\t\t<h4 class=\"panel-title\">\n\t\t\t\t\t\t<a class=\"collapsed\" data-toggle=\"collapse\" data-parent=\"#custom-collapse-0\" href=\"#custom-collapse-0-1\">Laborat\u00f3rio de Ensino de Hist\u00f3ria<\/a>\n\t\t\t\t\t<\/h4>\n\t\t\t\t<\/div>\n\t\t\t\t<div id=\"custom-collapse-0-1\" class=\"panel-collapse collapse\">\n\t\t\t\t\t<div class=\"panel-body\">\n<p>Respons\u00e1vel T\u00e9cnico: Profa. Dra. Maria Neusa Goncalves Gomes de Souza<br \/>\nRegulamento do Laborat\u00f3rio<br \/>\nCampus de Aquidauana &#8211; Unidade 1 &#8211; Sala 29<\/p>\n<p>Verifique a disponibilidade na data desejada.<\/p>\n<p>Em Breve<\/p>\n<\/div>\n\t\t\t\t<\/div>\n\t\t\t<\/div>\n<div class=\"panel panel-default\">\n\t\t\t\t<div class=\"panel-heading\">\n\t\t\t\t\t<h4 class=\"panel-title\">\n\t\t\t\t\t\t<a class=\"collapsed\" data-toggle=\"collapse\" data-parent=\"#custom-collapse-0\" href=\"#custom-collapse-0-2\">Laborat\u00f3rio de Estudos da Paisagem e Percep\u00e7\u00e3o Ambiental<\/a>\n\t\t\t\t\t<\/h4>\n\t\t\t\t<\/div>\n\t\t\t\t<div id=\"custom-collapse-0-2\" class=\"panel-collapse collapse\">\n\t\t\t\t\t<div class=\"panel-body\">\n<p>Respons\u00e1vel T\u00e9cnico: Profa. Dra. Lucy ribeiro Ayach<br \/>\nRegulamento do Laborat\u00f3rio<br \/>\nCampus de Aquidauana &#8211; Unidade 1 &#8211; Sala 15<\/p>\n<p>Verifique a disponibilidade na data desejada.<\/p>\n\n<!-- iframe plugin v.5.2 wordpress.org\/plugins\/iframe\/ -->\n<iframe src=\"https:\/\/agendamentos.ufms.br\/embed\/agenda\/zqbLWG36Zp\" style=\"border-width: 0; width: 100%; height: 550px\" width=\"100%\" height=\"500\" scrolling=\"yes\" class=\"iframe-class\" frameborder=\"0\"><\/iframe>\n\n<p style=\"text-align: center\"><a href=\"https:\/\/agendamentos.ufms.br\/\" class=\"btn btn-info btn-sm\">Agende seu Hor\u00e1rio<\/a>\n<\/div>\n\t\t\t\t<\/div>\n\t\t\t<\/div>\n<div class=\"panel panel-default\">\n\t\t\t\t<div class=\"panel-heading\">\n\t\t\t\t\t<h4 class=\"panel-title\">\n\t\t\t\t\t\t<a class=\"collapsed\" data-toggle=\"collapse\" data-parent=\"#custom-collapse-0\" href=\"#custom-collapse-0-3\">Laborat\u00f3rio de Estudos em Diferen\u00e7as &amp; Linguagens (LEDLin) <\/a>\n\t\t\t\t\t<\/h4>\n\t\t\t\t<\/div>\n\t\t\t\t<div id=\"custom-collapse-0-3\" class=\"panel-collapse collapse\">\n\t\t\t\t\t<div class=\"panel-body\">\n<p>Respons\u00e1vel T\u00e9cnico: Prof. Dr. Miguel Rodrigues de Souza Neto<br \/>\nRegulamento do Laborat\u00f3rio<br \/>\nCampus de Aquidauana &#8211; Unidade 1 &#8211; Sala 13<\/p>\n<p>Verifique a disponibilidade na data desejada.<\/p>\n\n<!-- iframe plugin v.5.2 wordpress.org\/plugins\/iframe\/ -->\n<iframe src=\"https:\/\/agendamentos.ufms.br\/embed\/agenda\/OVbR4ZWleg\" style=\"border-width: 0; width: 100%; height: 550px\" width=\"100%\" height=\"500\" scrolling=\"yes\" class=\"iframe-class\" frameborder=\"0\"><\/iframe>\n\n<p style=\"text-align: center\"><a href=\"https:\/\/agendamentos.ufms.br\/\" class=\"btn btn-info btn-sm\">Agende seu Hor\u00e1rio<\/a>\n<\/div>\n\t\t\t\t<\/div>\n\t\t\t<\/div>\n<div class=\"panel panel-default\">\n\t\t\t\t<div class=\"panel-heading\">\n\t\t\t\t\t<h4 class=\"panel-title\">\n\t\t\t\t\t\t<a class=\"collapsed\" data-toggle=\"collapse\" data-parent=\"#custom-collapse-0\" href=\"#custom-collapse-0-4\">Laborat\u00f3rio de Estudos Interculturais Ind\u00edgenas<\/a>\n\t\t\t\t\t<\/h4>\n\t\t\t\t<\/div>\n\t\t\t\t<div id=\"custom-collapse-0-4\" class=\"panel-collapse collapse\">\n\t\t\t\t\t<div class=\"panel-body\">\n<p>Respons\u00e1vel T\u00e9cnico: Profa. Dra. Onilda Sanches Nincao<br \/>\nRegulamento do Laborat\u00f3rio<br \/>\nCampus de Aquidauana &#8211; Unidade 1 &#8211; Sala 34<\/p>\n<p>Verifique a disponibilidade na data desejada.<\/p>\n<p>Em Breve<\/p>\n<\/div>\n\t\t\t\t<\/div>\n\t\t\t<\/div>\n<div class=\"panel panel-default\">\n\t\t\t\t<div class=\"panel-heading\">\n\t\t\t\t\t<h4 class=\"panel-title\">\n\t\t\t\t\t\t<a class=\"collapsed\" data-toggle=\"collapse\" data-parent=\"#custom-collapse-0\" href=\"#custom-collapse-0-5\">Laborat\u00f3rio de Hist\u00f3ria Ind\u00edgena<\/a>\n\t\t\t\t\t<\/h4>\n\t\t\t\t<\/div>\n\t\t\t\t<div id=\"custom-collapse-0-5\" class=\"panel-collapse collapse\">\n\t\t\t\t\t<div class=\"panel-body\">\n<p>Respons\u00e1vel T\u00e9cnico: Profa. Dra. Iara Quelho Castro<br \/>\nRegulamento do Laborat\u00f3rio<br \/>\nCampus de Aquidauana &#8211; Unidade 1 &#8211; Sala 17<\/p>\n<p>Verifique a disponibilidade na data desejada.<\/p>\n\n<!-- iframe plugin v.5.2 wordpress.org\/plugins\/iframe\/ -->\n<iframe src=\"https:\/\/agendamentos.ufms.br\/embed\/agenda\/7V0xyVZlej\" style=\"border-width: 0; width: 100%; height: 550px\" width=\"100%\" height=\"500\" scrolling=\"yes\" class=\"iframe-class\" frameborder=\"0\"><\/iframe>\n\n<p style=\"text-align: center\"><a href=\"https:\/\/agendamentos.ufms.br\/\" class=\"btn btn-info btn-sm\">Agende seu Hor\u00e1rio<\/a>\n<\/div>\n\t\t\t\t<\/div>\n\t\t\t<\/div>\n<div class=\"panel panel-default\">\n\t\t\t\t<div class=\"panel-heading\">\n\t\t\t\t\t<h4 class=\"panel-title\">\n\t\t\t\t\t\t<a class=\"collapsed\" data-toggle=\"collapse\" data-parent=\"#custom-collapse-0\" href=\"#custom-collapse-0-6\">Laborat\u00f3rio de Pr\u00e1ticas de Gest\u00e3o<\/a>\n\t\t\t\t\t<\/h4>\n\t\t\t\t<\/div>\n\t\t\t\t<div id=\"custom-collapse-0-6\" class=\"panel-collapse collapse\">\n\t\t\t\t\t<div class=\"panel-body\">\n<p>Respons\u00e1vel T\u00e9cnico: Profa. Ana Graziele Louren\u00e7o Toledo<br \/>\nRegulamento do Laborat\u00f3rio<br \/>\nCampus de Aquidauana &#8211; Unidade 1 &#8211; Sala 23<\/p>\n<p>Verifique a disponibilidade na data desejada.<\/p>\n<p>Em Breve<\/p>\n<\/div>\n\t\t\t\t<\/div>\n\t\t\t<\/div>\n<div class=\"panel panel-default\">\n\t\t\t\t<div class=\"panel-heading\">\n\t\t\t\t\t<h4 class=\"panel-title\">\n\t\t\t\t\t\t<a class=\"collapsed\" data-toggle=\"collapse\" data-parent=\"#custom-collapse-0\" href=\"#custom-collapse-0-7\">Laborat\u00f3rio de Criatividade e Inova\u00e7\u00e3o para a Educa\u00e7\u00e3o Basica - LabCrie<\/a>\n\t\t\t\t\t<\/h4>\n\t\t\t\t<\/div>\n\t\t\t\t<div id=\"custom-collapse-0-7\" class=\"panel-collapse collapse\">\n\t\t\t\t\t<div class=\"panel-body\">\n<p>Respons\u00e1vel T\u00e9cnico: Rafael Melcher<br \/>\nRegulamento do Laborat\u00f3rio<br \/>\nCampus de Aquidauana &#8211; Unidade 1 &#8211; Sala 24<\/p>\n<p>Verifique a disponibilidade na data desejada.<\/p>\n\n<!-- iframe plugin v.5.2 wordpress.org\/plugins\/iframe\/ -->\n<iframe src=\"https:\/\/agendamentos.ufms.br\/embed\/agenda\/k2RbOg3brq\" style=\"border-width: 0; width: 100%; height: 550px\" width=\"100%\" height=\"500\" scrolling=\"yes\" class=\"iframe-class\" frameborder=\"0\"><\/iframe>\n\n<p style=\"text-align: center\"><a href=\"https:\/\/agendamentos.ufms.br\/\" class=\"btn btn-info btn-sm\">Agende seu Hor\u00e1rio<\/a>\n<\/div>\n\t\t\t\t<\/div>\n\t\t\t<\/div>\n<div class=\"panel panel-default\">\n\t\t\t\t<div class=\"panel-heading\">\n\t\t\t\t\t<h4 class=\"panel-title\">\n\t\t\t\t\t\t<a class=\"collapsed\" data-toggle=\"collapse\" data-parent=\"#custom-collapse-0\" href=\"#custom-collapse-0-8\">Redes Saberes<\/a>\n\t\t\t\t\t<\/h4>\n\t\t\t\t<\/div>\n\t\t\t\t<div id=\"custom-collapse-0-8\" class=\"panel-collapse collapse\">\n\t\t\t\t\t<div class=\"panel-body\">\n<p>Respons\u00e1vel T\u00e9cnico: Profa. Dra. Vera L\u00facia Ferreira Vargas<br \/>\nRegulamento do Laborat\u00f3rio<br \/>\nCampus de Aquidauana &#8211; Unidade 1 &#8211; Sala A11<\/p>\n<p>Verifique a disponibilidade na data desejada.<\/p>\n\n<!-- iframe plugin v.5.2 wordpress.org\/plugins\/iframe\/ -->\n<iframe src=\"https:\/\/agendamentos.ufms.br\/embed\/agenda\/Mel398ObL0\" style=\"border-width: 0; width: 100%; height: 550px\" width=\"100%\" height=\"500\" scrolling=\"yes\" class=\"iframe-class\" frameborder=\"0\"><\/iframe>\n\n<p style=\"text-align: center\"><a href=\"https:\/\/agendamentos.ufms.br\/\" class=\"btn btn-info btn-sm\">Agende seu Hor\u00e1rio<\/a>\n<\/div>\n\t\t\t\t<\/div>\n\t\t\t<\/div>\n<div class=\"panel panel-default\">\n\t\t\t\t<div class=\"panel-heading\">\n\t\t\t\t\t<h4 class=\"panel-title\">\n\t\t\t\t\t\t<a class=\"collapsed\" data-toggle=\"collapse\" data-parent=\"#custom-collapse-0\" href=\"#custom-collapse-0-9\">Observat\u00f3rio de Geoeconomia e an\u00e1lise Socioespacial regional - OBSERVA-GEO<\/a>\n\t\t\t\t\t<\/h4>\n\t\t\t\t<\/div>\n\t\t\t\t<div id=\"custom-collapse-0-9\" class=\"panel-collapse collapse\">\n\t\t\t\t\t<div class=\"panel-body\">\n<p>Respons\u00e1vel T\u00e9cnico: Prof. Dr. Fernando Rodrigo Farias<br \/>\nRegulamento do Laborat\u00f3rio<br \/>\nCampus de Aquidauana &#8211; Unidade 1 &#8211; Sala 23<\/p>\n<p>Verificar a disponibilidade<\/p>\n<p>Em Breve<\/p>\n<\/div>\n\t\t\t\t<\/div>\n\t\t\t<\/div>\n<\/div>\n<\/div><\/div>\n","protected":false},"excerpt":{"rendered":"","protected":false},"author":1449,"featured_media":0,"parent":30416,"menu_order":0,"comment_status":"closed","ping_status":"closed","template":"page-templates\/page-coordenadorias.php","meta":{"footnotes":""},"coauthors":[79],"class_list":["post-31544","page","type-page","status-publish","hentry"],"_links":{"self":[{"href":"https:\/\/cpaq.ufms.br\/en\/wp-json\/wp\/v2\/pages\/31544","targetHints":{"allow":["GET"]}}],"collection":[{"href":"https:\/\/cpaq.ufms.br\/en\/wp-json\/wp\/v2\/pages"}],"about":[{"href":"https:\/\/cpaq.ufms.br\/en\/wp-json\/wp\/v2\/types\/page"}],"author":[{"embeddable":true,"href":"https:\/\/cpaq.ufms.br\/en\/wp-json\/wp\/v2\/users\/1449"}],"replies":[{"embeddable":true,"href":"https:\/\/cpaq.ufms.br\/en\/wp-json\/wp\/v2\/comments?post=31544"}],"version-history":[{"count":26,"href":"https:\/\/cpaq.ufms.br\/en\/wp-json\/wp\/v2\/pages\/31544\/revisions"}],"predecessor-version":[{"id":37805,"href":"https:\/\/cpaq.ufms.br\/en\/wp-json\/wp\/v2\/pages\/31544\/revisions\/37805"}],"up":[{"embeddable":true,"href":"https:\/\/cpaq.ufms.br\/en\/wp-json\/wp\/v2\/pages\/30416"}],"wp:attachment":[{"href":"https:\/\/cpaq.ufms.br\/en\/wp-json\/wp\/v2\/media?parent=31544"}],"wp:term":[{"taxonomy":"author","embeddable":true,"href":"https:\/\/cpaq.ufms.br\/en\/wp-json\/wp\/v2\/coauthors?post=31544"}],"curies":[{"name":"wp","href":"https:\/\/api.w.org\/{rel}","templated":true}]}}