{"id":31415,"date":"2022-08-16T09:59:08","date_gmt":"2022-08-16T13:59:08","guid":{"rendered":"https:\/\/cpaq.ufms.br\/?page_id=31415"},"modified":"2026-03-04T10:43:46","modified_gmt":"2026-03-04T14:43:46","slug":"geografia-documentos","status":"publish","type":"page","link":"https:\/\/cpaq.ufms.br\/en\/geografia\/geografia-documentos\/","title":{"rendered":"Geografia &#8211; Documentos"},"content":{"rendered":"<div class=\"panel panel-info\"><div class=\"panel-heading\">Documentos<\/div><div class=\"panel-body\">\n<p>Projeto Pedag\u00f3gico do Curso Geografia Bacharelado: <a href=\"https:\/\/drive.google.com\/file\/d\/1sKpbAEtCIftysjCZ7__FlX8WzOz8h4eO\/view?usp=sharing\">clique aqui<\/a><\/p>\n<p>Projeto Pedag\u00f3gico do Curso Geografia Licenciatura: <a href=\"https:\/\/drive.google.com\/file\/d\/1a_fIqCV0a4UeYamBrZ_PL5tGui0R7K2R\/view?usp=sharing\">clique aqui<\/a><\/p>\n<\/div><\/div>\n<div class=\"panel panel-info\"><div class=\"panel-heading\">Est\u00e1gio<\/div><div class=\"panel-body\">\n<p>Ficha de Avalia\u00e7\u00e3o de est\u00e1gio: <a href=\"https:\/\/docs.google.com\/document\/d\/1OrHqE1cv4HxfFGsZFo7W79ff8fDQzoJH\/edit?usp=sharing&amp;ouid=100432991820276785082&amp;rtpof=true&amp;sd=true\">clique aqui<\/a><\/p>\n<p>Folha de frequ\u00eancia de est\u00e1gio: <a href=\"https:\/\/docs.google.com\/document\/d\/18Zk9xmnoYI73Vg3zdV5n0rImSNKnfDp8\/edit?usp=sharing&amp;ouid=100432991820276785082&amp;rtpof=true&amp;sd=true\">clique aqui<\/a><\/p>\n<p>Modelo de Relat\u00f3rio de est\u00e1gio: <a href=\"https:\/\/docs.google.com\/document\/d\/1tUeBoHHojK_8AqC_0bo7BLQT9YPWyn5f\/edit?usp=sharing&amp;ouid=100432991820276785082&amp;rtpof=true&amp;sd=true\">clique aqui<\/a><\/p>\n<p>Modelo de Plano de est\u00e1gio: <a href=\"https:\/\/docs.google.com\/document\/d\/1PPoQ5SZ1mdhq8AzcVGPKTSqg8J8eFTxr\/edit?usp=sharing&amp;ouid=100432991820276785082&amp;rtpof=true&amp;sd=true\">clique aqui<\/a><\/p>\n<p>Modelo de Carta de Apresenta\u00e7\u00e3o de est\u00e1gio: <a href=\"https:\/\/docs.google.com\/document\/d\/1vlqiK_3HKycsWWHbQfwVbE4ggyrWv5oO\/edit?usp=sharing&amp;ouid=100432991820276785082&amp;rtpof=true&amp;sd=true\">clique aqui<\/a><\/p>\n<p>Manual do Portal do TERMO DE COMPROMISSO: <a href=\"https:\/\/drive.google.com\/file\/d\/1DhEgm0UO9Ur3H_N5-4uDQMSX1W36L5VD\/view?usp=sharing\">clique aqui<\/a><\/p>\n<p>Termo de compromisso de est\u00e1gio <a href=\"https:\/\/estagio.ufms.br\/termo\/\">(Preenchimento online aqui)<\/a><br \/>\n<\/div><\/div>\n<div class=\"panel panel-info\"><div class=\"panel-heading\">Regulamentos Licenciatura<\/div><div class=\"panel-body\">\n<p>Regulamento de Atividades Orientadas de Ensino:\u00a0<a href=\"https:\/\/drive.google.com\/file\/d\/1R4LZ9bpPw_5Go9FLZX7Ml9WHrt_Dj3H_\/view?usp=sharing\">clique aqui<\/a><\/p>\n<p>Regulamento de Atividades Complementares:\u00a0<a href=\"https:\/\/drive.google.com\/file\/d\/1dU7pEQJyjPvC72_RiozGZ33w8zc2PDrw\/view?usp=sharing\">clique aqui<\/a><\/p>\n<p>Regulamento de Est\u00e1gio:\u00a0<a href=\"https:\/\/drive.google.com\/file\/d\/19Hi9cabiYB-w5nEVUVp-FUB3wkESUfSn\/view?usp=sharing\">clique aqui<\/a> e <a href=\"https:\/\/drive.google.com\/file\/d\/1adP_gS3FSUw2o4mjoWIEi8xMXrfSv_VZ\/view?usp=sharing\">clique aqui<\/a><\/p>\n<p>Regulamento de Trabalho de Conclus\u00e3o de Curso:\u00a0<a href=\"https:\/\/drive.google.com\/file\/d\/1h_6eO_mDlJmiPmy0kj_6diAUP2VsunE-\/view?usp=sharing\">clique aqui<\/a><\/p>\n<\/div><\/div>\n<div class=\"panel panel-info\"><div class=\"panel-heading\">Regulamentos Bacharelado<\/div><div class=\"panel-body\">\n<p>Regulamento de Atividades Complementares (matriz 0451 \u2013 vespertino):\u00a0<a href=\"https:\/\/drive.google.com\/file\/d\/1HDqEg5wdyBUFZvmAS-LgI4gvGbukshfG\/view?usp=sharing\">clique aqui<\/a><\/p>\n<p>Regulamento de Atividades Complementares (matriz 0466 \u2013 noturno):\u00a0<a href=\"https:\/\/drive.google.com\/file\/d\/18kB8wanh8HpGLrAmALuOpuQRlozVGRKM\/view?usp=sharing\">clique aqui<\/a><\/p>\n<p>Regulamento de Atividades Orientadas (matriz 0466 \u2013 noturno):\u00a0<a href=\"https:\/\/drive.google.com\/file\/d\/1j1z9CBQ7e4Qv1e2QYAEmm_6ebEbWDR20\/view?usp=sharing\">clique aqui<\/a><\/p>\n<p>Regulamento de Est\u00e1gio (matriz 0451 \u2013 vespertino):\u00a0<a href=\"https:\/\/drive.google.com\/file\/d\/108KF50VtrBOfZIOmUxXkUjvcWPCUVKAk\/view?usp=sharing\">clique aqui<\/a><\/p>\n<p>Regulamento de Est\u00e1gio (matriz 0466 \u2013 noturno):\u00a0<a href=\"https:\/\/drive.google.com\/file\/d\/1xVw_Z3TXE9YuQxglITtkO9grd2q_B6Hl\/view?usp=sharing\">clique aqui<\/a><\/p>\n<p>Regulamento de TCC (matriz 0451 \u2013 vespertino):\u00a0<a href=\"https:\/\/drive.google.com\/file\/d\/1IYHXnr0X26R5GZfL8REGlxFCgCSkxKP2\/view?usp=sharing\" target=\"_blank\" rel=\"noopener noreferrer\">clique aqui<\/a><\/p>\n<p>Regulamento de TCC (matriz 0466 \u2013 noturno):\u00a0<a href=\"https:\/\/drive.google.com\/file\/d\/1SqD09iFriyZOHWVDKkzOPNFb2usECg81\/view?usp=sharing\">clique aqui<\/a><\/p>\n<\/div><\/div>\n","protected":false},"excerpt":{"rendered":"","protected":false},"author":1449,"featured_media":0,"parent":31265,"menu_order":0,"comment_status":"closed","ping_status":"closed","template":"page-templates\/page-coordenadorias.php","meta":{"footnotes":""},"coauthors":[79],"class_list":["post-31415","page","type-page","status-publish","hentry"],"_links":{"self":[{"href":"https:\/\/cpaq.ufms.br\/en\/wp-json\/wp\/v2\/pages\/31415","targetHints":{"allow":["GET"]}}],"collection":[{"href":"https:\/\/cpaq.ufms.br\/en\/wp-json\/wp\/v2\/pages"}],"about":[{"href":"https:\/\/cpaq.ufms.br\/en\/wp-json\/wp\/v2\/types\/page"}],"author":[{"embeddable":true,"href":"https:\/\/cpaq.ufms.br\/en\/wp-json\/wp\/v2\/users\/1449"}],"replies":[{"embeddable":true,"href":"https:\/\/cpaq.ufms.br\/en\/wp-json\/wp\/v2\/comments?post=31415"}],"version-history":[{"count":13,"href":"https:\/\/cpaq.ufms.br\/en\/wp-json\/wp\/v2\/pages\/31415\/revisions"}],"predecessor-version":[{"id":38652,"href":"https:\/\/cpaq.ufms.br\/en\/wp-json\/wp\/v2\/pages\/31415\/revisions\/38652"}],"up":[{"embeddable":true,"href":"https:\/\/cpaq.ufms.br\/en\/wp-json\/wp\/v2\/pages\/31265"}],"wp:attachment":[{"href":"https:\/\/cpaq.ufms.br\/en\/wp-json\/wp\/v2\/media?parent=31415"}],"wp:term":[{"taxonomy":"author","embeddable":true,"href":"https:\/\/cpaq.ufms.br\/en\/wp-json\/wp\/v2\/coauthors?post=31415"}],"curies":[{"name":"wp","href":"https:\/\/api.w.org\/{rel}","templated":true}]}}