{"id":31403,"date":"2022-08-16T09:29:08","date_gmt":"2022-08-16T13:29:08","guid":{"rendered":"https:\/\/cpaq.ufms.br\/?page_id=31403"},"modified":"2023-06-05T09:11:54","modified_gmt":"2023-06-05T13:11:54","slug":"geografia-licenciatura-sobre-o-curso","status":"publish","type":"page","link":"https:\/\/cpaq.ufms.br\/en\/geografia\/geografia-licenciatura-sobre-o-curso\/","title":{"rendered":"Geografia Licenciatura &#8211; Sobre o Curso"},"content":{"rendered":"<p><strong>Hist\u00f3rico<\/strong><\/p>\n<p><strong>Hist\u00f3rico<\/strong><\/p>\n<p>O Curso de Geografia-Licenciatura do C\u00e2mpus de Aquidauana foi criado em 1983, no per\u00edodo noturno pela Resolu\u00e7\u00e3o n\u00ba 6, Coun\/UFMS, de 21 de mar\u00e7o de 1983, ap\u00f3s a extin\u00e7\u00e3o do Curso de Estudos Sociais. De 30 vagas oferecidas no vestibular, em 1983, passa para 45 vagas, em 2000, quando, \u00e9 suspensa a oferta do Curso de Bacharelado, no per\u00edodo noturno e em 2001 volta a ser oferecido o Curso de bacharelado no per\u00edodo vespertino pela Resolu\u00e7\u00e3o n\u00ba 10, Coun\/UFMS, de 3 de maio de 2001, com entrada no segundo semestre, Vestibular de Inverno, sendo oferecidas 40 vagas no vestibular. Assim os Cursos de Geografia, do C\u00e2mpus de Aquidauana passa a oferecer 85 vagas no vestibular de 2001, sendo 45 para a Licenciatura (noturno) e 40 para o Bacharelado (vespertino).<\/p>\n<p><strong>Caracter\u00edsticas\u00a0gerais do curso<\/strong><\/p>\n<ul>\n<li>Ter amplo conhecimento dos conceitos ligados \u00e0 Geografia, a rela\u00e7\u00e3o entre os conceitos e das linguagens que podem ser utilizadas para descrever e analisar o espa\u00e7o geogr\u00e1fico;<\/li>\n<li>Dominar as diferentes abordagens ao ensino de Geografia, as diferentes metodologias, conhecendo seus limites de validade e situa\u00e7\u00f5es de aplica\u00e7\u00e3o;<\/li>\n<li>Ser capaz de realizar a leitura geopol\u00edtica dos espa\u00e7os nos quais atua;<\/li>\n<li>Compreender o funcionamento da escola, tendo a capacidade de intervir nesta din\u00e2mica;<\/li>\n<li>Ter amplo conhecimento dos processos de desenvolvimento dos seus estudantes e relacion\u00e1-los com o ensino de Geografia, elaborando estrat\u00e9gias que levem em conta os diferentes n\u00edveis de desenvolvimento de seus estudantes;<\/li>\n<li>Ser um cidad\u00e3o ativo em sua comunidade;<\/li>\n<li>Ser capaz de identificar e gerir conflitos no espa\u00e7o escolar;<\/li>\n<li>Ser capaz de realizar a leitura cr\u00edtica dos aspectos pol\u00edticos e econ\u00f4micos da realidade brasileira e mundial;<\/li>\n<li>Ter o dom\u00ednio das principais ferramentas tecnol\u00f3gicas de utiliza\u00e7\u00e3o da Geografia para a realiza\u00e7\u00e3o da an\u00e1lise dos espa\u00e7os geogr\u00e1ficos;<\/li>\n<li>Atuar de maneira integrada e contributiva em equipes multidisciplinares.<\/li>\n<\/ul>\n<p><strong>\u00a0<\/strong><strong>PROFISS\u00c3O: <\/strong>Professor Licenciado em Geografia<\/p>\n<p><strong>ATIVIDADES INERENTES: <\/strong><\/p>\n<p>O Licenciado em Geografia \u00e9 o professor que planeja, organiza e desenvolve atividades e materiais relativos ao Ensino de Geografia. Sua atribui\u00e7\u00e3o central \u00e9 a doc\u00eancia na Educa\u00e7\u00e3o B\u00e1sica, que requer s\u00f3lidos conhecimentos sobre os fundamentos da Geografia, sobre seu desenvolvimento hist\u00f3rico e suas rela\u00e7\u00f5es com diversas \u00e1reas do conhecimento, assim como sobre estrat\u00e9gias para transposi\u00e7\u00e3o do conhecimento geogr\u00e1fico em saber escolar.<strong><\/p>\n<p>\u00c1REAS DE ATUA\u00c7\u00c3O E EXERC\u00cdCIO PROFISSIONAL:\u00a0<\/strong><\/p>\n<p>Educa\u00e7\u00e3o<\/p>\n<p>Professor Licenciado em Geografia<\/p>\n","protected":false},"excerpt":{"rendered":"<p>Hist\u00f3rico Hist\u00f3rico O Curso de Geografia-Licenciatura do C\u00e2mpus de Aquidauana foi criado em 1983, no per\u00edodo noturno pela Resolu\u00e7\u00e3o n\u00ba 6, Coun\/UFMS, de 21 de mar\u00e7o de 1983, ap\u00f3s a extin\u00e7\u00e3o do Curso de Estudos Sociais. De 30 vagas oferecidas no vestibular, em 1983, passa para 45 vagas, em 2000, quando, \u00e9 suspensa a oferta [&hellip;]<\/p>\n","protected":false},"author":1449,"featured_media":0,"parent":31265,"menu_order":0,"comment_status":"closed","ping_status":"closed","template":"page-templates\/page-coordenadorias.php","meta":{"footnotes":""},"coauthors":[],"class_list":["post-31403","page","type-page","status-publish","hentry"],"_links":{"self":[{"href":"https:\/\/cpaq.ufms.br\/en\/wp-json\/wp\/v2\/pages\/31403","targetHints":{"allow":["GET"]}}],"collection":[{"href":"https:\/\/cpaq.ufms.br\/en\/wp-json\/wp\/v2\/pages"}],"about":[{"href":"https:\/\/cpaq.ufms.br\/en\/wp-json\/wp\/v2\/types\/page"}],"author":[{"embeddable":true,"href":"https:\/\/cpaq.ufms.br\/en\/wp-json\/wp\/v2\/users\/1449"}],"replies":[{"embeddable":true,"href":"https:\/\/cpaq.ufms.br\/en\/wp-json\/wp\/v2\/comments?post=31403"}],"version-history":[{"count":6,"href":"https:\/\/cpaq.ufms.br\/en\/wp-json\/wp\/v2\/pages\/31403\/revisions"}],"predecessor-version":[{"id":32843,"href":"https:\/\/cpaq.ufms.br\/en\/wp-json\/wp\/v2\/pages\/31403\/revisions\/32843"}],"up":[{"embeddable":true,"href":"https:\/\/cpaq.ufms.br\/en\/wp-json\/wp\/v2\/pages\/31265"}],"wp:attachment":[{"href":"https:\/\/cpaq.ufms.br\/en\/wp-json\/wp\/v2\/media?parent=31403"}],"wp:term":[{"taxonomy":"author","embeddable":true,"href":"https:\/\/cpaq.ufms.br\/en\/wp-json\/wp\/v2\/coauthors?post=31403"}],"curies":[{"name":"wp","href":"https:\/\/api.w.org\/{rel}","templated":true}]}}