{"id":31400,"date":"2022-08-16T09:25:19","date_gmt":"2022-08-16T13:25:19","guid":{"rendered":"https:\/\/cpaq.ufms.br\/?page_id=31400"},"modified":"2023-06-05T09:13:31","modified_gmt":"2023-06-05T13:13:31","slug":"geografia_bacharelado_sobre_o_curso","status":"publish","type":"page","link":"https:\/\/cpaq.ufms.br\/en\/geografia\/geografia_bacharelado_sobre_o_curso\/","title":{"rendered":"Geografia Bacharelado &#8211; Sobre o Curso"},"content":{"rendered":"<p><strong>Hist\u00f3rico<\/strong><\/p>\n<p>O Curso de Geografia do C\u00e2mpus de Aquidauana foi criado em 1983, no per\u00edodo noturno pela Resolu\u00e7\u00e3o n\u00ba 6, Coun\/UFMS, de 21 de mar\u00e7o de 1983, ap\u00f3s a extin\u00e7\u00e3o do Curso de Estudos Sociais. Em sua cria\u00e7\u00e3o havia apenas a habilita\u00e7\u00e3o em Licenciatura. Em 1991, foi implantado o Curso de Geografia-Bacharelado, atrav\u00e9s da Resolu\u00e7\u00e3o n\u00ba 31, Coun\/UFMS, de 20 se setembro de 1990, sendo oferecido juntamente com o Curso de Geografia Licenciatura, onde a partir da segunda s\u00e9rie do Curso, o aluno deveria fazer a op\u00e7\u00e3o por um dos Cursos, ou fazer os dois ao mesmo tempo, no per\u00edodo noturno. Esse Curso foi suspenso em 2001 pela Resolu\u00e7\u00e3o n\u00ba 18, Coun\/UFMS, de 1\u00b0 de agosto de 2001. Em 2002 volta a ser oferecido o Curso de Bacharelado no per\u00edodo vespertino pela Resolu\u00e7\u00e3o n\u00ba 10, Coun\/UFMS, de 3 de maio de 2002, com entrada no segundo semestre, Vestibular de Inverno, sendo oferecidas 40 vagas no vestibular. Assim os Cursos de Geografia, do C\u00e2mpus de Aquidauana passa a oferecer 85 vagas no vestibular de 2001, sendo 45 para a Licenciatura (noturno) e 40 para o Bacharelado (vespertino)<\/p>\n<p><strong>Caracter\u00edsticas\u00a0gerais do curso<\/strong><\/p>\n<ul>\n<li>Propor solu\u00e7\u00f5es para os problemas locais e regionais relacionados ao planejamento territorial, urbano e ambiental;<\/li>\n<li>Atuar como cidad\u00e3os conscientes para intervir no espa\u00e7o geogr\u00e1fico em benef\u00edcio da melhoria da qualidade de vida da popula\u00e7\u00e3o;<\/li>\n<li>Compreender os elementos e processos concernentes ao meio natural e ao constru\u00eddo, com base nos fundamentos filos\u00f3ficos, te\u00f3ricos e metodol\u00f3gicos da Geografia;<\/li>\n<li>Dominar e aprimorar as abordagens cient\u00edficas, as t\u00e9cnicas laboratoriais e os recursos da inform\u00e1tica pertinentes ao processo de produ\u00e7\u00e3o e aplica\u00e7\u00e3o do conhecimento geogr\u00e1fico;<\/li>\n<li>Elaborar mapas tem\u00e1ticos e outras representa\u00e7\u00f5es gr\u00e1ficas e manipular os sistemas de informa\u00e7\u00e3o geogr\u00e1fica;<\/li>\n<li>Propor e elaborar projetos de pesquisa, projetos t\u00e9cnicos e atividades de campo no \u00e2mbito de \u00e1rea de atua\u00e7\u00e3o da Geografia.<\/li>\n<\/ul>\n<p><strong>\u00a0<\/strong><strong>ATIVIDADES INERENTES:<\/strong><\/p>\n<p>O perfil profissional do egresso do Curso de Geografia-Bacharelado da UFMS, C\u00e2mpus de Aquidauana deve atender as \u00e1reas de atua\u00e7\u00e3o constates na Lei Federal n\u00ba 6664, de 26 de julho 1979, que disciplina a Profiss\u00e3o de Ge\u00f3grafo, como pesquisador e como t\u00e9cnico de maneira integrada e contributiva em equipes multidisciplinares. Como pesquisador em institui\u00e7\u00f5es de pesquisa p\u00fablicas estaduais e federais, especialmente nas \u00e1reas de planejamento e gest\u00e3o urbana, territorial e ambiental, na qual o egresso dever\u00e1 analisar e interpretar as transforma\u00e7\u00f5es do espa\u00e7o geogr\u00e1fico com base nos fundamentos te\u00f3ricos e metodol\u00f3gicos da Geografia. Como t\u00e9cnico em empresas privadas de consultoria e assessoria ou como aut\u00f4nomo na \u00e1rea de planejamento, georreferenciamento, t\u00e9cnicas laboratoriais, sistema de informa\u00e7\u00e3o geogr\u00e1fica, geoprocessamento, o egresso aplicar\u00e1 os conhecimentos geogr\u00e1ficos em diferentes escalas de ocorr\u00eancia dos fen\u00f4menos, para o tratamento da informa\u00e7\u00e3o geogr\u00e1fica, para a elabora\u00e7\u00e3o de mapas tem\u00e1ticos e outras representa\u00e7\u00f5es gr\u00e1ficas e para a gera\u00e7\u00e3o dos demais produtos geogr\u00e1ficos. As compet\u00eancias do profissional Ge\u00f3grafo devem estar articuladas com as necessidades locais e regionais, em fun\u00e7\u00e3o de novas demandas apresentadas pelo mundo do trabalho nos ambientes p\u00fablicos e privados.<strong><\/p>\n<p>\u00c1REAS DE ATUA\u00c7\u00c3O E EXERC\u00cdCIO PROFISSIONAL:\u00a0<\/strong><\/p>\n<p>Ge\u00f3grafo<\/p>\n<p><strong>PROFISS\u00c3O: <\/strong>Bacharel em Geografia<\/p>\n","protected":false},"excerpt":{"rendered":"<p>Hist\u00f3rico O Curso de Geografia do C\u00e2mpus de Aquidauana foi criado em 1983, no per\u00edodo noturno pela Resolu\u00e7\u00e3o n\u00ba 6, Coun\/UFMS, de 21 de mar\u00e7o de 1983, ap\u00f3s a extin\u00e7\u00e3o do Curso de Estudos Sociais. Em sua cria\u00e7\u00e3o havia apenas a habilita\u00e7\u00e3o em Licenciatura. Em 1991, foi implantado o Curso de Geografia-Bacharelado, atrav\u00e9s da Resolu\u00e7\u00e3o [&hellip;]<\/p>\n","protected":false},"author":1449,"featured_media":0,"parent":31265,"menu_order":0,"comment_status":"closed","ping_status":"closed","template":"page-templates\/page-coordenadorias.php","meta":{"footnotes":""},"coauthors":[],"class_list":["post-31400","page","type-page","status-publish","hentry"],"_links":{"self":[{"href":"https:\/\/cpaq.ufms.br\/en\/wp-json\/wp\/v2\/pages\/31400","targetHints":{"allow":["GET"]}}],"collection":[{"href":"https:\/\/cpaq.ufms.br\/en\/wp-json\/wp\/v2\/pages"}],"about":[{"href":"https:\/\/cpaq.ufms.br\/en\/wp-json\/wp\/v2\/types\/page"}],"author":[{"embeddable":true,"href":"https:\/\/cpaq.ufms.br\/en\/wp-json\/wp\/v2\/users\/1449"}],"replies":[{"embeddable":true,"href":"https:\/\/cpaq.ufms.br\/en\/wp-json\/wp\/v2\/comments?post=31400"}],"version-history":[{"count":5,"href":"https:\/\/cpaq.ufms.br\/en\/wp-json\/wp\/v2\/pages\/31400\/revisions"}],"predecessor-version":[{"id":32845,"href":"https:\/\/cpaq.ufms.br\/en\/wp-json\/wp\/v2\/pages\/31400\/revisions\/32845"}],"up":[{"embeddable":true,"href":"https:\/\/cpaq.ufms.br\/en\/wp-json\/wp\/v2\/pages\/31265"}],"wp:attachment":[{"href":"https:\/\/cpaq.ufms.br\/en\/wp-json\/wp\/v2\/media?parent=31400"}],"wp:term":[{"taxonomy":"author","embeddable":true,"href":"https:\/\/cpaq.ufms.br\/en\/wp-json\/wp\/v2\/coauthors?post=31400"}],"curies":[{"name":"wp","href":"https:\/\/api.w.org\/{rel}","templated":true}]}}