{"id":31270,"date":"2022-08-10T10:25:04","date_gmt":"2022-08-10T14:25:04","guid":{"rendered":"https:\/\/cpaq.ufms.br\/?page_id=31270"},"modified":"2026-03-04T14:25:15","modified_gmt":"2026-03-04T18:25:15","slug":"geografia-docentes","status":"publish","type":"page","link":"https:\/\/cpaq.ufms.br\/en\/geografia\/geografia-docentes\/","title":{"rendered":"Geografia &#8211; Docentes"},"content":{"rendered":"<p style=\"text-align: center;padding-left: 40px\"><div class=\"row\">\n<div class=\"col-md-4\">\n<p><a href=\"https:\/\/cpaq.ufms.br\/files\/2022\/09\/Profa-Eva.jpeg\"><img decoding=\"async\" class=\"wp-image-31594 aligncenter\" src=\"https:\/\/cpaq.ufms.br\/files\/2022\/09\/Profa-Eva-225x300.jpeg\" alt=\"\" width=\"152\" height=\"203\" srcset=\"https:\/\/cpaq.ufms.br\/files\/2022\/09\/Profa-Eva-225x300.jpeg 225w, https:\/\/cpaq.ufms.br\/files\/2022\/09\/Profa-Eva-768x1024.jpeg 768w, https:\/\/cpaq.ufms.br\/files\/2022\/09\/Profa-Eva-1152x1536.jpeg 1152w, https:\/\/cpaq.ufms.br\/files\/2022\/09\/Profa-Eva-240x320.jpeg 240w, https:\/\/cpaq.ufms.br\/files\/2022\/09\/Profa-Eva.jpeg 1200w\" sizes=\"(max-width: 152px) 100vw, 152px\" \/><\/a><\/p>\n<pre data-uw-styling-context=\"true\">         (Coordenadora)<\/pre>\n<p style=\"text-align: center\">Prof. Eva Teixeira dos Santos<\/p>\n<p style=\"text-align: center\"><a href=\"mailto:eva.teixeira@ufms.br\">eva.teixeira@ufms.br<\/a><\/p>\n<p style=\"text-align: center\"><a href=\"https:\/\/ensino.ufms.br\/docentes\/view\/5740\" class=\"btn btn-info btn-sm\">Dados Funcionais <\/a>\n<p style=\"text-align: center\"><a href=\"https:\/\/ensino.ufms.br\/docentes\/disciplinas\/5740\" class=\"btn btn-info btn-sm\">Disciplinas Ministradas <\/a>\n<p style=\"text-align: center\"><a href=\"http:\/\/lattes.cnpq.br\/1665424997463279\">Curr\u00edculo Lattes\u00a0<\/a><\/p>\n<p style=\"text-align: center\"><\/div>\n<p style=\"text-align: center\"><div class=\"col-md-4\">\n<p>&nbsp;<\/p>\n<p style=\"text-align: center\"><a href=\"https:\/\/cpaq.ufms.br\/files\/2014\/12\/ana-paulo-archanjo-batarce.jpg\"><img decoding=\"async\" class=\"size-full wp-image-18846 aligncenter\" src=\"https:\/\/cpaq.ufms.br\/files\/2014\/12\/ana-paulo-archanjo-batarce.jpg\" alt=\"\" width=\"149\" height=\"203\" \/><\/a><\/p>\n<p style=\"text-align: center\">(Membro do Colegiado)<\/p>\n<p style=\"text-align: center\">Prof\u00aa. Ana Paula Archanjo Batarce<\/p>\n<p style=\"text-align: center\"><a href=\"mailto:ana.archanjo@ufms.br\">ana.archanjo@ufms.br<\/a><\/p>\n<p style=\"text-align: center\"><a href=\"https:\/\/ensino.ufms.br\/docentes\/view\/9731\" class=\"btn btn-info btn-sm\">Dados Funcionais <\/a>\n<p style=\"text-align: center\"><a href=\"https:\/\/ensino.ufms.br\/docentes\/disciplinas\/9731\" class=\"btn btn-info btn-sm\">Disciplinas Ministradas <\/a>\n<p style=\"text-align: center\"><a href=\"http:\/\/lattes.cnpq.br\/9354282110045909\">Curr\u00edculo Lattes\u00a0<\/a><\/p>\n<p style=\"text-align: center\"><\/div>\n<p style=\"text-align: center\"><div class=\"col-md-4\">\n<p>&nbsp;<\/p>\n<p style=\"text-align: center\"><a href=\"https:\/\/cpaq.ufms.br\/files\/2014\/12\/andre-luiz-de-carvalho.jpg\"><img decoding=\"async\" class=\"size-full wp-image-16217 aligncenter\" src=\"https:\/\/cpaq.ufms.br\/files\/2014\/12\/andre-luiz-de-carvalho.jpg\" alt=\"\" width=\"149\" height=\"203\" \/><\/a><\/p>\n<p style=\"text-align: center\">Prof. Andr\u00e9 Luiz de Carvalho<\/p>\n<p style=\"text-align: center\"><a href=\"mailto:andre.luiz-carvalho@ufms.br\">andre.luiz-carvalho@ufms.br<\/a><\/p>\n<p style=\"text-align: center\"><a href=\"https:\/\/ensino.ufms.br\/docentes\/view\/8350\" class=\"btn btn-info btn-sm\">Dados Funcionais <\/a>\n<p style=\"text-align: center\"><a href=\"https:\/\/ensino.ufms.br\/docentes\/disciplinas\/8350\" class=\"btn btn-info btn-sm\">Disciplinas Ministradas <\/a>\n<p style=\"text-align: center\"><a href=\"http:\/\/lattes.cnpq.br\/6312927054924776\">Curr\u00edculo Lattes\u00a0<\/a><\/p>\n<p style=\"text-align: center\"><\/div>\n<p style=\"text-align: center\">[\/rom]\n<p style=\"text-align: center\"><div class=\"col-md-4\">\n<p>&nbsp;<\/p>\n<p style=\"text-align: center\"><a href=\"https:\/\/cpaq.ufms.br\/files\/2023\/07\/pp2-1.jpg\"><img loading=\"lazy\" decoding=\"async\" class=\"alignnone wp-image-32972 size-full\" src=\"https:\/\/cpaq.ufms.br\/files\/2023\/07\/pp2-1.jpg\" alt=\"\" width=\"149\" height=\"203\" \/><\/a><\/p>\n<p style=\"text-align: center\">Prof\u00aa\u00a0Elis\u00e2ngela Martins de Carvalho<\/p>\n<p style=\"text-align: center\"><a href=\"mailto:elisangela.carvalho@ufms.br\">elisangela.carvalho@ufms.br<\/a><\/p>\n<p style=\"text-align: center\"><a href=\"https:\/\/ensino.ufms.br\/docentes\/view\/8312\" class=\"btn btn-info btn-sm\">Dados Funcionais <\/a>\n<p style=\"text-align: center\"><a href=\"https:\/\/ensino.ufms.br\/docentes\/disciplinas\/8312\" class=\"btn btn-info btn-sm\">Disciplinas Ministradas <\/a>\n<p style=\"text-align: center\">Curr\u00edculo Lattes http:\/\/lattes.cnpq.br\/5349957210819360<\/p>\n<p style=\"text-align: center\"><\/div>\n<p style=\"text-align: center\"><div class=\"col-md-4\">\n<p>&nbsp;<\/p>\n<p style=\"text-align: center\"><a href=\"https:\/\/cpaq.ufms.br\/files\/2022\/09\/Profa-Eloise.jpg\"><img loading=\"lazy\" decoding=\"async\" class=\"alignnone wp-image-31593\" src=\"https:\/\/cpaq.ufms.br\/files\/2022\/09\/Profa-Eloise.jpg\" alt=\"\" width=\"152\" height=\"202\" srcset=\"https:\/\/cpaq.ufms.br\/files\/2022\/09\/Profa-Eloise.jpg 1312w, https:\/\/cpaq.ufms.br\/files\/2022\/09\/Profa-Eloise-225x300.jpg 225w, https:\/\/cpaq.ufms.br\/files\/2022\/09\/Profa-Eloise-769x1024.jpg 769w, https:\/\/cpaq.ufms.br\/files\/2022\/09\/Profa-Eloise-768x1022.jpg 768w, https:\/\/cpaq.ufms.br\/files\/2022\/09\/Profa-Eloise-1154x1536.jpg 1154w, https:\/\/cpaq.ufms.br\/files\/2022\/09\/Profa-Eloise-240x320.jpg 240w\" sizes=\"(max-width: 152px) 100vw, 152px\" \/><\/a><\/p>\n<p style=\"text-align: center\">Prof. Eloise Mello Viana de Moraes<\/p>\n<p style=\"text-align: center\"><a href=\"mailto:eloise.mello@ufms.br\">eloise.mello@ufms.br<\/a><\/p>\n<p style=\"text-align: center\"><a href=\"https:\/\/ensino.ufms.br\/docentes\/view\/10333\" class=\"btn btn-info btn-sm\">Dados Funcionais <\/a>\n<p style=\"text-align: center\"><a href=\"https:\/\/ensino.ufms.br\/docentes\/disciplinas\/10333\" class=\"btn btn-info btn-sm\">Disciplinas Ministradas <\/a>\n<p style=\"text-align: center\"><a href=\"http:\/\/lattes.cnpq.br\/2468027937022107\">Curr\u00edculo Lattes\u00a0<\/a><\/p>\n<p style=\"text-align: center\"><\/div>\n<div class=\"col-md-4\">\n<p>&nbsp;<\/p>\n<p style=\"text-align: center\"><a href=\"https:\/\/cpaq.ufms.br\/files\/2014\/12\/Emerson-Figueiredo-Leite.png\"><img loading=\"lazy\" decoding=\"async\" class=\"size-full wp-image-4051 aligncenter\" src=\"https:\/\/cpaq.ufms.br\/files\/2014\/12\/Emerson-Figueiredo-Leite.png\" alt=\"\" width=\"149\" height=\"203\" \/><\/a><\/p>\n<p style=\"text-align: center\">Prof Emerson Figueiredo Leite<\/p>\n<p style=\"text-align: center\">\u00a0<a href=\"mailto:emerson.leite@ufms.br\">emerson.leite@ufms.br<\/a><\/p>\n<p style=\"text-align: center\"><a href=\"https:\/\/ensino.ufms.br\/docentes\/view\/7379\" class=\"btn btn-info btn-sm\">Dados Funcionais <\/a>\n<p style=\"text-align: center\"><a href=\"https:\/\/ensino.ufms.br\/docentes\/disciplinas\/7379\" class=\"btn btn-info btn-sm\">Disciplinas Ministradas <\/a>\n<p style=\"text-align: center\"><a href=\"http:\/\/lattes.cnpq.br\/0091491869222740\">Curr\u00edculo Lattes\u00a0<\/a><\/p>\n<p style=\"text-align: center\"><\/div>\n<p style=\"text-align: center\"><\/div>\n<p style=\"text-align: center\"><div class=\"row\">\n<p style=\"text-align: center\"><div class=\"col-md-4\">\n<p>&nbsp;<\/p>\n<p><a href=\"https:\/\/cpaq.ufms.br\/files\/2020\/10\/WhatsApp-Image-2020-10-23-at-11.42.44.jpeg\"><img loading=\"lazy\" decoding=\"async\" class=\"size-full wp-image-25546 aligncenter\" src=\"https:\/\/cpaq.ufms.br\/files\/2020\/10\/WhatsApp-Image-2020-10-23-at-11.42.44.jpeg\" alt=\"\" width=\"149\" height=\"203\" \/><\/a><\/p>\n<pre data-uw-styling-context=\"true\">       (Membro do Colegiado)<\/pre>\n<p style=\"text-align: center\">Prof.\u00a0Fernando Rodrigo Farias<\/p>\n<p style=\"text-align: center\"><a href=\"mailto:fernando.rodrigo@ufms.br\">fernando.rodrigo@ufms.br<\/a><\/p>\n<p style=\"text-align: center\"><a href=\"https:\/\/ensino.ufms.br\/docentes\/view\/8351\" class=\"btn btn-info btn-sm\">Dados Funcionais <\/a>\n<p style=\"text-align: center\"><a href=\"https:\/\/ensino.ufms.br\/docentes\/disciplinas\/8351\" class=\"btn btn-info btn-sm\">Disciplinas Ministradas <\/a>\n<p style=\"text-align: center\"><a href=\"http:\/\/lattes.cnpq.br\/5962381249362644\">Curr\u00edculo Lattes\u00a0<\/a><\/p>\n<p>&nbsp;<\/p>\n<p style=\"text-align: center\"><\/div>\n<p style=\"text-align: center\"><div class=\"col-md-4\">\n<p>&nbsp;<\/p>\n<p><a href=\"https:\/\/cpaq.ufms.br\/files\/2020\/02\/gustavo-da-silva-ufms-cpaq.jpg\"><img loading=\"lazy\" decoding=\"async\" class=\"size-full wp-image-21664 aligncenter\" src=\"https:\/\/cpaq.ufms.br\/files\/2020\/02\/gustavo-da-silva-ufms-cpaq.jpg\" alt=\"\" width=\"149\" height=\"203\" \/><\/a><\/p>\n<p style=\"text-align: center\">Prof. Gustavo da Silva<\/p>\n<p style=\"text-align: center\"><a href=\"mailto:gustavo_silva@ufms.br\">gustavo_silva@ufms.br<\/a><\/p>\n<p style=\"text-align: center\"><a href=\"https:\/\/ensino.ufms.br\/docentes\/view\/9995\" class=\"btn btn-info btn-sm\">Dados Funcionais <\/a>\n<p style=\"text-align: center\"><a href=\"https:\/\/ensino.ufms.br\/docentes\/disciplinas\/9995\" class=\"btn btn-info btn-sm\">Disciplinas Ministradas <\/a>\n<p style=\"text-align: center\"><a href=\"http:\/\/lattes.cnpq.br\/3769303181613098\">Curr\u00edculo Lattes<\/a><\/p>\n<p style=\"text-align: center\"><\/div>\n<p style=\"text-align: center\"><div class=\"col-md-4\">\n<p>&nbsp;<\/p>\n<p style=\"text-align: center\"><a href=\"https:\/\/cpaq.ufms.br\/files\/2014\/12\/Lucy-Ribeiro-Ayach.png\"><img loading=\"lazy\" decoding=\"async\" class=\"size-full wp-image-4054 aligncenter\" src=\"https:\/\/cpaq.ufms.br\/files\/2014\/12\/Lucy-Ribeiro-Ayach.png\" alt=\"\" width=\"149\" height=\"203\" \/><\/a><\/p>\n<p style=\"text-align: center\">(Membro do Colegiado)<\/p>\n<p style=\"text-align: center\">Prof. Lucy Ribeiro Ayach<\/p>\n<p style=\"text-align: center\"><a href=\"mailto:lucy.ayach@ufms.br\">lucy.ayach@ufms.br<\/a><\/p>\n<p style=\"text-align: center\"><a href=\"https:\/\/ensino.ufms.br\/docentes\/view\/5139\" class=\"btn btn-info btn-sm\">Dados Funcionais <\/a>\n<p style=\"text-align: center\"><a href=\"https:\/\/ensino.ufms.br\/docentes\/disciplinas\/5139\" class=\"btn btn-info btn-sm\">Disciplinas Ministradas <\/a>\n<p style=\"text-align: center\"><a href=\"http:\/\/lattes.cnpq.br\/7713816570960080\">Curr\u00edculo Lattes\u00a0<\/a><\/p>\n<p style=\"text-align: center\"><\/div>\n<p style=\"text-align: center\"><\/div>\n<p style=\"text-align: center\"><div class=\"row\">\n<p style=\"text-align: center\"><div class=\"col-md-4\">\n<p>&nbsp;<\/p>\n<p style=\"text-align: center\"><a href=\"https:\/\/cpaq.ufms.br\/files\/2024\/08\/Foto-1.jpg\"><img loading=\"lazy\" decoding=\"async\" class=\"alignnone wp-image-34747 size-full\" src=\"https:\/\/cpaq.ufms.br\/files\/2024\/08\/Foto-1.jpg\" alt=\"\" width=\"149\" height=\"203\" \/><\/a><\/p>\n<p style=\"text-align: center\">Profa. M\u00e1rcia Ayala Almeida<\/p>\n<p style=\"text-align: center\"><a href=\"mailto:marcia.almeida@ufms.br\">marcia.almeida@ufms.br<\/a><\/p>\n<p style=\"text-align: center\"><a href=\"\" class=\"btn btn-info btn-sm\">Dados Funcionais <\/a>\n<p style=\"text-align: center\"><a href=\"https:\/\/ensino.ufms.br\/docentes\/view\/129219\" class=\"btn btn-info btn-sm\">Disciplinas Ministradas <\/a>\n<p style=\"text-align: center\"><a href=\"http:\/\/lattes.cnpq.br\/5420522230056817\">Curr\u00edculo Lattes\u00a0<\/a><\/p>\n<p style=\"text-align: center\"><\/div>\n<p style=\"text-align: center\"><div class=\"col-md-4\">\n<p>&nbsp;<\/p>\n<p style=\"text-align: center\"><a href=\"https:\/\/cpaq.ufms.br\/files\/2014\/12\/ricardo-lopes-batista.jpg\"><img loading=\"lazy\" decoding=\"async\" class=\"size-full wp-image-16066 aligncenter\" src=\"https:\/\/cpaq.ufms.br\/files\/2014\/12\/ricardo-lopes-batista.jpg\" alt=\"\" width=\"149\" height=\"203\" \/><\/a><\/p>\n<p style=\"text-align: center\">Prof. Ricardo Lopes Batista<\/p>\n<p style=\"text-align: center\"><a href=\"mailto:ricardo.batista@ufms.br\">ricardo.batista@ufms.br<\/a><\/p>\n<p style=\"text-align: center\"><a href=\"https:\/\/ensino.ufms.br\/docentes\/view\/7406\" class=\"btn btn-info btn-sm\">Dados Funcionais <\/a>\n<p style=\"text-align: center\"><a href=\"https:\/\/ensino.ufms.br\/docentes\/disciplinas\/7406\" class=\"btn btn-info btn-sm\">Disciplinas Ministradas <\/a>\n<p style=\"text-align: center\"><a href=\"http:\/\/lattes.cnpq.br\/2368671641350240\">Curr\u00edculo Lattes\u00a0<\/a><\/p>\n<p style=\"text-align: center\"><\/div>\n<p style=\"text-align: center\"><div class=\"col-md-4\">\n<p>&nbsp;<\/p>\n<p style=\"text-align: center\"><a href=\"https:\/\/cpaq.ufms.br\/files\/2020\/07\/vicente-rocha-silva-ufms-cpaq-e1660154305189.jpg\"><img loading=\"lazy\" decoding=\"async\" class=\"wp-image-24018 aligncenter\" src=\"https:\/\/cpaq.ufms.br\/files\/2020\/07\/vicente-rocha-silva-ufms-cpaq-212x300.jpg\" alt=\"Vicente \u00e9 professor na UFMS e atua principalmente no curso de Geografia (clique para aumentar)\" width=\"143\" height=\"203\" \/><\/a><\/p>\n<p style=\"text-align: center\">Prof.\u00a0Vicente Rocha Silva<\/p>\n<p style=\"text-align: center\"><a href=\"mailto:vicente.silva@ufms.br\">vicente.silva@ufms.br<\/a><\/p>\n<p style=\"text-align: center\"><a href=\"https:\/\/ensino.ufms.br\/docentes\/view\/7897\" class=\"btn btn-info btn-sm\">Dados Funcionais <\/a>\n<p style=\"text-align: center\"><a href=\"https:\/\/ensino.ufms.br\/docentes\/disciplinas\/7897\" class=\"btn btn-info btn-sm\">Disciplinas Ministradas <\/a>\n<p style=\"text-align: center\"><a href=\"http:\/\/lattes.cnpq.br\/2226340417696848\">Curr\u00edculo Lattes\u00a0<\/a><\/p>\n<p style=\"text-align: center\"><\/div>\n<p style=\"text-align: center\"><\/div>\n<div class=\"panel panel-info\"><div class=\"panel-heading\">Portarias<\/div><div class=\"panel-body\">\n<p>Composi\u00e7\u00e3o do Colegiado do Curso &#8211; <a href=\"https:\/\/drive.google.com\/file\/d\/1ZgPX-SVk8WTvbd5J-EIYqhJBA1x9FQKh\/view?usp=drivesdk\">Acesse Aqui<\/a><\/p>\n<p>Composi\u00e7\u00e3o no N\u00facleo Docente Estruturante &#8211; NDE &#8211; <a href=\"https:\/\/boletimoficial.ufms.br\/bse\/publicacao?id=511918\">Acesse Aqui<\/a><\/p>\n<\/div><\/div>\n<p style=\"text-align: center\">\n","protected":false},"excerpt":{"rendered":"","protected":false},"author":1449,"featured_media":0,"parent":31265,"menu_order":0,"comment_status":"closed","ping_status":"closed","template":"page-templates\/page-coordenadorias.php","meta":{"footnotes":""},"coauthors":[79],"class_list":["post-31270","page","type-page","status-publish","hentry"],"_links":{"self":[{"href":"https:\/\/cpaq.ufms.br\/en\/wp-json\/wp\/v2\/pages\/31270","targetHints":{"allow":["GET"]}}],"collection":[{"href":"https:\/\/cpaq.ufms.br\/en\/wp-json\/wp\/v2\/pages"}],"about":[{"href":"https:\/\/cpaq.ufms.br\/en\/wp-json\/wp\/v2\/types\/page"}],"author":[{"embeddable":true,"href":"https:\/\/cpaq.ufms.br\/en\/wp-json\/wp\/v2\/users\/1449"}],"replies":[{"embeddable":true,"href":"https:\/\/cpaq.ufms.br\/en\/wp-json\/wp\/v2\/comments?post=31270"}],"version-history":[{"count":34,"href":"https:\/\/cpaq.ufms.br\/en\/wp-json\/wp\/v2\/pages\/31270\/revisions"}],"predecessor-version":[{"id":38663,"href":"https:\/\/cpaq.ufms.br\/en\/wp-json\/wp\/v2\/pages\/31270\/revisions\/38663"}],"up":[{"embeddable":true,"href":"https:\/\/cpaq.ufms.br\/en\/wp-json\/wp\/v2\/pages\/31265"}],"wp:attachment":[{"href":"https:\/\/cpaq.ufms.br\/en\/wp-json\/wp\/v2\/media?parent=31270"}],"wp:term":[{"taxonomy":"author","embeddable":true,"href":"https:\/\/cpaq.ufms.br\/en\/wp-json\/wp\/v2\/coauthors?post=31270"}],"curies":[{"name":"wp","href":"https:\/\/api.w.org\/{rel}","templated":true}]}}