{"id":31265,"date":"2022-08-10T10:15:53","date_gmt":"2022-08-10T14:15:53","guid":{"rendered":"https:\/\/cpaq.ufms.br\/?page_id=31265"},"modified":"2026-03-04T12:44:03","modified_gmt":"2026-03-04T16:44:03","slug":"geografia","status":"publish","type":"page","link":"https:\/\/cpaq.ufms.br\/en\/geografia\/","title":{"rendered":"Geografia"},"content":{"rendered":"<div class=\"row\">\n<div class=\"col-md-8\">\n<div class=\"alert alert-info\" role=\"alert\"><strong>Inicio de Funcionamento Licenciatura: 1983<\/strong><\/div>\n<\/div>\n<div class=\"col-md-4\">\n<div class=\"alert alert-info\" role=\"alert\"><strong>Conceito: 05\/2025<\/strong><\/div>\n<\/div>\n<\/div>\n<div class=\"row\">\n<div class=\"col-md-8\">\n<div class=\"alert alert-info\" role=\"alert\"><strong>Inicio de Funcionamento Bacharelado: 1991<\/strong><\/div>\n<\/div>\n<div class=\"col-md-4\">\n<div class=\"alert alert-info\" role=\"alert\"><strong>Conceito: 05\/2024<\/strong><\/div>\n<\/div>\n<\/div>\n<div class=\"panel panel-info\"><div class=\"panel-body\">\n<div class=\"row\"><\/div>\n<div class=\"col-md-6\">\n<div class=\"panel-group\" id=\"custom-collapse-0\">\n<div class=\"panel panel-default\">\n\t\t\t\t<div class=\"panel-heading\">\n\t\t\t\t\t<h4 class=\"panel-title\">\n\t\t\t\t\t\t<a class=\"collapsed\" data-toggle=\"collapse\" data-parent=\"#custom-collapse-0\" href=\"#custom-collapse-0-0\">Docentes<\/a>\n\t\t\t\t\t<\/h4>\n\t\t\t\t<\/div>\n\t\t\t\t<div id=\"custom-collapse-0-0\" class=\"panel-collapse collapse\">\n\t\t\t\t\t<div class=\"panel-body\">\n<p>Veja a lista de docentes dos cursos de Geografia &#8211; <a href=\"https:\/\/cpaq.ufms.br\/geografia\/geografia-docentes\/\">Acesse Aqui<\/a><\/p>\n<\/div>\n\t\t\t\t<\/div>\n\t\t\t<\/div>\n<div class=\"panel panel-default\">\n\t\t\t\t<div class=\"panel-heading\">\n\t\t\t\t\t<h4 class=\"panel-title\">\n\t\t\t\t\t\t<a class=\"collapsed\" data-toggle=\"collapse\" data-parent=\"#custom-collapse-0\" href=\"#custom-collapse-0-1\">Documentos<\/a>\n\t\t\t\t\t<\/h4>\n\t\t\t\t<\/div>\n\t\t\t\t<div id=\"custom-collapse-0-1\" class=\"panel-collapse collapse\">\n\t\t\t\t\t<div class=\"panel-body\">\n<p>Portf\u00f3lio do Curso de Geografia Bacharelado, <a href=\"https:\/\/cpaq.ufms.br\/files\/2024\/09\/Portfolio-do-Curso-de-Geografia-2024.pdf\">Acesse Aqui<\/a><\/p>\n<p>Portf\u00f3lio do Curso de Geografia Licenciatura, <a href=\"https:\/\/cpaq.ufms.br\/files\/2025\/02\/Portfolio-de-Curso_LICENCIATURA_atualizado.pdf\">Acesse Aqui<\/a><\/p>\n<p>Acesse os documentos referentes ao curso de <em><strong>Geografia <\/strong><\/em>do campus de Aquidauana, <a href=\"https:\/\/cpaq.ufms.br\/geografia\/geografia-documentos\/\">Acesse Aqui<\/a><\/p>\n<p>Acesse aos documentos gerais dos cursos de gradua\u00e7\u00e3o da UFMS, <a href=\"https:\/\/cpaq.ufms.br\/documentos-gerais-graduacao\/\">Acesse Aqui<\/a><\/p>\n<\/div>\n\t\t\t\t<\/div>\n\t\t\t<\/div>\n<div class=\"panel panel-default\">\n\t\t\t\t<div class=\"panel-heading\">\n\t\t\t\t\t<h4 class=\"panel-title\">\n\t\t\t\t\t\t<a class=\"collapsed\" data-toggle=\"collapse\" data-parent=\"#custom-collapse-0\" href=\"#custom-collapse-0-2\">Grade Curricular<\/a>\n\t\t\t\t\t<\/h4>\n\t\t\t\t<\/div>\n\t\t\t\t<div id=\"custom-collapse-0-2\" class=\"panel-collapse collapse\">\n\t\t\t\t\t<div class=\"panel-body\">\n<p>Veja a grade curricular do curso de <em><strong>Geografia Bacharelado<\/strong><\/em>: <a href=\"https:\/\/ensino.ufms.br\/cursos\/grade\/0466\" target=\"_blank\" rel=\"noopener\">Acesse Aqui<\/a><\/p>\n<p>Veja a grade curricular do curso de <em><strong>Geografia Licenciatura<\/strong><\/em>: <a href=\"https:\/\/ensino.ufms.br\/cursos\/grade\/0443\" target=\"_blank\" rel=\"noopener\">Acesse Aqui<\/a><\/p>\n<\/div>\n\t\t\t\t<\/div>\n\t\t\t<\/div>\n<div class=\"panel panel-default\">\n\t\t\t\t<div class=\"panel-heading\">\n\t\t\t\t\t<h4 class=\"panel-title\">\n\t\t\t\t\t\t<a class=\"collapsed\" data-toggle=\"collapse\" data-parent=\"#custom-collapse-0\" href=\"#custom-collapse-0-3\">TCC, Publica\u00e7\u00f5es e Pesquisas<\/a>\n\t\t\t\t\t<\/h4>\n\t\t\t\t<\/div>\n\t\t\t\t<div id=\"custom-collapse-0-3\" class=\"panel-collapse collapse\">\n\t\t\t\t\t<div class=\"panel-body\">\n<p>Acesse a Pesquisas, TCCs e publica\u00e7\u00f5es, do curso de <em><strong>Geografia Bacharelado: <\/strong><\/em><a href=\"https:\/\/cpaq.ufms.br\/geografia\/geografia-bacharelado-publicacoes\/\">Aqui<\/a><\/p>\n<p>Acesse a Pesquisas, TCCs e publica\u00e7\u00f5es, do curso de <em><strong>Geografia Licenciatura: <\/strong><\/em><a href=\"https:\/\/cpaq.ufms.br\/geografia\/geografia-licenciatura-publicacoes\/\">Aqui<\/a><\/p>\n<\/div>\n\t\t\t\t<\/div>\n\t\t\t<\/div>\n<\/div>\n<\/div>\n<div class=\"col-md-6\">\n<div class=\"panel-group\" id=\"custom-collapse-1\">\n<div class=\"panel panel-default\">\n\t\t\t\t<div class=\"panel-heading\">\n\t\t\t\t\t<h4 class=\"panel-title\">\n\t\t\t\t\t\t<a class=\"collapsed\" data-toggle=\"collapse\" data-parent=\"#custom-collapse-1\" href=\"#custom-collapse-1-4\">Hor\u00e1rios<\/a>\n\t\t\t\t\t<\/h4>\n\t\t\t\t<\/div>\n\t\t\t\t<div id=\"custom-collapse-1-4\" class=\"panel-collapse collapse\">\n\t\t\t\t\t<div class=\"panel-body\">\n<p>Hor\u00e1rios de Aula do curso de <em><strong>Geografia Bacharelado<\/strong><\/em>: <a href=\"https:\/\/drive.google.com\/file\/d\/1YgmR4tdWh8x29wwaozhh__13S8kg0QoU\/view?usp=drivesdk\">AQUI<\/a><\/p>\n<p>Hor\u00e1rios de Aula do curso de <em><strong>Geografia Licenciatura<\/strong><\/em>: <a href=\"https:\/\/drive.google.com\/file\/d\/1quWFCB0zvZv2-0StUCc3O-nDIUsVNCoY\/view?usp=sharing\">AQUI<\/a><\/p>\n<\/div>\n\t\t\t\t<\/div>\n\t\t\t<\/div>\n<div class=\"panel panel-default\">\n\t\t\t\t<div class=\"panel-heading\">\n\t\t\t\t\t<h4 class=\"panel-title\">\n\t\t\t\t\t\t<a class=\"collapsed\" data-toggle=\"collapse\" data-parent=\"#custom-collapse-1\" href=\"#custom-collapse-1-5\">Sobre o Curso<\/a>\n\t\t\t\t\t<\/h4>\n\t\t\t\t<\/div>\n\t\t\t\t<div id=\"custom-collapse-1-5\" class=\"panel-collapse collapse\">\n\t\t\t\t\t<div class=\"panel-body\">\n<p>Conhe\u00e7a um pouco mais sobre o curso de <em><strong>Geografia Bacharelado<\/strong><\/em> do campus de Aquidauana. <a href=\"https:\/\/cpaq.ufms.br\/geografia\/geografia_bacharelado_sobre_o_curso\/\">Aqui<\/a><\/p>\n<p>Conhe\u00e7a um pouco mais sobre o curso de <em><strong>Geografia Licenciatura<\/strong><\/em> do campus de Aquidauana. <a href=\"https:\/\/cpaq.ufms.br\/geografia\/geografia-licenciatura-sobre-o-curso\/\">Aqui<\/a><\/p>\n<\/div>\n\t\t\t\t<\/div>\n\t\t\t<\/div>\n<div class=\"panel panel-default\">\n\t\t\t\t<div class=\"panel-heading\">\n\t\t\t\t\t<h4 class=\"panel-title\">\n\t\t\t\t\t\t<a class=\"collapsed\" data-toggle=\"collapse\" data-parent=\"#custom-collapse-1\" href=\"#custom-collapse-1-6\">Projetos e Orienta\u00e7\u00f5es<\/a>\n\t\t\t\t\t<\/h4>\n\t\t\t\t<\/div>\n\t\t\t\t<div id=\"custom-collapse-1-6\" class=\"panel-collapse collapse\">\n\t\t\t\t\t<div class=\"panel-body\">\n<p>Saiba mais sobre os projetos de ensino e extens\u00e3o e as orienta\u00e7\u00f5es acad\u00eamicas dos docentes dos cursos de Geografia. <a href=\"https:\/\/cpaq.ufms.br\/geografia\/geografia-projetos-e-orientacoes\/\">Clique Aqui<\/a><\/p>\n<\/div>\n\t\t\t\t<\/div>\n\t\t\t<\/div>\n<div class=\"panel panel-default\">\n\t\t\t\t<div class=\"panel-heading\">\n\t\t\t\t\t<h4 class=\"panel-title\">\n\t\t\t\t\t\t<a class=\"collapsed\" data-toggle=\"collapse\" data-parent=\"#custom-collapse-1\" href=\"#custom-collapse-1-7\">Laborat\u00f3rios<\/a>\n\t\t\t\t\t<\/h4>\n\t\t\t\t<\/div>\n\t\t\t\t<div id=\"custom-collapse-1-7\" class=\"panel-collapse collapse\">\n\t\t\t\t\t<div class=\"panel-body\">\n<p>Clique e veja a lista de laborat\u00f3rios do campus de Aquidauana. <a href=\"https:\/\/cpaq.ufms.br\/laboratorio-de-informatica\/\">Clique Aqui<\/a><\/p>\n<p>Clique e veja a lista de laborat\u00f3rios do curso de Geografia. <a href=\"https:\/\/cpaq.ufms.br\/geografia\/geografia-laboratorios-do-curso\/\">Clique Aqui<\/a><\/p>\n<\/div>\n\t\t\t\t<\/div>\n\t\t\t<\/div>\n<\/div>\n<\/div>\n<\/div><\/div>\n","protected":false},"excerpt":{"rendered":"","protected":false},"author":1449,"featured_media":37166,"parent":0,"menu_order":0,"comment_status":"closed","ping_status":"closed","template":"page-templates\/page-coordenadorias.php","meta":{"footnotes":""},"coauthors":[79],"class_list":["post-31265","page","type-page","status-publish","has-post-thumbnail","hentry"],"_links":{"self":[{"href":"https:\/\/cpaq.ufms.br\/en\/wp-json\/wp\/v2\/pages\/31265","targetHints":{"allow":["GET"]}}],"collection":[{"href":"https:\/\/cpaq.ufms.br\/en\/wp-json\/wp\/v2\/pages"}],"about":[{"href":"https:\/\/cpaq.ufms.br\/en\/wp-json\/wp\/v2\/types\/page"}],"author":[{"embeddable":true,"href":"https:\/\/cpaq.ufms.br\/en\/wp-json\/wp\/v2\/users\/1449"}],"replies":[{"embeddable":true,"href":"https:\/\/cpaq.ufms.br\/en\/wp-json\/wp\/v2\/comments?post=31265"}],"version-history":[{"count":35,"href":"https:\/\/cpaq.ufms.br\/en\/wp-json\/wp\/v2\/pages\/31265\/revisions"}],"predecessor-version":[{"id":37419,"href":"https:\/\/cpaq.ufms.br\/en\/wp-json\/wp\/v2\/pages\/31265\/revisions\/37419"}],"wp:featuredmedia":[{"embeddable":true,"href":"https:\/\/cpaq.ufms.br\/en\/wp-json\/wp\/v2\/media\/37166"}],"wp:attachment":[{"href":"https:\/\/cpaq.ufms.br\/en\/wp-json\/wp\/v2\/media?parent=31265"}],"wp:term":[{"taxonomy":"author","embeddable":true,"href":"https:\/\/cpaq.ufms.br\/en\/wp-json\/wp\/v2\/coauthors?post=31265"}],"curies":[{"name":"wp","href":"https:\/\/api.w.org\/{rel}","templated":true}]}}