{"id":31218,"date":"2022-08-08T14:55:10","date_gmt":"2022-08-08T18:55:10","guid":{"rendered":"https:\/\/cpaq.ufms.br\/?page_id=31218"},"modified":"2025-03-09T14:55:51","modified_gmt":"2025-03-09T18:55:51","slug":"ciencias-biologicas-horarios","status":"publish","type":"page","link":"https:\/\/cpaq.ufms.br\/en\/ciencias-biologicas\/ciencias-biologicas-horarios\/","title":{"rendered":"Ci\u00eancias Biol\u00f3gicas &#8211; Hor\u00e1rios"},"content":{"rendered":"<div class=\"panel panel-info\"><div class=\"panel-heading\">Hor\u00e1rios de Aulas<\/div><div class=\"panel-body\">\n<a href=\"https:\/\/cpaq.ufms.br\/files\/2025\/03\/CIENCIAS-BIOLOGICAS-2025-1.pdf\" class=\"pdfemb-viewer\" style=\"\" data-width=\"max\" data-height=\"max\" data-toolbar=\"bottom\" data-toolbar-fixed=\"off\">CI\u00caNCIAS BIOL\u00d3GICAS- 2025-1<\/a>\n<\/div><\/div>\n","protected":false},"excerpt":{"rendered":"","protected":false},"author":1449,"featured_media":6884,"parent":31206,"menu_order":0,"comment_status":"closed","ping_status":"closed","template":"page-templates\/page-coordenadorias.php","meta":{"footnotes":""},"coauthors":[],"class_list":["post-31218","page","type-page","status-publish","has-post-thumbnail","hentry"],"_links":{"self":[{"href":"https:\/\/cpaq.ufms.br\/en\/wp-json\/wp\/v2\/pages\/31218","targetHints":{"allow":["GET"]}}],"collection":[{"href":"https:\/\/cpaq.ufms.br\/en\/wp-json\/wp\/v2\/pages"}],"about":[{"href":"https:\/\/cpaq.ufms.br\/en\/wp-json\/wp\/v2\/types\/page"}],"author":[{"embeddable":true,"href":"https:\/\/cpaq.ufms.br\/en\/wp-json\/wp\/v2\/users\/1449"}],"replies":[{"embeddable":true,"href":"https:\/\/cpaq.ufms.br\/en\/wp-json\/wp\/v2\/comments?post=31218"}],"version-history":[{"count":13,"href":"https:\/\/cpaq.ufms.br\/en\/wp-json\/wp\/v2\/pages\/31218\/revisions"}],"predecessor-version":[{"id":36584,"href":"https:\/\/cpaq.ufms.br\/en\/wp-json\/wp\/v2\/pages\/31218\/revisions\/36584"}],"up":[{"embeddable":true,"href":"https:\/\/cpaq.ufms.br\/en\/wp-json\/wp\/v2\/pages\/31206"}],"wp:featuredmedia":[{"embeddable":true,"href":"https:\/\/cpaq.ufms.br\/en\/wp-json\/wp\/v2\/media\/6884"}],"wp:attachment":[{"href":"https:\/\/cpaq.ufms.br\/en\/wp-json\/wp\/v2\/media?parent=31218"}],"wp:term":[{"taxonomy":"author","embeddable":true,"href":"https:\/\/cpaq.ufms.br\/en\/wp-json\/wp\/v2\/coauthors?post=31218"}],"curies":[{"name":"wp","href":"https:\/\/api.w.org\/{rel}","templated":true}]}}