{"id":31209,"date":"2022-08-08T14:44:54","date_gmt":"2022-08-08T18:44:54","guid":{"rendered":"https:\/\/cpaq.ufms.br\/?page_id=31209"},"modified":"2026-04-01T14:36:33","modified_gmt":"2026-04-01T18:36:33","slug":"ciencias-biologicas-documentos","status":"publish","type":"page","link":"https:\/\/cpaq.ufms.br\/en\/ciencias-biologicas\/ciencias-biologicas-documentos\/","title":{"rendered":"Ci\u00eancias Biol\u00f3gicas &#8211; Documentos"},"content":{"rendered":"<div class=\"panel panel-info\"><div class=\"panel-heading\">Documentos<\/div><div class=\"panel-body\">\n<p><a href=\"https:\/\/drive.google.com\/file\/d\/1rdtQTexAQCinWcNoADzHF55MoJcIV9xy\/view?usp=sharing\">PROJETO PEDAG\u00d3GICO DO CURSO<\/a> (atualizado em dezembro\/2025)<\/p>\n<\/div><\/div>\n<div class=\"panel panel-info\"><div class=\"panel-heading\">Est\u00e1gio<\/div><div class=\"panel-body\">\n<p class=\"yiv9101474143\" style=\"text-align: justify;margin: 0cm 0cm 7.9pt 0cm\"><span style=\"font-size: 12pt;font-family: georgia, palatino, serif;color: #2c3e50\"><a href=\"https:\/\/cpaq.ufms.br\/files\/2025\/04\/Manual-Estagio-Obrigatorio-Cbio-CPAQ-2025.pdf\"><span style=\"color: #0088b7\">MANUAL DE EST\u00c1GIO<\/span><\/a><\/span><\/p>\n<p><span style=\"font-size: 12pt;font-family: georgia, palatino, serif;color: #2c3e50\"><a href=\"https:\/\/cpaq.ufms.br\/files\/2025\/04\/Manual-TCC-Ciencias-Biologicas-CPAQ-2025.pdf\"><span style=\"color: #0088b7\">MANUAL DE ORIENTA\u00c7\u00c3O PARA ELABORA\u00c7\u00c3O DE TCC<\/span><\/a><\/span><\/p>\n<p class=\"yiv9101474143\" style=\"text-align: justify;margin: 0cm 0cm 7.9pt 0cm\"><span style=\"font-size: 12pt;font-family: georgia, palatino, serif;color: #2c3e50\"><a href=\"https:\/\/docs.google.com\/document\/d\/1lZmUyePeSRU79tP7zV1LRdeiJNa-k_U6\/edit?usp=share_link&amp;ouid=100432991820276785082&amp;rtpof=true&amp;sd=true\"><span style=\"color: #0088b7\">TERMO DE APRESENTA\u00c7\u00c3O DO ESTAGI\u00c1RIO<\/span><\/a><\/span><\/p>\n<p class=\"yiv9101474143\" style=\"text-align: justify;margin: 0cm 0cm 7.9pt 0cm\"><span style=\"font-size: 12pt;font-family: georgia, palatino, serif;color: #2c3e50\"><a href=\"https:\/\/docs.google.com\/document\/d\/1Ks8ee-xfden6lRfLEFS6D1OGBtVMEJDL\/edit?usp=share_link&amp;ouid=100432991820276785082&amp;rtpof=true&amp;sd=true\"><span style=\"color: #0088b7\">FICHA PLANO DE EST\u00c1GIO<\/span><\/a><\/span><\/p>\n<p class=\"yiv9101474143\" style=\"text-align: justify;margin: 0cm 0cm 7.9pt 0cm\"><span style=\"font-size: 12pt;font-family: georgia, palatino, serif;color: #2c3e50\"><a href=\"https:\/\/docs.google.com\/document\/d\/1x6pu-URGHrJNpfl3m2iJqL3GdW3-vxxI\/edit?usp=share_link&amp;ouid=100432991820276785082&amp;rtpof=true&amp;sd=true\"><span style=\"color: #0088b7\">FICHA RECONHECIMENTO DA ESTRUTURA ESCOLAR<\/span><\/a><\/span><\/p>\n<p class=\"yiv9101474143\" style=\"text-align: justify;margin: 0cm 0cm 7.9pt 0cm\"><span style=\"font-size: 12pt;font-family: georgia, palatino, serif;color: #2c3e50\"><a href=\"https:\/\/docs.google.com\/document\/d\/1WE3ZaWCGLqwe6Zg3_VO_zurvMpSMG8Aq\/edit?usp=share_link&amp;ouid=100432991820276785082&amp;rtpof=true&amp;sd=true\"><span style=\"color: #0088b7\">FICHA OBSERVA\u00c7\u00c3O<\/span><\/a><\/span><\/p>\n<p class=\"yiv9101474143\" style=\"text-align: justify;margin: 0cm 0cm 7.9pt 0cm\"><span style=\"font-size: 12pt;font-family: georgia, palatino, serif;color: #2c3e50\"><a href=\"https:\/\/docs.google.com\/document\/d\/1Ab39lkyYMjzxkmDN2Z5duckf7mrw_MY-\/edit?usp=share_link&amp;ouid=100432991820276785082&amp;rtpof=true&amp;sd=true\"><span style=\"color: #0088b7\">FICHA DE COMPROVA\u00c7\u00c3O DAS ATIVIDADES<\/span><\/a><\/span><\/p>\n<p class=\"yiv9101474143\" style=\"text-align: justify;margin: 0cm 0cm 7.9pt 0cm\"><span style=\"font-size: 12pt;font-family: georgia, palatino, serif;color: #2c3e50\"><a href=\"https:\/\/docs.google.com\/document\/d\/1_ENId5ZwO7dueCTlHb1HR0mG8ezcULRb\/edit?usp=share_link&amp;ouid=100432991820276785082&amp;rtpof=true&amp;sd=true\"><span style=\"color: #0088b7\">FICHA COPARTICIPA\u00c7\u00c3O\u00a0<\/span><\/a><\/span><\/p>\n<p class=\"yiv9101474143\" style=\"text-align: justify;margin: 0cm 0cm 7.9pt 0cm\"><span style=\"font-size: 12pt;font-family: georgia, palatino, serif;color: #2c3e50\"><a href=\"https:\/\/docs.google.com\/document\/d\/10KqHAOsulDDxpEMvYCveWoImFg7NrGq_\/edit?usp=share_link&amp;ouid=100432991820276785082&amp;rtpof=true&amp;sd=true\"><span style=\"color: #0088b7\">MODELO DE PLANO DE AULA<\/span><\/a><\/span><\/p>\n<p class=\"yiv9101474143\" style=\"text-align: justify;margin: 0cm 0cm 7.9pt 0cm\"><span style=\"font-size: 12pt;font-family: georgia, palatino, serif;color: #2c3e50\"><a href=\"https:\/\/docs.google.com\/document\/d\/1m6pVu_d1WMyNy25cGEiMepX51Gfk4Z7V\/edit?usp=share_link&amp;ouid=100432991820276785082&amp;rtpof=true&amp;sd=true\"><span style=\"color: #0088b7\">FICHA DE AVALIA\u00c7\u00c3O SUPERVISOR<\/span><\/a><\/span><\/p>\n<p class=\"yiv9101474143\" style=\"text-align: justify;margin: 0cm 0cm 7.9pt 0cm\"><span style=\"font-size: 12pt;font-family: georgia, palatino, serif;color: #2c3e50\"><a href=\"https:\/\/docs.google.com\/document\/d\/1bDMqoSezjQYj6f_DPS_UPGMLZ1N9-JBJ\/edit?usp=share_link&amp;ouid=100432991820276785082&amp;rtpof=true&amp;sd=true\"><span style=\"color: #0088b7\">FICHA DE AVALIA\u00c7\u00c3O ORIENTADOR<\/span><\/a><\/span><\/p>\n<p class=\"yiv9101474143\" style=\"text-align: justify;margin: 0cm 0cm 7.9pt 0cm\"><span style=\"font-size: 12pt;font-family: georgia, palatino, serif;color: #2c3e50\"><a href=\"https:\/\/drive.google.com\/file\/d\/1DhEgm0UO9Ur3H_N5-4uDQMSX1W36L5VD\/view?usp=sharing\"><span style=\"color: #0088b7\">MANUAL DO PORTAL \/ TERMO DE COMPROMISSO<\/span><\/a><\/span><\/p>\n<p class=\"yiv9101474143\" style=\"text-align: justify;margin: 0cm 0cm 7.9pt 0cm\"><span style=\"font-size: 12pt;font-family: georgia, palatino, serif;color: #2c3e50\"><a href=\"https:\/\/estagio.ufms.br\/termo\/\" target=\"_blank\" rel=\"noopener noreferrer\">TERMO DE COMPROMISSO DE EST\u00c1GIO<\/a>\u00a0(preenchimento online)<\/span><\/p>\n<p class=\"yiv9101474143\" style=\"text-align: justify;margin: 0cm 0cm 7.9pt 0cm\"><span style=\"font-size: 12pt;font-family: georgia, palatino, serif;color: #2c3e50\"><a href=\"https:\/\/drive.google.com\/file\/d\/1AwIlhnH8oDuWlBr7IvUOjvOEqRMNYIaF\/view?usp=sharing\"><span style=\"color: #0088b7\">TERMO DE RESPONSABILIDADE (CHAVE)<\/span><\/a><\/span><\/p>\n<p class=\"yiv9101474143\" style=\"text-align: justify;margin: 0cm 0cm 7.9pt 0cm\"><span style=\"font-size: 12pt;font-family: georgia, palatino, serif;color: #2c3e50\"><a href=\"https:\/\/drive.google.com\/file\/d\/19PI8xXnsk9VTT9NDbQkcUR3PiAhL44iq\/view?usp=sharing\"><span style=\"color: #0088b7\">TERMO DE RESPONSABILIDADE (MATERIAIS)<\/span><\/a><\/span><\/p>\n<p class=\"yiv9101474143\" style=\"text-align: justify;margin: 0cm 0cm 7.9pt 0cm\"><span style=\"font-size: 12pt;font-family: georgia, palatino, serif;color: #2c3e50\"><a href=\"https:\/\/docs.google.com\/document\/d\/1jfvhYePK-5lwqIsCbcyWWJqWn2WtThEI\/edit?usp=share_link&amp;ouid=100432991820276785082&amp;rtpof=true&amp;sd=true\"><span style=\"color: #0088b7\">MODELO DE RELAT\u00d3RIO DE EST\u00c1GIO<\/span><\/a><\/span><\/p>\n<\/div><\/div>\n<div class=\"panel panel-info\"><div class=\"panel-heading\">Formul\u00e1rios<\/div><div class=\"panel-body\">\n<p><a href=\"https:\/\/drive.google.com\/file\/d\/1VcYLm1hQhCFTsAlJF1DBf7MFgFxbAlJj\/view?usp=sharing\">TABELA DE PONTUA\u00c7\u00c3O DE ATIVIDADES COMPLEMENTARES<\/a>\u00a0(atualizado em setembro\/2020)<\/p>\n<\/div><\/div>\n<div class=\"panel panel-info\"><div class=\"panel-heading\">Regulamentos<\/div><div class=\"panel-body\">\n<p><a href=\"https:\/\/drive.google.com\/file\/d\/1w_lDpucfl7QN5HtUI-BGw4cdN5QWlBwB\/view?usp=sharing\">REGULAMENTO DA ATIVIDADE N\u00c3O DISCIPLINAR DE TRABALHO DE CONCLUS\u00c3O DE CURSO<\/a>\u00a0(atualizado em setembro\/2020)<\/p>\n<p><a href=\"https:\/\/drive.google.com\/file\/d\/1N0xz2P32u0tGQ7mruJpMGj0xnLr7hrQH\/view?usp=sharing\">REGULAMENTO DO EST\u00c1GIO OBRIGAT\u00d3RIO<\/a>\u00a0(atualizado em junho\/2019)<\/p>\n<p><a href=\"http:\/\/cpaq.ufms.br\/files\/2013\/02\/REGULAMENTO-ATIVIDADES-COMPLEMENTARES-2015-FINAL.pdf\">REGULAMENTO DA DISCIPLINA DE ATIVIDADES COMPLEMENTARES<\/a><\/p>\n<\/div><\/div>","protected":false},"excerpt":{"rendered":"","protected":false},"author":1449,"featured_media":6884,"parent":31206,"menu_order":0,"comment_status":"closed","ping_status":"closed","template":"page-templates\/page-coordenadorias.php","meta":{"footnotes":""},"coauthors":[79],"class_list":["post-31209","page","type-page","status-publish","has-post-thumbnail","hentry"],"_links":{"self":[{"href":"https:\/\/cpaq.ufms.br\/en\/wp-json\/wp\/v2\/pages\/31209","targetHints":{"allow":["GET"]}}],"collection":[{"href":"https:\/\/cpaq.ufms.br\/en\/wp-json\/wp\/v2\/pages"}],"about":[{"href":"https:\/\/cpaq.ufms.br\/en\/wp-json\/wp\/v2\/types\/page"}],"author":[{"embeddable":true,"href":"https:\/\/cpaq.ufms.br\/en\/wp-json\/wp\/v2\/users\/1449"}],"replies":[{"embeddable":true,"href":"https:\/\/cpaq.ufms.br\/en\/wp-json\/wp\/v2\/comments?post=31209"}],"version-history":[{"count":15,"href":"https:\/\/cpaq.ufms.br\/en\/wp-json\/wp\/v2\/pages\/31209\/revisions"}],"predecessor-version":[{"id":38843,"href":"https:\/\/cpaq.ufms.br\/en\/wp-json\/wp\/v2\/pages\/31209\/revisions\/38843"}],"up":[{"embeddable":true,"href":"https:\/\/cpaq.ufms.br\/en\/wp-json\/wp\/v2\/pages\/31206"}],"wp:featuredmedia":[{"embeddable":true,"href":"https:\/\/cpaq.ufms.br\/en\/wp-json\/wp\/v2\/media\/6884"}],"wp:attachment":[{"href":"https:\/\/cpaq.ufms.br\/en\/wp-json\/wp\/v2\/media?parent=31209"}],"wp:term":[{"taxonomy":"author","embeddable":true,"href":"https:\/\/cpaq.ufms.br\/en\/wp-json\/wp\/v2\/coauthors?post=31209"}],"curies":[{"name":"wp","href":"https:\/\/api.w.org\/{rel}","templated":true}]}}