{"id":31206,"date":"2022-08-08T14:36:04","date_gmt":"2022-08-08T18:36:04","guid":{"rendered":"https:\/\/cpaq.ufms.br\/?page_id=31206"},"modified":"2026-04-01T14:49:56","modified_gmt":"2026-04-01T18:49:56","slug":"ciencias-biologicas","status":"publish","type":"page","link":"https:\/\/cpaq.ufms.br\/en\/ciencias-biologicas\/","title":{"rendered":"Ci\u00eancias Biol\u00f3gicas"},"content":{"rendered":"<div class=\"row\">\n<div class=\"col-md-8\">\n<div class=\"alert alert-info\" role=\"alert\"><strong>Inicio de Funcionamento: 1996<\/strong><\/div>\n<\/div>\n<div class=\"col-md-4\">\n<div class=\"alert alert-info\" role=\"alert\"><strong>Conceito: 05\/2025<\/strong><\/div>\n<\/div>\n<\/div>\n<div class=\"panel panel-info\"><div class=\"panel-body\">\n<div class=\"row\"><\/div>\n<div class=\"col-md-6\">\n<div class=\"panel-group\" id=\"custom-collapse-2\">\n<div class=\"panel panel-default\">\n\t\t\t\t<div class=\"panel-heading\">\n\t\t\t\t\t<h4 class=\"panel-title\">\n\t\t\t\t\t\t<a class=\"collapsed\" data-toggle=\"collapse\" data-parent=\"#custom-collapse-2\" href=\"#custom-collapse-2-8\">Docentes<\/a>\n\t\t\t\t\t<\/h4>\n\t\t\t\t<\/div>\n\t\t\t\t<div id=\"custom-collapse-2-8\" class=\"panel-collapse collapse\">\n\t\t\t\t\t<div class=\"panel-body\">\n<p>Veja a lista de docentes do curso de Ci\u00eancias Biol\u00f3gicas <a href=\"https:\/\/cpaq.ufms.br\/ciencias-biologicas\/ciencias-biologicas-docentes\/\">Aqui<\/a><\/p>\n<\/div>\n\t\t\t\t<\/div>\n\t\t\t<\/div>\n<div class=\"panel panel-default\">\n\t\t\t\t<div class=\"panel-heading\">\n\t\t\t\t\t<h4 class=\"panel-title\">\n\t\t\t\t\t\t<a class=\"collapsed\" data-toggle=\"collapse\" data-parent=\"#custom-collapse-2\" href=\"#custom-collapse-2-9\">Documentos<\/a>\n\t\t\t\t\t<\/h4>\n\t\t\t\t<\/div>\n\t\t\t\t<div id=\"custom-collapse-2-9\" class=\"panel-collapse collapse\">\n\t\t\t\t\t<div class=\"panel-body\">\n<p>Acesse os documentos referentes ao curso de Ci\u00eancias Biol\u00f3gicas do campus de Aquidauana, <a href=\"https:\/\/cpaq.ufms.br\/ciencias-biologicas\/ciencias-biologicas-documentos\/\">Aqui<\/a><\/p>\n<p>Acesse aos documentos gerais dos cursos de gradua\u00e7\u00e3o da UFMS, <a href=\"https:\/\/cpaq.ufms.br\/documentos-gerais-graduacao\/\">Aqui<\/a><\/p>\n<\/div>\n\t\t\t\t<\/div>\n\t\t\t<\/div>\n<div class=\"panel panel-default\">\n\t\t\t\t<div class=\"panel-heading\">\n\t\t\t\t\t<h4 class=\"panel-title\">\n\t\t\t\t\t\t<a class=\"collapsed\" data-toggle=\"collapse\" data-parent=\"#custom-collapse-2\" href=\"#custom-collapse-2-10\">Grade Curricular<\/a>\n\t\t\t\t\t<\/h4>\n\t\t\t\t<\/div>\n\t\t\t\t<div id=\"custom-collapse-2-10\" class=\"panel-collapse collapse\">\n\t\t\t\t\t<div class=\"panel-body\">\n<p>Veja a grade curricular do seu curso: <a href=\"https:\/\/ensino.ufms.br\/cursos\/grade\/0446\" target=\"_blank\" rel=\"noopener\">Acesse Aqui<\/a><\/p>\n<\/div>\n\t\t\t\t<\/div>\n\t\t\t<\/div>\n<div class=\"panel panel-default\">\n\t\t\t\t<div class=\"panel-heading\">\n\t\t\t\t\t<h4 class=\"panel-title\">\n\t\t\t\t\t\t<a class=\"collapsed\" data-toggle=\"collapse\" data-parent=\"#custom-collapse-2\" href=\"#custom-collapse-2-11\">TCC, Publica\u00e7\u00f5es e Pesquisas<\/a>\n\t\t\t\t\t<\/h4>\n\t\t\t\t<\/div>\n\t\t\t\t<div id=\"custom-collapse-2-11\" class=\"panel-collapse collapse\">\n\t\t\t\t\t<div class=\"panel-body\">\n<p>Acesse a Pesquisas, nossos TCCs e publica\u00e7\u00f5es, <a href=\"https:\/\/cpaq.ufms.br\/ciencias-biologicas\/ciencias-biologicas-publicacoes\/\">Aqui<\/a><\/p>\n<\/div>\n\t\t\t\t<\/div>\n\t\t\t<\/div>\n<\/div>\n<\/div>\n<div class=\"col-md-6\">\n<div class=\"panel-group\" id=\"custom-collapse-3\">\n<div class=\"panel panel-default\">\n\t\t\t\t<div class=\"panel-heading\">\n\t\t\t\t\t<h4 class=\"panel-title\">\n\t\t\t\t\t\t<a class=\"collapsed\" data-toggle=\"collapse\" data-parent=\"#custom-collapse-3\" href=\"#custom-collapse-3-12\">Hor\u00e1rios<\/a>\n\t\t\t\t\t<\/h4>\n\t\t\t\t<\/div>\n\t\t\t\t<div id=\"custom-collapse-3-12\" class=\"panel-collapse collapse\">\n\t\t\t\t\t<div class=\"panel-body\">\n<p>Acesse aos Hor\u00e1rios de Aula &#8211; <a href=\"https:\/\/drive.google.com\/file\/d\/1Dc3LTsvqqHQLyUcEgZK_fJdotOXiR1Ms\/view?usp=drivesdk\">AQUI<\/a><\/p>\n<\/div>\n\t\t\t\t<\/div>\n\t\t\t<\/div>\n<div class=\"panel panel-default\">\n\t\t\t\t<div class=\"panel-heading\">\n\t\t\t\t\t<h4 class=\"panel-title\">\n\t\t\t\t\t\t<a class=\"collapsed\" data-toggle=\"collapse\" data-parent=\"#custom-collapse-3\" href=\"#custom-collapse-3-13\">Sobre o Curso<\/a>\n\t\t\t\t\t<\/h4>\n\t\t\t\t<\/div>\n\t\t\t\t<div id=\"custom-collapse-3-13\" class=\"panel-collapse collapse\">\n\t\t\t\t\t<div class=\"panel-body\">\n<p>Conhe\u00e7a um pouco mais sobre o curso de Ci\u00eancias Biol\u00f3gicas do campus de Aquidauana. <a href=\"https:\/\/cpaq.ufms.br\/ciencias-biologicas\/ciencias-biologicas-sobre-o-curso\/\" target=\"_blank\" rel=\"noopener\">Aqui<\/a><\/p>\n<\/div>\n\t\t\t\t<\/div>\n\t\t\t<\/div>\n<div class=\"panel panel-default\">\n\t\t\t\t<div class=\"panel-heading\">\n\t\t\t\t\t<h4 class=\"panel-title\">\n\t\t\t\t\t\t<a class=\"collapsed\" data-toggle=\"collapse\" data-parent=\"#custom-collapse-3\" href=\"#custom-collapse-3-14\">Projetos e Orienta\u00e7\u00f5es<\/a>\n\t\t\t\t\t<\/h4>\n\t\t\t\t<\/div>\n\t\t\t\t<div id=\"custom-collapse-3-14\" class=\"panel-collapse collapse\">\n\t\t\t\t\t<div class=\"panel-body\">\n<p>Saiba mais sobre os projetos de ensino e extens\u00e3o e as orienta\u00e7\u00f5es acad\u00eamicas dos docentes do curso. <a href=\"https:\/\/cpaq.ufms.br\/ciencias-biologicas\/ciencias-biologicas-projetos-orientacoes\/\" target=\"_blank\" rel=\"noopener\">Clique Aqui<\/a><\/p>\n<\/div>\n\t\t\t\t<\/div>\n\t\t\t<\/div>\n<div class=\"panel panel-default\">\n\t\t\t\t<div class=\"panel-heading\">\n\t\t\t\t\t<h4 class=\"panel-title\">\n\t\t\t\t\t\t<a class=\"collapsed\" data-toggle=\"collapse\" data-parent=\"#custom-collapse-3\" href=\"#custom-collapse-3-15\">Laborat\u00f3rios<\/a>\n\t\t\t\t\t<\/h4>\n\t\t\t\t<\/div>\n\t\t\t\t<div id=\"custom-collapse-3-15\" class=\"panel-collapse collapse\">\n\t\t\t\t\t<div class=\"panel-body\">\n<p>Clique e veja a lista de laborat\u00f3rios do campus de Aquidauana. <a href=\"https:\/\/cpaq.ufms.br\/laboratorio-de-informatica\/\">Clique Aqui<\/a><\/p>\n<p>Clique e veja a lista de laborat\u00f3rios do curso de Ci\u00eancias Biol\u00f3gicas. <a href=\"https:\/\/cpaq.ufms.br\/ciencias-biologicas\/ciencias-biologicas-laboratorios-do-curso\/\">Clique Aqui<\/a><\/p>\n<\/div>\n\t\t\t\t<\/div>\n\t\t\t<\/div>\n<\/div>\n<\/div>\n<\/div><\/div>","protected":false},"excerpt":{"rendered":"","protected":false},"author":1449,"featured_media":6884,"parent":0,"menu_order":0,"comment_status":"closed","ping_status":"closed","template":"page-templates\/page-coordenadorias.php","meta":{"footnotes":""},"coauthors":[79],"class_list":["post-31206","page","type-page","status-publish","has-post-thumbnail","hentry"],"_links":{"self":[{"href":"https:\/\/cpaq.ufms.br\/en\/wp-json\/wp\/v2\/pages\/31206","targetHints":{"allow":["GET"]}}],"collection":[{"href":"https:\/\/cpaq.ufms.br\/en\/wp-json\/wp\/v2\/pages"}],"about":[{"href":"https:\/\/cpaq.ufms.br\/en\/wp-json\/wp\/v2\/types\/page"}],"author":[{"embeddable":true,"href":"https:\/\/cpaq.ufms.br\/en\/wp-json\/wp\/v2\/users\/1449"}],"replies":[{"embeddable":true,"href":"https:\/\/cpaq.ufms.br\/en\/wp-json\/wp\/v2\/comments?post=31206"}],"version-history":[{"count":19,"href":"https:\/\/cpaq.ufms.br\/en\/wp-json\/wp\/v2\/pages\/31206\/revisions"}],"predecessor-version":[{"id":38844,"href":"https:\/\/cpaq.ufms.br\/en\/wp-json\/wp\/v2\/pages\/31206\/revisions\/38844"}],"wp:featuredmedia":[{"embeddable":true,"href":"https:\/\/cpaq.ufms.br\/en\/wp-json\/wp\/v2\/media\/6884"}],"wp:attachment":[{"href":"https:\/\/cpaq.ufms.br\/en\/wp-json\/wp\/v2\/media?parent=31206"}],"wp:term":[{"taxonomy":"author","embeddable":true,"href":"https:\/\/cpaq.ufms.br\/en\/wp-json\/wp\/v2\/coauthors?post=31206"}],"curies":[{"name":"wp","href":"https:\/\/api.w.org\/{rel}","templated":true}]}}