{"id":31135,"date":"2022-08-04T09:15:18","date_gmt":"2022-08-04T13:15:18","guid":{"rendered":"https:\/\/cpaq.ufms.br\/?page_id=31135"},"modified":"2023-05-09T13:36:31","modified_gmt":"2023-05-09T17:36:31","slug":"administracao-projetos-e-orientacoes","status":"publish","type":"page","link":"https:\/\/cpaq.ufms.br\/en\/administracao\/administracao-projetos-e-orientacoes\/","title":{"rendered":"Administra\u00e7\u00e3o &#8211; Projetos e Orienta\u00e7\u00f5es"},"content":{"rendered":"<div class=\"panel panel-info\"><div class=\"panel-heading\">Projetos<\/div><div class=\"panel-body\">\n<div class=\"alert alert-info\"> Projetos de Ensino e Extens\u00e3o desenvolvidos por docentes do curso.<\/div>\n<table class=\"table table-hover table-striped table-sm\" style=\"height: 977px;width: 100%\">\n<tbody>\n<tr style=\"height: 24px\">\n<td style=\"width: 8.66964%;text-align: center;height: 24px\"><strong>Tipo<\/strong><\/td>\n<td style=\"width: 42.3997%;text-align: center;height: 24px\"><strong>Titulo<\/strong><\/td>\n<td style=\"width: 36.6319%;text-align: center;height: 24px\"><strong>Docente Coordenador<\/strong><\/td>\n<td style=\"width: 6.36696%;height: 24px;text-align: center\"><strong>Inicio\u00a0<\/strong><\/td>\n<td style=\"width: 5.93184%;height: 24px;text-align: center\"><strong>Fim<\/strong><\/td>\n<\/tr>\n<tr style=\"height: 26px\">\n<td style=\"width: 8.66964%;height: 26px\" width=\"13%\"><strong>Ensino<\/strong><\/td>\n<td style=\"width: 42.3997%;height: 26px\" width=\"32%\">Formata\u00e7\u00e3o de TCCs<\/td>\n<td style=\"width: 36.6319%;height: 26px\" width=\"18%\">Karoline Ferreira Kinoshita Goes<\/td>\n<td style=\"width: 6.36696%;text-align: center;height: 26px\" width=\"17%\">2022<\/td>\n<td style=\"width: 5.93184%;text-align: center;height: 26px\" width=\"17%\">2022<\/td>\n<\/tr>\n<tr style=\"height: 56px\">\n<td style=\"width: 8.66964%;height: 56px\" width=\"13%\"><strong>Ensino<\/strong><\/td>\n<td style=\"width: 42.3997%;height: 56px\" width=\"32%\">Desmistificando o TCC em Administra\u00e7\u00e3o &#8211; Curso &#8211; III Edi\u00e7\u00e3o<\/td>\n<td style=\"width: 36.6319%;height: 56px\" width=\"18%\">Daniela Althoff Philippi<\/td>\n<td style=\"width: 6.36696%;text-align: center;height: 56px\" width=\"17%\">2022<\/td>\n<td style=\"width: 5.93184%;text-align: center;height: 56px\" width=\"17%\">2022<\/td>\n<\/tr>\n<tr style=\"height: 56px\">\n<td style=\"width: 8.66964%;height: 56px\" width=\"13%\"><strong>Ensino<\/strong><\/td>\n<td style=\"width: 42.3997%;height: 56px\" width=\"32%\">Desmistificando o TCC em Administra\u00e7\u00e3o &#8211; Curso &#8211; II Edi\u00e7\u00e3o<\/td>\n<td style=\"width: 36.6319%;height: 56px\" width=\"18%\">Daniela Althoff Philippi<\/td>\n<td style=\"width: 6.36696%;text-align: center;height: 56px\" width=\"17%\">2021<\/td>\n<td style=\"width: 5.93184%;text-align: center;height: 56px\" width=\"17%\">2021<\/td>\n<\/tr>\n<tr style=\"height: 80px\">\n<td style=\"width: 8.66964%;height: 80px\" width=\"13%\"><strong>Ensino<\/strong><\/td>\n<td style=\"width: 42.3997%;height: 80px\" width=\"32%\">Formata\u00e7\u00e3o sem complica\u00e7\u00e3o: normatizando os Trabalhos de Conclus\u00e3o do Curso de Administra\u00e7\u00e3o<\/td>\n<td style=\"width: 36.6319%;height: 80px\" width=\"18%\">Karoline Ferreira Kinoshita Goes<\/td>\n<td style=\"width: 6.36696%;text-align: center;height: 80px\" width=\"17%\">2021<\/td>\n<td style=\"width: 5.93184%;text-align: center;height: 80px\" width=\"17%\">2021<\/td>\n<\/tr>\n<tr style=\"height: 80px\">\n<td style=\"width: 8.66964%;height: 80px\" width=\"13%\"><strong>Ensino<\/strong><\/td>\n<td style=\"width: 42.3997%;height: 80px\" width=\"32%\">O pr\u00e9-projeto \u00e9 nosso amigo: orienta\u00e7\u00f5es para confec\u00e7\u00e3o de um pr\u00e9-projeto de pesquisa<\/td>\n<td style=\"width: 36.6319%;height: 80px\" width=\"18%\">Karoline Ferreira Kinoshita Goes<\/td>\n<td style=\"width: 6.36696%;text-align: center;height: 80px\" width=\"17%\">2020<\/td>\n<td style=\"width: 5.93184%;text-align: center;height: 80px\" width=\"17%\">2020<\/td>\n<\/tr>\n<tr style=\"height: 80px\">\n<td style=\"width: 8.66964%;height: 80px\" width=\"13%\"><strong>Extens\u00e3o<\/strong><\/td>\n<td style=\"width: 42.3997%;height: 80px\" width=\"32%\">Encontro Internacional de Bioeconomia,\u00a0Empreendedorismo e Inova\u00e7\u00e3o no\u00a0Pantanal<\/td>\n<td style=\"width: 36.6319%;height: 80px\" width=\"18%\">Daniela Althoff Philippi<\/td>\n<td style=\"width: 6.36696%;text-align: center;height: 80px\" width=\"17%\">2022<\/td>\n<td style=\"width: 5.93184%;text-align: center;height: 80px\" width=\"17%\">2022<\/td>\n<\/tr>\n<tr style=\"height: 56px\">\n<td style=\"width: 8.66964%;height: 56px\" width=\"13%\"><strong>Extens\u00e3o<\/strong><\/td>\n<td style=\"width: 42.3997%;height: 56px\" width=\"32%\">Ciclo de Mesas Redondas Administra\u00e7\u00e3o de Materiais e Log\u00edstica na Pr\u00e1tica<\/td>\n<td style=\"width: 36.6319%;height: 56px\" width=\"18%\">Daniela Althoff Philippi<\/td>\n<td style=\"width: 6.36696%;text-align: center;height: 56px\" width=\"17%\">2022<\/td>\n<td style=\"width: 5.93184%;text-align: center;height: 56px\" width=\"17%\">2022<\/td>\n<\/tr>\n<tr style=\"height: 56px\">\n<td style=\"width: 8.66964%;height: 56px\" width=\"13%\"><strong>Extens\u00e3o<\/strong><\/td>\n<td style=\"width: 42.3997%;height: 56px\" width=\"32%\">Ciclo de Mesas Redondas: Administra\u00e7\u00e3o de Produ\u00e7\u00e3o e Opera\u00e7\u00f5es na pr\u00e1tica<\/td>\n<td style=\"width: 36.6319%;height: 56px\" width=\"18%\">Daniela Althoff Philippi<\/td>\n<td style=\"width: 6.36696%;text-align: center;height: 56px\" width=\"17%\">2022<\/td>\n<td style=\"width: 5.93184%;text-align: center;height: 56px\" width=\"17%\">2022<\/td>\n<\/tr>\n<tr style=\"height: 10px\">\n<td style=\"width: 8.66964%;height: 10px\" width=\"13%\"><strong>Extens\u00e3o<\/strong><\/td>\n<td style=\"width: 42.3997%;height: 10px\" width=\"32%\">Semana do Curso de Administra\u00e7\u00e3o da\u00a0Universidade Federal de Mato Grosso do Sul<\/td>\n<td style=\"width: 36.6319%;height: 10px\" width=\"18%\">Gercina Gon\u00e7alves\u00a0da Silva<\/td>\n<td style=\"width: 6.36696%;text-align: center;height: 10px\" width=\"17%\">2022<\/td>\n<td style=\"width: 5.93184%;text-align: center;height: 10px\" width=\"17%\">2022<\/td>\n<\/tr>\n<tr style=\"height: 13px\">\n<td style=\"width: 8.66964%;height: 13px\" width=\"13%\"><strong>Extens\u00e3o<\/strong><\/td>\n<td style=\"width: 42.3997%;height: 13px\" width=\"32%\">Semana do Curso de Administra\u00e7\u00e3o da\u00a0Universidade Federal de Mato Grosso do Sul<\/td>\n<td style=\"width: 36.6319%;height: 13px\" width=\"18%\">Gercina Gon\u00e7alves\u00a0da Silva<\/td>\n<td style=\"width: 6.36696%;text-align: center;height: 13px\" width=\"17%\">2021<\/td>\n<td style=\"width: 5.93184%;text-align: center;height: 13px\" width=\"17%\">2022<\/td>\n<\/tr>\n<tr style=\"height: 56px\">\n<td style=\"width: 8.66964%;height: 56px\" width=\"13%\"><strong>Extens\u00e3o<\/strong><\/td>\n<td style=\"width: 42.3997%;height: 56px\" width=\"32%\">Gest\u00e3o na Pr\u00e1tica<\/td>\n<td style=\"width: 36.6319%;height: 56px\" width=\"18%\">Isadora Bacha Lopes<\/td>\n<td style=\"width: 6.36696%;text-align: center;height: 56px\" width=\"17%\">2022<\/td>\n<td style=\"width: 5.93184%;text-align: center;height: 56px\" width=\"17%\">2024<\/td>\n<\/tr>\n<tr style=\"height: 56px\">\n<td style=\"width: 8.66964%;height: 56px\" width=\"13%\"><strong>Extens\u00e3o<\/strong><\/td>\n<td style=\"width: 42.3997%;height: 56px\" width=\"32%\">Pr\u00e1ticas de Gest\u00e3o em Marketing<\/td>\n<td style=\"width: 36.6319%;height: 56px\" width=\"18%\">Karoline Ferreira Kinoshita Goes<\/td>\n<td style=\"width: 6.36696%;text-align: center;height: 56px\" width=\"17%\">2023<\/td>\n<td style=\"width: 5.93184%;text-align: center;height: 56px\" width=\"17%\">2023<\/td>\n<\/tr>\n<tr style=\"height: 56px\">\n<td style=\"width: 8.66964%;height: 56px\" width=\"13%\"><strong>Extens\u00e3o<\/strong><\/td>\n<td style=\"width: 42.3997%;height: 56px\" width=\"32%\">Gest\u00e3o de servi\u00e7os e Responsabilidade social<\/td>\n<td style=\"width: 36.6319%;height: 56px\" width=\"18%\">Karoline Ferreira Kinoshita Goes<\/td>\n<td style=\"width: 6.36696%;text-align: center;height: 56px\" width=\"17%\">2022<\/td>\n<td style=\"width: 5.93184%;text-align: center;height: 56px\" width=\"17%\">2022<\/td>\n<\/tr>\n<tr style=\"height: 80px\">\n<td style=\"width: 8.66964%;height: 80px\" width=\"13%\"><strong>Extens\u00e3o<\/strong><\/td>\n<td style=\"width: 42.3997%;height: 80px\" width=\"32%\">Contribuindo com empresas de Aquidauana e regi\u00e3o por meio da disciplina de Pr\u00e1ticas de Gest\u00e3o I<\/td>\n<td style=\"width: 36.6319%;height: 80px\" width=\"18%\">Karoline Ferreira Kinoshita Goes<\/td>\n<td style=\"width: 6.36696%;text-align: center;height: 80px\" width=\"17%\">2022<\/td>\n<td style=\"width: 5.93184%;text-align: center;height: 80px\" width=\"17%\">2022<\/td>\n<\/tr>\n<tr style=\"height: 56px\">\n<td style=\"width: 8.66964%;height: 56px\" width=\"13%\"><strong>Extens\u00e3o<\/strong><\/td>\n<td style=\"width: 42.3997%;height: 56px\" width=\"32%\">A\u00e7\u00f5es de comunica\u00e7\u00e3o com o DEMUTRAN de Aquidauana\/MS<\/td>\n<td style=\"width: 36.6319%;height: 56px\" width=\"18%\">Karoline Ferreira Kinoshita Goes<\/td>\n<td style=\"width: 6.36696%;text-align: center;height: 56px\" width=\"17%\">2021<\/td>\n<td style=\"width: 5.93184%;text-align: center;height: 56px\" width=\"17%\">2022<\/td>\n<\/tr>\n<tr style=\"height: 56px\">\n<td style=\"width: 8.66964%;height: 56px\" width=\"13%\"><strong>Extens\u00e3o<\/strong><\/td>\n<td style=\"width: 42.3997%;height: 56px\" width=\"32%\">Conhecendo o curso de Administra\u00e7\u00e3o da UFMS CPAQ<\/td>\n<td style=\"width: 36.6319%;height: 56px\" width=\"18%\">Karoline Ferreira Kinoshita Goes<\/td>\n<td style=\"width: 6.36696%;text-align: center;height: 56px\" width=\"17%\">2020<\/td>\n<td style=\"width: 5.93184%;text-align: center;height: 56px\" width=\"17%\">2021<\/td>\n<\/tr>\n<tr style=\"height: 80px\">\n<td style=\"width: 8.66964%;height: 80px\" width=\"13%\"><strong>Extens\u00e3o<\/strong><\/td>\n<td style=\"width: 42.3997%;height: 80px\" width=\"32%\">Carreira Jovem em Foco: Empreendendo habilidades (Power Skills) para o Fomento de Profissionais Inovadores<\/td>\n<td style=\"width: 36.6319%;height: 80px\" width=\"18%\">Mariana Aparecida Euflausino dos Santos Vieira<\/td>\n<td style=\"width: 6.36696%;text-align: center;height: 80px\" width=\"17%\">2023<\/td>\n<td style=\"width: 5.93184%;text-align: center;height: 80px\" width=\"17%\">2026<\/td>\n<\/tr>\n<\/tbody>\n<\/table>\n<\/div><\/div>\n<div class=\"panel panel-info\"><div class=\"panel-heading\">Orienta\u00e7\u00f5es<\/div><div class=\"panel-body\">\n<div class=\"alert alert-info\">Orienta\u00e7\u00f5es de acad\u00eamicos da gradua\u00e7\u00e3o<\/div>\n<table class=\"table table-hover table-striped table-sm\" style=\"width: 100%;height: 1457px\">\n<tbody>\n<tr style=\"height: 24px\">\n<td style=\"width: 32.6805%;text-align: center;height: 24px\"><strong>Orientador<\/strong><\/td>\n<td style=\"width: 24.7949%;text-align: center;height: 24px\"><strong>Orientado<\/strong><\/td>\n<td style=\"width: 42.5245%;text-align: center;height: 24px\"><strong>Titulo do Trabalho<\/strong><\/td>\n<\/tr>\n<tr style=\"height: 56px\">\n<td style=\"width: 32.6805%;height: 56px\" width=\"21%\">Daniela Althoff\u00a0Philippi<\/td>\n<td style=\"width: 24.7949%;height: 56px\" width=\"24%\">Soliane Renata Silva Alvico<\/td>\n<td style=\"width: 42.5245%;height: 56px\" width=\"53%\">A definir<\/td>\n<\/tr>\n<tr style=\"height: 56px\">\n<td style=\"width: 32.6805%;height: 56px\" width=\"21%\">Daniela Althoff\u00a0Philippi<\/td>\n<td style=\"width: 24.7949%;height: 56px\" width=\"24%\">Elton Johny Braga Candia<\/td>\n<td style=\"width: 42.5245%;height: 56px\" width=\"53%\">A definir<\/td>\n<\/tr>\n<tr style=\"height: 56px\">\n<td style=\"width: 32.6805%;height: 56px\" width=\"21%\">Daniela Althoff\u00a0Philippi<\/td>\n<td style=\"width: 24.7949%;height: 56px\" width=\"24%\">Brayan da Costa Azevedo da Silva<\/td>\n<td style=\"width: 42.5245%;height: 56px\" width=\"53%\">A definir<\/td>\n<\/tr>\n<tr style=\"height: 56px\">\n<td style=\"width: 32.6805%;height: 56px\" width=\"21%\">Daniela Althoff\u00a0Philippi<\/td>\n<td style=\"width: 24.7949%;height: 56px\" width=\"24%\">Leidiany Machado Ferracini<\/td>\n<td style=\"width: 42.5245%;height: 56px\" width=\"53%\">A definir<\/td>\n<\/tr>\n<tr style=\"height: 56px\">\n<td style=\"width: 32.6805%;height: 56px\" width=\"21%\">Daniela Althoff\u00a0Philippi<\/td>\n<td style=\"width: 24.7949%;height: 56px\" width=\"24%\">Leliane dos Santos Diniz<\/td>\n<td style=\"width: 42.5245%;height: 56px\" width=\"53%\">Processo de produ\u00e7\u00e3o da ra\u00e7\u00e3o corte 18-A.D.E. da empresa Pr\u00f3-Criador<\/td>\n<\/tr>\n<tr style=\"height: 56px\">\n<td style=\"width: 32.6805%;height: 56px\" width=\"21%\">Daniela Althoff\u00a0Philippi<\/td>\n<td style=\"width: 24.7949%;height: 56px\" width=\"24%\">Giovana Lara Botelho<\/td>\n<td style=\"width: 42.5245%;height: 56px\" width=\"53%\">A definir<\/td>\n<\/tr>\n<tr style=\"height: 56px\">\n<td style=\"width: 32.6805%;height: 56px\" width=\"21%\">Daniela Althoff\u00a0Philippi<\/td>\n<td style=\"width: 24.7949%;height: 56px\" width=\"24%\">Jackelyne Pinheiro de Souza<\/td>\n<td style=\"width: 42.5245%;height: 56px\" width=\"53%\">A definir<\/td>\n<\/tr>\n<tr style=\"height: 80px\">\n<td style=\"width: 32.6805%;height: 80px\" width=\"21%\">Gercina\u00a0Gon\u00e7alves da\u00a0Silva<\/td>\n<td style=\"width: 24.7949%;height: 80px\" width=\"24%\">Maria Lu\u00edsa Lemes da Silva<\/td>\n<td style=\"width: 42.5245%;height: 80px\" width=\"53%\">O Descarte dos Res\u00edduos Eletr\u00f4nicos de Celulares em Anast\u00e1cio Analisados A Luz Do Triple Bottom Line<\/td>\n<\/tr>\n<tr style=\"height: 56px\">\n<td style=\"width: 32.6805%;height: 56px\" width=\"21%\">Gercina Gon\u00e7alves da\u00a0Silva<\/td>\n<td style=\"width: 24.7949%;height: 56px\" width=\"24%\">Lia Botelho Margarejo Barboza<\/td>\n<td style=\"width: 42.5245%;height: 56px\" width=\"53%\">A import\u00e2ncia do planejamento empresarial<\/td>\n<\/tr>\n<tr style=\"height: 56px\">\n<td style=\"width: 32.6805%;height: 56px\" width=\"21%\">Gercina\u00a0Gon\u00e7alves da\u00a0Silva<\/td>\n<td style=\"width: 24.7949%;height: 56px\" width=\"24%\">Murilo Ferreira Flores<\/td>\n<td style=\"width: 42.5245%;height: 56px\" width=\"53%\">Apicultura e sua import\u00e2ncia no agroneg\u00f3cio de Aquidauana\/MS<\/td>\n<\/tr>\n<tr style=\"height: 80px\">\n<td style=\"width: 32.6805%;height: 80px\" width=\"21%\">Gercina\u00a0Gon\u00e7alves da\u00a0Silva<\/td>\n<td style=\"width: 24.7949%;height: 80px\" width=\"24%\">Sudemar Rosa Gabriel Dias e Ozieli Farias Francisco<\/td>\n<td style=\"width: 42.5245%;height: 80px\" width=\"53%\">Turismo de base comunit\u00e1ria: o desafio da implementa\u00e7\u00e3o em uma comunidade ind\u00edgena<\/td>\n<\/tr>\n<tr style=\"height: 80px\">\n<td style=\"width: 32.6805%;height: 80px\" width=\"21%\">Gercina\u00a0Gon\u00e7alves da\u00a0Silva<\/td>\n<td style=\"width: 24.7949%;height: 80px\" width=\"24%\">Janielle F\u00e9lix do Nascimento Vitaliano e Vagner Gomes Vitaliano<\/td>\n<td style=\"width: 42.5245%;height: 80px\" width=\"53%\">A import\u00e2ncia da educa\u00e7\u00e3o financeira na forma\u00e7\u00e3o do cidad\u00e3o<\/td>\n<\/tr>\n<tr style=\"height: 56px\">\n<td style=\"width: 32.6805%;height: 56px\" width=\"21%\">Gercina\u00a0Gon\u00e7alves da\u00a0Silva<\/td>\n<td style=\"width: 24.7949%;height: 56px\" width=\"24%\">Priscila Noemi Alves Carvalho<\/td>\n<td style=\"width: 42.5245%;height: 56px\" width=\"53%\">A definir<\/td>\n<\/tr>\n<tr style=\"height: 56px\">\n<td style=\"width: 32.6805%;height: 56px\" width=\"21%\">Karoline Ferreira Kinoshita Goes<\/td>\n<td style=\"width: 24.7949%;height: 56px\" width=\"24%\">Annay Souza Gomes<\/td>\n<td style=\"width: 42.5245%;height: 56px\" width=\"53%\">Presta\u00e7\u00e3o de servi\u00e7os em empresas de constru\u00e7\u00e3o civil<\/td>\n<\/tr>\n<tr style=\"height: 56px\">\n<td style=\"width: 32.6805%;height: 56px\" width=\"21%\">Karoline Ferreira Kinoshita Goes<\/td>\n<td style=\"width: 24.7949%;height: 56px\" width=\"24%\">Jos\u00e9 Roberto Romero Lima<\/td>\n<td style=\"width: 42.5245%;height: 56px\" width=\"53%\">Gest\u00e3o dos servi\u00e7os de uma autoescola de Aquidauana\/MS<\/td>\n<\/tr>\n<tr style=\"height: 56px\">\n<td style=\"width: 32.6805%;height: 56px\" width=\"21%\">Karoline Ferreira Kinoshita Goes<\/td>\n<td style=\"width: 24.7949%;height: 56px\" width=\"24%\">Vinicius Lima de Oliveira<\/td>\n<td style=\"width: 42.5245%;height: 56px\" width=\"53%\">An\u00e1lise SWOT da empresa Quase Tudo de Miranda\/NS<\/td>\n<\/tr>\n<tr style=\"height: 80px\">\n<td style=\"width: 32.6805%;height: 80px\" width=\"21%\">Karoline Ferreira Kinoshita Goes<\/td>\n<td style=\"width: 24.7949%;height: 80px\" width=\"24%\">Elias de Azevedo Augusto<\/td>\n<td style=\"width: 42.5245%;height: 80px\" width=\"53%\">Inten\u00e7\u00e3o de compra dos consumidores de a\u00e7a\u00ed de Aquidauana\/MS e Anast\u00e1cio\/MS<\/td>\n<\/tr>\n<tr style=\"height: 56px\">\n<td style=\"width: 32.6805%;height: 56px\" width=\"21%\">Karoline Ferreira Kinoshita Goes<\/td>\n<td style=\"width: 24.7949%;height: 56px\" width=\"24%\">Sander Custodio Martins<\/td>\n<td style=\"width: 42.5245%;height: 56px\" width=\"53%\">Gest\u00e3o de servi\u00e7os em empresas de transporte<\/td>\n<\/tr>\n<tr style=\"height: 17px\">\n<td style=\"width: 32.6805%;height: 17px\" width=\"21%\">Karoline Ferreira Kinoshita Goes<\/td>\n<td style=\"width: 24.7949%;height: 17px\" width=\"24%\">N\u00e1dila Azalinos Corr\u00eaa<\/td>\n<td style=\"width: 42.5245%;height: 17px\" width=\"53%\">Um estudo sobre o comportamento de compra de smartphones dos universit\u00e1rios do CPAQ<\/td>\n<\/tr>\n<tr style=\"height: 56px\">\n<td style=\"width: 32.6805%;height: 56px\" width=\"21%\">Mariana Aparecida Euflausino dos Santos Vieira<\/td>\n<td style=\"width: 24.7949%;height: 56px\" width=\"24%\">Tha\u00eds Alves de Oliveira<\/td>\n<td style=\"width: 42.5245%;height: 56px\" width=\"53%\">Cultura organizacional<\/td>\n<\/tr>\n<tr style=\"height: 96px\">\n<td style=\"width: 32.6805%;height: 96px\" width=\"21%\">Mariana Aparecida Euflausino dos Santos Vieira<\/td>\n<td style=\"width: 24.7949%;height: 96px\" width=\"24%\">Giovani Duarte Leite Galv\u00e3o de Arruda<\/td>\n<td style=\"width: 42.5245%;height: 96px\" width=\"53%\">Rotatividade e Absente\u00edsmo no setor de\u00a0servi\u00e7os aliment\u00edcios na cidade de Aquidauana, MS.<\/td>\n<\/tr>\n<tr style=\"height: 80px\">\n<td style=\"width: 32.6805%;height: 80px\" width=\"21%\">Mariana Aparecida Euflausino dos Santos Vieira<\/td>\n<td style=\"width: 24.7949%;height: 80px\" width=\"24%\">Johnathan Louren\u00e7o de Almeida e Ivanaldo Figueredo da Costa Junior<\/td>\n<td style=\"width: 42.5245%;height: 80px\" width=\"53%\">Os impactos da nova Lei de Licita\u00e7\u00f5es \u2013 14.133\/21<\/td>\n<\/tr>\n<tr style=\"height: 80px\">\n<td style=\"width: 32.6805%;height: 80px\" width=\"21%\">Mariana Aparecida Euflausino dos Santos Vieira<\/td>\n<td style=\"width: 24.7949%;height: 80px\" width=\"24%\">Fl\u00e1via dos Santos Freitas e Diovanna Rodrigues de Brito Benites<\/td>\n<td style=\"width: 42.5245%;height: 80px\" width=\"53%\">O impacto da nova Lei de Licita\u00e7\u00e3o nas escolas municipais de Aquidauana\/MS<\/td>\n<\/tr>\n<\/tbody>\n<\/table>\n<div class=\"alert alert-info\">Orienta\u00e7\u00f5es de P\u00f3s-gradua\u00e7\u00e3o<\/div>\n<table class=\"table table-hover table-striped table-sm\" style=\"width: 100%;height: 72px\">\n<tbody>\n<tr style=\"height: 24px\">\n<td style=\"width: 19.5204%;height: 24px;text-align: center\"><strong>Orientador<\/strong><\/td>\n<td style=\"width: 14.7889%;height: 24px;text-align: center\"><strong>Orientado<\/strong><\/td>\n<td style=\"width: 12.4337%;height: 24px;text-align: center\"><strong>N\u00edvel<\/strong><\/td>\n<td style=\"width: 53.2569%;height: 24px;text-align: center\"><strong>Titulo do Trabalho<\/strong><\/td>\n<\/tr>\n<tr style=\"height: 24px\">\n<td style=\"width: 19.5204%;height: 24px\"><\/td>\n<td style=\"width: 14.7889%;height: 24px\"><\/td>\n<td style=\"width: 12.4337%;height: 24px;text-align: center\"><\/td>\n<td style=\"width: 53.2569%;height: 24px\"><\/td>\n<\/tr>\n<\/tbody>\n<\/table>\n<\/div><\/div>\n","protected":false},"excerpt":{"rendered":"","protected":false},"author":1449,"featured_media":0,"parent":31115,"menu_order":0,"comment_status":"closed","ping_status":"closed","template":"","meta":{"footnotes":""},"coauthors":[],"class_list":["post-31135","page","type-page","status-publish","hentry"],"_links":{"self":[{"href":"https:\/\/cpaq.ufms.br\/en\/wp-json\/wp\/v2\/pages\/31135","targetHints":{"allow":["GET"]}}],"collection":[{"href":"https:\/\/cpaq.ufms.br\/en\/wp-json\/wp\/v2\/pages"}],"about":[{"href":"https:\/\/cpaq.ufms.br\/en\/wp-json\/wp\/v2\/types\/page"}],"author":[{"embeddable":true,"href":"https:\/\/cpaq.ufms.br\/en\/wp-json\/wp\/v2\/users\/1449"}],"replies":[{"embeddable":true,"href":"https:\/\/cpaq.ufms.br\/en\/wp-json\/wp\/v2\/comments?post=31135"}],"version-history":[{"count":4,"href":"https:\/\/cpaq.ufms.br\/en\/wp-json\/wp\/v2\/pages\/31135\/revisions"}],"predecessor-version":[{"id":32574,"href":"https:\/\/cpaq.ufms.br\/en\/wp-json\/wp\/v2\/pages\/31135\/revisions\/32574"}],"up":[{"embeddable":true,"href":"https:\/\/cpaq.ufms.br\/en\/wp-json\/wp\/v2\/pages\/31115"}],"wp:attachment":[{"href":"https:\/\/cpaq.ufms.br\/en\/wp-json\/wp\/v2\/media?parent=31135"}],"wp:term":[{"taxonomy":"author","embeddable":true,"href":"https:\/\/cpaq.ufms.br\/en\/wp-json\/wp\/v2\/coauthors?post=31135"}],"curies":[{"name":"wp","href":"https:\/\/api.w.org\/{rel}","templated":true}]}}