{"id":31133,"date":"2022-08-04T09:14:02","date_gmt":"2022-08-04T13:14:02","guid":{"rendered":"https:\/\/cpaq.ufms.br\/?page_id=31133"},"modified":"2025-03-09T14:53:32","modified_gmt":"2025-03-09T18:53:32","slug":"administracao-horarios","status":"publish","type":"page","link":"https:\/\/cpaq.ufms.br\/en\/administracao\/administracao-horarios\/","title":{"rendered":"Administra\u00e7\u00e3o &#8211; Hor\u00e1rios"},"content":{"rendered":"<div class=\"panel panel-info\"><div class=\"panel-heading\">Hor\u00e1rios de Aulas<\/div><div class=\"panel-body\">\n<a href=\"https:\/\/cpaq.ufms.br\/files\/2025\/03\/ADMNISTRACAO-2025-1-1.pdf\" class=\"pdfemb-viewer\" style=\"\" data-width=\"max\" data-height=\"max\" data-toolbar=\"bottom\" data-toolbar-fixed=\"off\">ADMNISTRA\u00c7\u00c3O- 2025-1<\/a>\n<\/div><\/div>\n<p>&nbsp;<\/p>\n<p>&nbsp;<\/p>\n","protected":false},"excerpt":{"rendered":"<p>&nbsp; &nbsp;<\/p>\n","protected":false},"author":1449,"featured_media":0,"parent":31115,"menu_order":0,"comment_status":"closed","ping_status":"closed","template":"","meta":{"footnotes":""},"coauthors":[],"class_list":["post-31133","page","type-page","status-publish","hentry"],"_links":{"self":[{"href":"https:\/\/cpaq.ufms.br\/en\/wp-json\/wp\/v2\/pages\/31133","targetHints":{"allow":["GET"]}}],"collection":[{"href":"https:\/\/cpaq.ufms.br\/en\/wp-json\/wp\/v2\/pages"}],"about":[{"href":"https:\/\/cpaq.ufms.br\/en\/wp-json\/wp\/v2\/types\/page"}],"author":[{"embeddable":true,"href":"https:\/\/cpaq.ufms.br\/en\/wp-json\/wp\/v2\/users\/1449"}],"replies":[{"embeddable":true,"href":"https:\/\/cpaq.ufms.br\/en\/wp-json\/wp\/v2\/comments?post=31133"}],"version-history":[{"count":16,"href":"https:\/\/cpaq.ufms.br\/en\/wp-json\/wp\/v2\/pages\/31133\/revisions"}],"predecessor-version":[{"id":36581,"href":"https:\/\/cpaq.ufms.br\/en\/wp-json\/wp\/v2\/pages\/31133\/revisions\/36581"}],"up":[{"embeddable":true,"href":"https:\/\/cpaq.ufms.br\/en\/wp-json\/wp\/v2\/pages\/31115"}],"wp:attachment":[{"href":"https:\/\/cpaq.ufms.br\/en\/wp-json\/wp\/v2\/media?parent=31133"}],"wp:term":[{"taxonomy":"author","embeddable":true,"href":"https:\/\/cpaq.ufms.br\/en\/wp-json\/wp\/v2\/coauthors?post=31133"}],"curies":[{"name":"wp","href":"https:\/\/api.w.org\/{rel}","templated":true}]}}