{"id":31129,"date":"2022-08-04T09:11:57","date_gmt":"2022-08-04T13:11:57","guid":{"rendered":"https:\/\/cpaq.ufms.br\/?page_id=31129"},"modified":"2024-11-21T14:59:09","modified_gmt":"2024-11-21T18:59:09","slug":"administracao-documentos","status":"publish","type":"page","link":"https:\/\/cpaq.ufms.br\/en\/administracao\/administracao-documentos\/","title":{"rendered":"Administra\u00e7\u00e3o &#8211; Documentos"},"content":{"rendered":"<div class=\"panel panel-info\"><div class=\"panel-heading\">Documentos<\/div><div class=\"panel-body\">\n<p data-uw-styling-context=\"true\"><a href=\"https:\/\/cpaq.ufms.br\/files\/2023\/07\/PPC-Administracao.pdf\" target=\"_blank\" rel=\"noopener\">PROJETO PEDAG\u00d3GICO CURSO DE ADMINISTRA\u00c7\u00c3O<\/a><\/p>\n<p data-uw-styling-context=\"true\"><a href=\"https:\/\/cpaq.ufms.br\/files\/2023\/07\/Manual-para-Elaboracao-de-TCC-e-Dissertacoes.pdf\">MANUAL DE ELABORA\u00c7\u00c3O DE TCC E DISSERTA\u00c7\u00d5ES<\/a><\/p>\n<p data-uw-styling-context=\"true\">CRONOGRAMA DE APRESENTA\u00c7\u00d5ES DE TCC 2023-2 (em breve)<\/p>\n<p data-uw-styling-context=\"true\">Para acessar os arquivos abaixo, \u00e9 necess\u00e1rio estar logado com e-mail institucional<\/p>\n<div>\n<p><a href=\"https:\/\/link.ufms.br\/39JUk\">Guia para Elabora\u00e7\u00e3o do TCC\u00a0<\/a><\/p>\n<p><a href=\"https:\/\/link.ufms.br\/bjDfn\">Template TCC &#8211; Padr\u00e3o\u00a0<\/a><\/p>\n<p><a href=\"https:\/\/link.ufms.br\/SLcDu\">Template TCC &#8211; Artigo N\u00e3o Publicado\u00a0<\/a><\/p>\n<\/div>\n<div><a href=\"https:\/\/link.ufms.br\/Tv8mJ\">Template TCC &#8211; Artigo Publicado em Eventos \/ Per\u00edodicos\u00a0<\/a><\/div>\n<div><\/div>\n<\/div><\/div>\n<div class=\"panel panel-info\"><div class=\"panel-heading\">Est\u00e1gio<\/div><div class=\"panel-body\">\n<p data-uw-styling-context=\"true\"><a href=\"https:\/\/cpaq.ufms.br\/files\/2023\/07\/Plano-de-Atividades-do-Estagio.docx\" target=\"_blank\" rel=\"noopener\">PLANO DE ATIVIDADES DO ESTAGI\u00c1RIO\u00a0<\/a><\/p>\n<p data-uw-styling-context=\"true\"><a href=\"https:\/\/cpaq.ufms.br\/files\/2023\/07\/Modelo-Relatorio-Parcial.docx\" target=\"_blank\" rel=\"noopener\">RELAT\u00d3RIO DE EST\u00c1GIO\u00a0<\/a><\/p>\n<p><a href=\"https:\/\/cpaq.ufms.br\/files\/2023\/07\/Regulamento-de-Estagio-Nao-Obrigatorio-do-Curso-de-Graduacao-em-Administracao-UFMS-CPAQ.pdf\" target=\"_blank\" rel=\"noopener\">REGULAMENTO DE EST\u00c1GIO N\u00c3O OBRIGAT\u00d3RIO<\/a><\/p>\n<\/div><\/div>\n<p>&nbsp;<\/p>\n<p data-uw-styling-context=\"true\">\n","protected":false},"excerpt":{"rendered":"<p>&nbsp;<\/p>\n","protected":false},"author":1449,"featured_media":0,"parent":31115,"menu_order":0,"comment_status":"closed","ping_status":"closed","template":"","meta":{"footnotes":""},"coauthors":[],"class_list":["post-31129","page","type-page","status-publish","hentry"],"_links":{"self":[{"href":"https:\/\/cpaq.ufms.br\/en\/wp-json\/wp\/v2\/pages\/31129","targetHints":{"allow":["GET"]}}],"collection":[{"href":"https:\/\/cpaq.ufms.br\/en\/wp-json\/wp\/v2\/pages"}],"about":[{"href":"https:\/\/cpaq.ufms.br\/en\/wp-json\/wp\/v2\/types\/page"}],"author":[{"embeddable":true,"href":"https:\/\/cpaq.ufms.br\/en\/wp-json\/wp\/v2\/users\/1449"}],"replies":[{"embeddable":true,"href":"https:\/\/cpaq.ufms.br\/en\/wp-json\/wp\/v2\/comments?post=31129"}],"version-history":[{"count":10,"href":"https:\/\/cpaq.ufms.br\/en\/wp-json\/wp\/v2\/pages\/31129\/revisions"}],"predecessor-version":[{"id":35484,"href":"https:\/\/cpaq.ufms.br\/en\/wp-json\/wp\/v2\/pages\/31129\/revisions\/35484"}],"up":[{"embeddable":true,"href":"https:\/\/cpaq.ufms.br\/en\/wp-json\/wp\/v2\/pages\/31115"}],"wp:attachment":[{"href":"https:\/\/cpaq.ufms.br\/en\/wp-json\/wp\/v2\/media?parent=31129"}],"wp:term":[{"taxonomy":"author","embeddable":true,"href":"https:\/\/cpaq.ufms.br\/en\/wp-json\/wp\/v2\/coauthors?post=31129"}],"curies":[{"name":"wp","href":"https:\/\/api.w.org\/{rel}","templated":true}]}}