{"id":31115,"date":"2022-08-02T16:31:35","date_gmt":"2022-08-02T20:31:35","guid":{"rendered":"https:\/\/cpaq.ufms.br\/?page_id=31115"},"modified":"2026-02-20T21:36:51","modified_gmt":"2026-02-21T01:36:51","slug":"administracao","status":"publish","type":"page","link":"https:\/\/cpaq.ufms.br\/en\/administracao\/","title":{"rendered":"Administra\u00e7\u00e3o"},"content":{"rendered":"<div class=\"row\">\n<div class=\"col-md-8\">\n<div class=\"alert alert-info\" role=\"alert\"><strong>Inicio de Funcionamento: 2001<\/strong><\/div>\n<\/div>\n<div class=\"col-md-4\">\n<div class=\"alert alert-info\" role=\"alert\"><strong>Conceito: 03\/2018<\/strong><\/div>\n<\/div>\n<\/div>\n<div class=\"panel panel-info\"><div class=\"panel-body\">\n<div class=\"row\"><\/div>\n<div class=\"col-md-6\">\n<div class=\"panel-group\" id=\"custom-collapse-0\">\n<div class=\"panel panel-default\">\n\t\t\t\t<div class=\"panel-heading\">\n\t\t\t\t\t<h4 class=\"panel-title\">\n\t\t\t\t\t\t<a class=\"collapsed\" data-toggle=\"collapse\" data-parent=\"#custom-collapse-0\" href=\"#custom-collapse-0-0\">Docentes<\/a>\n\t\t\t\t\t<\/h4>\n\t\t\t\t<\/div>\n\t\t\t\t<div id=\"custom-collapse-0-0\" class=\"panel-collapse collapse\">\n\t\t\t\t\t<div class=\"panel-body\">\n<p>Veja a lista de docentes do curso de Administra\u00e7\u00e3o <a href=\"https:\/\/cpaq.ufms.br\/administracao\/administracao-docentes\/\">Aqui<\/a><\/p>\n<\/div>\n\t\t\t\t<\/div>\n\t\t\t<\/div>\n<div class=\"panel panel-default\">\n\t\t\t\t<div class=\"panel-heading\">\n\t\t\t\t\t<h4 class=\"panel-title\">\n\t\t\t\t\t\t<a class=\"collapsed\" data-toggle=\"collapse\" data-parent=\"#custom-collapse-0\" href=\"#custom-collapse-0-1\">Documentos<\/a>\n\t\t\t\t\t<\/h4>\n\t\t\t\t<\/div>\n\t\t\t\t<div id=\"custom-collapse-0-1\" class=\"panel-collapse collapse\">\n\t\t\t\t\t<div class=\"panel-body\">\n<p>Portf\u00f3lio do Curso de Bacharelado de Administra\u00e7\u00e3o, <a href=\"https:\/\/cpaq.ufms.br\/files\/2024\/11\/Portfolio-ADM.pdf.pdf\">Acesse Aqui<\/a><\/p>\n<p>Acesse os documentos referentes ao curso de Administra\u00e7\u00e3o do campus de Aquidauana, <a href=\"https:\/\/cpaq.ufms.br\/administracao\/administracao-documentos\/\">Aqui<\/a><\/p>\n<p>Acesse aos documentos gerais dos cursos de gradua\u00e7\u00e3o da UFMS, <a href=\"https:\/\/cpaq.ufms.br\/documentos-gerais-graduacao\/\">Aqui<\/a><\/p>\n<\/div>\n\t\t\t\t<\/div>\n\t\t\t<\/div>\n<div class=\"panel panel-default\">\n\t\t\t\t<div class=\"panel-heading\">\n\t\t\t\t\t<h4 class=\"panel-title\">\n\t\t\t\t\t\t<a class=\"collapsed\" data-toggle=\"collapse\" data-parent=\"#custom-collapse-0\" href=\"#custom-collapse-0-2\">Grade Curricular<\/a>\n\t\t\t\t\t<\/h4>\n\t\t\t\t<\/div>\n\t\t\t\t<div id=\"custom-collapse-0-2\" class=\"panel-collapse collapse\">\n\t\t\t\t\t<div class=\"panel-body\">\n<p>Veja a grade curricular do seu curso: <a href=\"https:\/\/ensino.ufms.br\/cursos\/grade\/0450\" target=\"_blank\" rel=\"noopener\">Acesse Aqui<\/a><\/p>\n<\/div>\n\t\t\t\t<\/div>\n\t\t\t<\/div>\n<div class=\"panel panel-default\">\n\t\t\t\t<div class=\"panel-heading\">\n\t\t\t\t\t<h4 class=\"panel-title\">\n\t\t\t\t\t\t<a class=\"collapsed\" data-toggle=\"collapse\" data-parent=\"#custom-collapse-0\" href=\"#custom-collapse-0-3\">TCC, Publica\u00e7\u00f5es e Pesquisas<\/a>\n\t\t\t\t\t<\/h4>\n\t\t\t\t<\/div>\n\t\t\t\t<div id=\"custom-collapse-0-3\" class=\"panel-collapse collapse\">\n\t\t\t\t\t<div class=\"panel-body\">\n<p>Acesse a pesquisas, nossos TCCs e publica\u00e7\u00f5es, <a href=\"https:\/\/cpaq.ufms.br\/administracao\/administracao-publicacoes\/\">Aqui<\/a><\/p>\n<\/div>\n\t\t\t\t<\/div>\n\t\t\t<\/div>\n<\/div>\n<\/div>\n<div class=\"col-md-6\">\n<div class=\"panel-group\" id=\"custom-collapse-1\">\n<div class=\"panel panel-default\">\n\t\t\t\t<div class=\"panel-heading\">\n\t\t\t\t\t<h4 class=\"panel-title\">\n\t\t\t\t\t\t<a class=\"collapsed\" data-toggle=\"collapse\" data-parent=\"#custom-collapse-1\" href=\"#custom-collapse-1-4\">Hor\u00e1rios<\/a>\n\t\t\t\t\t<\/h4>\n\t\t\t\t<\/div>\n\t\t\t\t<div id=\"custom-collapse-1-4\" class=\"panel-collapse collapse\">\n\t\t\t\t\t<div class=\"panel-body\">\n<p>Acesse aos Hor\u00e1rios de Aula &#8211; <a href=\"https:\/\/drive.google.com\/file\/d\/1E7sN_mrqUqmwlfmtRkLRay5lpH-SKiwf\/view?usp=drivesdk\">AQUI<\/a><\/p>\n<\/div>\n\t\t\t\t<\/div>\n\t\t\t<\/div>\n<div class=\"panel panel-default\">\n\t\t\t\t<div class=\"panel-heading\">\n\t\t\t\t\t<h4 class=\"panel-title\">\n\t\t\t\t\t\t<a class=\"collapsed\" data-toggle=\"collapse\" data-parent=\"#custom-collapse-1\" href=\"#custom-collapse-1-5\">Sobre o Curso<\/a>\n\t\t\t\t\t<\/h4>\n\t\t\t\t<\/div>\n\t\t\t\t<div id=\"custom-collapse-1-5\" class=\"panel-collapse collapse\">\n\t\t\t\t\t<div class=\"panel-body\">\n<p>Conhe\u00e7a um pouco mais sobre o curso de Administra\u00e7\u00e3o do campus de Aquidauana. <a href=\"https:\/\/cpaq.ufms.br\/administracao\/administracao-sobre-o-curso\/\">Aqui<\/a><\/p>\n<\/div>\n\t\t\t\t<\/div>\n\t\t\t<\/div>\n<div class=\"panel panel-default\">\n\t\t\t\t<div class=\"panel-heading\">\n\t\t\t\t\t<h4 class=\"panel-title\">\n\t\t\t\t\t\t<a class=\"collapsed\" data-toggle=\"collapse\" data-parent=\"#custom-collapse-1\" href=\"#custom-collapse-1-6\">Projetos e Orienta\u00e7\u00f5es<\/a>\n\t\t\t\t\t<\/h4>\n\t\t\t\t<\/div>\n\t\t\t\t<div id=\"custom-collapse-1-6\" class=\"panel-collapse collapse\">\n\t\t\t\t\t<div class=\"panel-body\">\n<p>Saiba mais sobre os projetos de ensino e extens\u00e3o e as orienta\u00e7\u00f5es acad\u00eamicas dos docentes do curso <a href=\"https:\/\/cpaq.ufms.br\/administracao\/administracao-projetos-e-orientacoes\/\">Clique Aqui<\/a><\/p>\n<\/div>\n\t\t\t\t<\/div>\n\t\t\t<\/div>\n<div class=\"panel panel-default\">\n\t\t\t\t<div class=\"panel-heading\">\n\t\t\t\t\t<h4 class=\"panel-title\">\n\t\t\t\t\t\t<a class=\"collapsed\" data-toggle=\"collapse\" data-parent=\"#custom-collapse-1\" href=\"#custom-collapse-1-7\">Laborat\u00f3rios<\/a>\n\t\t\t\t\t<\/h4>\n\t\t\t\t<\/div>\n\t\t\t\t<div id=\"custom-collapse-1-7\" class=\"panel-collapse collapse\">\n\t\t\t\t\t<div class=\"panel-body\">\n<p>Clique e veja a lista de laborat\u00f3rios do campus de Aquidauana. <a href=\"https:\/\/cpaq.ufms.br\/laboratorio-de-informatica\/\">Clique Aqui<\/a><\/p>\n<p>Clique e veja a lista de laborat\u00f3rios do curso de Administra\u00e7\u00e3o. <a href=\"https:\/\/cpaq.ufms.br\/administracao\/administracao-laboratorios-do-curso\/\">Clique Aqui<\/a><\/p>\n<\/div>\n\t\t\t\t<\/div>\n\t\t\t<\/div>\n<\/div>\n<\/div>\n<\/div><\/div>\n","protected":false},"excerpt":{"rendered":"","protected":false},"author":1449,"featured_media":5163,"parent":0,"menu_order":0,"comment_status":"closed","ping_status":"closed","template":"page-templates\/page-coordenadorias.php","meta":{"footnotes":""},"coauthors":[79],"class_list":["post-31115","page","type-page","status-publish","has-post-thumbnail","hentry"],"_links":{"self":[{"href":"https:\/\/cpaq.ufms.br\/en\/wp-json\/wp\/v2\/pages\/31115","targetHints":{"allow":["GET"]}}],"collection":[{"href":"https:\/\/cpaq.ufms.br\/en\/wp-json\/wp\/v2\/pages"}],"about":[{"href":"https:\/\/cpaq.ufms.br\/en\/wp-json\/wp\/v2\/types\/page"}],"author":[{"embeddable":true,"href":"https:\/\/cpaq.ufms.br\/en\/wp-json\/wp\/v2\/users\/1449"}],"replies":[{"embeddable":true,"href":"https:\/\/cpaq.ufms.br\/en\/wp-json\/wp\/v2\/comments?post=31115"}],"version-history":[{"count":23,"href":"https:\/\/cpaq.ufms.br\/en\/wp-json\/wp\/v2\/pages\/31115\/revisions"}],"predecessor-version":[{"id":38571,"href":"https:\/\/cpaq.ufms.br\/en\/wp-json\/wp\/v2\/pages\/31115\/revisions\/38571"}],"wp:featuredmedia":[{"embeddable":true,"href":"https:\/\/cpaq.ufms.br\/en\/wp-json\/wp\/v2\/media\/5163"}],"wp:attachment":[{"href":"https:\/\/cpaq.ufms.br\/en\/wp-json\/wp\/v2\/media?parent=31115"}],"wp:term":[{"taxonomy":"author","embeddable":true,"href":"https:\/\/cpaq.ufms.br\/en\/wp-json\/wp\/v2\/coauthors?post=31115"}],"curies":[{"name":"wp","href":"https:\/\/api.w.org\/{rel}","templated":true}]}}