{"id":30697,"date":"2022-05-17T15:53:23","date_gmt":"2022-05-17T19:53:23","guid":{"rendered":"https:\/\/cpaq.ufms.br\/?page_id=30697"},"modified":"2025-02-26T20:13:09","modified_gmt":"2025-02-27T00:13:09","slug":"uae-atendimento-psicologico","status":"publish","type":"page","link":"https:\/\/cpaq.ufms.br\/en\/00-novos\/uae\/uae-atendimento-psicologico\/","title":{"rendered":"SETAES &#8211; Atendimento Psicol\u00f3gico"},"content":{"rendered":"<p style=\"text-align: justify\"><div class=\"panel panel-info\"><div class=\"panel-heading\">O que \u00e9?<\/div><div class=\"panel-body\">\n<p><span style=\"font-weight: 400\">O Servi\u00e7o de Psicologia tem por objetivo promover a qualidade de vida no ambiente acad\u00eamico conforme disposto na Pol\u00edtica de Aten\u00e7\u00e3o \u00e0 Sa\u00fade dos Estudantes da UFMS.<\/span><\/p>\n<p><b>Resolu\u00e7\u00e3o n\u00ba 126 COUN\/UFMS, de 31 de agosto de 2021.<\/b> <a href=\"https:\/\/proaes.ufms.br\/files\/2022\/02\/Res.-Coun-126-2021-Politica-de-Atencao-a-Saude-dos-Estudantes.pdf\"><span style=\"font-weight: 400\">Clique aqui.<\/span><\/a><\/p>\n<p><b>Conhe\u00e7a o Portal de Sa\u00fade Mental da UFMS: <\/b><a href=\"http:\/\/www.saudemental.ufms.br\"><span style=\"font-weight: 400\">www.saudemental.ufms.br<\/span><\/a><b>\u00a0<\/b><\/p>\n<p><b>A\u00e7\u00f5es:<\/b><\/p>\n<ul>\n<li style=\"font-weight: 400\"><span style=\"font-weight: 400\">Acolhimento, escuta e orienta\u00e7\u00e3o psicol\u00f3gica;<\/span><\/li>\n<li style=\"font-weight: 400\"><span style=\"font-weight: 400\">Atendimento individual de car\u00e1ter breve e pontual, especialmente relacionado a viv\u00eancias acad\u00eamicas e desenvolvimento escolar;<\/span><\/li>\n<li style=\"font-weight: 400\"><span style=\"font-weight: 400\">Atendimentos coletivos de preven\u00e7\u00e3o e promo\u00e7\u00e3o de sa\u00fade mental dos(as) estudantes;<\/span><\/li>\n<li style=\"font-weight: 400\"><span style=\"font-weight: 400\">Encaminhamentos para o Sistema \u00danico de Sa\u00fade\/SUS, planos de sa\u00fade ou rede particular caso haja necessidade de psicoterapia de longa dura\u00e7\u00e3o.<\/span><\/li>\n<\/ul>\n<p><b>Quem pode solicitar?<\/b><\/p>\n<ul>\n<li style=\"font-weight: 400\"><span style=\"font-weight: 400\">Estudantes regularmente matriculados nos Cursos de Gradua\u00e7\u00e3o do Campus de Aquidauana;<\/span><\/li>\n<li style=\"font-weight: 400\"><span style=\"font-weight: 400\">Estudantes regularmente matriculados nos Cursos de P\u00f3s-Gradua\u00e7\u00e3o do Campus de Aquidauana.<\/span><\/li>\n<\/ul>\n<p><b>Como solicitar?<\/b><\/p>\n<p><span style=\"font-weight: 400\">O (a) estudante interessado (a) dever\u00e1 acessar o link,\u00a0<\/span><a href=\"http:\/\/link.ufms.br\/atendimentopsicpaq\"><span style=\"font-weight: 400\">clicando aqui<\/span><\/a><span style=\"font-weight: 400\">, e preencher as informa\u00e7\u00f5es iniciais necess\u00e1rias para solicita\u00e7\u00e3o de atendimento. O contato ser\u00e1 feito prioritariamente via e-mail informado pelo (a) estudante no preenchimento. Portanto, \u00e9 necess\u00e1rio que verifique com frequ\u00eancia a Caixa de Entrada e, inclusive, a\u00a0<\/span><b>Caixa de Spam<\/b><span style=\"font-weight: 400\">\u00a0de seu e-mail. De maneira alternativa, o contato poder\u00e1 ser feito via Whatsapp Business.<\/span><\/p>\n<p><b>Como ser\u00e1 o atendimento?<\/b><\/p>\n<p><span style=\"font-weight: 400\">O atendimento ser\u00e1 agendado conforme a disponibilidade da Psic\u00f3loga e do (a) estudante e ser\u00e1 realizado na modalidade\u00a0presencial e\/ou <\/span><i><span style=\"font-weight: 400\">online<\/span><\/i><span style=\"font-weight: 400\">.<\/span><\/p>\n<p><b>Aten\u00e7\u00e3o! As inscri\u00e7\u00f5es para o Atendimento Psicol\u00f3gico acompanham o Calend\u00e1rio Acad\u00eamico.<\/b><\/p>\n<p><b>Psic\u00f3loga do Campus de Aquidauana: <\/b><span style=\"font-weight: 400\">Giovana Alle Hollender Azambuja<\/span><\/p>\n<p><b>E-mail:<\/b><span style=\"font-weight: 400\">\u00a0<\/span><a href=\"mailto:psicologia.cpaq@ufms.br\"><span style=\"font-weight: 400\">psicologia.cpaq@ufms.br<\/span><\/a><span style=\"font-weight: 400\"> | <\/span><a href=\"mailto:giovana.hollender@ufms.br\"><span style=\"font-weight: 400\">giovana.hollender@ufms.br<\/span><\/a><\/p>\n<p><b>Telefone e Whatsapp Business:<\/b><span style=\"font-weight: 400\"> (67) 3241-0412 | Ramal: 2412<\/span><\/p>\n<p><b>Expediente: <\/b><span style=\"font-weight: 400\">segunda a sexta, das 7h \u00e0s 11h e das 13h \u00e0s 17h (Obs.: N\u00e3o haver\u00e1 respostas fora do expediente, aos fins de semana e feriados).<\/span><\/p>\n<p><b>Mais informa\u00e7\u00f5es:<\/b><span style=\"font-weight: 400\"> Os acad\u00eamicos podem procurar por mais informa\u00e7\u00f5es no Setor de Assist\u00eancia Estudantil \u2013 SETAES, Unidade II, Bloco A, Sala A10.<\/span><\/p>\n<p style=\"text-align: justify\"><\/div><\/div>\n","protected":false},"excerpt":{"rendered":"","protected":false},"author":1449,"featured_media":30611,"parent":29698,"menu_order":0,"comment_status":"closed","ping_status":"closed","template":"page-templates\/page-coordenadorias.php","meta":{"footnotes":""},"coauthors":[],"class_list":["post-30697","page","type-page","status-publish","has-post-thumbnail","hentry"],"_links":{"self":[{"href":"https:\/\/cpaq.ufms.br\/en\/wp-json\/wp\/v2\/pages\/30697","targetHints":{"allow":["GET"]}}],"collection":[{"href":"https:\/\/cpaq.ufms.br\/en\/wp-json\/wp\/v2\/pages"}],"about":[{"href":"https:\/\/cpaq.ufms.br\/en\/wp-json\/wp\/v2\/types\/page"}],"author":[{"embeddable":true,"href":"https:\/\/cpaq.ufms.br\/en\/wp-json\/wp\/v2\/users\/1449"}],"replies":[{"embeddable":true,"href":"https:\/\/cpaq.ufms.br\/en\/wp-json\/wp\/v2\/comments?post=30697"}],"version-history":[{"count":15,"href":"https:\/\/cpaq.ufms.br\/en\/wp-json\/wp\/v2\/pages\/30697\/revisions"}],"predecessor-version":[{"id":36555,"href":"https:\/\/cpaq.ufms.br\/en\/wp-json\/wp\/v2\/pages\/30697\/revisions\/36555"}],"up":[{"embeddable":true,"href":"https:\/\/cpaq.ufms.br\/en\/wp-json\/wp\/v2\/pages\/29698"}],"wp:featuredmedia":[{"embeddable":true,"href":"https:\/\/cpaq.ufms.br\/en\/wp-json\/wp\/v2\/media\/30611"}],"wp:attachment":[{"href":"https:\/\/cpaq.ufms.br\/en\/wp-json\/wp\/v2\/media?parent=30697"}],"wp:term":[{"taxonomy":"author","embeddable":true,"href":"https:\/\/cpaq.ufms.br\/en\/wp-json\/wp\/v2\/coauthors?post=30697"}],"curies":[{"name":"wp","href":"https:\/\/api.w.org\/{rel}","templated":true}]}}