{"id":30463,"date":"2022-05-04T13:28:36","date_gmt":"2022-05-04T17:28:36","guid":{"rendered":"https:\/\/cpaq.ufms.br\/?page_id=30463"},"modified":"2025-02-26T20:05:29","modified_gmt":"2025-02-27T00:05:29","slug":"uae-emprestimo-equipamento-ti","status":"publish","type":"page","link":"https:\/\/cpaq.ufms.br\/en\/00-novos\/uae\/uae-emprestimo-equipamento-ti\/","title":{"rendered":"SETAES &#8211; Empr\u00e9stimo de Equipamento de TI"},"content":{"rendered":"<p style=\"text-align: justify\"><div class=\"panel panel-info\"><div class=\"panel-heading\">O que \u00e9?<\/div><div class=\"panel-body\">\n<p><span style=\"font-weight: 400\">Consiste na sele\u00e7\u00e3o de estudantes em vulnerabilidade socioecon\u00f4mica que necessitem de Equipamento Tecnol\u00f3gico (Chromebook ou Notebook) para a realiza\u00e7\u00e3o das atividades acad\u00eamicas.<\/span><\/p>\n<p><b>Como participar?<\/b><\/p>\n<ul>\n<li style=\"font-weight: 400\"><span style=\"font-weight: 400\">Ficar atento(a) ao lan\u00e7amento dos editais;<\/span><\/li>\n<li style=\"font-weight: 400\"><span style=\"font-weight: 400\">Participar do Processo de Sele\u00e7\u00e3o conforme orienta\u00e7\u00e3o de cada edital.<\/span><\/li>\n<\/ul>\n<p><b>Crit\u00e9rios para a participa\u00e7\u00e3o:<\/b><\/p>\n<ul>\n<li style=\"font-weight: 400\"><span style=\"font-weight: 400\">Possuir matr\u00edcula regular em curso de gradua\u00e7\u00e3o (presencial ou modalidade a dist\u00e2ncia) ou em curso de p\u00f3s-gradua\u00e7\u00e3o stricto sensu (mestrado ou doutorado) na UFMS;<\/span><\/li>\n<li style=\"font-weight: 400\"><span style=\"font-weight: 400\">Possuir renda\u00a0per capita\u00a0de at\u00e9 um sal\u00e1rio m\u00ednimo vigente, comprovada por meio da Folha Resumo do Cadastro \u00danico &#8211; Cad\u00danico;<\/span><\/li>\n<li style=\"font-weight: 400\"><span style=\"font-weight: 400\">N\u00e3o possuir equipamento tecnol\u00f3gico para realizar as atividades acad\u00eamicas;<\/span><\/li>\n<li style=\"font-weight: 400\"><span style=\"font-weight: 400\">N\u00e3o ter conclu\u00eddo curso superior (bacharelado, licenciatura ou tecn\u00f3logo);<\/span><\/li>\n<li style=\"font-weight: 400\"><span style=\"font-weight: 400\">N\u00e3o ter ultrapassado dois semestres do tempo regular do curso;<\/span><\/li>\n<li style=\"font-weight: 400\"><span style=\"font-weight: 400\">N\u00e3o possuir penalidades administrativas, graves ou grav\u00edssimas, previstas no Regulamento Disciplinar do Estudante da UFMS, nos \u00faltimos seis meses.<\/span><\/li>\n<\/ul>\n<p><b>Mais informa\u00e7\u00f5es<\/b><\/p>\n<p><span style=\"font-weight: 400\">Os(as) acad\u00eamicos(as) podem procurar por mais informa\u00e7\u00f5es no Setor de Assist\u00eancia Estudantil (SETAES).<\/span><\/p>\n<\/div><\/div>\n","protected":false},"excerpt":{"rendered":"","protected":false},"author":1449,"featured_media":30611,"parent":29698,"menu_order":0,"comment_status":"closed","ping_status":"closed","template":"page-templates\/page-coordenadorias.php","meta":{"footnotes":""},"coauthors":[],"class_list":["post-30463","page","type-page","status-publish","has-post-thumbnail","hentry"],"_links":{"self":[{"href":"https:\/\/cpaq.ufms.br\/en\/wp-json\/wp\/v2\/pages\/30463","targetHints":{"allow":["GET"]}}],"collection":[{"href":"https:\/\/cpaq.ufms.br\/en\/wp-json\/wp\/v2\/pages"}],"about":[{"href":"https:\/\/cpaq.ufms.br\/en\/wp-json\/wp\/v2\/types\/page"}],"author":[{"embeddable":true,"href":"https:\/\/cpaq.ufms.br\/en\/wp-json\/wp\/v2\/users\/1449"}],"replies":[{"embeddable":true,"href":"https:\/\/cpaq.ufms.br\/en\/wp-json\/wp\/v2\/comments?post=30463"}],"version-history":[{"count":10,"href":"https:\/\/cpaq.ufms.br\/en\/wp-json\/wp\/v2\/pages\/30463\/revisions"}],"predecessor-version":[{"id":36550,"href":"https:\/\/cpaq.ufms.br\/en\/wp-json\/wp\/v2\/pages\/30463\/revisions\/36550"}],"up":[{"embeddable":true,"href":"https:\/\/cpaq.ufms.br\/en\/wp-json\/wp\/v2\/pages\/29698"}],"wp:featuredmedia":[{"embeddable":true,"href":"https:\/\/cpaq.ufms.br\/en\/wp-json\/wp\/v2\/media\/30611"}],"wp:attachment":[{"href":"https:\/\/cpaq.ufms.br\/en\/wp-json\/wp\/v2\/media?parent=30463"}],"wp:term":[{"taxonomy":"author","embeddable":true,"href":"https:\/\/cpaq.ufms.br\/en\/wp-json\/wp\/v2\/coauthors?post=30463"}],"curies":[{"name":"wp","href":"https:\/\/api.w.org\/{rel}","templated":true}]}}