{"id":30459,"date":"2022-05-04T13:19:18","date_gmt":"2022-05-04T17:19:18","guid":{"rendered":"https:\/\/cpaq.ufms.br\/?page_id=30459"},"modified":"2025-02-26T20:04:08","modified_gmt":"2025-02-27T00:04:08","slug":"uae-auxilio-promissaes","status":"publish","type":"page","link":"https:\/\/cpaq.ufms.br\/en\/00-novos\/uae\/uae-auxilio-promissaes\/","title":{"rendered":"SETAES &#8211; Bolsa PROMISAES"},"content":{"rendered":"<p>\u200b\u200b\u200b\u200b\u200b\u200b\u200b<div class=\"panel panel-info\"><div class=\"panel-heading\">O que \u00e9?<\/div><div class=\"panel-body\">\n<p><span style=\"font-weight: 400\">A Bolsa Promisaes faz parte do Projeto Milton Santos de Acesso ao Ensino Superior (Promisaes) e\u00a0oferece apoio financeiro no valor de R$622,00 mensal para estudantes estrangeiros participantes do Programa de Estudantes-Conv\u00eanio de Gradua\u00e7\u00e3o (PEC-G). O aux\u00edlio visa cooperar para a manuten\u00e7\u00e3o dos(as) estudantes durante o curso e fomentar a coopera\u00e7\u00e3o t\u00e9cnico-cient\u00edfica e cultural entre o Brasil e os pa\u00edses com os quais mant\u00e9m acordos nas \u00e1reas de educa\u00e7\u00e3o e cultura.<\/span><\/p>\n<p><b>Como participar?<\/b><\/p>\n<ul>\n<li style=\"font-weight: 400\"><span style=\"font-weight: 400\">Ficar atento(a) ao lan\u00e7amento dos editais;<\/span><\/li>\n<li style=\"font-weight: 400\"><span style=\"font-weight: 400\">Participar do Processo de Sele\u00e7\u00e3o conforme orienta\u00e7\u00e3o de cada edital.<\/span><\/li>\n<\/ul>\n<p><b>Crit\u00e9rios para a participa\u00e7\u00e3o:<\/b><\/p>\n<ul>\n<li style=\"font-weight: 400\"><span style=\"font-weight: 400\">Possuir matr\u00edcula regular em curso de gradua\u00e7\u00e3o na UFMS;<\/span><\/li>\n<li style=\"font-weight: 400\"><span style=\"font-weight: 400\">Ser estrangeiro participante do Programa de Estudantes-Conv\u00eanio de Gradua\u00e7\u00e3o (PEC-G).<\/span><\/li>\n<\/ul>\n<p><b>Mais informa\u00e7\u00f5es<\/b><\/p>\n<p><span style=\"font-weight: 400\">Os(as) acad\u00eamicos(as) podem procurar por mais informa\u00e7\u00f5es no Setor de Assist\u00eancia Estudantil (SETAES) ou acessar o site da Pr\u00f3-Reitoria de Assuntos Estudantis: https:\/\/proaes.ufms.br\/diretorias\/diaes\/seae\/bolsa-promisaes\/<\/span><\/p>\n<p style=\"text-align: justify\"><u><\/div><\/div><\/u><\/p>\n","protected":false},"excerpt":{"rendered":"<p>\u200b\u200b\u200b\u200b\u200b\u200b\u200b<\/p>\n","protected":false},"author":1449,"featured_media":30611,"parent":29698,"menu_order":0,"comment_status":"closed","ping_status":"closed","template":"page-templates\/page-coordenadorias.php","meta":{"footnotes":""},"coauthors":[],"class_list":["post-30459","page","type-page","status-publish","has-post-thumbnail","hentry"],"_links":{"self":[{"href":"https:\/\/cpaq.ufms.br\/en\/wp-json\/wp\/v2\/pages\/30459","targetHints":{"allow":["GET"]}}],"collection":[{"href":"https:\/\/cpaq.ufms.br\/en\/wp-json\/wp\/v2\/pages"}],"about":[{"href":"https:\/\/cpaq.ufms.br\/en\/wp-json\/wp\/v2\/types\/page"}],"author":[{"embeddable":true,"href":"https:\/\/cpaq.ufms.br\/en\/wp-json\/wp\/v2\/users\/1449"}],"replies":[{"embeddable":true,"href":"https:\/\/cpaq.ufms.br\/en\/wp-json\/wp\/v2\/comments?post=30459"}],"version-history":[{"count":8,"href":"https:\/\/cpaq.ufms.br\/en\/wp-json\/wp\/v2\/pages\/30459\/revisions"}],"predecessor-version":[{"id":36549,"href":"https:\/\/cpaq.ufms.br\/en\/wp-json\/wp\/v2\/pages\/30459\/revisions\/36549"}],"up":[{"embeddable":true,"href":"https:\/\/cpaq.ufms.br\/en\/wp-json\/wp\/v2\/pages\/29698"}],"wp:featuredmedia":[{"embeddable":true,"href":"https:\/\/cpaq.ufms.br\/en\/wp-json\/wp\/v2\/media\/30611"}],"wp:attachment":[{"href":"https:\/\/cpaq.ufms.br\/en\/wp-json\/wp\/v2\/media?parent=30459"}],"wp:term":[{"taxonomy":"author","embeddable":true,"href":"https:\/\/cpaq.ufms.br\/en\/wp-json\/wp\/v2\/coauthors?post=30459"}],"curies":[{"name":"wp","href":"https:\/\/api.w.org\/{rel}","templated":true}]}}