{"id":30457,"date":"2022-05-04T13:17:37","date_gmt":"2022-05-04T17:17:37","guid":{"rendered":"https:\/\/cpaq.ufms.br\/?page_id=30457"},"modified":"2025-02-26T20:06:51","modified_gmt":"2025-02-27T00:06:51","slug":"uae-auxilio-participacao-eventos","status":"publish","type":"page","link":"https:\/\/cpaq.ufms.br\/en\/00-novos\/uae\/uae-auxilio-participacao-eventos\/","title":{"rendered":"SETAES &#8211; Aux\u00edlio Participa\u00e7\u00e3o em Eventos"},"content":{"rendered":"<div class=\"panel panel-info\"><div class=\"panel-heading\">O que \u00e9?<\/div><div class=\"panel-body\">\n<p><span style=\"font-weight: 400\">Este aux\u00edlio visa contribuir com a forma\u00e7\u00e3o acad\u00eamica dos estudantes em situa\u00e7\u00e3o de vulnerabilidade econ\u00f4mica dos cursos de gradua\u00e7\u00e3o e de p\u00f3s-gradua\u00e7\u00e3o\u00a0stricto sensu\u00a0da UFMS, atrav\u00e9s da participa\u00e7\u00e3o em eventos de car\u00e1ter cient\u00edfico, t\u00e9cnico-cient\u00edfico, de inova\u00e7\u00e3o, de empreendedorismo, art\u00edsticos, esportivos, culturais ou de representa\u00e7\u00e3o institucional, preferencialmente no Brasil. O valor atual \u00e9 de at\u00e9 um sal\u00e1rio m\u00ednimo vigente.<\/span><\/p>\n<p><b>Como participar?<\/b><\/p>\n<ul>\n<li style=\"font-weight: 400\"><span style=\"font-weight: 400\">Ficar atento ao lan\u00e7amento dos editais;<\/span><\/li>\n<li style=\"font-weight: 400\"><span style=\"font-weight: 400\">Participar do Processo de Sele\u00e7\u00e3o conforme orienta\u00e7\u00e3o de cada edital.<\/span><\/li>\n<\/ul>\n<p><b>Crit\u00e9rios para a participa\u00e7\u00e3o:<\/b><\/p>\n<ul>\n<li style=\"font-weight: 400\"><span style=\"font-weight: 400\">Possuir matr\u00edcula regular em curso de gradua\u00e7\u00e3o (presencial ou modalidade a dist\u00e2ncia) ou em curso de p\u00f3s-gradua\u00e7\u00e3o stricto sensu (mestrado ou doutorado) na UFMS;<\/span><\/li>\n<li style=\"font-weight: 400\"><span style=\"font-weight: 400\">Ter trabalho aprovado para apresenta\u00e7\u00e3o em evento cient\u00edfico, tecnol\u00f3gico ou de inova\u00e7\u00e3o ou convite\/convoca\u00e7\u00e3o para representar institucionalmente a UFMS;<\/span><\/li>\n<li style=\"font-weight: 400\"><span style=\"font-weight: 400\">Possuir renda\u00a0familiar per capita\u00a0de at\u00e9 um sal\u00e1rio m\u00ednimo vigente, comprovada por meio da Folha Resumo do Cadastro \u00danico &#8211; Cad\u00danico;<\/span><\/li>\n<li style=\"font-weight: 400\"><span style=\"font-weight: 400\">N\u00e3o ter conclu\u00eddo curso superior (bacharelado, licenciatura ou tecn\u00f3logo);<\/span><\/li>\n<li style=\"font-weight: 400\"><span style=\"font-weight: 400\">N\u00e3o ter ultrapassado dois semestres do tempo regular do curso;<\/span><\/li>\n<li style=\"font-weight: 400\"><span style=\"font-weight: 400\">N\u00e3o possuir penalidades administrativas, graves ou grav\u00edssimas, previstas no Regulamento Disciplinar do Estudante da UFMS, nos \u00faltimos seis meses.<\/span><\/li>\n<\/ul>\n<p><b>Mais informa\u00e7\u00f5es<\/b><\/p>\n<p><span style=\"font-weight: 400\">Os(as) acad\u00eamicos(as) podem procurar por mais informa\u00e7\u00f5es no Setor de Assist\u00eancia Estudantil (SETAES).<\/span><\/p>\n<\/div><\/div>\n","protected":false},"excerpt":{"rendered":"","protected":false},"author":1449,"featured_media":30611,"parent":29698,"menu_order":0,"comment_status":"closed","ping_status":"closed","template":"page-templates\/page-coordenadorias.php","meta":{"footnotes":""},"coauthors":[],"class_list":["post-30457","page","type-page","status-publish","has-post-thumbnail","hentry"],"_links":{"self":[{"href":"https:\/\/cpaq.ufms.br\/en\/wp-json\/wp\/v2\/pages\/30457","targetHints":{"allow":["GET"]}}],"collection":[{"href":"https:\/\/cpaq.ufms.br\/en\/wp-json\/wp\/v2\/pages"}],"about":[{"href":"https:\/\/cpaq.ufms.br\/en\/wp-json\/wp\/v2\/types\/page"}],"author":[{"embeddable":true,"href":"https:\/\/cpaq.ufms.br\/en\/wp-json\/wp\/v2\/users\/1449"}],"replies":[{"embeddable":true,"href":"https:\/\/cpaq.ufms.br\/en\/wp-json\/wp\/v2\/comments?post=30457"}],"version-history":[{"count":9,"href":"https:\/\/cpaq.ufms.br\/en\/wp-json\/wp\/v2\/pages\/30457\/revisions"}],"predecessor-version":[{"id":36551,"href":"https:\/\/cpaq.ufms.br\/en\/wp-json\/wp\/v2\/pages\/30457\/revisions\/36551"}],"up":[{"embeddable":true,"href":"https:\/\/cpaq.ufms.br\/en\/wp-json\/wp\/v2\/pages\/29698"}],"wp:featuredmedia":[{"embeddable":true,"href":"https:\/\/cpaq.ufms.br\/en\/wp-json\/wp\/v2\/media\/30611"}],"wp:attachment":[{"href":"https:\/\/cpaq.ufms.br\/en\/wp-json\/wp\/v2\/media?parent=30457"}],"wp:term":[{"taxonomy":"author","embeddable":true,"href":"https:\/\/cpaq.ufms.br\/en\/wp-json\/wp\/v2\/coauthors?post=30457"}],"curies":[{"name":"wp","href":"https:\/\/api.w.org\/{rel}","templated":true}]}}