{"id":30455,"date":"2022-05-04T12:58:59","date_gmt":"2022-05-04T16:58:59","guid":{"rendered":"https:\/\/cpaq.ufms.br\/?page_id=30455"},"modified":"2025-02-26T20:01:54","modified_gmt":"2025-02-27T00:01:54","slug":"uae-bolsa-permanencia-do-mec","status":"publish","type":"page","link":"https:\/\/cpaq.ufms.br\/en\/00-novos\/uae\/uae-bolsa-permanencia-do-mec\/","title":{"rendered":"SETAES &#8211; Bolsa Perman\u00eancia do MEC"},"content":{"rendered":"<div class=\"panel panel-info\"><div class=\"panel-heading\">O que \u00e9?<\/div><div class=\"panel-body\">\n<p><span style=\"font-weight: 400\">O Programa de Bolsa Perman\u00eancia (PBP) \u00e9 uma a\u00e7\u00e3o do Governo Federal de concess\u00e3o de aux\u00edlio financeiro para estudantes ind\u00edgenas e quilombolas em situa\u00e7\u00e3o de vulnerabilidade socioecon\u00f4mica, matriculados em cursos de gradua\u00e7\u00e3o nas institui\u00e7\u00f5es federais de ensino superior. O recurso \u00e9 pago ao estudante por meio de cart\u00e3o de benef\u00edcio. O valor atual \u00e9 de um sal\u00e1rio m\u00ednimo vigente.<\/span><\/p>\n<p>&nbsp;<\/p>\n<p><b>Como participar?<\/b><\/p>\n<ul>\n<li style=\"font-weight: 400\"><span style=\"font-weight: 400\">Ficar atento(a) ao lan\u00e7amento dos editais;<\/span><\/li>\n<li style=\"font-weight: 400\"><span style=\"font-weight: 400\">Participar do Processo de Sele\u00e7\u00e3o conforme orienta\u00e7\u00e3o de cada edital.<\/span><\/li>\n<\/ul>\n<p>&nbsp;<\/p>\n<p><b>Crit\u00e9rios para a participa\u00e7\u00e3o:<\/b><\/p>\n<ul>\n<li style=\"font-weight: 400\"><span style=\"font-weight: 400\">Possuir matr\u00edcula regular em curso de gradua\u00e7\u00e3o na UFMS;<\/span><\/li>\n<li style=\"font-weight: 400\"><span style=\"font-weight: 400\">Ser estudante comprovadamente ind\u00edgena ou quilombola;<\/span><\/li>\n<li style=\"font-weight: 400\"><span style=\"font-weight: 400\">Possuir renda\u00a0per capita\u00a0de at\u00e9 um sal\u00e1rio m\u00ednimo vigente;<\/span><\/li>\n<li style=\"font-weight: 400\"><span style=\"font-weight: 400\">N\u00e3o ter conclu\u00eddo curso superior (bacharelado, licenciatura ou tecn\u00f3logo);<\/span><\/li>\n<li style=\"font-weight: 400\"><span style=\"font-weight: 400\">N\u00e3o ter ultrapassado dois semestres do tempo regular do curso.<\/span><\/li>\n<\/ul>\n<p>&nbsp;<\/p>\n<p><b>Mais informa\u00e7\u00f5es<\/b><\/p>\n<p><span style=\"font-weight: 400\">Os(as) acad\u00eamicos(as) podem procurar por mais informa\u00e7\u00f5es no Setor de Assist\u00eancia Estudantil (SETAES) ou acessar o site da Pr\u00f3-Reitoria de Assuntos Estudantis: https:\/\/proaes.ufms.br\/diretorias\/diaes\/seae\/bolsa-permanencia-do-mec\/<\/span><\/p>\n<\/div><\/div>\n<p>&nbsp;<\/p>\n","protected":false},"excerpt":{"rendered":"<p>&nbsp;<\/p>\n","protected":false},"author":1449,"featured_media":30611,"parent":29698,"menu_order":0,"comment_status":"closed","ping_status":"closed","template":"page-templates\/page-coordenadorias.php","meta":{"footnotes":""},"coauthors":[],"class_list":["post-30455","page","type-page","status-publish","has-post-thumbnail","hentry"],"_links":{"self":[{"href":"https:\/\/cpaq.ufms.br\/en\/wp-json\/wp\/v2\/pages\/30455","targetHints":{"allow":["GET"]}}],"collection":[{"href":"https:\/\/cpaq.ufms.br\/en\/wp-json\/wp\/v2\/pages"}],"about":[{"href":"https:\/\/cpaq.ufms.br\/en\/wp-json\/wp\/v2\/types\/page"}],"author":[{"embeddable":true,"href":"https:\/\/cpaq.ufms.br\/en\/wp-json\/wp\/v2\/users\/1449"}],"replies":[{"embeddable":true,"href":"https:\/\/cpaq.ufms.br\/en\/wp-json\/wp\/v2\/comments?post=30455"}],"version-history":[{"count":7,"href":"https:\/\/cpaq.ufms.br\/en\/wp-json\/wp\/v2\/pages\/30455\/revisions"}],"predecessor-version":[{"id":36547,"href":"https:\/\/cpaq.ufms.br\/en\/wp-json\/wp\/v2\/pages\/30455\/revisions\/36547"}],"up":[{"embeddable":true,"href":"https:\/\/cpaq.ufms.br\/en\/wp-json\/wp\/v2\/pages\/29698"}],"wp:featuredmedia":[{"embeddable":true,"href":"https:\/\/cpaq.ufms.br\/en\/wp-json\/wp\/v2\/media\/30611"}],"wp:attachment":[{"href":"https:\/\/cpaq.ufms.br\/en\/wp-json\/wp\/v2\/media?parent=30455"}],"wp:term":[{"taxonomy":"author","embeddable":true,"href":"https:\/\/cpaq.ufms.br\/en\/wp-json\/wp\/v2\/coauthors?post=30455"}],"curies":[{"name":"wp","href":"https:\/\/api.w.org\/{rel}","templated":true}]}}