{"id":30442,"date":"2022-05-04T10:16:21","date_gmt":"2022-05-04T14:16:21","guid":{"rendered":"https:\/\/cpaq.ufms.br\/?page_id=30442"},"modified":"2025-02-26T19:59:46","modified_gmt":"2025-02-26T23:59:46","slug":"uae-auxilio-moradia","status":"publish","type":"page","link":"https:\/\/cpaq.ufms.br\/en\/00-novos\/uae\/uae-auxilio-moradia\/","title":{"rendered":"SETAES &#8211; Aux\u00edlio Moradia"},"content":{"rendered":"<div class=\"panel panel-info\"><div class=\"panel-heading\">O que \u00e9?<\/div><div class=\"panel-body\">\n<p><span style=\"font-weight: 400\">\u00c9 um aux\u00edlio para o custeio de loca\u00e7\u00e3o de im\u00f3veis por estudantes para cursar a gradua\u00e7\u00e3o na UFMS. O valor atual \u00e9 de R$450,00 mensal.<\/span><\/p>\n<p>&nbsp;<\/p>\n<p><b>Como participar?<\/b><\/p>\n<ul>\n<li style=\"font-weight: 400\"><span style=\"font-weight: 400\">Ficar atento(a) ao lan\u00e7amento dos editais;<\/span><\/li>\n<li style=\"font-weight: 400\"><span style=\"font-weight: 400\">Participar do Processo de Sele\u00e7\u00e3o conforme orienta\u00e7\u00e3o de cada edital.<\/span><\/li>\n<\/ul>\n<p>&nbsp;<\/p>\n<p><b>Crit\u00e9rios para a participa\u00e7\u00e3o:<\/b><\/p>\n<ul>\n<li style=\"font-weight: 400\"><span style=\"font-weight: 400\">Possuir matr\u00edcula regular em curso de gradua\u00e7\u00e3o na UFMS;<\/span><\/li>\n<li style=\"font-weight: 400\"><span style=\"font-weight: 400\">Comprovar ser oriundo(a) de munic\u00edpio diferente daquele no qual est\u00e1 cursando a gradua\u00e7\u00e3o, e n\u00e3o residir com o grupo familiar de origem;<\/span><\/li>\n<li style=\"font-weight: 400\"><span style=\"font-weight: 400\">Comprovar despesas com aluguel no munic\u00edpio, ou em munic\u00edpio adjacente, no qual est\u00e1 cursando a gradua\u00e7\u00e3o;<\/span><\/li>\n<li style=\"font-weight: 400\"><span style=\"font-weight: 400\">Possuir renda\u00a0familiar per capita\u00a0de at\u00e9 um sal\u00e1rio m\u00ednimo vigente, comprovada por meio da Folha Resumo do Cadastro \u00danico &#8211; Cad\u00danico;<\/span><\/li>\n<li style=\"font-weight: 400\"><span style=\"font-weight: 400\">N\u00e3o ter conclu\u00eddo curso superior (bacharelado, licenciatura ou tecn\u00f3logo);<\/span><\/li>\n<li style=\"font-weight: 400\"><span style=\"font-weight: 400\">N\u00e3o ter ultrapassado dois semestres do tempo regular do curso;<\/span><\/li>\n<li style=\"font-weight: 400\"><span style=\"font-weight: 400\">N\u00e3o possuir penalidades administrativas, graves ou grav\u00edssimas, previstas no Regulamento Disciplinar do Estudante da UFMS, nos \u00faltimos seis meses.<\/span><\/li>\n<\/ul>\n<p>&nbsp;<\/p>\n<p><b>Mais informa\u00e7\u00f5es<\/b><\/p>\n<p><span style=\"font-weight: 400\">Os(as) acad\u00eamicos(as) podem procurar por mais informa\u00e7\u00f5es no Setor de Assist\u00eancia Estudantil (SETAES).<\/span><\/p>\n<p style=\"text-align: justify\"><\/div><\/div>\n","protected":false},"excerpt":{"rendered":"","protected":false},"author":1449,"featured_media":30611,"parent":29698,"menu_order":0,"comment_status":"closed","ping_status":"closed","template":"page-templates\/page-coordenadorias.php","meta":{"footnotes":""},"coauthors":[],"class_list":["post-30442","page","type-page","status-publish","has-post-thumbnail","hentry"],"_links":{"self":[{"href":"https:\/\/cpaq.ufms.br\/en\/wp-json\/wp\/v2\/pages\/30442","targetHints":{"allow":["GET"]}}],"collection":[{"href":"https:\/\/cpaq.ufms.br\/en\/wp-json\/wp\/v2\/pages"}],"about":[{"href":"https:\/\/cpaq.ufms.br\/en\/wp-json\/wp\/v2\/types\/page"}],"author":[{"embeddable":true,"href":"https:\/\/cpaq.ufms.br\/en\/wp-json\/wp\/v2\/users\/1449"}],"replies":[{"embeddable":true,"href":"https:\/\/cpaq.ufms.br\/en\/wp-json\/wp\/v2\/comments?post=30442"}],"version-history":[{"count":7,"href":"https:\/\/cpaq.ufms.br\/en\/wp-json\/wp\/v2\/pages\/30442\/revisions"}],"predecessor-version":[{"id":36545,"href":"https:\/\/cpaq.ufms.br\/en\/wp-json\/wp\/v2\/pages\/30442\/revisions\/36545"}],"up":[{"embeddable":true,"href":"https:\/\/cpaq.ufms.br\/en\/wp-json\/wp\/v2\/pages\/29698"}],"wp:featuredmedia":[{"embeddable":true,"href":"https:\/\/cpaq.ufms.br\/en\/wp-json\/wp\/v2\/media\/30611"}],"wp:attachment":[{"href":"https:\/\/cpaq.ufms.br\/en\/wp-json\/wp\/v2\/media?parent=30442"}],"wp:term":[{"taxonomy":"author","embeddable":true,"href":"https:\/\/cpaq.ufms.br\/en\/wp-json\/wp\/v2\/coauthors?post=30442"}],"curies":[{"name":"wp","href":"https:\/\/api.w.org\/{rel}","templated":true}]}}