{"id":30440,"date":"2022-05-04T10:14:57","date_gmt":"2022-05-04T14:14:57","guid":{"rendered":"https:\/\/cpaq.ufms.br\/?page_id=30440"},"modified":"2025-02-26T19:58:45","modified_gmt":"2025-02-26T23:58:45","slug":"uae-auxilio-emergencial","status":"publish","type":"page","link":"https:\/\/cpaq.ufms.br\/en\/00-novos\/uae\/uae-auxilio-emergencial\/","title":{"rendered":"SETAES &#8211; Aux\u00edlio Emergencial"},"content":{"rendered":"<p style=\"text-align: justify\"><div class=\"panel panel-info\"><div class=\"panel-heading\">O que \u00e9?<\/div><div class=\"panel-body\">\n<p><span style=\"font-weight: 400\">O objetivo \u00e9 atender estudantes que estejam com dificuldades socioecon\u00f4micas emergenciais, inesperadas e\u00a0moment\u00e2neas. O aux\u00edlio emergencial ser\u00e1 pago por at\u00e9 tr\u00eas meses, podendo ser renovado uma \u00fanica vez, por igual per\u00edodo, mediante solicita\u00e7\u00e3o. O valor atual \u00e9 de R$700,00 mensal.<\/span><\/p>\n<p>&nbsp;<\/p>\n<p><b>Como participar?<\/b><\/p>\n<ul>\n<li style=\"font-weight: 400\"><span style=\"font-weight: 400\">Ficar atento(a) ao lan\u00e7amento dos editais;<\/span><\/li>\n<li style=\"font-weight: 400\"><span style=\"font-weight: 400\">Participar do Processo de Sele\u00e7\u00e3o conforme orienta\u00e7\u00e3o de cada edital.<\/span><\/li>\n<\/ul>\n<p>&nbsp;<\/p>\n<p><b>Crit\u00e9rios para a participa\u00e7\u00e3o:<\/b><\/p>\n<ul>\n<li style=\"font-weight: 400\"><span style=\"font-weight: 400\">Possuir matr\u00edcula regular em curso de gradua\u00e7\u00e3o na UFMS;<\/span><\/li>\n<li style=\"font-weight: 400\"><span style=\"font-weight: 400\">Possuir renda\u00a0familiar per capita\u00a0de at\u00e9 um sal\u00e1rio m\u00ednimo vigente, comprovada por meio da Folha Resumo do Cadastro \u00danico &#8211; Cad\u00danico;<\/span><\/li>\n<li style=\"font-weight: 400\"><span style=\"font-weight: 400\">Comprovar situa\u00e7\u00e3o de vulnerabilidade socioecon\u00f4mica por meio de entrevista com a assistente social;<\/span><\/li>\n<li style=\"font-weight: 400\"><span style=\"font-weight: 400\">N\u00e3o receber qualquer outro aux\u00edlio estudantil ou bolsa pela UFMS, exceto APEE (Aux\u00edlio para Participa\u00e7\u00e3o de Estudantes em Eventos).<\/span><\/li>\n<li style=\"font-weight: 400\"><span style=\"font-weight: 400\">N\u00e3o ter conclu\u00eddo curso superior (bacharelado, licenciatura ou tecn\u00f3logo);<\/span><\/li>\n<li style=\"font-weight: 400\"><span style=\"font-weight: 400\">N\u00e3o ter ultrapassado dois semestres do tempo regular do curso;<\/span><\/li>\n<li style=\"font-weight: 400\"><span style=\"font-weight: 400\">N\u00e3o possuir penalidades administrativas, graves ou grav\u00edssimas, previstas no Regulamento Disciplinar do Estudante da UFMS, nos \u00faltimos seis meses.<\/span><\/li>\n<\/ul>\n<p>&nbsp;<\/p>\n<p><b>ESTE AUX\u00cdLIO N\u00c3O \u00c9 ACUMUL\u00c1VEL COM OUTROS AUX\u00cdLIOS E BOLSAS OFERTADAS PELA UFMS.<\/b><\/p>\n<p>&nbsp;<\/p>\n<p><b>Mais informa\u00e7\u00f5es<\/b><\/p>\n<p><span style=\"font-weight: 400\">Os(as) acad\u00eamicos(as) podem procurar por mais informa\u00e7\u00f5es no Setor de Assist\u00eancia Estudantil (SETAES).<\/span><\/p>\n<\/div><\/div>\n","protected":false},"excerpt":{"rendered":"","protected":false},"author":1449,"featured_media":30611,"parent":29698,"menu_order":0,"comment_status":"closed","ping_status":"closed","template":"page-templates\/page-coordenadorias.php","meta":{"footnotes":""},"coauthors":[],"class_list":["post-30440","page","type-page","status-publish","has-post-thumbnail","hentry"],"_links":{"self":[{"href":"https:\/\/cpaq.ufms.br\/en\/wp-json\/wp\/v2\/pages\/30440","targetHints":{"allow":["GET"]}}],"collection":[{"href":"https:\/\/cpaq.ufms.br\/en\/wp-json\/wp\/v2\/pages"}],"about":[{"href":"https:\/\/cpaq.ufms.br\/en\/wp-json\/wp\/v2\/types\/page"}],"author":[{"embeddable":true,"href":"https:\/\/cpaq.ufms.br\/en\/wp-json\/wp\/v2\/users\/1449"}],"replies":[{"embeddable":true,"href":"https:\/\/cpaq.ufms.br\/en\/wp-json\/wp\/v2\/comments?post=30440"}],"version-history":[{"count":11,"href":"https:\/\/cpaq.ufms.br\/en\/wp-json\/wp\/v2\/pages\/30440\/revisions"}],"predecessor-version":[{"id":36544,"href":"https:\/\/cpaq.ufms.br\/en\/wp-json\/wp\/v2\/pages\/30440\/revisions\/36544"}],"up":[{"embeddable":true,"href":"https:\/\/cpaq.ufms.br\/en\/wp-json\/wp\/v2\/pages\/29698"}],"wp:featuredmedia":[{"embeddable":true,"href":"https:\/\/cpaq.ufms.br\/en\/wp-json\/wp\/v2\/media\/30611"}],"wp:attachment":[{"href":"https:\/\/cpaq.ufms.br\/en\/wp-json\/wp\/v2\/media?parent=30440"}],"wp:term":[{"taxonomy":"author","embeddable":true,"href":"https:\/\/cpaq.ufms.br\/en\/wp-json\/wp\/v2\/coauthors?post=30440"}],"curies":[{"name":"wp","href":"https:\/\/api.w.org\/{rel}","templated":true}]}}