{"id":30223,"date":"2022-04-26T10:39:16","date_gmt":"2022-04-26T14:39:16","guid":{"rendered":"https:\/\/cpaq.ufms.br\/?page_id=30223"},"modified":"2024-10-25T20:12:08","modified_gmt":"2024-10-26T00:12:08","slug":"documentos-gerais-graduacao","status":"publish","type":"page","link":"https:\/\/cpaq.ufms.br\/en\/documentos-gerais-graduacao\/","title":{"rendered":"Documentos Gerais Gradua\u00e7\u00e3o"},"content":{"rendered":"<div class=\"panel panel-info\"><div class=\"panel-heading\">Regulamentos Gerais<\/div><div class=\"panel-body\">\n<p data-uw-styling-context=\"true\"><a href=\"https:\/\/boletimoficial.ufms.br\/bse\/publicacao?id=445057\">Regulamento dos Cursos de Graduacao da UFMS<\/a><\/p>\n<p data-uw-styling-context=\"true\"><a href=\"https:\/\/boletimoficial.ufms.br\/bse\/publicacao?id=330574\">Regime Disciplinar dos estudantes<\/a><\/p>\n<p data-uw-styling-context=\"true\"><a href=\"https:\/\/boletimoficial.ufms.br\/bse\/publicacao?id=460873\">Atividades Orientadas de Ensino (AOE)<\/a><\/p>\n<p data-uw-styling-context=\"true\"><a href=\"https:\/\/boletimoficial.ufms.br\/bse\/publicacao?id=460874\">Trabalho de Conclus\u00e3o de Curso (TCC)<\/a><\/p>\n<p data-uw-styling-context=\"true\"><a href=\"https:\/\/boletimoficial.ufms.br\/bse\/publicacao?id=481502\">Atividades Complementares<\/a><\/p>\n<p><a href=\"https:\/\/boletimoficial.ufms.br\/bse\/publicacao?id=476540\">Est\u00e1gios na Gradua\u00e7\u00e3o<\/a><\/p>\n<p><a href=\"https:\/\/boletimoficial.ufms.br\/bse\/publicacao?id=518235\">Altera\u00e7\u00e3o &#8211; Regulamento dos Est\u00e1gios na Gradua\u00e7\u00e3o<\/a><\/p>\n<p><a href=\"https:\/\/boletimoficial.ufms.br\/bse\/publicacao?id=374223\">N\u00facleo Docente Estruturante<\/a><\/p>\n<p><a href=\"https:\/\/boletimoficial.ufms.br\/bse\/publicacao?id=511918\">N\u00facleo Docente Estruturante (NDE) dos cursos de Gradua\u00e7\u00e3o<\/a><\/p>\n<\/div><\/div>\n<div class=\"panel panel-info\"><div class=\"panel-heading\">Normas<\/div><div class=\"panel-body\">\n<p><a href=\"https:\/\/boletimoficial.ufms.br\/bse\/publicacao?id=451127\">Normas e Procedimentos para Concess\u00e3o do Regime Especial para o estudantes<\/a><\/p>\n<p><a href=\"https:\/\/boletimoficial.ufms.br\/bse\/publicacao?id=427614\">Normas de Curriculaliza\u00e7\u00e3o da Extens\u00e3o<\/a><\/p>\n<p><a href=\"https:\/\/boletimoficial.ufms.br\/bse\/publicacao?id=492228\">Normas e procedimentos para a realiza\u00e7\u00e3o das Atividades de Extens\u00e3o nos Projetos Pedag\u00f3gicos dos Cursos de Gradua\u00e7\u00e3o<\/a><\/p>\n<p><a href=\"https:\/\/boletimoficial.ufms.br\/bse\/publicacao?id=391134\">Normas de uso dos recursos de TI na UFMS<\/a><\/p>\n<p><a href=\"https:\/\/boletimoficial.ufms.br\/bse\/publicacao?id=467891\">Normas de uso dos recursos de TI na UFMS &#8211; Complemento<\/a><\/p>\n<\/div><\/div>\n<div class=\"panel panel-info\"><div class=\"panel-heading\">Manuais<\/div><div class=\"panel-body\">\n<p><span style=\"font-size: 10.5pt;font-family: 'Arial',sans-serif;color: #2c3e50\"><a href=\"https:\/\/drive.google.com\/file\/d\/1DhEgm0UO9Ur3H_N5-4uDQMSX1W36L5VD\/view?usp=sharing\"><span style=\"color: #0088b7\">MANUAL DO PORTAL \/ TERMO DE COMPROMISSO<\/span><\/a><\/span><\/p>\n<p><a href=\"https:\/\/cpaq.ufms.br\/files\/2024\/02\/guia-do-calouro_2024.pdf\">GUIA DO CALOURO 2024<\/a><\/p>\n<p><a href=\"https:\/\/cpaq.ufms.br\/files\/2024\/09\/Manual-de-TCC-e-dissertacao-CPAQ_2024.pdf\">MANUAL DE TCC E DISSERTA\u00c7\u00d5ES DO CAMPUS DE AQUIDAUANA<\/a><\/p>\n<\/div><\/div>\n<p>&nbsp;<\/p>\n<p>&nbsp;<\/p>\n","protected":false},"excerpt":{"rendered":"<p>&nbsp; &nbsp;<\/p>\n","protected":false},"author":1449,"featured_media":0,"parent":0,"menu_order":0,"comment_status":"closed","ping_status":"closed","template":"page-templates\/page-coordenadorias.php","meta":{"footnotes":""},"coauthors":[],"class_list":["post-30223","page","type-page","status-publish","hentry"],"_links":{"self":[{"href":"https:\/\/cpaq.ufms.br\/en\/wp-json\/wp\/v2\/pages\/30223","targetHints":{"allow":["GET"]}}],"collection":[{"href":"https:\/\/cpaq.ufms.br\/en\/wp-json\/wp\/v2\/pages"}],"about":[{"href":"https:\/\/cpaq.ufms.br\/en\/wp-json\/wp\/v2\/types\/page"}],"author":[{"embeddable":true,"href":"https:\/\/cpaq.ufms.br\/en\/wp-json\/wp\/v2\/users\/1449"}],"replies":[{"embeddable":true,"href":"https:\/\/cpaq.ufms.br\/en\/wp-json\/wp\/v2\/comments?post=30223"}],"version-history":[{"count":20,"href":"https:\/\/cpaq.ufms.br\/en\/wp-json\/wp\/v2\/pages\/30223\/revisions"}],"predecessor-version":[{"id":35154,"href":"https:\/\/cpaq.ufms.br\/en\/wp-json\/wp\/v2\/pages\/30223\/revisions\/35154"}],"wp:attachment":[{"href":"https:\/\/cpaq.ufms.br\/en\/wp-json\/wp\/v2\/media?parent=30223"}],"wp:term":[{"taxonomy":"author","embeddable":true,"href":"https:\/\/cpaq.ufms.br\/en\/wp-json\/wp\/v2\/coauthors?post=30223"}],"curies":[{"name":"wp","href":"https:\/\/api.w.org\/{rel}","templated":true}]}}