{"id":30159,"date":"2022-04-25T13:14:21","date_gmt":"2022-04-25T17:14:21","guid":{"rendered":"https:\/\/cpaq.ufms.br\/?page_id=30159"},"modified":"2025-08-21T14:30:58","modified_gmt":"2025-08-21T18:30:58","slug":"agendamentos-laboratorios-cpaq-unidade-ii","status":"publish","type":"page","link":"https:\/\/cpaq.ufms.br\/en\/00-novos\/agendamentos-laboratorios-cpaq-unidade-ii\/","title":{"rendered":"Agendamentos Laborat\u00f3rios CPAQ &#8211; Unidade II"},"content":{"rendered":"<div class=\"panel panel-info\"><div class=\"panel-heading\">Reserva de Laborat\u00f3rios<\/div><div class=\"panel-body\">\n<div class=\"panel-group\" id=\"custom-collapse-0\">\n<div class=\"panel panel-default\">\n\t\t\t\t<div class=\"panel-heading\">\n\t\t\t\t\t<h4 class=\"panel-title\">\n\t\t\t\t\t\t<a class=\"collapsed\" data-toggle=\"collapse\" data-parent=\"#custom-collapse-0\" href=\"#custom-collapse-0-0\">Laborat\u00f3rio de Inform\u00e1tica<\/a>\n\t\t\t\t\t<\/h4>\n\t\t\t\t<\/div>\n\t\t\t\t<div id=\"custom-collapse-0-0\" class=\"panel-collapse collapse\">\n\t\t\t\t\t<div class=\"panel-body\">\n<p>Respons\u00e1vel T\u00e9cnico: Profa. Dra. Ana Graziele Louren\u00e7o Toledo<br \/>\nRegulamento do Laborat\u00f3rio<br \/>\nCampus de Aquidauana &#8211; Unidade II &#8211; Bloco B &#8211; Sala B01.1<\/p>\n<p>Duvidas sobre o agendamento entrar em contato na dire\u00e7\u00e3o da unidade 67 &#8211; 3241-0410<\/p>\n<p>*Verifique a disponibilidade para agendamento.<\/p>\n\n<!-- iframe plugin v.5.2 wordpress.org\/plugins\/iframe\/ -->\n<iframe src=\"https:\/\/agendamentos.ufms.br\/embed\/agenda\/KYyx5relVg\" style=\"border-width: 0; width: 100%; height: 550px\" width=\"100%\" height=\"500\" scrolling=\"yes\" class=\"iframe-class\" frameborder=\"0\"><\/iframe>\n\n<p style=\"text-align: center\"><a href=\"https:\/\/agendamentos.ufms.br\/\" class=\"btn btn-info btn-sm\">Agende seu Hor\u00e1rio<\/a>\n<\/div>\n\t\t\t\t<\/div>\n\t\t\t<\/div>\n<div class=\"panel panel-default\">\n\t\t\t\t<div class=\"panel-heading\">\n\t\t\t\t\t<h4 class=\"panel-title\">\n\t\t\t\t\t\t<a class=\"collapsed\" data-toggle=\"collapse\" data-parent=\"#custom-collapse-0\" href=\"#custom-collapse-0-1\">Laborat\u00f3rio de A\u00e7\u00f5es Docentes Inclusivas - LABAC<\/a>\n\t\t\t\t\t<\/h4>\n\t\t\t\t<\/div>\n\t\t\t\t<div id=\"custom-collapse-0-1\" class=\"panel-collapse collapse\">\n\t\t\t\t\t<div class=\"panel-body\">\n<p>Respons\u00e1vel T\u00e9cnico: Profa. Dra. Rita de F\u00e1tima da Silva Rosa de Castro<br \/>\nRegulamento do Laborat\u00f3rio<br \/>\nCampus de Aquidauana &#8211; Unidade 1I &#8211; Sala C04<\/p>\n<p>Verifique a disponibilidade na data desejada.<\/p>\n<p>Em Breve<\/p>\n<\/div>\n\t\t\t\t<\/div>\n\t\t\t<\/div>\n<div class=\"panel panel-default\">\n\t\t\t\t<div class=\"panel-heading\">\n\t\t\t\t\t<h4 class=\"panel-title\">\n\t\t\t\t\t\t<a class=\"collapsed\" data-toggle=\"collapse\" data-parent=\"#custom-collapse-0\" href=\"#custom-collapse-0-2\">Laborat\u00f3rio de Arte e Culturas L\u00fadicas Diversificadas<\/a>\n\t\t\t\t\t<\/h4>\n\t\t\t\t<\/div>\n\t\t\t\t<div id=\"custom-collapse-0-2\" class=\"panel-collapse collapse\">\n\t\t\t\t\t<div class=\"panel-body\">\n<p>Respons\u00e1vel T\u00e9cnico: Profa. Dra. Franchys Marizethe Nascimento Santana<br \/>\nRegulamento do Laborat\u00f3rio<br \/>\nCampus de Aquidauana &#8211; Unidade 1I &#8211; Sala C04<\/p>\n<p>Verifique a disponibilidade na data desejada.<\/p>\n<p>Em Breve<\/p>\n<\/div>\n\t\t\t\t<\/div>\n\t\t\t<\/div>\n<div class=\"panel panel-default\">\n\t\t\t\t<div class=\"panel-heading\">\n\t\t\t\t\t<h4 class=\"panel-title\">\n\t\t\t\t\t\t<a class=\"collapsed\" data-toggle=\"collapse\" data-parent=\"#custom-collapse-0\" href=\"#custom-collapse-0-3\">Laborat\u00f3rio de Biotecnologia<\/a>\n\t\t\t\t\t<\/h4>\n\t\t\t\t<\/div>\n\t\t\t\t<div id=\"custom-collapse-0-3\" class=\"panel-collapse collapse\">\n\t\t\t\t\t<div class=\"panel-body\">\n<p>Respons\u00e1vel: Profa. Dra. Edihanne Gamarra Arguelho<br \/>\nRegulamento do Laborat\u00f3rio<br \/>\nCampus de Aquidauana &#8211; Unidade 2 &#8211; Bloco A &#8211; Sala A24<\/p>\n<p>Verifique a disponibilidade na data desejada.<\/p>\n\n<!-- iframe plugin v.5.2 wordpress.org\/plugins\/iframe\/ -->\n<iframe src=\"https:\/\/agendamentos.ufms.br\/embed\/agenda\/2QJbwoEb3z\" style=\"border-width: 0; width: 100%; height: 550px\" width=\"100%\" height=\"500\" scrolling=\"yes\" class=\"iframe-class\" frameborder=\"0\"><\/iframe>\n\n<p style=\"text-align: center\"><a href=\"https:\/\/agendamentos.ufms.br\/\" class=\"btn btn-info btn-sm\">Agende seu Hor\u00e1rio<\/a>\n<\/div>\n\t\t\t\t<\/div>\n\t\t\t<\/div>\n<div class=\"panel panel-default\">\n\t\t\t\t<div class=\"panel-heading\">\n\t\t\t\t\t<h4 class=\"panel-title\">\n\t\t\t\t\t\t<a class=\"collapsed\" data-toggle=\"collapse\" data-parent=\"#custom-collapse-0\" href=\"#custom-collapse-0-4\">Laborat\u00f3rio de Pedologia, Bot\u00e2nica e Solos<\/a>\n\t\t\t\t\t<\/h4>\n\t\t\t\t<\/div>\n\t\t\t\t<div id=\"custom-collapse-0-4\" class=\"panel-collapse collapse\">\n\t\t\t\t\t<div class=\"panel-body\">\nRespons\u00e1vel: Profa. Dra. Eloise Mello Viana de Moraes<br \/>\nRegulamento do Laborat\u00f3rio<br \/>\nCampus de Aquidauana &#8211; Unidade 2 &#8211; Bloco A &#8211; Sala A17<\/p>\n<p>Verificar a disponibilidade:<\/p>\n\n<!-- iframe plugin v.5.2 wordpress.org\/plugins\/iframe\/ -->\n<iframe src=\"https:\/\/agendamentos.ufms.br\/embed\/agenda\/On5lavo6Vj\" style=\"border-width: 0; width: 100%; height: 550px\" width=\"100%\" height=\"500\" scrolling=\"yes\" class=\"iframe-class\" frameborder=\"0\"><\/iframe>\n\n<p style=\"text-align: center\"><a href=\"https:\/\/agendamentos.ufms.br\/\" class=\"btn btn-info btn-sm\">Agende seu Hor\u00e1rio<\/a>\n<\/div>\n\t\t\t\t<\/div>\n\t\t\t<\/div>\n<div class=\"panel panel-default\">\n\t\t\t\t<div class=\"panel-heading\">\n\t\t\t\t\t<h4 class=\"panel-title\">\n\t\t\t\t\t\t<a class=\"collapsed\" data-toggle=\"collapse\" data-parent=\"#custom-collapse-0\" href=\"#custom-collapse-0-5\">Laborat\u00f3rio de Cartografia e Topografia<\/a>\n\t\t\t\t\t<\/h4>\n\t\t\t\t<\/div>\n\t\t\t\t<div id=\"custom-collapse-0-5\" class=\"panel-collapse collapse\">\n\t\t\t\t\t<div class=\"panel-body\">\n<p>Respons\u00e1vel: Prof. Dr. Gustavo da Silva<br \/>\nRegulamento do Laborat\u00f3rio<br \/>\nCampus de Aquidauana &#8211; Unidade 2 &#8211; Bloco A &#8211; Sala A05<\/p>\n<p>Verifique a disponibilidade na data desejada.<\/p>\n\n<!-- iframe plugin v.5.2 wordpress.org\/plugins\/iframe\/ -->\n<iframe src=\"https:\/\/agendamentos.ufms.br\/embed\/agenda\/dMel3kDlL0\" style=\"border-width: 0; width: 100%; height: 550px\" width=\"100%\" height=\"500\" scrolling=\"yes\" class=\"iframe-class\" frameborder=\"0\"><\/iframe>\n\n<p style=\"text-align: center\"><a href=\"https:\/\/agendamentos.ufms.br\/\" class=\"btn btn-info btn-sm\">Agende seu Hor\u00e1rio<\/a>\n<\/div>\n\t\t\t\t<\/div>\n\t\t\t<\/div>\n<div class=\"panel panel-default\">\n\t\t\t\t<div class=\"panel-heading\">\n\t\t\t\t\t<h4 class=\"panel-title\">\n\t\t\t\t\t\t<a class=\"collapsed\" data-toggle=\"collapse\" data-parent=\"#custom-collapse-0\" href=\"#custom-collapse-0-6\">Laborat\u00f3rio de Cultura Pedag\u00f3gica<\/a>\n\t\t\t\t\t<\/h4>\n\t\t\t\t<\/div>\n\t\t\t\t<div id=\"custom-collapse-0-6\" class=\"panel-collapse collapse\">\n\t\t\t\t\t<div class=\"panel-body\">\n<p>Respons\u00e1vel T\u00e9cnico: Profa. Dra. Franchys Marizethe Nascimento Santana<br \/>\nRegulamento do Laborat\u00f3rio<br \/>\nCampus de Aquidauana &#8211; Unidade 1I &#8211; Sala C04<\/p>\n<p>Verifique a disponibilidade na data desejada.<\/p>\n<p>Em Breve<\/p>\n<\/div>\n\t\t\t\t<\/div>\n\t\t\t<\/div>\n<div class=\"panel panel-default\">\n\t\t\t\t<div class=\"panel-heading\">\n\t\t\t\t\t<h4 class=\"panel-title\">\n\t\t\t\t\t\t<a class=\"collapsed\" data-toggle=\"collapse\" data-parent=\"#custom-collapse-0\" href=\"#custom-collapse-0-7\">Laborat\u00f3rio de Ensino em Matem\u00e1tica de Aquidauana \u2013 LEMAQ<\/a>\n\t\t\t\t\t<\/h4>\n\t\t\t\t<\/div>\n\t\t\t\t<div id=\"custom-collapse-0-7\" class=\"panel-collapse collapse\">\n\t\t\t\t\t<div class=\"panel-body\">\n<p>Respons\u00e1vel: Profa. Dra. Juliana Alves de Souza<br \/>\nRegulamento do Laborat\u00f3rio<br \/>\nCampus de Aquidauana &#8211; Unidade 2 &#8211; Bloco B &#8211; Sala B06<\/p>\n<p>Verifique a disponibilidade na data desejada.<\/p>\n\n<!-- iframe plugin v.5.2 wordpress.org\/plugins\/iframe\/ -->\n<iframe src=\"https:\/\/agendamentos.ufms.br\/embed\/agenda\/2QJbwBW63z\" style=\"border-width: 0; width: 100%; height: 550px\" width=\"100%\" height=\"500\" scrolling=\"yes\" class=\"iframe-class\" frameborder=\"0\"><\/iframe>\n\n<p style=\"text-align: center\"><a href=\"https:\/\/agendamentos.ufms.br\/\" class=\"btn btn-info btn-sm\">Agende seu Hor\u00e1rio<\/a>\n<\/div>\n\t\t\t\t<\/div>\n\t\t\t<\/div>\n<div class=\"panel panel-default\">\n\t\t\t\t<div class=\"panel-heading\">\n\t\t\t\t\t<h4 class=\"panel-title\">\n\t\t\t\t\t\t<a class=\"collapsed\" data-toggle=\"collapse\" data-parent=\"#custom-collapse-0\" href=\"#custom-collapse-0-8\">Laborat\u00f3rio de Estudos e Pesquisas em Matem\u00e1tica \u2013 LEPEM<\/a>\n\t\t\t\t\t<\/h4>\n\t\t\t\t<\/div>\n\t\t\t\t<div id=\"custom-collapse-0-8\" class=\"panel-collapse collapse\">\n\t\t\t\t\t<div class=\"panel-body\">\n<p>Respons\u00e1vel: Prof. Dr. Thales Fernando Vilamaior Paiva<br \/>\nRegulamento do Laborat\u00f3rio<br \/>\nCampus de Aquidauana &#8211; Unidade 2 &#8211; Bloco B &#8211; Sala B06<\/p>\n<p>Verifique a disponibilidade na data desejada.<\/p>\n<p>Em Breve<\/p>\n<\/div>\n\t\t\t\t<\/div>\n\t\t\t<\/div>\n<div class=\"panel panel-default\">\n\t\t\t\t<div class=\"panel-heading\">\n\t\t\t\t\t<h4 class=\"panel-title\">\n\t\t\t\t\t\t<a class=\"collapsed\" data-toggle=\"collapse\" data-parent=\"#custom-collapse-0\" href=\"#custom-collapse-0-9\">Laborat\u00f3rio de Estudos de Biodiversidade<\/a>\n\t\t\t\t\t<\/h4>\n\t\t\t\t<\/div>\n\t\t\t\t<div id=\"custom-collapse-0-9\" class=\"panel-collapse collapse\">\n\t\t\t\t\t<div class=\"panel-body\">\n<p>Respons\u00e1vel: Profa. Dra. Tatiane do Nascimento Lima<br \/>\nRegulamento do Laborat\u00f3rio<br \/>\nCampus de Aquidauana &#8211; Unidade 2 &#8211; Bloco A &#8211; Sala A27<\/p>\n<p>Verifique a disponibilidade na data desejada.<\/p>\n\n<!-- iframe plugin v.5.2 wordpress.org\/plugins\/iframe\/ -->\n<iframe src=\"https:\/\/agendamentos.ufms.br\/embed\/agenda\/4gMlGK0l3L\" style=\"border-width: 0; width: 100%; height: 550px\" width=\"100%\" height=\"500\" scrolling=\"yes\" class=\"iframe-class\" frameborder=\"0\"><\/iframe>\n\n<p style=\"text-align: center\"><a href=\"https:\/\/agendamentos.ufms.br\/\" class=\"btn btn-info btn-sm\">Agende seu Hor\u00e1rio<\/a>\n<\/div>\n\t\t\t\t<\/div>\n\t\t\t<\/div>\n<div class=\"panel panel-default\">\n\t\t\t\t<div class=\"panel-heading\">\n\t\t\t\t\t<h4 class=\"panel-title\">\n\t\t\t\t\t\t<a class=\"collapsed\" data-toggle=\"collapse\" data-parent=\"#custom-collapse-0\" href=\"#custom-collapse-0-10\">Laborat\u00f3rio de Geologia<\/a>\n\t\t\t\t\t<\/h4>\n\t\t\t\t<\/div>\n\t\t\t\t<div id=\"custom-collapse-0-10\" class=\"panel-collapse collapse\">\n\t\t\t\t\t<div class=\"panel-body\">\n<p>Respons\u00e1vel: Profa. Dra. Elis\u00e2ngela Martins de Carvalho<br \/>\nRegulamento do Laborat\u00f3rio<br \/>\nCampus de Aquidauana &#8211; Unidade 2 &#8211; Bloco A &#8211; Sala A23<\/p>\n<p>Verifique a disponibilidade na data desejada.<\/p>\n\n<!-- iframe plugin v.5.2 wordpress.org\/plugins\/iframe\/ -->\n<iframe src=\"https:\/\/agendamentos.ufms.br\/embed\/agenda\/a96A5PE6OV\" style=\"border-width: 0; width: 100%; height: 550px\" width=\"100%\" height=\"500\" scrolling=\"yes\" class=\"iframe-class\" frameborder=\"0\"><\/iframe>\n\n<p style=\"text-align: center\"><a href=\"https:\/\/agendamentos.ufms.br\/\" class=\"btn btn-info btn-sm\">Agende seu Hor\u00e1rio<\/a>\n<\/div>\n\t\t\t\t<\/div>\n\t\t\t<\/div>\n<div class=\"panel panel-default\">\n\t\t\t\t<div class=\"panel-heading\">\n\t\t\t\t\t<h4 class=\"panel-title\">\n\t\t\t\t\t\t<a class=\"collapsed\" data-toggle=\"collapse\" data-parent=\"#custom-collapse-0\" href=\"#custom-collapse-0-11\">Laborat\u00f3rio de Geoprocessamento<\/a>\n\t\t\t\t\t<\/h4>\n\t\t\t\t<\/div>\n\t\t\t\t<div id=\"custom-collapse-0-11\" class=\"panel-collapse collapse\">\n\t\t\t\t\t<div class=\"panel-body\">\n<p>Respons\u00e1vel T\u00e9cnico: Prof. Dr. Emerson Figueiredo Leite<br \/>\nRegulamento do Laborat\u00f3rio<br \/>\nCampus de Aquidauana &#8211; Unidade 2 &#8211; Bloco A &#8211; Sala A21<\/p>\n<p>Verifique a disponibilidade na data desejada.<\/p>\n\n<!-- iframe plugin v.5.2 wordpress.org\/plugins\/iframe\/ -->\n<iframe src=\"https:\/\/agendamentos.ufms.br\/embed\/agenda\/4gMlGy0b3L\" style=\"border-width: 0; width: 100%; height: 550px\" width=\"100%\" height=\"500\" scrolling=\"yes\" class=\"iframe-class\" frameborder=\"0\"><\/iframe>\n\n<p style=\"text-align: center\"><a href=\"https:\/\/agendamentos.ufms.br\/\" class=\"btn btn-info btn-sm\">Agende seu Hor\u00e1rio<\/a>\n<\/div>\n\t\t\t\t<\/div>\n\t\t\t<\/div>\n<div class=\"panel panel-default\">\n\t\t\t\t<div class=\"panel-heading\">\n\t\t\t\t\t<h4 class=\"panel-title\">\n\t\t\t\t\t\t<a class=\"collapsed\" data-toggle=\"collapse\" data-parent=\"#custom-collapse-0\" href=\"#custom-collapse-0-12\">Laborat\u00f3rio de Hidrologia<\/a>\n\t\t\t\t\t<\/h4>\n\t\t\t\t<\/div>\n\t\t\t\t<div id=\"custom-collapse-0-12\" class=\"panel-collapse collapse\">\n\t\t\t\t\t<div class=\"panel-body\">\n<p>Respons\u00e1vel T\u00e9cnico: Prof. Dr. Ricardo Henrique Gentil Pereira<br \/>\nRegulamento do Laborat\u00f3rio<br \/>\nCampus de Aquidauana &#8211; Unidade 2 &#8211; Bloco A &#8211; Sala A18<\/p>\n<p>Verificar a disponibilidade:<\/p>\n\n<!-- iframe plugin v.5.2 wordpress.org\/plugins\/iframe\/ -->\n<iframe src=\"https:\/\/agendamentos.ufms.br\/embed\/agenda\/WdzbvnPbLK\" style=\"border-width: 0; width: 100%; height: 550px\" width=\"100%\" height=\"500\" scrolling=\"yes\" class=\"iframe-class\" frameborder=\"0\"><\/iframe>\n\n<p style=\"text-align: center\"><a href=\"https:\/\/agendamentos.ufms.br\/\" class=\"btn btn-info btn-sm\">Agende seu Hor\u00e1rio<\/a>\n<\/div>\n\t\t\t\t<\/div>\n\t\t\t<\/div>\n<div class=\"panel panel-default\">\n\t\t\t\t<div class=\"panel-heading\">\n\t\t\t\t\t<h4 class=\"panel-title\">\n\t\t\t\t\t\t<a class=\"collapsed\" data-toggle=\"collapse\" data-parent=\"#custom-collapse-0\" href=\"#custom-collapse-0-13\">Laborat\u00f3rio de Microbiologia<\/a>\n\t\t\t\t\t<\/h4>\n\t\t\t\t<\/div>\n\t\t\t\t<div id=\"custom-collapse-0-13\" class=\"panel-collapse collapse\">\n\t\t\t\t\t<div class=\"panel-body\">\n<p>Respons\u00e1vel T\u00e9cnico: Profa. Dra. Dirce Ferreira Luz<br \/>\nRegulamento do Laborat\u00f3rio<br \/>\nCampus de Aquidauana &#8211; Unidade 2 &#8211; Bloco A &#8211; Sala A04<\/p>\n<p>Verifique a disponibilidade na data desejada.<\/p>\n\n<!-- iframe plugin v.5.2 wordpress.org\/plugins\/iframe\/ -->\n<iframe src=\"https:\/\/agendamentos.ufms.br\/embed\/agenda\/PdVlVGO60O\" style=\"border-width: 0; width: 100%; height: 550px\" width=\"100%\" height=\"500\" scrolling=\"yes\" class=\"iframe-class\" frameborder=\"0\"><\/iframe>\n\n<p style=\"text-align: center\"><a href=\"https:\/\/agendamentos.ufms.br\/\" class=\"btn btn-info btn-sm\">Agende seu Hor\u00e1rio<\/a>\n<\/div>\n\t\t\t\t<\/div>\n\t\t\t<\/div>\n<div class=\"panel panel-default\">\n\t\t\t\t<div class=\"panel-heading\">\n\t\t\t\t\t<h4 class=\"panel-title\">\n\t\t\t\t\t\t<a class=\"collapsed\" data-toggle=\"collapse\" data-parent=\"#custom-collapse-0\" href=\"#custom-collapse-0-14\">Laborat\u00f3rio de Microscopia<\/a>\n\t\t\t\t\t<\/h4>\n\t\t\t\t<\/div>\n\t\t\t\t<div id=\"custom-collapse-0-14\" class=\"panel-collapse collapse\">\n\t\t\t\t\t<div class=\"panel-body\">\n<p>Respons\u00e1vel T\u00e9cnico: Profa. Dra. Dirce Ferreira Luz<br \/>\nRegulamento do Laborat\u00f3rio<br \/>\nCampus de Aquidauana &#8211; Unidade 2 &#8211; Bloco A &#8211; Sala A02<\/p>\n<p>Verifique a disponibilidade na data desejada.<\/p>\n\n<!-- iframe plugin v.5.2 wordpress.org\/plugins\/iframe\/ -->\n<iframe src=\"https:\/\/agendamentos.ufms.br\/embed\/agenda\/vqRbn1V6g4\" style=\"border-width: 0; width: 100%; height: 550px\" width=\"100%\" height=\"500\" scrolling=\"yes\" class=\"iframe-class\" frameborder=\"0\"><\/iframe>\n\n<p style=\"text-align: center\"><a href=\"https:\/\/agendamentos.ufms.br\/\" class=\"btn btn-info btn-sm\">Agende seu Hor\u00e1rio<\/a>\n<\/div>\n\t\t\t\t<\/div>\n\t\t\t<\/div>\n<div class=\"panel panel-default\">\n\t\t\t\t<div class=\"panel-heading\">\n\t\t\t\t\t<h4 class=\"panel-title\">\n\t\t\t\t\t\t<a class=\"collapsed\" data-toggle=\"collapse\" data-parent=\"#custom-collapse-0\" href=\"#custom-collapse-0-15\">Laborat\u00f3rio de Pr\u00e1tica de Ensino em Geografia<\/a>\n\t\t\t\t\t<\/h4>\n\t\t\t\t<\/div>\n\t\t\t\t<div id=\"custom-collapse-0-15\" class=\"panel-collapse collapse\">\n\t\t\t\t\t<div class=\"panel-body\">\n<p>Solicita\u00e7\u00e3o de Agendamento:\u00a0Sistema de Agendamento<\/p>\n<p>Respons\u00e1vel T\u00e9cnico: Prof(a). Dr(a). Marcia Ajala Almeida<br \/>\nRegulamento do Laborat\u00f3rio<br \/>\nCampus de Aquidauana &#8211; Unidade 2 &#8211; Bloco A &#8211; Sala A14<\/p>\n<p>Verifique a disponibilidade na data desejada.<\/p>\n\n<!-- iframe plugin v.5.2 wordpress.org\/plugins\/iframe\/ -->\n<iframe src=\"https:\/\/agendamentos.ufms.br\/embed\/agenda\/OJqxj4q65r\" style=\"border-width: 0; width: 100%; height: 550px\" width=\"100%\" height=\"500\" scrolling=\"yes\" class=\"iframe-class\" frameborder=\"0\"><\/iframe>\n\n<p style=\"text-align: center\"><a href=\"https:\/\/agendamentos.ufms.br\/\" class=\"btn btn-info btn-sm\">Agende seu Hor\u00e1rio<\/a>\n<\/div>\n\t\t\t\t<\/div>\n\t\t\t<\/div>\n<div class=\"panel panel-default\">\n\t\t\t\t<div class=\"panel-heading\">\n\t\t\t\t\t<h4 class=\"panel-title\">\n\t\t\t\t\t\t<a class=\"collapsed\" data-toggle=\"collapse\" data-parent=\"#custom-collapse-0\" href=\"#custom-collapse-0-16\">Laborat\u00f3rio de Zoologia<\/a>\n\t\t\t\t\t<\/h4>\n\t\t\t\t<\/div>\n\t\t\t\t<div id=\"custom-collapse-0-16\" class=\"panel-collapse collapse\">\n\t\t\t\t\t<div class=\"panel-body\">\n<p>Respons\u00e1vel T\u00e9cnico: Prof. Dr. Jose Rimoli<br \/>\nRegulamento do Laborat\u00f3rio<br \/>\nCampus de Aquidauana &#8211; Unidade 2 &#8211; Bloco A &#8211; Sala A01<\/p>\n<p>Verificar a disponibilidade<\/p>\n\n<!-- iframe plugin v.5.2 wordpress.org\/plugins\/iframe\/ -->\n<iframe src=\"https:\/\/agendamentos.ufms.br\/embed\/agenda\/QWqb9A5bkM\" width=\"100%\" height=\"550\" scrolling=\"yes\" class=\"iframe-class\" frameborder=\"0\"><\/iframe>\n\n<p style=\"text-align: center\"><a href=\"https:\/\/agendamentos.ufms.br\/\" class=\"btn btn-info btn-sm\">Agende seu Hor\u00e1rio<\/a>\n<\/div>\n\t\t\t\t<\/div>\n\t\t\t<\/div>\n<div class=\"panel panel-default\">\n\t\t\t\t<div class=\"panel-heading\">\n\t\t\t\t\t<h4 class=\"panel-title\">\n\t\t\t\t\t\t<a class=\"collapsed\" data-toggle=\"collapse\" data-parent=\"#custom-collapse-0\" href=\"#custom-collapse-0-17\">Herb\u00e1rio<\/a>\n\t\t\t\t\t<\/h4>\n\t\t\t\t<\/div>\n\t\t\t\t<div id=\"custom-collapse-0-17\" class=\"panel-collapse collapse\">\n\t\t\t\t\t<div class=\"panel-body\">\n<p>Respons\u00e1vel T\u00e9cnico: Profa. Dra. Bruna Gardenal Fina<br \/>\nRegulamento do Laborat\u00f3rio<br \/>\nCampus de Aquidauana &#8211; Unidade 2 &#8211; Bloco A &#8211; Sala A26<\/p>\n<p>Verifique a disponibilidade na data desejada.<\/p>\n\n<!-- iframe plugin v.5.2 wordpress.org\/plugins\/iframe\/ -->\n<iframe src=\"https:\/\/agendamentos.ufms.br\/embed\/agenda\/YyVbXZrlov\" style=\"border-width: 0; width: 100%; height: 550px\" width=\"100%\" height=\"500\" scrolling=\"yes\" class=\"iframe-class\" frameborder=\"0\"><\/iframe>\n\n<p style=\"text-align: center\"><a href=\"https:\/\/agendamentos.ufms.br\/\" class=\"btn btn-info btn-sm\">Agende seu Hor\u00e1rio<\/a>\n<\/div>\n\t\t\t\t<\/div>\n\t\t\t<\/div>\n<\/div>\n<\/div><\/div>\n","protected":false},"excerpt":{"rendered":"","protected":false},"author":1449,"featured_media":0,"parent":30416,"menu_order":0,"comment_status":"closed","ping_status":"closed","template":"","meta":{"footnotes":""},"coauthors":[79],"class_list":["post-30159","page","type-page","status-publish","hentry"],"_links":{"self":[{"href":"https:\/\/cpaq.ufms.br\/en\/wp-json\/wp\/v2\/pages\/30159","targetHints":{"allow":["GET"]}}],"collection":[{"href":"https:\/\/cpaq.ufms.br\/en\/wp-json\/wp\/v2\/pages"}],"about":[{"href":"https:\/\/cpaq.ufms.br\/en\/wp-json\/wp\/v2\/types\/page"}],"author":[{"embeddable":true,"href":"https:\/\/cpaq.ufms.br\/en\/wp-json\/wp\/v2\/users\/1449"}],"replies":[{"embeddable":true,"href":"https:\/\/cpaq.ufms.br\/en\/wp-json\/wp\/v2\/comments?post=30159"}],"version-history":[{"count":49,"href":"https:\/\/cpaq.ufms.br\/en\/wp-json\/wp\/v2\/pages\/30159\/revisions"}],"predecessor-version":[{"id":37808,"href":"https:\/\/cpaq.ufms.br\/en\/wp-json\/wp\/v2\/pages\/30159\/revisions\/37808"}],"up":[{"embeddable":true,"href":"https:\/\/cpaq.ufms.br\/en\/wp-json\/wp\/v2\/pages\/30416"}],"wp:attachment":[{"href":"https:\/\/cpaq.ufms.br\/en\/wp-json\/wp\/v2\/media?parent=30159"}],"wp:term":[{"taxonomy":"author","embeddable":true,"href":"https:\/\/cpaq.ufms.br\/en\/wp-json\/wp\/v2\/coauthors?post=30159"}],"curies":[{"name":"wp","href":"https:\/\/api.w.org\/{rel}","templated":true}]}}