{"id":29919,"date":"2022-04-06T14:06:22","date_gmt":"2022-04-06T18:06:22","guid":{"rendered":"https:\/\/cpaq.ufms.br\/?page_id=29919"},"modified":"2022-05-04T07:27:06","modified_gmt":"2022-05-04T11:27:06","slug":"sebb-mapeamento-de-processos","status":"publish","type":"page","link":"https:\/\/cpaq.ufms.br\/en\/00-novos\/sebb-mapeamento-de-processos\/","title":{"rendered":"SEBB \u2013 Mapeamento de Processos"},"content":{"rendered":"<p><strong data-uw-styling-context=\"true\">Caracteriza\u00e7\u00e3o da unidade<\/strong>: \u00c9 a unidade respons\u00e1vel pela reuni\u00e3o, organiza\u00e7\u00e3o e difus\u00e3o do material bibliogr\u00e1fico e especial, necess\u00e1rio aos cursos e demais atividades dos C\u00e2mpus.<\/p>\n<p data-uw-styling-context=\"true\"><span data-uw-styling-context=\"true\"><strong data-uw-styling-context=\"true\">Fluxograma de processos:<\/strong><\/span><\/p>\n<ul data-uw-styling-context=\"true\">\n<li data-uw-styling-context=\"true\">Reposi\u00e7\u00e3o de materiais bibliogr\u00e1ficos extraviados ou danificados<\/li>\n<li data-uw-styling-context=\"true\">Recebimento de materiais (compra, doa\u00e7\u00e3o, permuta)<\/li>\n<li data-uw-styling-context=\"true\">Processamento t\u00e9cnico de materiais<\/li>\n<li data-uw-styling-context=\"true\">Aquisi\u00e7\u00e3o de materiais<\/li>\n<\/ul>\n<p data-uw-styling-context=\"true\">Acesse o\u00a0<strong data-uw-styling-context=\"true\">fluxograma:<\/strong>\u00a0<a href=\"https:\/\/bibliotecas.ufms.br\/mapeamento-de-processos\/\" data-uw-styling-context=\"true\">clique aqui<\/a><\/p>\n","protected":false},"excerpt":{"rendered":"<p>Caracteriza\u00e7\u00e3o da unidade: \u00c9 a unidade respons\u00e1vel pela reuni\u00e3o, organiza\u00e7\u00e3o e difus\u00e3o do material bibliogr\u00e1fico e especial, necess\u00e1rio aos cursos e demais atividades dos C\u00e2mpus. Fluxograma de processos: Reposi\u00e7\u00e3o de materiais bibliogr\u00e1ficos extraviados ou danificados Recebimento de materiais (compra, doa\u00e7\u00e3o, permuta) Processamento t\u00e9cnico de materiais Aquisi\u00e7\u00e3o de materiais Acesse o\u00a0fluxograma:\u00a0clique aqui<\/p>\n","protected":false},"author":1449,"featured_media":0,"parent":30416,"menu_order":0,"comment_status":"closed","ping_status":"closed","template":"","meta":{"footnotes":""},"coauthors":[],"class_list":["post-29919","page","type-page","status-publish","hentry"],"_links":{"self":[{"href":"https:\/\/cpaq.ufms.br\/en\/wp-json\/wp\/v2\/pages\/29919","targetHints":{"allow":["GET"]}}],"collection":[{"href":"https:\/\/cpaq.ufms.br\/en\/wp-json\/wp\/v2\/pages"}],"about":[{"href":"https:\/\/cpaq.ufms.br\/en\/wp-json\/wp\/v2\/types\/page"}],"author":[{"embeddable":true,"href":"https:\/\/cpaq.ufms.br\/en\/wp-json\/wp\/v2\/users\/1449"}],"replies":[{"embeddable":true,"href":"https:\/\/cpaq.ufms.br\/en\/wp-json\/wp\/v2\/comments?post=29919"}],"version-history":[{"count":1,"href":"https:\/\/cpaq.ufms.br\/en\/wp-json\/wp\/v2\/pages\/29919\/revisions"}],"predecessor-version":[{"id":29920,"href":"https:\/\/cpaq.ufms.br\/en\/wp-json\/wp\/v2\/pages\/29919\/revisions\/29920"}],"up":[{"embeddable":true,"href":"https:\/\/cpaq.ufms.br\/en\/wp-json\/wp\/v2\/pages\/30416"}],"wp:attachment":[{"href":"https:\/\/cpaq.ufms.br\/en\/wp-json\/wp\/v2\/media?parent=29919"}],"wp:term":[{"taxonomy":"author","embeddable":true,"href":"https:\/\/cpaq.ufms.br\/en\/wp-json\/wp\/v2\/coauthors?post=29919"}],"curies":[{"name":"wp","href":"https:\/\/api.w.org\/{rel}","templated":true}]}}